{"id":38294,"date":"2024-01-04T15:49:27","date_gmt":"2024-01-04T14:49:27","guid":{"rendered":"https:\/\/www.navailles.fr\/?post_type=product&#038;p=38294"},"modified":"2026-03-23T16:09:55","modified_gmt":"2026-03-23T15:09:55","slug":"heritage-80-fauteuil-bureau","status":"publish","type":"product","link":"https:\/\/www.navailles.fr\/en\/product\/heritage-80-fauteuil-bureau\/","title":{"rendered":"H\u00c9RITAGE 80 CHAIR"},"content":{"rendered":"<p><strong>L\u2019AUTHENTICIT\u00c9 DU VINTAGE<\/strong><br \/>\nH\u00e9ritage 80 Petit Dossier incarne la rencontre entre m\u00e9moire artisanale et exigence contemporaine. Inspir\u00e9 de notre toute premi\u00e8re s\u00e9rie fabriqu\u00e9e \u00e0 Hagetmau, ce fauteuil compact rend hommage \u00e0 nos origines, tout en r\u00e9pondant aux besoins d\u2019aujourd\u2019hui. \u00c9l\u00e9gant, \u00e9pur\u00e9, et charg\u00e9 de sens : une pi\u00e8ce de caract\u00e8re pour les espaces de travail exigeants.<\/p>","protected":false},"excerpt":{"rendered":"<p>In 1966, Robert Navailles is joined by his two sons, bringing their expertise in the fields of design and upholstery to his mastery of the technical side of things. By listening to society\u2019s expectations and combining their skills, they launch into the production of made-to-measure furniture. This range links the past and the future of Navailles by bringing up to date the models created by our founders in the 1980s.<\/p>","protected":false},"featured_media":40036,"template":"","meta":{"_acf_changed":false,"content-type":"","site-sidebar-layout":"default","site-content-layout":"default","ast-global-header-display":"","ast-banner-title-visibility":"","ast-main-header-display":"","ast-hfb-above-header-display":"","ast-hfb-below-header-display":"","ast-hfb-mobile-header-display":"","site-post-title":"","ast-breadcrumbs-content":"","ast-featured-img":"","footer-sml-layout":"","theme-transparent-header-meta":"default","adv-header-id-meta":"","stick-header-meta":"","header-above-stick-meta":"","header-main-stick-meta":"","header-below-stick-meta":""},"product_brand":[],"product_cat":[47,263,261],"product_tag":[],"class_list":{"0":"post-38294","1":"product","2":"type-product","3":"status-publish","4":"has-post-thumbnail","6":"product_cat-bureau","7":"product_cat-sieges-bureau","8":"product_cat-teletravail","10":"first","11":"instock","12":"taxable","13":"shipping-taxable","14":"product-type-simple"},"acf":[],"yoast_head":"<!-- This site is optimized with the Yoast SEO plugin v27.4 - https:\/\/yoast.com\/product\/yoast-seo-wordpress\/ -->\n<title>Fauteuil vintage H\u00c9RITAGE 80 - Navailles<\/title>\n<meta name=\"description\" content=\"Fauteuil de bureau au style vintage de la collection H\u00e9ritage 80 de Navailles. Une collection inspir\u00e9e de leurs mod\u00e8les des ann\u00e9es 1980.\" \/>\n<meta name=\"robots\" content=\"index, follow, max-snippet:-1, max-image-preview:large, max-video-preview:-1\" \/>\n<link rel=\"canonical\" href=\"https:\/\/www.navailles.fr\/en\/product\/heritage-80-fauteuil-bureau\/\" \/>\n<meta property=\"og:locale\" content=\"en_GB\" \/>\n<meta property=\"og:type\" content=\"article\" \/>\n<meta property=\"og:title\" content=\"Fauteuil vintage H\u00c9RITAGE 80 - Navailles\" \/>\n<meta property=\"og:description\" content=\"Fauteuil de bureau au style vintage de la collection H\u00e9ritage 80 de Navailles. Une collection inspir\u00e9e de leurs mod\u00e8les des ann\u00e9es 1980.\" \/>\n<meta property=\"og:url\" content=\"https:\/\/www.navailles.fr\/en\/product\/heritage-80-fauteuil-bureau\/\" \/>\n<meta property=\"og:site_name\" content=\"Navailles\" \/>\n<meta property=\"article:modified_time\" content=\"2026-03-23T15:09:55+00:00\" \/>\n<meta property=\"og:image\" content=\"https:\/\/www.navailles.fr\/wp-content\/uploads\/2024\/01\/heritage_80_fauteuil_de_bureau_vintage_petit_dossier_navailles.jpg\" \/>\n\t<meta property=\"og:image:width\" content=\"1000\" \/>\n\t<meta property=\"og:image:height\" content=\"1000\" \/>\n\t<meta property=\"og:image:type\" content=\"image\/jpeg\" \/>\n<meta name=\"twitter:card\" content=\"summary_large_image\" \/>\n<meta name=\"twitter:label1\" content=\"Estimated reading time\" \/>\n\t<meta name=\"twitter:data1\" content=\"1 minute\" \/>\n<!-- \/ Yoast SEO plugin. -->","yoast_head_json":{"title":"Fauteuil vintage H\u00c9RITAGE 80 - Navailles","description":"Fauteuil de bureau au style vintage de la collection H\u00e9ritage 80 de Navailles. Une collection inspir\u00e9e de leurs mod\u00e8les des ann\u00e9es 1980.","robots":{"index":"index","follow":"follow","max-snippet":"max-snippet:-1","max-image-preview":"max-image-preview:large","max-video-preview":"max-video-preview:-1"},"canonical":"https:\/\/www.navailles.fr\/en\/product\/heritage-80-fauteuil-bureau\/","og_locale":"en_GB","og_type":"article","og_title":"Fauteuil vintage H\u00c9RITAGE 80 - Navailles","og_description":"Fauteuil de bureau au style vintage de la collection H\u00e9ritage 80 de Navailles. Une collection inspir\u00e9e de leurs mod\u00e8les des ann\u00e9es 1980.","og_url":"https:\/\/www.navailles.fr\/en\/product\/heritage-80-fauteuil-bureau\/","og_site_name":"Navailles","article_modified_time":"2026-03-23T15:09:55+00:00","og_image":[{"width":1000,"height":1000,"url":"https:\/\/www.navailles.fr\/wp-content\/uploads\/2024\/01\/heritage_80_fauteuil_de_bureau_vintage_petit_dossier_navailles.jpg","type":"image\/jpeg"}],"twitter_card":"summary_large_image","twitter_misc":{"Estimated reading time":"1 minute"},"schema":{"@context":"https:\/\/schema.org","@graph":[{"@type":"WebPage","@id":"https:\/\/www.navailles.fr\/product\/heritage-80-fauteuil-bureau\/","url":"https:\/\/www.navailles.fr\/product\/heritage-80-fauteuil-bureau\/","name":"Fauteuil vintage H\u00c9RITAGE 80 - Navailles","isPartOf":{"@id":"https:\/\/www.navailles.fr\/#website"},"primaryImageOfPage":{"@id":"https:\/\/www.navailles.fr\/product\/heritage-80-fauteuil-bureau\/#primaryimage"},"image":{"@id":"https:\/\/www.navailles.fr\/product\/heritage-80-fauteuil-bureau\/#primaryimage"},"thumbnailUrl":"https:\/\/www.navailles.fr\/wp-content\/uploads\/2024\/01\/heritage_80_fauteuil_de_bureau_vintage_petit_dossier_navailles.jpg","datePublished":"2024-01-04T14:49:27+00:00","dateModified":"2026-03-23T15:09:55+00:00","description":"Fauteuil de bureau au style vintage de la collection H\u00e9ritage 80 de Navailles. Une collection inspir\u00e9e de leurs mod\u00e8les des ann\u00e9es 1980.","breadcrumb":{"@id":"https:\/\/www.navailles.fr\/product\/heritage-80-fauteuil-bureau\/#breadcrumb"},"inLanguage":"en-GB","potentialAction":[{"@type":"ReadAction","target":["https:\/\/www.navailles.fr\/product\/heritage-80-fauteuil-bureau\/"]}]},{"@type":"ImageObject","inLanguage":"en-GB","@id":"https:\/\/www.navailles.fr\/product\/heritage-80-fauteuil-bureau\/#primaryimage","url":"https:\/\/www.navailles.fr\/wp-content\/uploads\/2024\/01\/heritage_80_fauteuil_de_bureau_vintage_petit_dossier_navailles.jpg","contentUrl":"https:\/\/www.navailles.fr\/wp-content\/uploads\/2024\/01\/heritage_80_fauteuil_de_bureau_vintage_petit_dossier_navailles.jpg","width":1000,"height":1000},{"@type":"BreadcrumbList","@id":"https:\/\/www.navailles.fr\/product\/heritage-80-fauteuil-bureau\/#breadcrumb","itemListElement":[{"@type":"ListItem","position":1,"name":"Accueil","item":"https:\/\/www.navailles.fr\/"},{"@type":"ListItem","position":2,"name":"Boutique","item":"https:\/\/teletravail.navailles.fr\/"},{"@type":"ListItem","position":3,"name":"H\u00c9RITAGE 80"}]},{"@type":"WebSite","@id":"https:\/\/www.navailles.fr\/#website","url":"https:\/\/www.navailles.fr\/","name":"Navailles","description":"Fabricant de fauteuils m\u00e9dicalis\u00e9s, si\u00e8ges de bureau et tabourets techniques","publisher":{"@id":"https:\/\/www.navailles.fr\/#organization"},"potentialAction":[{"@type":"SearchAction","target":{"@type":"EntryPoint","urlTemplate":"https:\/\/www.navailles.fr\/?s={search_term_string}"},"query-input":{"@type":"PropertyValueSpecification","valueRequired":true,"valueName":"search_term_string"}}],"inLanguage":"en-GB"},{"@type":"Organization","@id":"https:\/\/www.navailles.fr\/#organization","name":"Navailles","url":"https:\/\/www.navailles.fr\/","logo":{"@type":"ImageObject","inLanguage":"en-GB","@id":"https:\/\/www.navailles.fr\/#\/schema\/logo\/image\/","url":"https:\/\/www.navailles.fr\/wp-content\/uploads\/2021\/10\/logo_site_navailles1_Plan-de-travail-1.png","contentUrl":"https:\/\/www.navailles.fr\/wp-content\/uploads\/2021\/10\/logo_site_navailles1_Plan-de-travail-1.png","width":375,"height":125,"caption":"Navailles"},"image":{"@id":"https:\/\/www.navailles.fr\/#\/schema\/logo\/image\/"}}]}},"_links":{"self":[{"href":"https:\/\/www.navailles.fr\/en\/wp-json\/wp\/v2\/product\/38294","targetHints":{"allow":["GET"]}}],"collection":[{"href":"https:\/\/www.navailles.fr\/en\/wp-json\/wp\/v2\/product"}],"about":[{"href":"https:\/\/www.navailles.fr\/en\/wp-json\/wp\/v2\/types\/product"}],"wp:featuredmedia":[{"embeddable":true,"href":"https:\/\/www.navailles.fr\/en\/wp-json\/wp\/v2\/media\/40036"}],"wp:attachment":[{"href":"https:\/\/www.navailles.fr\/en\/wp-json\/wp\/v2\/media?parent=38294"}],"wp:term":[{"taxonomy":"product_brand","embeddable":true,"href":"https:\/\/www.navailles.fr\/en\/wp-json\/wp\/v2\/product_brand?post=38294"},{"taxonomy":"product_cat","embeddable":true,"href":"https:\/\/www.navailles.fr\/en\/wp-json\/wp\/v2\/product_cat?post=38294"},{"taxonomy":"product_tag","embeddable":true,"href":"https:\/\/www.navailles.fr\/en\/wp-json\/wp\/v2\/product_tag?post=38294"}],"curies":[{"name":"wp","href":"https:\/\/api.w.org\/{rel}","templated":true}]}}