{"id":35636,"date":"2022-11-24T15:03:43","date_gmt":"2022-11-24T14:03:43","guid":{"rendered":"https:\/\/www.navailles.fr\/?post_type=product&#038;p=35636"},"modified":"2026-03-11T12:27:02","modified_gmt":"2026-03-11T11:27:02","slug":"theia-hauteur-variable","status":"publish","type":"product","link":"https:\/\/www.navailles.fr\/en\/product\/theia-hauteur-variable\/","title":{"rendered":"THEIA Variable height"},"content":{"rendered":"<p><strong>FAUTEUIL DE PR\u00c9L\u00c8VEMENT HAUTEUR VARIABLE \u00c9LECTRIQUE<\/strong><br \/>\nTH\u00c9IA hauteur variable \u00e9lectrique est une solution ergonomique compl\u00e8te pour les soins de pr\u00e9l\u00e8vement. Gr\u00e2ce \u00e0 son v\u00e9rin \u00e9lectrique, il permet un r\u00e9glage pr\u00e9cis de la hauteur pour adapter le fauteuil aux diff\u00e9rentes situations de soin, tout en garantissant une mise \u00e0 plat fluide et s\u00e9curis\u00e9e.<\/p>","protected":false},"excerpt":{"rendered":"<p>Ce fauteuil aux formes g\u00e9n\u00e9reuses permet d\u2019accueillir toutes les morphologies, gr\u00e2ce \u00e0 ses \u00e9quipements \u00e9tudi\u00e9s pour r\u00e9aliser les actions de pr\u00e9l\u00e8vements dans des conditions s\u00e9curis\u00e9es et ergonomiques.<br \/>\nLe fauteuil TH\u00c9IA peut accueillir des patients allant jusqu\u2019\u00e0 165 kg.<br \/>\nLe confort et le positionnement du patient sont optimaux. Ces accoudoirs parfaitement r\u00e9glables, facilitent l\u2019action de pr\u00e9l\u00e8vement et le confort du patient.<\/p>","protected":false},"featured_media":36832,"template":"","meta":{"_acf_changed":false,"content-type":"","site-sidebar-layout":"default","site-content-layout":"default","ast-global-header-display":"","ast-banner-title-visibility":"","ast-main-header-display":"","ast-hfb-above-header-display":"","ast-hfb-below-header-display":"","ast-hfb-mobile-header-display":"","site-post-title":"","ast-breadcrumbs-content":"","ast-featured-img":"","footer-sml-layout":"","theme-transparent-header-meta":"default","adv-header-id-meta":"","stick-header-meta":"","header-above-stick-meta":"","header-main-stick-meta":"","header-below-stick-meta":""},"product_brand":[],"product_cat":[58,51,50],"product_tag":[],"class_list":{"0":"post-35636","1":"product","2":"type-product","3":"status-publish","4":"has-post-thumbnail","6":"product_cat-assistance-electrique","7":"product_cat-fauteuils-de-soins","8":"product_cat-medical","10":"first","11":"instock","12":"taxable","13":"shipping-taxable","14":"product-type-simple"},"acf":[],"yoast_head":"<!-- This site is optimized with the Yoast SEO plugin v27.4 - https:\/\/yoast.com\/product\/yoast-seo-wordpress\/ -->\n<title>THEIA Hauteur variable - Navailles<\/title>\n<meta name=\"robots\" content=\"index, follow, max-snippet:-1, max-image-preview:large, max-video-preview:-1\" \/>\n<link rel=\"canonical\" href=\"https:\/\/www.navailles.fr\/en\/product\/theia-hauteur-variable\/\" \/>\n<meta property=\"og:locale\" content=\"en_GB\" \/>\n<meta property=\"og:type\" content=\"article\" \/>\n<meta property=\"og:title\" content=\"THEIA Hauteur variable - Navailles\" \/>\n<meta property=\"og:description\" content=\"Ce fauteuil aux formes g\u00e9n\u00e9reuses permet d\u2019accueillir toutes les morphologies, gr\u00e2ce \u00e0 ses \u00e9quipements \u00e9tudi\u00e9s pour r\u00e9aliser les actions de pr\u00e9l\u00e8vements dans des conditions s\u00e9curis\u00e9es et ergonomiques. Le fauteuil TH\u00c9IA peut accueillir des patients allant jusqu\u2019\u00e0 165 kg. Le confort et le positionnement du patient sont optimaux. Ces accoudoirs parfaitement r\u00e9glables, facilitent l\u2019action de pr\u00e9l\u00e8vement et le confort du patient.\" \/>\n<meta property=\"og:url\" content=\"https:\/\/www.navailles.fr\/en\/product\/theia-hauteur-variable\/\" \/>\n<meta property=\"og:site_name\" content=\"Navailles\" \/>\n<meta property=\"article:modified_time\" content=\"2026-03-11T11:27:02+00:00\" \/>\n<meta property=\"og:image\" content=\"https:\/\/www.navailles.fr\/wp-content\/uploads\/2022\/11\/fauteuil_e\u0301lectrique_me\u0301dical_Navailles_The\u0301ia_hauteur_variable.jpg\" \/>\n\t<meta property=\"og:image:width\" content=\"1000\" \/>\n\t<meta property=\"og:image:height\" content=\"1000\" \/>\n\t<meta property=\"og:image:type\" content=\"image\/jpeg\" \/>\n<meta name=\"twitter:card\" content=\"summary_large_image\" \/>\n<meta name=\"twitter:label1\" content=\"Estimated reading time\" \/>\n\t<meta name=\"twitter:data1\" content=\"1 minute\" \/>\n<!-- \/ Yoast SEO plugin. -->","yoast_head_json":{"title":"THEIA Hauteur variable - Navailles","robots":{"index":"index","follow":"follow","max-snippet":"max-snippet:-1","max-image-preview":"max-image-preview:large","max-video-preview":"max-video-preview:-1"},"canonical":"https:\/\/www.navailles.fr\/en\/product\/theia-hauteur-variable\/","og_locale":"en_GB","og_type":"article","og_title":"THEIA Hauteur variable - Navailles","og_description":"Ce fauteuil aux formes g\u00e9n\u00e9reuses permet d\u2019accueillir toutes les morphologies, gr\u00e2ce \u00e0 ses \u00e9quipements \u00e9tudi\u00e9s pour r\u00e9aliser les actions de pr\u00e9l\u00e8vements dans des conditions s\u00e9curis\u00e9es et ergonomiques. Le fauteuil TH\u00c9IA peut accueillir des patients allant jusqu\u2019\u00e0 165 kg. Le confort et le positionnement du patient sont optimaux. Ces accoudoirs parfaitement r\u00e9glables, facilitent l\u2019action de pr\u00e9l\u00e8vement et le confort du patient.","og_url":"https:\/\/www.navailles.fr\/en\/product\/theia-hauteur-variable\/","og_site_name":"Navailles","article_modified_time":"2026-03-11T11:27:02+00:00","og_image":[{"width":1000,"height":1000,"url":"https:\/\/www.navailles.fr\/wp-content\/uploads\/2022\/11\/fauteuil_e\u0301lectrique_me\u0301dical_Navailles_The\u0301ia_hauteur_variable.jpg","type":"image\/jpeg"}],"twitter_card":"summary_large_image","twitter_misc":{"Estimated reading time":"1 minute"},"schema":{"@context":"https:\/\/schema.org","@graph":[{"@type":"WebPage","@id":"https:\/\/www.navailles.fr\/product\/theia-hauteur-variable\/","url":"https:\/\/www.navailles.fr\/product\/theia-hauteur-variable\/","name":"THEIA Hauteur variable - Navailles","isPartOf":{"@id":"https:\/\/www.navailles.fr\/#website"},"primaryImageOfPage":{"@id":"https:\/\/www.navailles.fr\/product\/theia-hauteur-variable\/#primaryimage"},"image":{"@id":"https:\/\/www.navailles.fr\/product\/theia-hauteur-variable\/#primaryimage"},"thumbnailUrl":"https:\/\/www.navailles.fr\/wp-content\/uploads\/2022\/11\/fauteuil_e\u0301lectrique_me\u0301dical_Navailles_The\u0301ia_hauteur_variable.jpg","datePublished":"2022-11-24T14:03:43+00:00","dateModified":"2026-03-11T11:27:02+00:00","breadcrumb":{"@id":"https:\/\/www.navailles.fr\/product\/theia-hauteur-variable\/#breadcrumb"},"inLanguage":"en-GB","potentialAction":[{"@type":"ReadAction","target":["https:\/\/www.navailles.fr\/product\/theia-hauteur-variable\/"]}]},{"@type":"ImageObject","inLanguage":"en-GB","@id":"https:\/\/www.navailles.fr\/product\/theia-hauteur-variable\/#primaryimage","url":"https:\/\/www.navailles.fr\/wp-content\/uploads\/2022\/11\/fauteuil_e\u0301lectrique_me\u0301dical_Navailles_The\u0301ia_hauteur_variable.jpg","contentUrl":"https:\/\/www.navailles.fr\/wp-content\/uploads\/2022\/11\/fauteuil_e\u0301lectrique_me\u0301dical_Navailles_The\u0301ia_hauteur_variable.jpg","width":1000,"height":1000,"caption":"Fauteuil \u00e9lectrique m\u00e9dical Theia hauteur variable de trois quart Navailles"},{"@type":"BreadcrumbList","@id":"https:\/\/www.navailles.fr\/product\/theia-hauteur-variable\/#breadcrumb","itemListElement":[{"@type":"ListItem","position":1,"name":"Accueil","item":"https:\/\/www.navailles.fr\/"},{"@type":"ListItem","position":2,"name":"Boutique","item":"https:\/\/teletravail.navailles.fr\/"},{"@type":"ListItem","position":3,"name":"THEIA Hauteur variable"}]},{"@type":"WebSite","@id":"https:\/\/www.navailles.fr\/#website","url":"https:\/\/www.navailles.fr\/","name":"Navailles","description":"Fabricant de fauteuils m\u00e9dicalis\u00e9s, si\u00e8ges de bureau et tabourets techniques","publisher":{"@id":"https:\/\/www.navailles.fr\/#organization"},"potentialAction":[{"@type":"SearchAction","target":{"@type":"EntryPoint","urlTemplate":"https:\/\/www.navailles.fr\/?s={search_term_string}"},"query-input":{"@type":"PropertyValueSpecification","valueRequired":true,"valueName":"search_term_string"}}],"inLanguage":"en-GB"},{"@type":"Organization","@id":"https:\/\/www.navailles.fr\/#organization","name":"Navailles","url":"https:\/\/www.navailles.fr\/","logo":{"@type":"ImageObject","inLanguage":"en-GB","@id":"https:\/\/www.navailles.fr\/#\/schema\/logo\/image\/","url":"https:\/\/www.navailles.fr\/wp-content\/uploads\/2021\/10\/logo_site_navailles1_Plan-de-travail-1.png","contentUrl":"https:\/\/www.navailles.fr\/wp-content\/uploads\/2021\/10\/logo_site_navailles1_Plan-de-travail-1.png","width":375,"height":125,"caption":"Navailles"},"image":{"@id":"https:\/\/www.navailles.fr\/#\/schema\/logo\/image\/"}}]}},"_links":{"self":[{"href":"https:\/\/www.navailles.fr\/en\/wp-json\/wp\/v2\/product\/35636","targetHints":{"allow":["GET"]}}],"collection":[{"href":"https:\/\/www.navailles.fr\/en\/wp-json\/wp\/v2\/product"}],"about":[{"href":"https:\/\/www.navailles.fr\/en\/wp-json\/wp\/v2\/types\/product"}],"wp:featuredmedia":[{"embeddable":true,"href":"https:\/\/www.navailles.fr\/en\/wp-json\/wp\/v2\/media\/36832"}],"wp:attachment":[{"href":"https:\/\/www.navailles.fr\/en\/wp-json\/wp\/v2\/media?parent=35636"}],"wp:term":[{"taxonomy":"product_brand","embeddable":true,"href":"https:\/\/www.navailles.fr\/en\/wp-json\/wp\/v2\/product_brand?post=35636"},{"taxonomy":"product_cat","embeddable":true,"href":"https:\/\/www.navailles.fr\/en\/wp-json\/wp\/v2\/product_cat?post=35636"},{"taxonomy":"product_tag","embeddable":true,"href":"https:\/\/www.navailles.fr\/en\/wp-json\/wp\/v2\/product_tag?post=35636"}],"curies":[{"name":"wp","href":"https:\/\/api.w.org\/{rel}","templated":true}]}}