{"id":34380,"date":"2022-07-20T11:23:29","date_gmt":"2022-07-20T09:23:29","guid":{"rendered":"https:\/\/www.navailles.fr\/?post_type=product&#038;p=34380"},"modified":"2026-03-23T16:11:47","modified_gmt":"2026-03-23T15:11:47","slug":"heritage-80-1","status":"publish","type":"product","link":"https:\/\/www.navailles.fr\/en\/product\/heritage-80-1\/","title":{"rendered":"H\u00c9RITAGE_80 MEETING CHAIR"},"content":{"rendered":"<p><strong>L\u2019INTEMPOREL AU C\u0152UR DE LA R\u00c9UNION<\/strong><br \/>\nCon\u00e7u pour les environnements collaboratifs, H\u00e9ritage 80 R\u00e9union (Petit Dossier) revisite un design embl\u00e9matique de Navailles avec une exigence contemporaine. Sa structure fixe et sa silhouette l\u00e9g\u00e8re en font un alli\u00e9 discret mais affirm\u00e9 autour de la table.<\/p>","protected":false},"excerpt":{"rendered":"<p>In 1966, Robert Navailles is joined by his two sons, bringing their expertise in the fields of design and upholstery to his mastery of the technical side of things. By listening to society\u2019s expectations and combining their skills, they launch into the production of made-to-measure furniture. This range links the past and the future of Navailles by bringing up to date the models created by our founders in the 1980s.<\/p>","protected":false},"featured_media":38249,"template":"","meta":{"_acf_changed":false,"content-type":"","site-sidebar-layout":"default","site-content-layout":"default","ast-global-header-display":"","ast-banner-title-visibility":"","ast-main-header-display":"","ast-hfb-above-header-display":"","ast-hfb-below-header-display":"","ast-hfb-mobile-header-display":"","site-post-title":"","ast-breadcrumbs-content":"","ast-featured-img":"","footer-sml-layout":"","theme-transparent-header-meta":"default","adv-header-id-meta":"","stick-header-meta":"","header-above-stick-meta":"","header-main-stick-meta":"","header-below-stick-meta":""},"product_brand":[],"product_cat":[47,264,265],"product_tag":[],"class_list":{"0":"post-34380","1":"product","2":"type-product","3":"status-publish","4":"has-post-thumbnail","6":"product_cat-bureau","7":"product_cat-reunion","8":"product_cat-accueil","10":"first","11":"instock","12":"taxable","13":"shipping-taxable","14":"product-type-simple"},"acf":[],"yoast_head":"<!-- This site is optimized with the Yoast SEO plugin v27.4 - https:\/\/yoast.com\/product\/yoast-seo-wordpress\/ -->\n<title>Chaise de R\u00e9union H\u00c9RITAGE_80 - Navailles<\/title>\n<meta name=\"description\" content=\"Chaise de r\u00e9union au style vintage de la collection H\u00e9ritage 80 de Navailles. Une collection inspir\u00e9e de leurs mod\u00e8les des ann\u00e9es 1980.\" \/>\n<meta name=\"robots\" content=\"index, follow, max-snippet:-1, max-image-preview:large, max-video-preview:-1\" \/>\n<link rel=\"canonical\" href=\"https:\/\/www.navailles.fr\/en\/product\/heritage-80-1\/\" \/>\n<meta property=\"og:locale\" content=\"en_GB\" \/>\n<meta property=\"og:type\" content=\"article\" \/>\n<meta property=\"og:title\" content=\"Chaise de R\u00e9union H\u00c9RITAGE_80 - Navailles\" \/>\n<meta property=\"og:description\" content=\"Chaise de r\u00e9union au style vintage de la collection H\u00e9ritage 80 de Navailles. Une collection inspir\u00e9e de leurs mod\u00e8les des ann\u00e9es 1980.\" \/>\n<meta property=\"og:url\" content=\"https:\/\/www.navailles.fr\/en\/product\/heritage-80-1\/\" \/>\n<meta property=\"og:site_name\" content=\"Navailles\" \/>\n<meta property=\"article:modified_time\" content=\"2026-03-23T15:11:47+00:00\" \/>\n<meta property=\"og:image\" content=\"https:\/\/www.navailles.fr\/wp-content\/uploads\/2022\/07\/Chaise-visiteur-heritage-80-1.jpg\" \/>\n\t<meta property=\"og:image:width\" content=\"1000\" \/>\n\t<meta property=\"og:image:height\" content=\"1000\" \/>\n\t<meta property=\"og:image:type\" content=\"image\/jpeg\" \/>\n<meta name=\"twitter:card\" content=\"summary_large_image\" \/>\n<meta name=\"twitter:label1\" content=\"Estimated reading time\" \/>\n\t<meta name=\"twitter:data1\" content=\"1 minute\" \/>\n<!-- \/ Yoast SEO plugin. -->","yoast_head_json":{"title":"Chaise de R\u00e9union H\u00c9RITAGE_80 - Navailles","description":"Chaise de r\u00e9union au style vintage de la collection H\u00e9ritage 80 de Navailles. Une collection inspir\u00e9e de leurs mod\u00e8les des ann\u00e9es 1980.","robots":{"index":"index","follow":"follow","max-snippet":"max-snippet:-1","max-image-preview":"max-image-preview:large","max-video-preview":"max-video-preview:-1"},"canonical":"https:\/\/www.navailles.fr\/en\/product\/heritage-80-1\/","og_locale":"en_GB","og_type":"article","og_title":"Chaise de R\u00e9union H\u00c9RITAGE_80 - Navailles","og_description":"Chaise de r\u00e9union au style vintage de la collection H\u00e9ritage 80 de Navailles. Une collection inspir\u00e9e de leurs mod\u00e8les des ann\u00e9es 1980.","og_url":"https:\/\/www.navailles.fr\/en\/product\/heritage-80-1\/","og_site_name":"Navailles","article_modified_time":"2026-03-23T15:11:47+00:00","og_image":[{"width":1000,"height":1000,"url":"https:\/\/www.navailles.fr\/wp-content\/uploads\/2022\/07\/Chaise-visiteur-heritage-80-1.jpg","type":"image\/jpeg"}],"twitter_card":"summary_large_image","twitter_misc":{"Estimated reading time":"1 minute"},"schema":{"@context":"https:\/\/schema.org","@graph":[{"@type":"WebPage","@id":"https:\/\/www.navailles.fr\/product\/heritage-80-1\/","url":"https:\/\/www.navailles.fr\/product\/heritage-80-1\/","name":"Chaise de R\u00e9union H\u00c9RITAGE_80 - Navailles","isPartOf":{"@id":"https:\/\/www.navailles.fr\/#website"},"primaryImageOfPage":{"@id":"https:\/\/www.navailles.fr\/product\/heritage-80-1\/#primaryimage"},"image":{"@id":"https:\/\/www.navailles.fr\/product\/heritage-80-1\/#primaryimage"},"thumbnailUrl":"https:\/\/www.navailles.fr\/wp-content\/uploads\/2022\/07\/Chaise-visiteur-heritage-80-1.jpg","datePublished":"2022-07-20T09:23:29+00:00","dateModified":"2026-03-23T15:11:47+00:00","description":"Chaise de r\u00e9union au style vintage de la collection H\u00e9ritage 80 de Navailles. Une collection inspir\u00e9e de leurs mod\u00e8les des ann\u00e9es 1980.","breadcrumb":{"@id":"https:\/\/www.navailles.fr\/product\/heritage-80-1\/#breadcrumb"},"inLanguage":"en-GB","potentialAction":[{"@type":"ReadAction","target":["https:\/\/www.navailles.fr\/product\/heritage-80-1\/"]}]},{"@type":"ImageObject","inLanguage":"en-GB","@id":"https:\/\/www.navailles.fr\/product\/heritage-80-1\/#primaryimage","url":"https:\/\/www.navailles.fr\/wp-content\/uploads\/2022\/07\/Chaise-visiteur-heritage-80-1.jpg","contentUrl":"https:\/\/www.navailles.fr\/wp-content\/uploads\/2022\/07\/Chaise-visiteur-heritage-80-1.jpg","width":1000,"height":1000,"caption":"Chaise visiteur heritage 80"},{"@type":"BreadcrumbList","@id":"https:\/\/www.navailles.fr\/product\/heritage-80-1\/#breadcrumb","itemListElement":[{"@type":"ListItem","position":1,"name":"Accueil","item":"https:\/\/www.navailles.fr\/"},{"@type":"ListItem","position":2,"name":"Boutique","item":"https:\/\/teletravail.navailles.fr\/"},{"@type":"ListItem","position":3,"name":"H\u00c9RITAGE_80"}]},{"@type":"WebSite","@id":"https:\/\/www.navailles.fr\/#website","url":"https:\/\/www.navailles.fr\/","name":"Navailles","description":"Fabricant de fauteuils m\u00e9dicalis\u00e9s, si\u00e8ges de bureau et tabourets techniques","publisher":{"@id":"https:\/\/www.navailles.fr\/#organization"},"potentialAction":[{"@type":"SearchAction","target":{"@type":"EntryPoint","urlTemplate":"https:\/\/www.navailles.fr\/?s={search_term_string}"},"query-input":{"@type":"PropertyValueSpecification","valueRequired":true,"valueName":"search_term_string"}}],"inLanguage":"en-GB"},{"@type":"Organization","@id":"https:\/\/www.navailles.fr\/#organization","name":"Navailles","url":"https:\/\/www.navailles.fr\/","logo":{"@type":"ImageObject","inLanguage":"en-GB","@id":"https:\/\/www.navailles.fr\/#\/schema\/logo\/image\/","url":"https:\/\/www.navailles.fr\/wp-content\/uploads\/2021\/10\/logo_site_navailles1_Plan-de-travail-1.png","contentUrl":"https:\/\/www.navailles.fr\/wp-content\/uploads\/2021\/10\/logo_site_navailles1_Plan-de-travail-1.png","width":375,"height":125,"caption":"Navailles"},"image":{"@id":"https:\/\/www.navailles.fr\/#\/schema\/logo\/image\/"}}]}},"_links":{"self":[{"href":"https:\/\/www.navailles.fr\/en\/wp-json\/wp\/v2\/product\/34380","targetHints":{"allow":["GET"]}}],"collection":[{"href":"https:\/\/www.navailles.fr\/en\/wp-json\/wp\/v2\/product"}],"about":[{"href":"https:\/\/www.navailles.fr\/en\/wp-json\/wp\/v2\/types\/product"}],"wp:featuredmedia":[{"embeddable":true,"href":"https:\/\/www.navailles.fr\/en\/wp-json\/wp\/v2\/media\/38249"}],"wp:attachment":[{"href":"https:\/\/www.navailles.fr\/en\/wp-json\/wp\/v2\/media?parent=34380"}],"wp:term":[{"taxonomy":"product_brand","embeddable":true,"href":"https:\/\/www.navailles.fr\/en\/wp-json\/wp\/v2\/product_brand?post=34380"},{"taxonomy":"product_cat","embeddable":true,"href":"https:\/\/www.navailles.fr\/en\/wp-json\/wp\/v2\/product_cat?post=34380"},{"taxonomy":"product_tag","embeddable":true,"href":"https:\/\/www.navailles.fr\/en\/wp-json\/wp\/v2\/product_tag?post=34380"}],"curies":[{"name":"wp","href":"https:\/\/api.w.org\/{rel}","templated":true}]}}