{"id":34311,"date":"2022-06-16T10:35:09","date_gmt":"2022-06-16T08:35:09","guid":{"rendered":"https:\/\/www.navailles.fr\/?post_type=product&#038;p=34311"},"modified":"2025-06-02T16:23:31","modified_gmt":"2025-06-02T14:23:31","slug":"tiny-leon","status":"publish","type":"product","link":"https:\/\/www.navailles.fr\/en\/product\/tiny-leon\/","title":{"rendered":"TINY L\u00c9ON"},"content":{"rendered":"<p><strong>FAUTEUIL DE BUREAU L\u00c9GER ET PRATIQUE<\/strong><br \/>\nTiny L\u00e9on incarne l\u2019essence d\u2019un si\u00e8ge pratique, fiable et facile \u00e0 vivre. Sa silhouette discr\u00e8te et son confort sans superflu en font une valeur s\u00fbre pour tous les environnements de travail.<\/p>","protected":false},"excerpt":{"rendered":"<p><strong>Incomparable lightness<\/strong><br \/>\nThe shape of the backrest and seat have been specially designed to allow the user to move freely.<\/p>\n<p><strong>Faultless simplicity<\/strong><br \/>\nThe timeless design and functional settings have made this office chair a classic in workplace design.<\/p>","protected":false},"featured_media":37933,"template":"","meta":{"_acf_changed":false,"content-type":"","site-sidebar-layout":"default","site-content-layout":"default","ast-global-header-display":"","ast-banner-title-visibility":"","ast-main-header-display":"","ast-hfb-above-header-display":"","ast-hfb-below-header-display":"","ast-hfb-mobile-header-display":"","site-post-title":"","ast-breadcrumbs-content":"","ast-featured-img":"","footer-sml-layout":"","theme-transparent-header-meta":"default","adv-header-id-meta":"","stick-header-meta":"","header-above-stick-meta":"","header-main-stick-meta":"","header-below-stick-meta":""},"product_brand":[],"product_cat":[47,263,261],"product_tag":[],"class_list":{"0":"post-34311","1":"product","2":"type-product","3":"status-publish","4":"has-post-thumbnail","6":"product_cat-bureau","7":"product_cat-sieges-bureau","8":"product_cat-teletravail","10":"first","11":"instock","12":"taxable","13":"shipping-taxable","14":"product-type-simple"},"acf":[],"yoast_head":"<!-- This site is optimized with the Yoast SEO plugin v27.5 - https:\/\/yoast.com\/product\/yoast-seo-wordpress\/ -->\n<title>TINY L\u00c9ON - Navailles<\/title>\n<meta name=\"robots\" content=\"index, follow, max-snippet:-1, max-image-preview:large, max-video-preview:-1\" \/>\n<link rel=\"canonical\" href=\"https:\/\/www.navailles.fr\/en\/product\/tiny-leon\/\" \/>\n<meta property=\"og:locale\" content=\"en_GB\" \/>\n<meta property=\"og:type\" content=\"article\" \/>\n<meta property=\"og:title\" content=\"TINY L\u00c9ON - Navailles\" \/>\n<meta property=\"og:description\" content=\"Une l\u00e9g\u00e8ret\u00e9 incomparable Les formes de son dossier et de son assise ont \u00e9t\u00e9 sp\u00e9cialement \u00e9labor\u00e9es pour permettre \u00e0 son utilisateur de bouger en toute libert\u00e9.  Une simplicit\u00e9 \u00e0 toute \u00e9preuve Son design intemporel et ses r\u00e9glages fonctionnels ont fait de ce fauteuil de bureau un classique de l\u2019am\u00e9nagement des espaces de travail.\" \/>\n<meta property=\"og:url\" content=\"https:\/\/www.navailles.fr\/en\/product\/tiny-leon\/\" \/>\n<meta property=\"og:site_name\" content=\"Navailles\" \/>\n<meta property=\"article:modified_time\" content=\"2025-06-02T14:23:31+00:00\" \/>\n<meta property=\"og:image\" content=\"https:\/\/www.navailles.fr\/wp-content\/uploads\/2022\/06\/Siege-de-bureau-Tiny-Leon-Navailles.jpg\" \/>\n\t<meta property=\"og:image:width\" content=\"1000\" \/>\n\t<meta property=\"og:image:height\" content=\"1000\" \/>\n\t<meta property=\"og:image:type\" content=\"image\/jpeg\" \/>\n<meta name=\"twitter:card\" content=\"summary_large_image\" \/>\n<meta name=\"twitter:label1\" content=\"Estimated reading time\" \/>\n\t<meta name=\"twitter:data1\" content=\"1 minute\" \/>\n<!-- \/ Yoast SEO plugin. -->","yoast_head_json":{"title":"TINY L\u00c9ON - Navailles","robots":{"index":"index","follow":"follow","max-snippet":"max-snippet:-1","max-image-preview":"max-image-preview:large","max-video-preview":"max-video-preview:-1"},"canonical":"https:\/\/www.navailles.fr\/en\/product\/tiny-leon\/","og_locale":"en_GB","og_type":"article","og_title":"TINY L\u00c9ON - Navailles","og_description":"Une l\u00e9g\u00e8ret\u00e9 incomparable Les formes de son dossier et de son assise ont \u00e9t\u00e9 sp\u00e9cialement \u00e9labor\u00e9es pour permettre \u00e0 son utilisateur de bouger en toute libert\u00e9.  Une simplicit\u00e9 \u00e0 toute \u00e9preuve Son design intemporel et ses r\u00e9glages fonctionnels ont fait de ce fauteuil de bureau un classique de l\u2019am\u00e9nagement des espaces de travail.","og_url":"https:\/\/www.navailles.fr\/en\/product\/tiny-leon\/","og_site_name":"Navailles","article_modified_time":"2025-06-02T14:23:31+00:00","og_image":[{"width":1000,"height":1000,"url":"https:\/\/www.navailles.fr\/wp-content\/uploads\/2022\/06\/Siege-de-bureau-Tiny-Leon-Navailles.jpg","type":"image\/jpeg"}],"twitter_card":"summary_large_image","twitter_misc":{"Estimated reading time":"1 minute"},"schema":{"@context":"https:\/\/schema.org","@graph":[{"@type":"WebPage","@id":"https:\/\/www.navailles.fr\/product\/tiny-leon\/","url":"https:\/\/www.navailles.fr\/product\/tiny-leon\/","name":"TINY L\u00c9ON - Navailles","isPartOf":{"@id":"https:\/\/www.navailles.fr\/#website"},"primaryImageOfPage":{"@id":"https:\/\/www.navailles.fr\/product\/tiny-leon\/#primaryimage"},"image":{"@id":"https:\/\/www.navailles.fr\/product\/tiny-leon\/#primaryimage"},"thumbnailUrl":"https:\/\/www.navailles.fr\/wp-content\/uploads\/2022\/06\/Siege-de-bureau-Tiny-Leon-Navailles.jpg","datePublished":"2022-06-16T08:35:09+00:00","dateModified":"2025-06-02T14:23:31+00:00","breadcrumb":{"@id":"https:\/\/www.navailles.fr\/product\/tiny-leon\/#breadcrumb"},"inLanguage":"en-GB","potentialAction":[{"@type":"ReadAction","target":["https:\/\/www.navailles.fr\/product\/tiny-leon\/"]}]},{"@type":"ImageObject","inLanguage":"en-GB","@id":"https:\/\/www.navailles.fr\/product\/tiny-leon\/#primaryimage","url":"https:\/\/www.navailles.fr\/wp-content\/uploads\/2022\/06\/Siege-de-bureau-Tiny-Leon-Navailles.jpg","contentUrl":"https:\/\/www.navailles.fr\/wp-content\/uploads\/2022\/06\/Siege-de-bureau-Tiny-Leon-Navailles.jpg","width":1000,"height":1000,"caption":"Si\u00e8ge de bureau Tiny Leon Navailles"},{"@type":"BreadcrumbList","@id":"https:\/\/www.navailles.fr\/product\/tiny-leon\/#breadcrumb","itemListElement":[{"@type":"ListItem","position":1,"name":"Accueil","item":"https:\/\/www.navailles.fr\/"},{"@type":"ListItem","position":2,"name":"Boutique","item":"https:\/\/teletravail.navailles.fr\/"},{"@type":"ListItem","position":3,"name":"TINY L\u00c9ON"}]},{"@type":"WebSite","@id":"https:\/\/www.navailles.fr\/#website","url":"https:\/\/www.navailles.fr\/","name":"Navailles","description":"Fabricant de fauteuils m\u00e9dicalis\u00e9s, si\u00e8ges de bureau et tabourets techniques","publisher":{"@id":"https:\/\/www.navailles.fr\/#organization"},"potentialAction":[{"@type":"SearchAction","target":{"@type":"EntryPoint","urlTemplate":"https:\/\/www.navailles.fr\/?s={search_term_string}"},"query-input":{"@type":"PropertyValueSpecification","valueRequired":true,"valueName":"search_term_string"}}],"inLanguage":"en-GB"},{"@type":"Organization","@id":"https:\/\/www.navailles.fr\/#organization","name":"Navailles","url":"https:\/\/www.navailles.fr\/","logo":{"@type":"ImageObject","inLanguage":"en-GB","@id":"https:\/\/www.navailles.fr\/#\/schema\/logo\/image\/","url":"https:\/\/www.navailles.fr\/wp-content\/uploads\/2021\/10\/logo_site_navailles1_Plan-de-travail-1.png","contentUrl":"https:\/\/www.navailles.fr\/wp-content\/uploads\/2021\/10\/logo_site_navailles1_Plan-de-travail-1.png","width":375,"height":125,"caption":"Navailles"},"image":{"@id":"https:\/\/www.navailles.fr\/#\/schema\/logo\/image\/"}}]}},"_links":{"self":[{"href":"https:\/\/www.navailles.fr\/en\/wp-json\/wp\/v2\/product\/34311","targetHints":{"allow":["GET"]}}],"collection":[{"href":"https:\/\/www.navailles.fr\/en\/wp-json\/wp\/v2\/product"}],"about":[{"href":"https:\/\/www.navailles.fr\/en\/wp-json\/wp\/v2\/types\/product"}],"wp:featuredmedia":[{"embeddable":true,"href":"https:\/\/www.navailles.fr\/en\/wp-json\/wp\/v2\/media\/37933"}],"wp:attachment":[{"href":"https:\/\/www.navailles.fr\/en\/wp-json\/wp\/v2\/media?parent=34311"}],"wp:term":[{"taxonomy":"product_brand","embeddable":true,"href":"https:\/\/www.navailles.fr\/en\/wp-json\/wp\/v2\/product_brand?post=34311"},{"taxonomy":"product_cat","embeddable":true,"href":"https:\/\/www.navailles.fr\/en\/wp-json\/wp\/v2\/product_cat?post=34311"},{"taxonomy":"product_tag","embeddable":true,"href":"https:\/\/www.navailles.fr\/en\/wp-json\/wp\/v2\/product_tag?post=34311"}],"curies":[{"name":"wp","href":"https:\/\/api.w.org\/{rel}","templated":true}]}}