{"id":33478,"date":"2022-06-16T12:26:40","date_gmt":"2022-06-16T10:26:40","guid":{"rendered":"https:\/\/www.navailles.fr\/?post_type=product&#038;p=33478"},"modified":"2026-03-23T16:15:03","modified_gmt":"2026-03-23T15:15:03","slug":"king-edgard-plus","status":"publish","type":"product","link":"https:\/\/www.navailles.fr\/en\/product\/king-edgard-plus\/","title":{"rendered":"KING EDGARD+"},"content":{"rendered":"<p><strong>SI\u00c8GE DE DIRECTION HAUTE PERFORMANCE ET FINITIONS PRESTIGE<\/strong><br \/>\nCon\u00e7u pour les environnements de travail exigeants, King Edgard + Direction combine confort longue dur\u00e9e et \u00e9l\u00e9gance haut de gamme. Sa conception robuste, son assise en mousse moul\u00e9e haute r\u00e9silience et ses finitions soign\u00e9es en font un fauteuil statutaire, pens\u00e9 pour soutenir les responsabilit\u00e9s au quotidien.<\/p>","protected":false},"excerpt":{"rendered":"<p>Its curved seat will offer you absolute comfort to adopt a correct position without tiring you. Designed to blend into the most complex of work environments, KING EDGARD, with its self-adjusting synchronous system, adapts perfectly to your body shape for comfortable and dynamic seating. Its fixed, polished aluminium armrests naturally support your forearms for working in the best conditions.<\/p>","protected":false},"featured_media":40030,"template":"","meta":{"_acf_changed":false,"content-type":"","site-sidebar-layout":"default","site-content-layout":"default","ast-global-header-display":"","ast-banner-title-visibility":"","ast-main-header-display":"","ast-hfb-above-header-display":"","ast-hfb-below-header-display":"","ast-hfb-mobile-header-display":"","site-post-title":"","ast-breadcrumbs-content":"","ast-featured-img":"","footer-sml-layout":"","theme-transparent-header-meta":"default","adv-header-id-meta":"","stick-header-meta":"","header-above-stick-meta":"","header-main-stick-meta":"","header-below-stick-meta":""},"product_brand":[],"product_cat":[47,262,48],"product_tag":[],"class_list":{"0":"post-33478","1":"product","2":"type-product","3":"status-publish","4":"has-post-thumbnail","6":"product_cat-bureau","7":"product_cat-fauteuil-direction","8":"product_cat-travailler","10":"first","11":"instock","12":"taxable","13":"shipping-taxable","14":"product-type-simple"},"acf":[],"yoast_head":"<!-- This site is optimized with the Yoast SEO plugin v27.5 - https:\/\/yoast.com\/product\/yoast-seo-wordpress\/ -->\n<title>KING EDGARD+ - Navailles<\/title>\n<meta name=\"robots\" content=\"index, follow, max-snippet:-1, max-image-preview:large, max-video-preview:-1\" \/>\n<link rel=\"canonical\" href=\"https:\/\/www.navailles.fr\/en\/product\/king-edgard-plus\/\" \/>\n<meta property=\"og:locale\" content=\"en_GB\" \/>\n<meta property=\"og:type\" content=\"article\" \/>\n<meta property=\"og:title\" content=\"KING EDGARD+ - Navailles\" \/>\n<meta property=\"og:description\" content=\"Son assise galb\u00e9e vous offrira un confort absolu afin d\u2019adopter une bonne position \u00e0 l\u2019abri de la fatigue.Con\u00e7u pour s\u2019int\u00e9grer dans les environnements de travail les plus complexes, KING EDGARD, avec son syst\u00e8me synchrone auto-r\u00e9gul\u00e9, s\u2019adapte parfaitement \u00e0 votre morphologie pour favoriser une assise confortable et dynamique. Ses accoudoirs fixes en aluminium poli soutiendront naturellement vos avant-bras pour travailler dans les meilleures conditions.\" \/>\n<meta property=\"og:url\" content=\"https:\/\/www.navailles.fr\/en\/product\/king-edgard-plus\/\" \/>\n<meta property=\"og:site_name\" content=\"Navailles\" \/>\n<meta property=\"article:modified_time\" content=\"2026-03-23T15:15:03+00:00\" \/>\n<meta property=\"og:image\" content=\"https:\/\/www.navailles.fr\/wp-content\/uploads\/2022\/06\/king_edgard_plus_fauteuil_de_direction_cuir_NAVAILLES.jpg\" \/>\n\t<meta property=\"og:image:width\" content=\"1000\" \/>\n\t<meta property=\"og:image:height\" content=\"1000\" \/>\n\t<meta property=\"og:image:type\" content=\"image\/jpeg\" \/>\n<meta name=\"twitter:card\" content=\"summary_large_image\" \/>\n<meta name=\"twitter:label1\" content=\"Estimated reading time\" \/>\n\t<meta name=\"twitter:data1\" content=\"1 minute\" \/>\n<!-- \/ Yoast SEO plugin. -->","yoast_head_json":{"title":"KING EDGARD+ - Navailles","robots":{"index":"index","follow":"follow","max-snippet":"max-snippet:-1","max-image-preview":"max-image-preview:large","max-video-preview":"max-video-preview:-1"},"canonical":"https:\/\/www.navailles.fr\/en\/product\/king-edgard-plus\/","og_locale":"en_GB","og_type":"article","og_title":"KING EDGARD+ - Navailles","og_description":"Son assise galb\u00e9e vous offrira un confort absolu afin d\u2019adopter une bonne position \u00e0 l\u2019abri de la fatigue.Con\u00e7u pour s\u2019int\u00e9grer dans les environnements de travail les plus complexes, KING EDGARD, avec son syst\u00e8me synchrone auto-r\u00e9gul\u00e9, s\u2019adapte parfaitement \u00e0 votre morphologie pour favoriser une assise confortable et dynamique. Ses accoudoirs fixes en aluminium poli soutiendront naturellement vos avant-bras pour travailler dans les meilleures conditions.","og_url":"https:\/\/www.navailles.fr\/en\/product\/king-edgard-plus\/","og_site_name":"Navailles","article_modified_time":"2026-03-23T15:15:03+00:00","og_image":[{"width":1000,"height":1000,"url":"https:\/\/www.navailles.fr\/wp-content\/uploads\/2022\/06\/king_edgard_plus_fauteuil_de_direction_cuir_NAVAILLES.jpg","type":"image\/jpeg"}],"twitter_card":"summary_large_image","twitter_misc":{"Estimated reading time":"1 minute"},"schema":{"@context":"https:\/\/schema.org","@graph":[{"@type":"WebPage","@id":"https:\/\/www.navailles.fr\/product\/king-edgard-plus\/","url":"https:\/\/www.navailles.fr\/product\/king-edgard-plus\/","name":"KING EDGARD+ - Navailles","isPartOf":{"@id":"https:\/\/www.navailles.fr\/#website"},"primaryImageOfPage":{"@id":"https:\/\/www.navailles.fr\/product\/king-edgard-plus\/#primaryimage"},"image":{"@id":"https:\/\/www.navailles.fr\/product\/king-edgard-plus\/#primaryimage"},"thumbnailUrl":"https:\/\/www.navailles.fr\/wp-content\/uploads\/2022\/06\/king_edgard_plus_fauteuil_de_direction_cuir_NAVAILLES.jpg","datePublished":"2022-06-16T10:26:40+00:00","dateModified":"2026-03-23T15:15:03+00:00","breadcrumb":{"@id":"https:\/\/www.navailles.fr\/product\/king-edgard-plus\/#breadcrumb"},"inLanguage":"en-GB","potentialAction":[{"@type":"ReadAction","target":["https:\/\/www.navailles.fr\/product\/king-edgard-plus\/"]}]},{"@type":"ImageObject","inLanguage":"en-GB","@id":"https:\/\/www.navailles.fr\/product\/king-edgard-plus\/#primaryimage","url":"https:\/\/www.navailles.fr\/wp-content\/uploads\/2022\/06\/king_edgard_plus_fauteuil_de_direction_cuir_NAVAILLES.jpg","contentUrl":"https:\/\/www.navailles.fr\/wp-content\/uploads\/2022\/06\/king_edgard_plus_fauteuil_de_direction_cuir_NAVAILLES.jpg","width":1000,"height":1000},{"@type":"BreadcrumbList","@id":"https:\/\/www.navailles.fr\/product\/king-edgard-plus\/#breadcrumb","itemListElement":[{"@type":"ListItem","position":1,"name":"Accueil","item":"https:\/\/www.navailles.fr\/"},{"@type":"ListItem","position":2,"name":"Boutique","item":"https:\/\/teletravail.navailles.fr\/"},{"@type":"ListItem","position":3,"name":"KING EDGARD+"}]},{"@type":"WebSite","@id":"https:\/\/www.navailles.fr\/#website","url":"https:\/\/www.navailles.fr\/","name":"Navailles","description":"Fabricant de fauteuils m\u00e9dicalis\u00e9s, si\u00e8ges de bureau et tabourets techniques","publisher":{"@id":"https:\/\/www.navailles.fr\/#organization"},"potentialAction":[{"@type":"SearchAction","target":{"@type":"EntryPoint","urlTemplate":"https:\/\/www.navailles.fr\/?s={search_term_string}"},"query-input":{"@type":"PropertyValueSpecification","valueRequired":true,"valueName":"search_term_string"}}],"inLanguage":"en-GB"},{"@type":"Organization","@id":"https:\/\/www.navailles.fr\/#organization","name":"Navailles","url":"https:\/\/www.navailles.fr\/","logo":{"@type":"ImageObject","inLanguage":"en-GB","@id":"https:\/\/www.navailles.fr\/#\/schema\/logo\/image\/","url":"https:\/\/www.navailles.fr\/wp-content\/uploads\/2021\/10\/logo_site_navailles1_Plan-de-travail-1.png","contentUrl":"https:\/\/www.navailles.fr\/wp-content\/uploads\/2021\/10\/logo_site_navailles1_Plan-de-travail-1.png","width":375,"height":125,"caption":"Navailles"},"image":{"@id":"https:\/\/www.navailles.fr\/#\/schema\/logo\/image\/"}}]}},"_links":{"self":[{"href":"https:\/\/www.navailles.fr\/en\/wp-json\/wp\/v2\/product\/33478","targetHints":{"allow":["GET"]}}],"collection":[{"href":"https:\/\/www.navailles.fr\/en\/wp-json\/wp\/v2\/product"}],"about":[{"href":"https:\/\/www.navailles.fr\/en\/wp-json\/wp\/v2\/types\/product"}],"wp:featuredmedia":[{"embeddable":true,"href":"https:\/\/www.navailles.fr\/en\/wp-json\/wp\/v2\/media\/40030"}],"wp:attachment":[{"href":"https:\/\/www.navailles.fr\/en\/wp-json\/wp\/v2\/media?parent=33478"}],"wp:term":[{"taxonomy":"product_brand","embeddable":true,"href":"https:\/\/www.navailles.fr\/en\/wp-json\/wp\/v2\/product_brand?post=33478"},{"taxonomy":"product_cat","embeddable":true,"href":"https:\/\/www.navailles.fr\/en\/wp-json\/wp\/v2\/product_cat?post=33478"},{"taxonomy":"product_tag","embeddable":true,"href":"https:\/\/www.navailles.fr\/en\/wp-json\/wp\/v2\/product_tag?post=33478"}],"curies":[{"name":"wp","href":"https:\/\/api.w.org\/{rel}","templated":true}]}}