{"id":33471,"date":"2022-06-24T12:19:08","date_gmt":"2022-06-24T10:19:08","guid":{"rendered":"https:\/\/www.navailles.fr\/?post_type=product&#038;p=33471"},"modified":"2026-03-23T16:12:07","modified_gmt":"2026-03-23T15:12:07","slug":"king-edgard","status":"publish","type":"product","link":"https:\/\/www.navailles.fr\/en\/product\/king-edgard\/","title":{"rendered":"KING EDGARD"},"content":{"rendered":"<div data-elementor-type=\"product-post\" data-elementor-id=\"33471\" class=\"elementor elementor-33471\" data-elementor-post-type=\"product\">\n\t\t\t\t\t\t<section class=\"elementor-section elementor-top-section elementor-element elementor-element-419e77d2 elementor-section-boxed elementor-section-height-default elementor-section-height-default\" data-id=\"419e77d2\" data-element_type=\"section\" data-e-type=\"section\">\n\t\t\t\t\t\t<div class=\"elementor-container elementor-column-gap-default\">\n\t\t\t\t\t<div class=\"elementor-column elementor-col-100 elementor-top-column elementor-element elementor-element-21fe9420\" data-id=\"21fe9420\" data-element_type=\"column\" data-e-type=\"column\">\n\t\t\t<div class=\"elementor-widget-wrap elementor-element-populated\">\n\t\t\t\t\t\t<div class=\"elementor-element elementor-element-314b1f82 elementor-widget elementor-widget-text-editor\" data-id=\"314b1f82\" data-element_type=\"widget\" data-e-type=\"widget\" data-widget_type=\"text-editor.default\">\n\t\t\t\t<div class=\"elementor-widget-container\">\n\t\t\t\t\t\t\t\t\t<p>Designed to blend into the most complex working environments, the KING EDGAR executive chair impresses with its contemporary lines and ergonomic qualities.<\/p>\t\t\t\t\t\t\t\t<\/div>\n\t\t\t\t<\/div>\n\t\t\t\t\t<\/div>\n\t\t<\/div>\n\t\t\t\t\t<\/div>\n\t\t<\/section>\n\t\t\t\t<\/div>","protected":false},"excerpt":{"rendered":"<p>Gr\u00e2ce \u00e0 son amortisseur d\u2019assise, KING EDGARD s\u2019adapte<br \/>\naux diff\u00e9rentes zones de pression et \u00e0 la morphologie de<br \/>\nvotre corps. Avec son syst\u00e8me synchrone auto-r\u00e9gul\u00e9, KING EDGARD<br \/>\ns\u2019adapte parfaitement \u00e0 votre morphologie pour favoriser<br \/>\nune assise confortable et dynamique. Ses accoudoirs r\u00e9glables en 4 axes (hauteur, largeur, profondeur et rotation) vous offriront un confort sur- mesure.<\/p>","protected":false},"featured_media":37543,"template":"","meta":{"_acf_changed":false,"content-type":"","site-sidebar-layout":"default","site-content-layout":"default","ast-global-header-display":"","ast-banner-title-visibility":"","ast-main-header-display":"","ast-hfb-above-header-display":"","ast-hfb-below-header-display":"","ast-hfb-mobile-header-display":"","site-post-title":"","ast-breadcrumbs-content":"","ast-featured-img":"","footer-sml-layout":"","theme-transparent-header-meta":"default","adv-header-id-meta":"","stick-header-meta":"","header-above-stick-meta":"","header-main-stick-meta":"","header-below-stick-meta":""},"product_brand":[],"product_cat":[47,263,48],"product_tag":[],"class_list":{"0":"post-33471","1":"product","2":"type-product","3":"status-publish","4":"has-post-thumbnail","6":"product_cat-bureau","7":"product_cat-sieges-bureau","8":"product_cat-travailler","10":"first","11":"instock","12":"taxable","13":"shipping-taxable","14":"product-type-simple"},"acf":[],"yoast_head":"<!-- This site is optimized with the Yoast SEO plugin v27.3 - https:\/\/yoast.com\/product\/yoast-seo-wordpress\/ -->\n<title>KING EDGARD - Navailles<\/title>\n<meta name=\"robots\" content=\"index, follow, max-snippet:-1, max-image-preview:large, max-video-preview:-1\" \/>\n<link rel=\"canonical\" href=\"https:\/\/www.navailles.fr\/en\/product\/king-edgard\/\" \/>\n<meta property=\"og:locale\" content=\"en_GB\" \/>\n<meta property=\"og:type\" content=\"article\" \/>\n<meta property=\"og:title\" content=\"KING EDGARD - Navailles\" \/>\n<meta property=\"og:description\" content=\"Gr\u00e2ce \u00e0 son amortisseur d\u2019assise, KING EDGARD s\u2019adapte aux diff\u00e9rentes zones de pression et \u00e0 la morphologie de votre corps. Avec son syst\u00e8me synchrone auto-r\u00e9gul\u00e9, KING EDGARD s\u2019adapte parfaitement \u00e0 votre morphologie pour favoriser une assise confortable et dynamique. Ses accoudoirs r\u00e9glables en 4 axes (hauteur, largeur, profondeur et rotation) vous offriront un confort sur- mesure.\" \/>\n<meta property=\"og:url\" content=\"https:\/\/www.navailles.fr\/en\/product\/king-edgard\/\" \/>\n<meta property=\"og:site_name\" content=\"Navailles\" \/>\n<meta property=\"article:modified_time\" content=\"2026-03-23T15:12:07+00:00\" \/>\n<meta property=\"og:image\" content=\"https:\/\/www.navailles.fr\/wp-content\/uploads\/2022\/06\/Siege-de-bureau-ergonomique-en-tissu-king-edgard.jpg\" \/>\n\t<meta property=\"og:image:width\" content=\"1000\" \/>\n\t<meta property=\"og:image:height\" content=\"1000\" \/>\n\t<meta property=\"og:image:type\" content=\"image\/jpeg\" \/>\n<meta name=\"twitter:card\" content=\"summary_large_image\" \/>\n<meta name=\"twitter:label1\" content=\"Estimated reading time\" \/>\n\t<meta name=\"twitter:data1\" content=\"1 minute\" \/>\n<!-- \/ Yoast SEO plugin. -->","yoast_head_json":{"title":"KING EDGARD - Navailles","robots":{"index":"index","follow":"follow","max-snippet":"max-snippet:-1","max-image-preview":"max-image-preview:large","max-video-preview":"max-video-preview:-1"},"canonical":"https:\/\/www.navailles.fr\/en\/product\/king-edgard\/","og_locale":"en_GB","og_type":"article","og_title":"KING EDGARD - Navailles","og_description":"Gr\u00e2ce \u00e0 son amortisseur d\u2019assise, KING EDGARD s\u2019adapte aux diff\u00e9rentes zones de pression et \u00e0 la morphologie de votre corps. Avec son syst\u00e8me synchrone auto-r\u00e9gul\u00e9, KING EDGARD s\u2019adapte parfaitement \u00e0 votre morphologie pour favoriser une assise confortable et dynamique. Ses accoudoirs r\u00e9glables en 4 axes (hauteur, largeur, profondeur et rotation) vous offriront un confort sur- mesure.","og_url":"https:\/\/www.navailles.fr\/en\/product\/king-edgard\/","og_site_name":"Navailles","article_modified_time":"2026-03-23T15:12:07+00:00","og_image":[{"width":1000,"height":1000,"url":"https:\/\/www.navailles.fr\/wp-content\/uploads\/2022\/06\/Siege-de-bureau-ergonomique-en-tissu-king-edgard.jpg","type":"image\/jpeg"}],"twitter_card":"summary_large_image","twitter_misc":{"Estimated reading time":"1 minute"},"schema":{"@context":"https:\/\/schema.org","@graph":[{"@type":"WebPage","@id":"https:\/\/www.navailles.fr\/product\/king-edgard\/","url":"https:\/\/www.navailles.fr\/product\/king-edgard\/","name":"KING EDGARD - Navailles","isPartOf":{"@id":"https:\/\/www.navailles.fr\/#website"},"primaryImageOfPage":{"@id":"https:\/\/www.navailles.fr\/product\/king-edgard\/#primaryimage"},"image":{"@id":"https:\/\/www.navailles.fr\/product\/king-edgard\/#primaryimage"},"thumbnailUrl":"https:\/\/www.navailles.fr\/wp-content\/uploads\/2022\/06\/Siege-de-bureau-ergonomique-en-tissu-king-edgard.jpg","datePublished":"2022-06-24T10:19:08+00:00","dateModified":"2026-03-23T15:12:07+00:00","breadcrumb":{"@id":"https:\/\/www.navailles.fr\/product\/king-edgard\/#breadcrumb"},"inLanguage":"en-GB","potentialAction":[{"@type":"ReadAction","target":["https:\/\/www.navailles.fr\/product\/king-edgard\/"]}]},{"@type":"ImageObject","inLanguage":"en-GB","@id":"https:\/\/www.navailles.fr\/product\/king-edgard\/#primaryimage","url":"https:\/\/www.navailles.fr\/wp-content\/uploads\/2022\/06\/Siege-de-bureau-ergonomique-en-tissu-king-edgard.jpg","contentUrl":"https:\/\/www.navailles.fr\/wp-content\/uploads\/2022\/06\/Siege-de-bureau-ergonomique-en-tissu-king-edgard.jpg","width":1000,"height":1000,"caption":"Vue d'un si\u00e8ge de bureau ergonomique King Edgard Navailles en tissu jaune"},{"@type":"BreadcrumbList","@id":"https:\/\/www.navailles.fr\/product\/king-edgard\/#breadcrumb","itemListElement":[{"@type":"ListItem","position":1,"name":"Accueil","item":"https:\/\/www.navailles.fr\/"},{"@type":"ListItem","position":2,"name":"Boutique","item":"https:\/\/teletravail.navailles.fr\/"},{"@type":"ListItem","position":3,"name":"KING EDGARD"}]},{"@type":"WebSite","@id":"https:\/\/www.navailles.fr\/#website","url":"https:\/\/www.navailles.fr\/","name":"Navailles","description":"Fabricant de fauteuils m\u00e9dicalis\u00e9s, si\u00e8ges de bureau et tabourets techniques","publisher":{"@id":"https:\/\/www.navailles.fr\/#organization"},"potentialAction":[{"@type":"SearchAction","target":{"@type":"EntryPoint","urlTemplate":"https:\/\/www.navailles.fr\/?s={search_term_string}"},"query-input":{"@type":"PropertyValueSpecification","valueRequired":true,"valueName":"search_term_string"}}],"inLanguage":"en-GB"},{"@type":"Organization","@id":"https:\/\/www.navailles.fr\/#organization","name":"Navailles","url":"https:\/\/www.navailles.fr\/","logo":{"@type":"ImageObject","inLanguage":"en-GB","@id":"https:\/\/www.navailles.fr\/#\/schema\/logo\/image\/","url":"https:\/\/www.navailles.fr\/wp-content\/uploads\/2021\/10\/logo_site_navailles1_Plan-de-travail-1.png","contentUrl":"https:\/\/www.navailles.fr\/wp-content\/uploads\/2021\/10\/logo_site_navailles1_Plan-de-travail-1.png","width":375,"height":125,"caption":"Navailles"},"image":{"@id":"https:\/\/www.navailles.fr\/#\/schema\/logo\/image\/"}}]}},"_links":{"self":[{"href":"https:\/\/www.navailles.fr\/en\/wp-json\/wp\/v2\/product\/33471","targetHints":{"allow":["GET"]}}],"collection":[{"href":"https:\/\/www.navailles.fr\/en\/wp-json\/wp\/v2\/product"}],"about":[{"href":"https:\/\/www.navailles.fr\/en\/wp-json\/wp\/v2\/types\/product"}],"wp:featuredmedia":[{"embeddable":true,"href":"https:\/\/www.navailles.fr\/en\/wp-json\/wp\/v2\/media\/37543"}],"wp:attachment":[{"href":"https:\/\/www.navailles.fr\/en\/wp-json\/wp\/v2\/media?parent=33471"}],"wp:term":[{"taxonomy":"product_brand","embeddable":true,"href":"https:\/\/www.navailles.fr\/en\/wp-json\/wp\/v2\/product_brand?post=33471"},{"taxonomy":"product_cat","embeddable":true,"href":"https:\/\/www.navailles.fr\/en\/wp-json\/wp\/v2\/product_cat?post=33471"},{"taxonomy":"product_tag","embeddable":true,"href":"https:\/\/www.navailles.fr\/en\/wp-json\/wp\/v2\/product_tag?post=33471"}],"curies":[{"name":"wp","href":"https:\/\/api.w.org\/{rel}","templated":true}]}}