{"id":33468,"date":"2022-06-16T12:10:06","date_gmt":"2022-06-16T10:10:06","guid":{"rendered":"https:\/\/www.navailles.fr\/?post_type=product&#038;p=33468"},"modified":"2026-03-23T16:15:11","modified_gmt":"2026-03-23T15:15:11","slug":"heritage-80","status":"publish","type":"product","link":"https:\/\/www.navailles.fr\/en\/product\/heritage-80\/","title":{"rendered":"H\u00c9RITAGE 80 CHAIR"},"content":{"rendered":"<p><strong>L\u2019\u00c9L\u00c9GANCE D\u2019UN SI\u00c8GE QUI TRAVERSE LE TEMPS<\/strong><br \/>\nUn si\u00e8ge de bureau qui traverse les \u00e9poques avec \u00e9l\u00e9gance. H\u00e9ritage 80 Grand Dossier rend hommage \u00e0 nos premiers mod\u00e8les embl\u00e9matiques tout en incarnant l\u2019exigence de confort et de qualit\u00e9 d\u2019aujourd\u2019hui. Un design intemporel, n\u00e9 dans les Landes, qui allie caract\u00e8re vintage et assise ergonomique.<\/p>","protected":false},"excerpt":{"rendered":"<p>In 1966, Robert Navailles is joined by his two sons, bringing their expertise in the fields of design and upholstery to his mastery of the technical side of things. By listening to society\u2019s expectations and combining their skills, they launch into the production of made-to-measure furniture. This range links the past and the future of Navailles by bringing up to date the models created by our founders in the 1980s.<\/p>","protected":false},"featured_media":40043,"template":"","meta":{"_acf_changed":false,"content-type":"","site-sidebar-layout":"default","site-content-layout":"default","ast-global-header-display":"","ast-banner-title-visibility":"","ast-main-header-display":"","ast-hfb-above-header-display":"","ast-hfb-below-header-display":"","ast-hfb-mobile-header-display":"","site-post-title":"","ast-breadcrumbs-content":"","ast-featured-img":"","footer-sml-layout":"","theme-transparent-header-meta":"default","adv-header-id-meta":"","stick-header-meta":"","header-above-stick-meta":"","header-main-stick-meta":"","header-below-stick-meta":""},"product_brand":[],"product_cat":[47,262],"product_tag":[],"class_list":{"0":"post-33468","1":"product","2":"type-product","3":"status-publish","4":"has-post-thumbnail","6":"product_cat-bureau","7":"product_cat-fauteuil-direction","9":"first","10":"instock","11":"taxable","12":"shipping-taxable","13":"product-type-simple"},"acf":[],"yoast_head":"<!-- This site is optimized with the Yoast SEO plugin v27.5 - https:\/\/yoast.com\/product\/yoast-seo-wordpress\/ -->\n<title>H\u00c9RITAGE 80 - Navailles<\/title>\n<meta name=\"robots\" content=\"index, follow, max-snippet:-1, max-image-preview:large, max-video-preview:-1\" \/>\n<link rel=\"canonical\" href=\"https:\/\/www.navailles.fr\/en\/product\/heritage-80\/\" \/>\n<meta property=\"og:locale\" content=\"en_GB\" \/>\n<meta property=\"og:type\" content=\"article\" \/>\n<meta property=\"og:title\" content=\"H\u00c9RITAGE 80 - Navailles\" \/>\n<meta property=\"og:description\" content=\"C\u2019est en 1966 que Robert Navailles, est rejoint par ses deux fils, compl\u00e9tant sa ma\u00eetrise de la technique par leur savoir-faire dans le domaine du design et du garnissage. C\u2019est en \u00e9tant \u00e0 l\u2019\u00e9coute des attentes de la soci\u00e9t\u00e9 et en combinant leurs comp\u00e9tences qu\u2019ils se lancent dans la production de mobilier sur-mesure. Cette gamme relie le pass\u00e9 et le futur de Navailles en remettant au go\u00fbt du jour, les mod\u00e8les cr\u00e9es par nos fondateurs dans les ann\u00e9es 1980.\" \/>\n<meta property=\"og:url\" content=\"https:\/\/www.navailles.fr\/en\/product\/heritage-80\/\" \/>\n<meta property=\"og:site_name\" content=\"Navailles\" \/>\n<meta property=\"article:modified_time\" content=\"2026-03-23T15:15:11+00:00\" \/>\n<meta property=\"og:image\" content=\"https:\/\/www.navailles.fr\/wp-content\/uploads\/2022\/06\/heritage_80_grand_dossier_fauteuil_vintage_navailles.jpg\" \/>\n\t<meta property=\"og:image:width\" content=\"1000\" \/>\n\t<meta property=\"og:image:height\" content=\"1000\" \/>\n\t<meta property=\"og:image:type\" content=\"image\/jpeg\" \/>\n<meta name=\"twitter:card\" content=\"summary_large_image\" \/>\n<meta name=\"twitter:label1\" content=\"Estimated reading time\" \/>\n\t<meta name=\"twitter:data1\" content=\"1 minute\" \/>\n<!-- \/ Yoast SEO plugin. -->","yoast_head_json":{"title":"H\u00c9RITAGE 80 - Navailles","robots":{"index":"index","follow":"follow","max-snippet":"max-snippet:-1","max-image-preview":"max-image-preview:large","max-video-preview":"max-video-preview:-1"},"canonical":"https:\/\/www.navailles.fr\/en\/product\/heritage-80\/","og_locale":"en_GB","og_type":"article","og_title":"H\u00c9RITAGE 80 - Navailles","og_description":"C\u2019est en 1966 que Robert Navailles, est rejoint par ses deux fils, compl\u00e9tant sa ma\u00eetrise de la technique par leur savoir-faire dans le domaine du design et du garnissage. C\u2019est en \u00e9tant \u00e0 l\u2019\u00e9coute des attentes de la soci\u00e9t\u00e9 et en combinant leurs comp\u00e9tences qu\u2019ils se lancent dans la production de mobilier sur-mesure. Cette gamme relie le pass\u00e9 et le futur de Navailles en remettant au go\u00fbt du jour, les mod\u00e8les cr\u00e9es par nos fondateurs dans les ann\u00e9es 1980.","og_url":"https:\/\/www.navailles.fr\/en\/product\/heritage-80\/","og_site_name":"Navailles","article_modified_time":"2026-03-23T15:15:11+00:00","og_image":[{"width":1000,"height":1000,"url":"https:\/\/www.navailles.fr\/wp-content\/uploads\/2022\/06\/heritage_80_grand_dossier_fauteuil_vintage_navailles.jpg","type":"image\/jpeg"}],"twitter_card":"summary_large_image","twitter_misc":{"Estimated reading time":"1 minute"},"schema":{"@context":"https:\/\/schema.org","@graph":[{"@type":"WebPage","@id":"https:\/\/www.navailles.fr\/product\/heritage-80\/","url":"https:\/\/www.navailles.fr\/product\/heritage-80\/","name":"H\u00c9RITAGE 80 - Navailles","isPartOf":{"@id":"https:\/\/www.navailles.fr\/#website"},"primaryImageOfPage":{"@id":"https:\/\/www.navailles.fr\/product\/heritage-80\/#primaryimage"},"image":{"@id":"https:\/\/www.navailles.fr\/product\/heritage-80\/#primaryimage"},"thumbnailUrl":"https:\/\/www.navailles.fr\/wp-content\/uploads\/2022\/06\/heritage_80_grand_dossier_fauteuil_vintage_navailles.jpg","datePublished":"2022-06-16T10:10:06+00:00","dateModified":"2026-03-23T15:15:11+00:00","breadcrumb":{"@id":"https:\/\/www.navailles.fr\/product\/heritage-80\/#breadcrumb"},"inLanguage":"en-GB","potentialAction":[{"@type":"ReadAction","target":["https:\/\/www.navailles.fr\/product\/heritage-80\/"]}]},{"@type":"ImageObject","inLanguage":"en-GB","@id":"https:\/\/www.navailles.fr\/product\/heritage-80\/#primaryimage","url":"https:\/\/www.navailles.fr\/wp-content\/uploads\/2022\/06\/heritage_80_grand_dossier_fauteuil_vintage_navailles.jpg","contentUrl":"https:\/\/www.navailles.fr\/wp-content\/uploads\/2022\/06\/heritage_80_grand_dossier_fauteuil_vintage_navailles.jpg","width":1000,"height":1000},{"@type":"BreadcrumbList","@id":"https:\/\/www.navailles.fr\/product\/heritage-80\/#breadcrumb","itemListElement":[{"@type":"ListItem","position":1,"name":"Accueil","item":"https:\/\/www.navailles.fr\/"},{"@type":"ListItem","position":2,"name":"Boutique","item":"https:\/\/teletravail.navailles.fr\/"},{"@type":"ListItem","position":3,"name":"H\u00c9RITAGE 80"}]},{"@type":"WebSite","@id":"https:\/\/www.navailles.fr\/#website","url":"https:\/\/www.navailles.fr\/","name":"Navailles","description":"Fabricant de fauteuils m\u00e9dicalis\u00e9s, si\u00e8ges de bureau et tabourets techniques","publisher":{"@id":"https:\/\/www.navailles.fr\/#organization"},"potentialAction":[{"@type":"SearchAction","target":{"@type":"EntryPoint","urlTemplate":"https:\/\/www.navailles.fr\/?s={search_term_string}"},"query-input":{"@type":"PropertyValueSpecification","valueRequired":true,"valueName":"search_term_string"}}],"inLanguage":"en-GB"},{"@type":"Organization","@id":"https:\/\/www.navailles.fr\/#organization","name":"Navailles","url":"https:\/\/www.navailles.fr\/","logo":{"@type":"ImageObject","inLanguage":"en-GB","@id":"https:\/\/www.navailles.fr\/#\/schema\/logo\/image\/","url":"https:\/\/www.navailles.fr\/wp-content\/uploads\/2021\/10\/logo_site_navailles1_Plan-de-travail-1.png","contentUrl":"https:\/\/www.navailles.fr\/wp-content\/uploads\/2021\/10\/logo_site_navailles1_Plan-de-travail-1.png","width":375,"height":125,"caption":"Navailles"},"image":{"@id":"https:\/\/www.navailles.fr\/#\/schema\/logo\/image\/"}}]}},"_links":{"self":[{"href":"https:\/\/www.navailles.fr\/en\/wp-json\/wp\/v2\/product\/33468","targetHints":{"allow":["GET"]}}],"collection":[{"href":"https:\/\/www.navailles.fr\/en\/wp-json\/wp\/v2\/product"}],"about":[{"href":"https:\/\/www.navailles.fr\/en\/wp-json\/wp\/v2\/types\/product"}],"wp:featuredmedia":[{"embeddable":true,"href":"https:\/\/www.navailles.fr\/en\/wp-json\/wp\/v2\/media\/40043"}],"wp:attachment":[{"href":"https:\/\/www.navailles.fr\/en\/wp-json\/wp\/v2\/media?parent=33468"}],"wp:term":[{"taxonomy":"product_brand","embeddable":true,"href":"https:\/\/www.navailles.fr\/en\/wp-json\/wp\/v2\/product_brand?post=33468"},{"taxonomy":"product_cat","embeddable":true,"href":"https:\/\/www.navailles.fr\/en\/wp-json\/wp\/v2\/product_cat?post=33468"},{"taxonomy":"product_tag","embeddable":true,"href":"https:\/\/www.navailles.fr\/en\/wp-json\/wp\/v2\/product_tag?post=33468"}],"curies":[{"name":"wp","href":"https:\/\/api.w.org\/{rel}","templated":true}]}}