{"id":33102,"date":"2022-06-20T14:48:48","date_gmt":"2022-06-20T12:48:48","guid":{"rendered":"https:\/\/www.navailles.fr\/?post_type=product&#038;p=33102"},"modified":"2025-07-09T16:40:05","modified_gmt":"2025-07-09T14:40:05","slug":"dear-oscar","status":"publish","type":"product","link":"https:\/\/www.navailles.fr\/en\/product\/dear-oscar\/","title":{"rendered":"DEAR OSCAR"},"content":{"rendered":"<p><strong>ERGONOMIE INSPIR\u00c9E DU MOUVEMENT<\/strong><br \/>\nDear Oscar ouvre une nouvelle \u00e8re dans l\u2019univers de l\u2019assise ergonomique. Fruit d\u2019une \u00e9tude approfondie du mouvement humain, ce si\u00e8ge in\u00e9dit lib\u00e8re le corps des contraintes posturales pour booster le bien-\u00eatre et la performance au quotidien.<\/p>","protected":false},"excerpt":{"rendered":"<p>Enfin, la capacit\u00e9 de d\u00e9formation de l\u2019assise permet une meilleure r\u00e9partition des pressions lors des mouvements. Vos performances sont boost\u00e9es ! Et votre bien-\u00eatre est lib\u00e9r\u00e9 de toute contrainte physique ou physiologique li\u00e9e \u00e0 des positions inconfortables et prolong\u00e9es.<\/p>\n<p>Gr\u00e2ce \u00e0 une \u00e9tude pouss\u00e9e, nous avons d\u00e9velopp\u00e9 un si\u00e8ge ergonomique au design unique et au look original. De multiples tests ont \u00e9t\u00e9 r\u00e9alis\u00e9 avec la technologie de motion capture sur diff\u00e9rents types d\u2019assises, de morphologie d\u2019individus, de typologie de postures et de diversit\u00e9 de mouvements, ce qui a permis de mettre en \u00e9vidence l\u2019impact b\u00e9n\u00e9fique du DEAR OSCAR.<\/p>","protected":false},"featured_media":38105,"template":"","meta":{"_acf_changed":false,"content-type":"","site-sidebar-layout":"default","site-content-layout":"default","ast-global-header-display":"","ast-banner-title-visibility":"","ast-main-header-display":"","ast-hfb-above-header-display":"","ast-hfb-below-header-display":"","ast-hfb-mobile-header-display":"","site-post-title":"","ast-breadcrumbs-content":"","ast-featured-img":"","footer-sml-layout":"","theme-transparent-header-meta":"default","adv-header-id-meta":"","stick-header-meta":"","header-above-stick-meta":"","header-main-stick-meta":"","header-below-stick-meta":""},"product_brand":[],"product_cat":[47,263,261,48],"product_tag":[],"class_list":{"0":"post-33102","1":"product","2":"type-product","3":"status-publish","4":"has-post-thumbnail","6":"product_cat-bureau","7":"product_cat-sieges-bureau","8":"product_cat-teletravail","9":"product_cat-travailler","11":"first","12":"instock","13":"taxable","14":"shipping-taxable","15":"product-type-simple"},"acf":[],"yoast_head":"<!-- This site is optimized with the Yoast SEO plugin v27.4 - https:\/\/yoast.com\/product\/yoast-seo-wordpress\/ -->\n<title>DEAR OSCAR - Navailles<\/title>\n<meta name=\"robots\" content=\"index, follow, max-snippet:-1, max-image-preview:large, max-video-preview:-1\" \/>\n<link rel=\"canonical\" href=\"https:\/\/www.navailles.fr\/en\/product\/dear-oscar\/\" \/>\n<meta property=\"og:locale\" content=\"en_GB\" \/>\n<meta property=\"og:type\" content=\"article\" \/>\n<meta property=\"og:title\" content=\"DEAR OSCAR - Navailles\" \/>\n<meta property=\"og:description\" content=\"Enfin, la capacit\u00e9 de d\u00e9formation de l\u2019assise permet une meilleure r\u00e9partition des pressions lors des mouvements. Vos performances sont boost\u00e9es ! Et votre bien-\u00eatre est lib\u00e9r\u00e9 de toute contrainte physique ou physiologique li\u00e9e \u00e0 des positions inconfortables et prolong\u00e9es.  Gr\u00e2ce \u00e0 une \u00e9tude pouss\u00e9e, nous avons d\u00e9velopp\u00e9 un si\u00e8ge ergonomique au design unique et au look original. De multiples tests ont \u00e9t\u00e9 r\u00e9alis\u00e9 avec la technologie de motion capture sur diff\u00e9rents types d\u2019assises, de morphologie d\u2019individus, de typologie de postures et de diversit\u00e9 de mouvements, ce qui a permis de mettre en \u00e9vidence l\u2019impact b\u00e9n\u00e9fique du DEAR OSCAR.\" \/>\n<meta property=\"og:url\" content=\"https:\/\/www.navailles.fr\/en\/product\/dear-oscar\/\" \/>\n<meta property=\"og:site_name\" content=\"Navailles\" \/>\n<meta property=\"article:modified_time\" content=\"2025-07-09T14:40:05+00:00\" \/>\n<meta property=\"og:image\" content=\"https:\/\/www.navailles.fr\/wp-content\/uploads\/2022\/06\/Chaise-de-bureau-teletravail-dear_oscar.jpg\" \/>\n\t<meta property=\"og:image:width\" content=\"1000\" \/>\n\t<meta property=\"og:image:height\" content=\"1000\" \/>\n\t<meta property=\"og:image:type\" content=\"image\/jpeg\" \/>\n<meta name=\"twitter:card\" content=\"summary_large_image\" \/>\n<meta name=\"twitter:label1\" content=\"Estimated reading time\" \/>\n\t<meta name=\"twitter:data1\" content=\"1 minute\" \/>\n<!-- \/ Yoast SEO plugin. -->","yoast_head_json":{"title":"DEAR OSCAR - Navailles","robots":{"index":"index","follow":"follow","max-snippet":"max-snippet:-1","max-image-preview":"max-image-preview:large","max-video-preview":"max-video-preview:-1"},"canonical":"https:\/\/www.navailles.fr\/en\/product\/dear-oscar\/","og_locale":"en_GB","og_type":"article","og_title":"DEAR OSCAR - Navailles","og_description":"Enfin, la capacit\u00e9 de d\u00e9formation de l\u2019assise permet une meilleure r\u00e9partition des pressions lors des mouvements. Vos performances sont boost\u00e9es ! Et votre bien-\u00eatre est lib\u00e9r\u00e9 de toute contrainte physique ou physiologique li\u00e9e \u00e0 des positions inconfortables et prolong\u00e9es.  Gr\u00e2ce \u00e0 une \u00e9tude pouss\u00e9e, nous avons d\u00e9velopp\u00e9 un si\u00e8ge ergonomique au design unique et au look original. De multiples tests ont \u00e9t\u00e9 r\u00e9alis\u00e9 avec la technologie de motion capture sur diff\u00e9rents types d\u2019assises, de morphologie d\u2019individus, de typologie de postures et de diversit\u00e9 de mouvements, ce qui a permis de mettre en \u00e9vidence l\u2019impact b\u00e9n\u00e9fique du DEAR OSCAR.","og_url":"https:\/\/www.navailles.fr\/en\/product\/dear-oscar\/","og_site_name":"Navailles","article_modified_time":"2025-07-09T14:40:05+00:00","og_image":[{"width":1000,"height":1000,"url":"https:\/\/www.navailles.fr\/wp-content\/uploads\/2022\/06\/Chaise-de-bureau-teletravail-dear_oscar.jpg","type":"image\/jpeg"}],"twitter_card":"summary_large_image","twitter_misc":{"Estimated reading time":"1 minute"},"schema":{"@context":"https:\/\/schema.org","@graph":[{"@type":"WebPage","@id":"https:\/\/www.navailles.fr\/product\/dear-oscar\/","url":"https:\/\/www.navailles.fr\/product\/dear-oscar\/","name":"DEAR OSCAR - Navailles","isPartOf":{"@id":"https:\/\/www.navailles.fr\/#website"},"primaryImageOfPage":{"@id":"https:\/\/www.navailles.fr\/product\/dear-oscar\/#primaryimage"},"image":{"@id":"https:\/\/www.navailles.fr\/product\/dear-oscar\/#primaryimage"},"thumbnailUrl":"https:\/\/www.navailles.fr\/wp-content\/uploads\/2022\/06\/Chaise-de-bureau-teletravail-dear_oscar.jpg","datePublished":"2022-06-20T12:48:48+00:00","dateModified":"2025-07-09T14:40:05+00:00","breadcrumb":{"@id":"https:\/\/www.navailles.fr\/product\/dear-oscar\/#breadcrumb"},"inLanguage":"en-GB","potentialAction":[{"@type":"ReadAction","target":["https:\/\/www.navailles.fr\/product\/dear-oscar\/"]}]},{"@type":"ImageObject","inLanguage":"en-GB","@id":"https:\/\/www.navailles.fr\/product\/dear-oscar\/#primaryimage","url":"https:\/\/www.navailles.fr\/wp-content\/uploads\/2022\/06\/Chaise-de-bureau-teletravail-dear_oscar.jpg","contentUrl":"https:\/\/www.navailles.fr\/wp-content\/uploads\/2022\/06\/Chaise-de-bureau-teletravail-dear_oscar.jpg","width":1000,"height":1000,"caption":"Chaise de bureau t\u00e9l\u00e9travail dear_oscar"},{"@type":"BreadcrumbList","@id":"https:\/\/www.navailles.fr\/product\/dear-oscar\/#breadcrumb","itemListElement":[{"@type":"ListItem","position":1,"name":"Accueil","item":"https:\/\/www.navailles.fr\/"},{"@type":"ListItem","position":2,"name":"Boutique","item":"https:\/\/teletravail.navailles.fr\/"},{"@type":"ListItem","position":3,"name":"DEAR OSCAR"}]},{"@type":"WebSite","@id":"https:\/\/www.navailles.fr\/#website","url":"https:\/\/www.navailles.fr\/","name":"Navailles","description":"Fabricant de fauteuils m\u00e9dicalis\u00e9s, si\u00e8ges de bureau et tabourets techniques","publisher":{"@id":"https:\/\/www.navailles.fr\/#organization"},"potentialAction":[{"@type":"SearchAction","target":{"@type":"EntryPoint","urlTemplate":"https:\/\/www.navailles.fr\/?s={search_term_string}"},"query-input":{"@type":"PropertyValueSpecification","valueRequired":true,"valueName":"search_term_string"}}],"inLanguage":"en-GB"},{"@type":"Organization","@id":"https:\/\/www.navailles.fr\/#organization","name":"Navailles","url":"https:\/\/www.navailles.fr\/","logo":{"@type":"ImageObject","inLanguage":"en-GB","@id":"https:\/\/www.navailles.fr\/#\/schema\/logo\/image\/","url":"https:\/\/www.navailles.fr\/wp-content\/uploads\/2021\/10\/logo_site_navailles1_Plan-de-travail-1.png","contentUrl":"https:\/\/www.navailles.fr\/wp-content\/uploads\/2021\/10\/logo_site_navailles1_Plan-de-travail-1.png","width":375,"height":125,"caption":"Navailles"},"image":{"@id":"https:\/\/www.navailles.fr\/#\/schema\/logo\/image\/"}}]}},"_links":{"self":[{"href":"https:\/\/www.navailles.fr\/en\/wp-json\/wp\/v2\/product\/33102","targetHints":{"allow":["GET"]}}],"collection":[{"href":"https:\/\/www.navailles.fr\/en\/wp-json\/wp\/v2\/product"}],"about":[{"href":"https:\/\/www.navailles.fr\/en\/wp-json\/wp\/v2\/types\/product"}],"wp:featuredmedia":[{"embeddable":true,"href":"https:\/\/www.navailles.fr\/en\/wp-json\/wp\/v2\/media\/38105"}],"wp:attachment":[{"href":"https:\/\/www.navailles.fr\/en\/wp-json\/wp\/v2\/media?parent=33102"}],"wp:term":[{"taxonomy":"product_brand","embeddable":true,"href":"https:\/\/www.navailles.fr\/en\/wp-json\/wp\/v2\/product_brand?post=33102"},{"taxonomy":"product_cat","embeddable":true,"href":"https:\/\/www.navailles.fr\/en\/wp-json\/wp\/v2\/product_cat?post=33102"},{"taxonomy":"product_tag","embeddable":true,"href":"https:\/\/www.navailles.fr\/en\/wp-json\/wp\/v2\/product_tag?post=33102"}],"curies":[{"name":"wp","href":"https:\/\/api.w.org\/{rel}","templated":true}]}}