{"id":28265,"date":"2021-09-15T12:24:06","date_gmt":"2021-09-15T10:24:06","guid":{"rendered":"https:\/\/navailles.fr\/?post_type=product&#038;p=28265"},"modified":"2025-05-28T11:51:29","modified_gmt":"2025-05-28T09:51:29","slug":"repose-jambe-medical-inclinable-eris","status":"publish","type":"product","link":"https:\/\/www.navailles.fr\/en\/product\/eris-reclining\/","title":{"rendered":"REPOSE JAMBE M\u00c9DICAL INCLINABLE ERIS"},"content":{"rendered":"<p><strong>REPOSE-JAMBE M\u00c9DICAL CR\u00c9MAILL\u00c8RE<\/strong><br \/>\nERIS Cr\u00e9maill\u00e8re est un pouf de repos inclinable, \u00e9quip\u00e9 d\u2019un syst\u00e8me de cr\u00e9maill\u00e8re pour ajuster l\u2019angle de l\u2019assise selon les besoins du patient. Il compl\u00e8te parfaitement les fauteuils de soin n\u00e9cessitant un appui-jambes \u00e9volutif.<\/p>","protected":false},"excerpt":{"rendered":"<p>Our variations are :<\/p>\n<ul>\n<li>pouf standard avec <a href=\"https:\/\/www.navailles.fr\/en\/product\/eris\/\">assise plane<\/a><\/li>\n<li>pouf avec <a href=\"https:\/\/www.navailles.fr\/en\/product\/eris-sloping-seat\/\">assise pent\u00e9e<\/a><\/li>\n<li>- Ottoman tiltable by ratchet system<\/li>\n<\/ul>","protected":false},"featured_media":37089,"template":"","meta":{"_acf_changed":false,"content-type":"","site-sidebar-layout":"default","site-content-layout":"default","ast-global-header-display":"","ast-banner-title-visibility":"","ast-main-header-display":"","ast-hfb-above-header-display":"","ast-hfb-below-header-display":"","ast-hfb-mobile-header-display":"","site-post-title":"","ast-breadcrumbs-content":"","ast-featured-img":"","footer-sml-layout":"","theme-transparent-header-meta":"default","adv-header-id-meta":"","stick-header-meta":"default","header-above-stick-meta":"","header-main-stick-meta":"","header-below-stick-meta":""},"product_brand":[],"product_cat":[50,54,60],"product_tag":[],"class_list":{"0":"post-28265","1":"product","2":"type-product","3":"status-publish","4":"has-post-thumbnail","6":"product_cat-medical","7":"product_cat-offres-complementaires","8":"product_cat-repose-jambes","10":"first","11":"instock","12":"taxable","13":"shipping-taxable","14":"product-type-simple"},"acf":[],"yoast_head":"<!-- This site is optimized with the Yoast SEO plugin v27.4 - https:\/\/yoast.com\/product\/yoast-seo-wordpress\/ -->\n<title>Repose jambe m\u00e9dical inclinable Eris personnalisable | Navailles<\/title>\n<meta name=\"description\" content=\"Repose jambe m\u00e9dical inclinable Eris \u00e0 retrouver sur le site de Navailles, le leader europ\u00e9en du fauteuil et des accessoires du m\u00e9dical !\" \/>\n<meta name=\"robots\" content=\"index, follow, max-snippet:-1, max-image-preview:large, max-video-preview:-1\" \/>\n<link rel=\"canonical\" href=\"https:\/\/www.navailles.fr\/en\/product\/eris-reclining\/\" \/>\n<meta property=\"og:locale\" content=\"en_GB\" \/>\n<meta property=\"og:type\" content=\"article\" \/>\n<meta property=\"og:title\" content=\"Repose jambe m\u00e9dical inclinable Eris personnalisable | Navailles\" \/>\n<meta property=\"og:description\" content=\"Repose jambe m\u00e9dical inclinable Eris \u00e0 retrouver sur le site de Navailles, le leader europ\u00e9en du fauteuil et des accessoires du m\u00e9dical !\" \/>\n<meta property=\"og:url\" content=\"https:\/\/www.navailles.fr\/en\/product\/eris-reclining\/\" \/>\n<meta property=\"og:site_name\" content=\"Navailles\" \/>\n<meta property=\"article:modified_time\" content=\"2025-05-28T09:51:29+00:00\" \/>\n<meta property=\"og:image\" content=\"https:\/\/www.navailles.fr\/wp-content\/uploads\/2021\/09\/repose_jambe_me\u0301dical_inclinacle_Eris_Navailles.jpg\" \/>\n\t<meta property=\"og:image:width\" content=\"1000\" \/>\n\t<meta property=\"og:image:height\" content=\"1000\" \/>\n\t<meta property=\"og:image:type\" content=\"image\/jpeg\" \/>\n<meta name=\"twitter:card\" content=\"summary_large_image\" \/>\n<meta name=\"twitter:label1\" content=\"Estimated reading time\" \/>\n\t<meta name=\"twitter:data1\" content=\"1 minute\" \/>\n<!-- \/ Yoast SEO plugin. -->","yoast_head_json":{"title":"Repose jambe m\u00e9dical inclinable Eris personnalisable | Navailles","description":"Repose jambe m\u00e9dical inclinable Eris \u00e0 retrouver sur le site de Navailles, le leader europ\u00e9en du fauteuil et des accessoires du m\u00e9dical !","robots":{"index":"index","follow":"follow","max-snippet":"max-snippet:-1","max-image-preview":"max-image-preview:large","max-video-preview":"max-video-preview:-1"},"canonical":"https:\/\/www.navailles.fr\/en\/product\/eris-reclining\/","og_locale":"en_GB","og_type":"article","og_title":"Repose jambe m\u00e9dical inclinable Eris personnalisable | Navailles","og_description":"Repose jambe m\u00e9dical inclinable Eris \u00e0 retrouver sur le site de Navailles, le leader europ\u00e9en du fauteuil et des accessoires du m\u00e9dical !","og_url":"https:\/\/www.navailles.fr\/en\/product\/eris-reclining\/","og_site_name":"Navailles","article_modified_time":"2025-05-28T09:51:29+00:00","og_image":[{"width":1000,"height":1000,"url":"https:\/\/www.navailles.fr\/wp-content\/uploads\/2021\/09\/repose_jambe_me\u0301dical_inclinacle_Eris_Navailles.jpg","type":"image\/jpeg"}],"twitter_card":"summary_large_image","twitter_misc":{"Estimated reading time":"1 minute"},"schema":{"@context":"https:\/\/schema.org","@graph":[{"@type":"WebPage","@id":"https:\/\/www.navailles.fr\/product\/repose-jambe-medical-inclinable-eris\/","url":"https:\/\/www.navailles.fr\/product\/repose-jambe-medical-inclinable-eris\/","name":"Repose jambe m\u00e9dical inclinable Eris personnalisable | Navailles","isPartOf":{"@id":"https:\/\/www.navailles.fr\/#website"},"primaryImageOfPage":{"@id":"https:\/\/www.navailles.fr\/product\/repose-jambe-medical-inclinable-eris\/#primaryimage"},"image":{"@id":"https:\/\/www.navailles.fr\/product\/repose-jambe-medical-inclinable-eris\/#primaryimage"},"thumbnailUrl":"https:\/\/www.navailles.fr\/wp-content\/uploads\/2021\/09\/repose_jambe_me\u0301dical_inclinacle_Eris_Navailles.jpg","datePublished":"2021-09-15T10:24:06+00:00","dateModified":"2025-05-28T09:51:29+00:00","description":"Repose jambe m\u00e9dical inclinable Eris \u00e0 retrouver sur le site de Navailles, le leader europ\u00e9en du fauteuil et des accessoires du m\u00e9dical !","breadcrumb":{"@id":"https:\/\/www.navailles.fr\/product\/repose-jambe-medical-inclinable-eris\/#breadcrumb"},"inLanguage":"en-GB","potentialAction":[{"@type":"ReadAction","target":["https:\/\/www.navailles.fr\/product\/repose-jambe-medical-inclinable-eris\/"]}]},{"@type":"ImageObject","inLanguage":"en-GB","@id":"https:\/\/www.navailles.fr\/product\/repose-jambe-medical-inclinable-eris\/#primaryimage","url":"https:\/\/www.navailles.fr\/wp-content\/uploads\/2021\/09\/repose_jambe_me\u0301dical_inclinacle_Eris_Navailles.jpg","contentUrl":"https:\/\/www.navailles.fr\/wp-content\/uploads\/2021\/09\/repose_jambe_me\u0301dical_inclinacle_Eris_Navailles.jpg","width":1000,"height":1000,"caption":"mod\u00e8le \u00e9ris repose jambe m\u00e9dical inclinable par syst\u00e8me de cr\u00e9maill\u00e8re de chez Navailles"},{"@type":"BreadcrumbList","@id":"https:\/\/www.navailles.fr\/product\/repose-jambe-medical-inclinable-eris\/#breadcrumb","itemListElement":[{"@type":"ListItem","position":1,"name":"Accueil","item":"https:\/\/www.navailles.fr\/"},{"@type":"ListItem","position":2,"name":"Boutique","item":"https:\/\/teletravail.navailles.fr\/"},{"@type":"ListItem","position":3,"name":"REPOSE JAMBE M\u00c9DICAL INCLINABLE ERIS"}]},{"@type":"WebSite","@id":"https:\/\/www.navailles.fr\/#website","url":"https:\/\/www.navailles.fr\/","name":"Navailles","description":"Fabricant de fauteuils m\u00e9dicalis\u00e9s, si\u00e8ges de bureau et tabourets techniques","publisher":{"@id":"https:\/\/www.navailles.fr\/#organization"},"potentialAction":[{"@type":"SearchAction","target":{"@type":"EntryPoint","urlTemplate":"https:\/\/www.navailles.fr\/?s={search_term_string}"},"query-input":{"@type":"PropertyValueSpecification","valueRequired":true,"valueName":"search_term_string"}}],"inLanguage":"en-GB"},{"@type":"Organization","@id":"https:\/\/www.navailles.fr\/#organization","name":"Navailles","url":"https:\/\/www.navailles.fr\/","logo":{"@type":"ImageObject","inLanguage":"en-GB","@id":"https:\/\/www.navailles.fr\/#\/schema\/logo\/image\/","url":"https:\/\/www.navailles.fr\/wp-content\/uploads\/2021\/10\/logo_site_navailles1_Plan-de-travail-1.png","contentUrl":"https:\/\/www.navailles.fr\/wp-content\/uploads\/2021\/10\/logo_site_navailles1_Plan-de-travail-1.png","width":375,"height":125,"caption":"Navailles"},"image":{"@id":"https:\/\/www.navailles.fr\/#\/schema\/logo\/image\/"}}]}},"_links":{"self":[{"href":"https:\/\/www.navailles.fr\/en\/wp-json\/wp\/v2\/product\/28265","targetHints":{"allow":["GET"]}}],"collection":[{"href":"https:\/\/www.navailles.fr\/en\/wp-json\/wp\/v2\/product"}],"about":[{"href":"https:\/\/www.navailles.fr\/en\/wp-json\/wp\/v2\/types\/product"}],"wp:featuredmedia":[{"embeddable":true,"href":"https:\/\/www.navailles.fr\/en\/wp-json\/wp\/v2\/media\/37089"}],"wp:attachment":[{"href":"https:\/\/www.navailles.fr\/en\/wp-json\/wp\/v2\/media?parent=28265"}],"wp:term":[{"taxonomy":"product_brand","embeddable":true,"href":"https:\/\/www.navailles.fr\/en\/wp-json\/wp\/v2\/product_brand?post=28265"},{"taxonomy":"product_cat","embeddable":true,"href":"https:\/\/www.navailles.fr\/en\/wp-json\/wp\/v2\/product_cat?post=28265"},{"taxonomy":"product_tag","embeddable":true,"href":"https:\/\/www.navailles.fr\/en\/wp-json\/wp\/v2\/product_tag?post=28265"}],"curies":[{"name":"wp","href":"https:\/\/api.w.org\/{rel}","templated":true}]}}