{"id":28264,"date":"2021-09-15T12:23:16","date_gmt":"2021-09-15T10:23:16","guid":{"rendered":"https:\/\/navailles.fr\/?post_type=product&#038;p=28264"},"modified":"2025-06-12T16:39:19","modified_gmt":"2025-06-12T14:39:19","slug":"eris-assise-pentee","status":"publish","type":"product","link":"https:\/\/www.navailles.fr\/en\/product\/eris-sloping-seat\/","title":{"rendered":"REPOSE JAMBE M\u00c9DICAL ERIS ASSISE PENT\u00c9E"},"content":{"rendered":"<p><strong>REPOSE-JAMBE M\u00c9DICAL PENT\u00c9E<\/strong><br \/>\nERIS Pent\u00e9e est un pouf avec assise inclin\u00e9e, pens\u00e9 pour favoriser une meilleure circulation sanguine en position allong\u00e9e. Il s\u2019adapte aux environnements m\u00e9dicaux et de convalescence o\u00f9 le confort postural est essentiel.<\/p>","protected":false},"excerpt":{"rendered":"<p>Our variations are :<\/p>\n<ul>\n<li>p<a href=\"https:\/\/www.navailles.fr\/en\/product\/eris\/\">ouf standard avec assise plane<\/a><\/li>\n<li>- Ottoman with sloped base<\/li>\n<li><a href=\"https:\/\/www.navailles.fr\/en\/product\/eris-reclining\/\">- Ottoman tiltable by ratchet system<\/a><\/li>\n<\/ul>","protected":false},"featured_media":37095,"template":"","meta":{"_acf_changed":false,"content-type":"","site-sidebar-layout":"default","site-content-layout":"default","ast-global-header-display":"","ast-banner-title-visibility":"","ast-main-header-display":"","ast-hfb-above-header-display":"","ast-hfb-below-header-display":"","ast-hfb-mobile-header-display":"","site-post-title":"","ast-breadcrumbs-content":"","ast-featured-img":"","footer-sml-layout":"","theme-transparent-header-meta":"default","adv-header-id-meta":"","stick-header-meta":"default","header-above-stick-meta":"","header-main-stick-meta":"","header-below-stick-meta":""},"product_brand":[],"product_cat":[50,54,60],"product_tag":[],"class_list":{"0":"post-28264","1":"product","2":"type-product","3":"status-publish","4":"has-post-thumbnail","6":"product_cat-medical","7":"product_cat-offres-complementaires","8":"product_cat-repose-jambes","10":"first","11":"instock","12":"taxable","13":"shipping-taxable","14":"product-type-simple"},"acf":[],"yoast_head":"<!-- This site is optimized with the Yoast SEO plugin v27.4 - https:\/\/yoast.com\/product\/yoast-seo-wordpress\/ -->\n<title>Repose jambe m\u00e9dical avec assise pent\u00e9e Eris | Navailles<\/title>\n<meta name=\"description\" content=\"Repose jambe m\u00e9dical avec assise pent\u00e9e Eris personnalisable \u00e0 retrouver sur le site de Navailles, le leader europ\u00e9en du fauteuil m\u00e9dical !\" \/>\n<meta name=\"robots\" content=\"index, follow, max-snippet:-1, max-image-preview:large, max-video-preview:-1\" \/>\n<link rel=\"canonical\" href=\"https:\/\/www.navailles.fr\/en\/product\/eris-sloping-seat\/\" \/>\n<meta property=\"og:locale\" content=\"en_GB\" \/>\n<meta property=\"og:type\" content=\"article\" \/>\n<meta property=\"og:title\" content=\"Repose jambe m\u00e9dical avec assise pent\u00e9e Eris | Navailles\" \/>\n<meta property=\"og:description\" content=\"Repose jambe m\u00e9dical avec assise pent\u00e9e Eris personnalisable \u00e0 retrouver sur le site de Navailles, le leader europ\u00e9en du fauteuil m\u00e9dical !\" \/>\n<meta property=\"og:url\" content=\"https:\/\/www.navailles.fr\/en\/product\/eris-sloping-seat\/\" \/>\n<meta property=\"og:site_name\" content=\"Navailles\" \/>\n<meta property=\"article:modified_time\" content=\"2025-06-12T14:39:19+00:00\" \/>\n<meta property=\"og:image\" content=\"https:\/\/www.navailles.fr\/wp-content\/uploads\/2021\/09\/repose_jambe_me\u0301dical_pente\u0301_e\u0301ris_navailles-1.jpg\" \/>\n\t<meta property=\"og:image:width\" content=\"1000\" \/>\n\t<meta property=\"og:image:height\" content=\"1000\" \/>\n\t<meta property=\"og:image:type\" content=\"image\/jpeg\" \/>\n<meta name=\"twitter:card\" content=\"summary_large_image\" \/>\n<meta name=\"twitter:label1\" content=\"Estimated reading time\" \/>\n\t<meta name=\"twitter:data1\" content=\"1 minute\" \/>\n<!-- \/ Yoast SEO plugin. -->","yoast_head_json":{"title":"Repose jambe m\u00e9dical avec assise pent\u00e9e Eris | Navailles","description":"Repose jambe m\u00e9dical avec assise pent\u00e9e Eris personnalisable \u00e0 retrouver sur le site de Navailles, le leader europ\u00e9en du fauteuil m\u00e9dical !","robots":{"index":"index","follow":"follow","max-snippet":"max-snippet:-1","max-image-preview":"max-image-preview:large","max-video-preview":"max-video-preview:-1"},"canonical":"https:\/\/www.navailles.fr\/en\/product\/eris-sloping-seat\/","og_locale":"en_GB","og_type":"article","og_title":"Repose jambe m\u00e9dical avec assise pent\u00e9e Eris | Navailles","og_description":"Repose jambe m\u00e9dical avec assise pent\u00e9e Eris personnalisable \u00e0 retrouver sur le site de Navailles, le leader europ\u00e9en du fauteuil m\u00e9dical !","og_url":"https:\/\/www.navailles.fr\/en\/product\/eris-sloping-seat\/","og_site_name":"Navailles","article_modified_time":"2025-06-12T14:39:19+00:00","og_image":[{"width":1000,"height":1000,"url":"https:\/\/www.navailles.fr\/wp-content\/uploads\/2021\/09\/repose_jambe_me\u0301dical_pente\u0301_e\u0301ris_navailles-1.jpg","type":"image\/jpeg"}],"twitter_card":"summary_large_image","twitter_misc":{"Estimated reading time":"1 minute"},"schema":{"@context":"https:\/\/schema.org","@graph":[{"@type":"WebPage","@id":"https:\/\/www.navailles.fr\/product\/eris-assise-pentee\/","url":"https:\/\/www.navailles.fr\/product\/eris-assise-pentee\/","name":"Repose jambe m\u00e9dical avec assise pent\u00e9e Eris | Navailles","isPartOf":{"@id":"https:\/\/www.navailles.fr\/#website"},"primaryImageOfPage":{"@id":"https:\/\/www.navailles.fr\/product\/eris-assise-pentee\/#primaryimage"},"image":{"@id":"https:\/\/www.navailles.fr\/product\/eris-assise-pentee\/#primaryimage"},"thumbnailUrl":"https:\/\/www.navailles.fr\/wp-content\/uploads\/2021\/09\/repose_jambe_me\u0301dical_pente\u0301_e\u0301ris_navailles-1.jpg","datePublished":"2021-09-15T10:23:16+00:00","dateModified":"2025-06-12T14:39:19+00:00","description":"Repose jambe m\u00e9dical avec assise pent\u00e9e Eris personnalisable \u00e0 retrouver sur le site de Navailles, le leader europ\u00e9en du fauteuil m\u00e9dical !","breadcrumb":{"@id":"https:\/\/www.navailles.fr\/product\/eris-assise-pentee\/#breadcrumb"},"inLanguage":"en-GB","potentialAction":[{"@type":"ReadAction","target":["https:\/\/www.navailles.fr\/product\/eris-assise-pentee\/"]}]},{"@type":"ImageObject","inLanguage":"en-GB","@id":"https:\/\/www.navailles.fr\/product\/eris-assise-pentee\/#primaryimage","url":"https:\/\/www.navailles.fr\/wp-content\/uploads\/2021\/09\/repose_jambe_me\u0301dical_pente\u0301_e\u0301ris_navailles-1.jpg","contentUrl":"https:\/\/www.navailles.fr\/wp-content\/uploads\/2021\/09\/repose_jambe_me\u0301dical_pente\u0301_e\u0301ris_navailles-1.jpg","width":1000,"height":1000,"caption":"repose jambe m\u00e9dical pent\u00e9 rouge navailles"},{"@type":"BreadcrumbList","@id":"https:\/\/www.navailles.fr\/product\/eris-assise-pentee\/#breadcrumb","itemListElement":[{"@type":"ListItem","position":1,"name":"Accueil","item":"https:\/\/www.navailles.fr\/"},{"@type":"ListItem","position":2,"name":"Boutique","item":"https:\/\/teletravail.navailles.fr\/"},{"@type":"ListItem","position":3,"name":"REPOSE JAMBE M\u00c9DICAL ERIS ASSISE PENT\u00c9E"}]},{"@type":"WebSite","@id":"https:\/\/www.navailles.fr\/#website","url":"https:\/\/www.navailles.fr\/","name":"Navailles","description":"Fabricant de fauteuils m\u00e9dicalis\u00e9s, si\u00e8ges de bureau et tabourets techniques","publisher":{"@id":"https:\/\/www.navailles.fr\/#organization"},"potentialAction":[{"@type":"SearchAction","target":{"@type":"EntryPoint","urlTemplate":"https:\/\/www.navailles.fr\/?s={search_term_string}"},"query-input":{"@type":"PropertyValueSpecification","valueRequired":true,"valueName":"search_term_string"}}],"inLanguage":"en-GB"},{"@type":"Organization","@id":"https:\/\/www.navailles.fr\/#organization","name":"Navailles","url":"https:\/\/www.navailles.fr\/","logo":{"@type":"ImageObject","inLanguage":"en-GB","@id":"https:\/\/www.navailles.fr\/#\/schema\/logo\/image\/","url":"https:\/\/www.navailles.fr\/wp-content\/uploads\/2021\/10\/logo_site_navailles1_Plan-de-travail-1.png","contentUrl":"https:\/\/www.navailles.fr\/wp-content\/uploads\/2021\/10\/logo_site_navailles1_Plan-de-travail-1.png","width":375,"height":125,"caption":"Navailles"},"image":{"@id":"https:\/\/www.navailles.fr\/#\/schema\/logo\/image\/"}}]}},"_links":{"self":[{"href":"https:\/\/www.navailles.fr\/en\/wp-json\/wp\/v2\/product\/28264","targetHints":{"allow":["GET"]}}],"collection":[{"href":"https:\/\/www.navailles.fr\/en\/wp-json\/wp\/v2\/product"}],"about":[{"href":"https:\/\/www.navailles.fr\/en\/wp-json\/wp\/v2\/types\/product"}],"wp:featuredmedia":[{"embeddable":true,"href":"https:\/\/www.navailles.fr\/en\/wp-json\/wp\/v2\/media\/37095"}],"wp:attachment":[{"href":"https:\/\/www.navailles.fr\/en\/wp-json\/wp\/v2\/media?parent=28264"}],"wp:term":[{"taxonomy":"product_brand","embeddable":true,"href":"https:\/\/www.navailles.fr\/en\/wp-json\/wp\/v2\/product_brand?post=28264"},{"taxonomy":"product_cat","embeddable":true,"href":"https:\/\/www.navailles.fr\/en\/wp-json\/wp\/v2\/product_cat?post=28264"},{"taxonomy":"product_tag","embeddable":true,"href":"https:\/\/www.navailles.fr\/en\/wp-json\/wp\/v2\/product_tag?post=28264"}],"curies":[{"name":"wp","href":"https:\/\/api.w.org\/{rel}","templated":true}]}}