{"id":28118,"date":"2022-06-21T13:47:52","date_gmt":"2022-06-21T11:47:52","guid":{"rendered":"https:\/\/navailles.fr\/?post_type=product&#038;p=28118"},"modified":"2025-07-10T11:05:35","modified_gmt":"2025-07-10T09:05:35","slug":"famous-fernand-resille-2","status":"publish","type":"product","link":"https:\/\/www.navailles.fr\/en\/product\/famous-fernand-mesh-eshop\/","title":{"rendered":"FAMOUS FERNAND MESH CHAIR"},"content":{"rendered":"<p><strong>SI\u00c8GE DE BUREAU POLYVALENT EN R\u00c9SILLE<\/strong><br \/>\nLe Famous Fernand R\u00e9sille conjugue souplesse, ventilation et design. Avec son dossier en r\u00e9sille chaussette au toucher doux et structur\u00e9, il garantit un confort enveloppant tout en gardant votre dos au frais. Facile \u00e0 r\u00e9gler, il s&rsquo;adapte \u00e0 toutes les morphologies et \u00e0 tous les environnements de travail, du bureau individuel \u00e0 l\u2019espace collaboratif.<\/p>","protected":false},"excerpt":{"rendered":"<p>SI\u00c8GE DE BUREAU POLYVALENT EN R\u00c9SILLE Le Famous Fernand R\u00e9sille conjugue souplesse, ventilation et design. Avec son dossier en r\u00e9sille chaussette au toucher doux et structur\u00e9, il garantit un confort enveloppant tout en gardant votre dos au frais. Facile \u00e0 r\u00e9gler, il s&rsquo;adapte \u00e0 toutes les morphologies et \u00e0 tous les environnements de travail, du &hellip;<\/p>\n<p class=\"read-more\"> <a class=\"\" href=\"https:\/\/www.navailles.fr\/en\/product\/famous-fernand-mesh-eshop\/\"> <span class=\"screen-reader-text\">FAMOUS FERNAND MESH CHAIR<\/span> Read More &raquo;<\/a><\/p>","protected":false},"featured_media":40042,"template":"","meta":{"_acf_changed":false,"content-type":"","site-sidebar-layout":"default","site-content-layout":"default","ast-global-header-display":"","ast-banner-title-visibility":"","ast-main-header-display":"","ast-hfb-above-header-display":"","ast-hfb-below-header-display":"","ast-hfb-mobile-header-display":"","site-post-title":"","ast-breadcrumbs-content":"","ast-featured-img":"","footer-sml-layout":"","theme-transparent-header-meta":"default","adv-header-id-meta":"","stick-header-meta":"default","header-above-stick-meta":"","header-main-stick-meta":"","header-below-stick-meta":""},"product_brand":[],"product_cat":[47,263,261],"product_tag":[],"class_list":{"0":"post-28118","1":"product","2":"type-product","3":"status-publish","4":"has-post-thumbnail","6":"product_cat-bureau","7":"product_cat-sieges-bureau","8":"product_cat-teletravail","10":"first","11":"instock","12":"taxable","13":"shipping-taxable","14":"product-type-simple"},"acf":[],"yoast_head":"<!-- This site is optimized with the Yoast SEO plugin v27.4 - https:\/\/yoast.com\/product\/yoast-seo-wordpress\/ -->\n<title>FAMOUS FERNAND R\u00c9SILLE - Navailles<\/title>\n<meta name=\"robots\" content=\"index, follow, max-snippet:-1, max-image-preview:large, max-video-preview:-1\" \/>\n<link rel=\"canonical\" href=\"https:\/\/www.navailles.fr\/en\/product\/famous-fernand-mesh-eshop\/\" \/>\n<meta property=\"og:locale\" content=\"en_GB\" \/>\n<meta property=\"og:type\" content=\"article\" \/>\n<meta property=\"og:title\" content=\"FAMOUS FERNAND R\u00c9SILLE - Navailles\" \/>\n<meta property=\"og:description\" content=\"SI\u00c8GE DE BUREAU POLYVALENT EN R\u00c9SILLE Le Famous Fernand R\u00e9sille conjugue souplesse, ventilation et design. Avec son dossier en r\u00e9sille chaussette au toucher doux et structur\u00e9, il garantit un confort enveloppant tout en gardant votre dos au frais. Facile \u00e0 r\u00e9gler, il s&rsquo;adapte \u00e0 toutes les morphologies et \u00e0 tous les environnements de travail, du &hellip; FAMOUS FERNAND R\u00c9SILLE Read More &raquo;\" \/>\n<meta property=\"og:url\" content=\"https:\/\/www.navailles.fr\/en\/product\/famous-fernand-mesh-eshop\/\" \/>\n<meta property=\"og:site_name\" content=\"Navailles\" \/>\n<meta property=\"article:modified_time\" content=\"2025-07-10T09:05:35+00:00\" \/>\n<meta property=\"og:image\" content=\"https:\/\/www.navailles.fr\/wp-content\/uploads\/2022\/06\/famous_fernand_resillle-chaise_de_bureau_ergonomique_Navailles.jpg\" \/>\n\t<meta property=\"og:image:width\" content=\"1000\" \/>\n\t<meta property=\"og:image:height\" content=\"1000\" \/>\n\t<meta property=\"og:image:type\" content=\"image\/jpeg\" \/>\n<meta name=\"twitter:card\" content=\"summary_large_image\" \/>\n<meta name=\"twitter:label1\" content=\"Estimated reading time\" \/>\n\t<meta name=\"twitter:data1\" content=\"1 minute\" \/>\n<!-- \/ Yoast SEO plugin. -->","yoast_head_json":{"title":"FAMOUS FERNAND MESH CHAIR - Navailles","robots":{"index":"index","follow":"follow","max-snippet":"max-snippet:-1","max-image-preview":"max-image-preview:large","max-video-preview":"max-video-preview:-1"},"canonical":"https:\/\/www.navailles.fr\/en\/product\/famous-fernand-mesh-eshop\/","og_locale":"en_GB","og_type":"article","og_title":"FAMOUS FERNAND R\u00c9SILLE - Navailles","og_description":"SI\u00c8GE DE BUREAU POLYVALENT EN R\u00c9SILLE Le Famous Fernand R\u00e9sille conjugue souplesse, ventilation et design. Avec son dossier en r\u00e9sille chaussette au toucher doux et structur\u00e9, il garantit un confort enveloppant tout en gardant votre dos au frais. Facile \u00e0 r\u00e9gler, il s&rsquo;adapte \u00e0 toutes les morphologies et \u00e0 tous les environnements de travail, du &hellip; FAMOUS FERNAND R\u00c9SILLE Read More &raquo;","og_url":"https:\/\/www.navailles.fr\/en\/product\/famous-fernand-mesh-eshop\/","og_site_name":"Navailles","article_modified_time":"2025-07-10T09:05:35+00:00","og_image":[{"width":1000,"height":1000,"url":"https:\/\/www.navailles.fr\/wp-content\/uploads\/2022\/06\/famous_fernand_resillle-chaise_de_bureau_ergonomique_Navailles.jpg","type":"image\/jpeg"}],"twitter_card":"summary_large_image","twitter_misc":{"Estimated reading time":"1 minute"},"schema":{"@context":"https:\/\/schema.org","@graph":[{"@type":"WebPage","@id":"https:\/\/www.navailles.fr\/product\/famous-fernand-resille-2\/","url":"https:\/\/www.navailles.fr\/product\/famous-fernand-resille-2\/","name":"FAMOUS FERNAND MESH CHAIR - Navailles","isPartOf":{"@id":"https:\/\/www.navailles.fr\/#website"},"primaryImageOfPage":{"@id":"https:\/\/www.navailles.fr\/product\/famous-fernand-resille-2\/#primaryimage"},"image":{"@id":"https:\/\/www.navailles.fr\/product\/famous-fernand-resille-2\/#primaryimage"},"thumbnailUrl":"https:\/\/www.navailles.fr\/wp-content\/uploads\/2022\/06\/famous_fernand_resillle-chaise_de_bureau_ergonomique_Navailles.jpg","datePublished":"2022-06-21T11:47:52+00:00","dateModified":"2025-07-10T09:05:35+00:00","breadcrumb":{"@id":"https:\/\/www.navailles.fr\/product\/famous-fernand-resille-2\/#breadcrumb"},"inLanguage":"en-GB","potentialAction":[{"@type":"ReadAction","target":["https:\/\/www.navailles.fr\/product\/famous-fernand-resille-2\/"]}]},{"@type":"ImageObject","inLanguage":"en-GB","@id":"https:\/\/www.navailles.fr\/product\/famous-fernand-resille-2\/#primaryimage","url":"https:\/\/www.navailles.fr\/wp-content\/uploads\/2022\/06\/famous_fernand_resillle-chaise_de_bureau_ergonomique_Navailles.jpg","contentUrl":"https:\/\/www.navailles.fr\/wp-content\/uploads\/2022\/06\/famous_fernand_resillle-chaise_de_bureau_ergonomique_Navailles.jpg","width":1000,"height":1000},{"@type":"BreadcrumbList","@id":"https:\/\/www.navailles.fr\/product\/famous-fernand-resille-2\/#breadcrumb","itemListElement":[{"@type":"ListItem","position":1,"name":"Accueil","item":"https:\/\/www.navailles.fr\/"},{"@type":"ListItem","position":2,"name":"Boutique","item":"https:\/\/teletravail.navailles.fr\/"},{"@type":"ListItem","position":3,"name":"FAMOUS FERNAND R\u00c9SILLE"}]},{"@type":"WebSite","@id":"https:\/\/www.navailles.fr\/#website","url":"https:\/\/www.navailles.fr\/","name":"Navailles","description":"Fabricant de fauteuils m\u00e9dicalis\u00e9s, si\u00e8ges de bureau et tabourets techniques","publisher":{"@id":"https:\/\/www.navailles.fr\/#organization"},"potentialAction":[{"@type":"SearchAction","target":{"@type":"EntryPoint","urlTemplate":"https:\/\/www.navailles.fr\/?s={search_term_string}"},"query-input":{"@type":"PropertyValueSpecification","valueRequired":true,"valueName":"search_term_string"}}],"inLanguage":"en-GB"},{"@type":"Organization","@id":"https:\/\/www.navailles.fr\/#organization","name":"Navailles","url":"https:\/\/www.navailles.fr\/","logo":{"@type":"ImageObject","inLanguage":"en-GB","@id":"https:\/\/www.navailles.fr\/#\/schema\/logo\/image\/","url":"https:\/\/www.navailles.fr\/wp-content\/uploads\/2021\/10\/logo_site_navailles1_Plan-de-travail-1.png","contentUrl":"https:\/\/www.navailles.fr\/wp-content\/uploads\/2021\/10\/logo_site_navailles1_Plan-de-travail-1.png","width":375,"height":125,"caption":"Navailles"},"image":{"@id":"https:\/\/www.navailles.fr\/#\/schema\/logo\/image\/"}}]}},"_links":{"self":[{"href":"https:\/\/www.navailles.fr\/en\/wp-json\/wp\/v2\/product\/28118","targetHints":{"allow":["GET"]}}],"collection":[{"href":"https:\/\/www.navailles.fr\/en\/wp-json\/wp\/v2\/product"}],"about":[{"href":"https:\/\/www.navailles.fr\/en\/wp-json\/wp\/v2\/types\/product"}],"wp:featuredmedia":[{"embeddable":true,"href":"https:\/\/www.navailles.fr\/en\/wp-json\/wp\/v2\/media\/40042"}],"wp:attachment":[{"href":"https:\/\/www.navailles.fr\/en\/wp-json\/wp\/v2\/media?parent=28118"}],"wp:term":[{"taxonomy":"product_brand","embeddable":true,"href":"https:\/\/www.navailles.fr\/en\/wp-json\/wp\/v2\/product_brand?post=28118"},{"taxonomy":"product_cat","embeddable":true,"href":"https:\/\/www.navailles.fr\/en\/wp-json\/wp\/v2\/product_cat?post=28118"},{"taxonomy":"product_tag","embeddable":true,"href":"https:\/\/www.navailles.fr\/en\/wp-json\/wp\/v2\/product_tag?post=28118"}],"curies":[{"name":"wp","href":"https:\/\/api.w.org\/{rel}","templated":true}]}}