{"id":27982,"date":"2021-09-14T11:36:57","date_gmt":"2021-09-14T09:36:57","guid":{"rendered":"https:\/\/navailles.fr\/?post_type=product&#038;p=27982"},"modified":"2025-07-09T16:32:07","modified_gmt":"2025-07-09T14:32:07","slug":"happy-suzanne-luge-resille","status":"publish","type":"product","link":"https:\/\/www.navailles.fr\/en\/product\/happy-suzanne-luge-resille\/","title":{"rendered":"HAPPY SUZANNE CANTILIVER MESH CHAIR"},"content":{"rendered":"<p><strong>CONFORT L\u00c9GER POUR ESPACES DYNAMIQUES<\/strong><br \/>\nPens\u00e9e pour am\u00e9nager vos espaces de travail, de r\u00e9union ou d\u2019accueil avec agilit\u00e9, la chaise luge Happy Suzanne combine confort, sobri\u00e9t\u00e9 et efficacit\u00e9. Sa structure \u00e9pur\u00e9e et son assise ergonomique s\u2019int\u00e8grent avec \u00e9l\u00e9gance \u00e0 tous vos environnements professionnels.<\/p>","protected":false},"excerpt":{"rendered":"<p>The HAPPY SUZANNE range is the answer to changing office designs and new ways of working together.<\/p>","protected":false},"featured_media":38284,"template":"","meta":{"_acf_changed":false,"content-type":"","site-sidebar-layout":"default","site-content-layout":"default","ast-global-header-display":"","ast-banner-title-visibility":"","ast-main-header-display":"","ast-hfb-above-header-display":"","ast-hfb-below-header-display":"","ast-hfb-mobile-header-display":"","site-post-title":"","ast-breadcrumbs-content":"","ast-featured-img":"","footer-sml-layout":"","theme-transparent-header-meta":"default","adv-header-id-meta":"","stick-header-meta":"default","header-above-stick-meta":"","header-main-stick-meta":"","header-below-stick-meta":""},"product_brand":[],"product_cat":[47,264,265],"product_tag":[],"class_list":{"0":"post-27982","1":"product","2":"type-product","3":"status-publish","4":"has-post-thumbnail","6":"product_cat-bureau","7":"product_cat-reunion","8":"product_cat-accueil","10":"first","11":"instock","12":"taxable","13":"shipping-taxable","14":"product-type-simple"},"acf":[],"yoast_head":"<!-- This site is optimized with the Yoast SEO plugin v27.4 - https:\/\/yoast.com\/product\/yoast-seo-wordpress\/ -->\n<title>Happy Suzanne R\u00e9sille Chaise Luge - Navailles<\/title>\n<meta name=\"description\" content=\"Avec son assise garnie et son dossier en r\u00e9sille, cette chaise luge fabriqu\u00e9e en France apporte toutes les conditions pour un confort optimal.\" \/>\n<meta name=\"robots\" content=\"index, follow, max-snippet:-1, max-image-preview:large, max-video-preview:-1\" \/>\n<link rel=\"canonical\" href=\"https:\/\/www.navailles.fr\/en\/product\/happy-suzanne-luge-resille\/\" \/>\n<meta property=\"og:locale\" content=\"en_GB\" \/>\n<meta property=\"og:type\" content=\"article\" \/>\n<meta property=\"og:title\" content=\"Happy Suzanne R\u00e9sille Chaise Luge - Navailles\" \/>\n<meta property=\"og:description\" content=\"Avec son assise garnie et son dossier en r\u00e9sille, cette chaise luge fabriqu\u00e9e en France apporte toutes les conditions pour un confort optimal.\" \/>\n<meta property=\"og:url\" content=\"https:\/\/www.navailles.fr\/en\/product\/happy-suzanne-luge-resille\/\" \/>\n<meta property=\"og:site_name\" content=\"Navailles\" \/>\n<meta property=\"article:modified_time\" content=\"2025-07-09T14:32:07+00:00\" \/>\n<meta property=\"og:image\" content=\"https:\/\/www.navailles.fr\/wp-content\/uploads\/2021\/09\/Chaise-visiteur-Happy-Suzanne-luge.jpg\" \/>\n\t<meta property=\"og:image:width\" content=\"1000\" \/>\n\t<meta property=\"og:image:height\" content=\"1000\" \/>\n\t<meta property=\"og:image:type\" content=\"image\/jpeg\" \/>\n<meta name=\"twitter:card\" content=\"summary_large_image\" \/>\n<meta name=\"twitter:label1\" content=\"Estimated reading time\" \/>\n\t<meta name=\"twitter:data1\" content=\"1 minute\" \/>\n<!-- \/ Yoast SEO plugin. -->","yoast_head_json":{"title":"Happy Suzanne R\u00e9sille Chaise Luge - Navailles","description":"Avec son assise garnie et son dossier en r\u00e9sille, cette chaise luge fabriqu\u00e9e en France apporte toutes les conditions pour un confort optimal.","robots":{"index":"index","follow":"follow","max-snippet":"max-snippet:-1","max-image-preview":"max-image-preview:large","max-video-preview":"max-video-preview:-1"},"canonical":"https:\/\/www.navailles.fr\/en\/product\/happy-suzanne-luge-resille\/","og_locale":"en_GB","og_type":"article","og_title":"Happy Suzanne R\u00e9sille Chaise Luge - Navailles","og_description":"Avec son assise garnie et son dossier en r\u00e9sille, cette chaise luge fabriqu\u00e9e en France apporte toutes les conditions pour un confort optimal.","og_url":"https:\/\/www.navailles.fr\/en\/product\/happy-suzanne-luge-resille\/","og_site_name":"Navailles","article_modified_time":"2025-07-09T14:32:07+00:00","og_image":[{"width":1000,"height":1000,"url":"https:\/\/www.navailles.fr\/wp-content\/uploads\/2021\/09\/Chaise-visiteur-Happy-Suzanne-luge.jpg","type":"image\/jpeg"}],"twitter_card":"summary_large_image","twitter_misc":{"Estimated reading time":"1 minute"},"schema":{"@context":"https:\/\/schema.org","@graph":[{"@type":"WebPage","@id":"https:\/\/www.navailles.fr\/product\/happy-suzanne-luge-resille\/","url":"https:\/\/www.navailles.fr\/product\/happy-suzanne-luge-resille\/","name":"Happy Suzanne R\u00e9sille Chaise Luge - Navailles","isPartOf":{"@id":"https:\/\/www.navailles.fr\/#website"},"primaryImageOfPage":{"@id":"https:\/\/www.navailles.fr\/product\/happy-suzanne-luge-resille\/#primaryimage"},"image":{"@id":"https:\/\/www.navailles.fr\/product\/happy-suzanne-luge-resille\/#primaryimage"},"thumbnailUrl":"https:\/\/www.navailles.fr\/wp-content\/uploads\/2021\/09\/Chaise-visiteur-Happy-Suzanne-luge.jpg","datePublished":"2021-09-14T09:36:57+00:00","dateModified":"2025-07-09T14:32:07+00:00","description":"Avec son assise garnie et son dossier en r\u00e9sille, cette chaise luge fabriqu\u00e9e en France apporte toutes les conditions pour un confort optimal.","breadcrumb":{"@id":"https:\/\/www.navailles.fr\/product\/happy-suzanne-luge-resille\/#breadcrumb"},"inLanguage":"en-GB","potentialAction":[{"@type":"ReadAction","target":["https:\/\/www.navailles.fr\/product\/happy-suzanne-luge-resille\/"]}]},{"@type":"ImageObject","inLanguage":"en-GB","@id":"https:\/\/www.navailles.fr\/product\/happy-suzanne-luge-resille\/#primaryimage","url":"https:\/\/www.navailles.fr\/wp-content\/uploads\/2021\/09\/Chaise-visiteur-Happy-Suzanne-luge.jpg","contentUrl":"https:\/\/www.navailles.fr\/wp-content\/uploads\/2021\/09\/Chaise-visiteur-Happy-Suzanne-luge.jpg","width":1000,"height":1000,"caption":"Chaise visiteur Happy Suzanne luge"},{"@type":"BreadcrumbList","@id":"https:\/\/www.navailles.fr\/product\/happy-suzanne-luge-resille\/#breadcrumb","itemListElement":[{"@type":"ListItem","position":1,"name":"Accueil","item":"https:\/\/www.navailles.fr\/"},{"@type":"ListItem","position":2,"name":"Boutique","item":"https:\/\/teletravail.navailles.fr\/"},{"@type":"ListItem","position":3,"name":"HAPPY SUZANNE LUGE R\u00c9SILLE"}]},{"@type":"WebSite","@id":"https:\/\/www.navailles.fr\/#website","url":"https:\/\/www.navailles.fr\/","name":"Navailles","description":"Fabricant de fauteuils m\u00e9dicalis\u00e9s, si\u00e8ges de bureau et tabourets techniques","publisher":{"@id":"https:\/\/www.navailles.fr\/#organization"},"potentialAction":[{"@type":"SearchAction","target":{"@type":"EntryPoint","urlTemplate":"https:\/\/www.navailles.fr\/?s={search_term_string}"},"query-input":{"@type":"PropertyValueSpecification","valueRequired":true,"valueName":"search_term_string"}}],"inLanguage":"en-GB"},{"@type":"Organization","@id":"https:\/\/www.navailles.fr\/#organization","name":"Navailles","url":"https:\/\/www.navailles.fr\/","logo":{"@type":"ImageObject","inLanguage":"en-GB","@id":"https:\/\/www.navailles.fr\/#\/schema\/logo\/image\/","url":"https:\/\/www.navailles.fr\/wp-content\/uploads\/2021\/10\/logo_site_navailles1_Plan-de-travail-1.png","contentUrl":"https:\/\/www.navailles.fr\/wp-content\/uploads\/2021\/10\/logo_site_navailles1_Plan-de-travail-1.png","width":375,"height":125,"caption":"Navailles"},"image":{"@id":"https:\/\/www.navailles.fr\/#\/schema\/logo\/image\/"}}]}},"_links":{"self":[{"href":"https:\/\/www.navailles.fr\/en\/wp-json\/wp\/v2\/product\/27982","targetHints":{"allow":["GET"]}}],"collection":[{"href":"https:\/\/www.navailles.fr\/en\/wp-json\/wp\/v2\/product"}],"about":[{"href":"https:\/\/www.navailles.fr\/en\/wp-json\/wp\/v2\/types\/product"}],"wp:featuredmedia":[{"embeddable":true,"href":"https:\/\/www.navailles.fr\/en\/wp-json\/wp\/v2\/media\/38284"}],"wp:attachment":[{"href":"https:\/\/www.navailles.fr\/en\/wp-json\/wp\/v2\/media?parent=27982"}],"wp:term":[{"taxonomy":"product_brand","embeddable":true,"href":"https:\/\/www.navailles.fr\/en\/wp-json\/wp\/v2\/product_brand?post=27982"},{"taxonomy":"product_cat","embeddable":true,"href":"https:\/\/www.navailles.fr\/en\/wp-json\/wp\/v2\/product_cat?post=27982"},{"taxonomy":"product_tag","embeddable":true,"href":"https:\/\/www.navailles.fr\/en\/wp-json\/wp\/v2\/product_tag?post=27982"}],"curies":[{"name":"wp","href":"https:\/\/api.w.org\/{rel}","templated":true}]}}