{"id":27782,"date":"2021-09-14T08:59:35","date_gmt":"2021-09-14T06:59:35","guid":{"rendered":"https:\/\/navailles.fr\/?post_type=product&#038;p=27782"},"modified":"2025-07-09T16:29:40","modified_gmt":"2025-07-09T14:29:40","slug":"happy-suzanne-chaise-garnie","status":"publish","type":"product","link":"https:\/\/www.navailles.fr\/en\/product\/happy-suzanne-chaise-garnie\/","title":{"rendered":"HAPPY SUZANNE UPHOLSTERED CHAIR"},"content":{"rendered":"<p><strong>SIMPLICIT\u00c9 ET CONFORT POUR VOS ESPACES COLLECTIFS<\/strong><br \/>\nAvec son design soign\u00e9 et son assise garnie, la chaise 4 pieds Happy Suzanne Garnie r\u00e9pond \u00e0 toutes les exigences des environnements collaboratifs, des salles de r\u00e9union aux zones d\u2019accueil.<\/p>","protected":false},"excerpt":{"rendered":"<p>Alliant esth\u00e9tique et confort avec un prix comp\u00e9titif, la gamme HAPPY SUZANNE est parfaite pour organiser vos espaces de travail ou vos zones d&rsquo;accueil.<\/p>","protected":false},"featured_media":38279,"template":"","meta":{"_acf_changed":false,"content-type":"","site-sidebar-layout":"default","site-content-layout":"default","ast-global-header-display":"","ast-banner-title-visibility":"","ast-main-header-display":"","ast-hfb-above-header-display":"","ast-hfb-below-header-display":"","ast-hfb-mobile-header-display":"","site-post-title":"","ast-breadcrumbs-content":"","ast-featured-img":"","footer-sml-layout":"","theme-transparent-header-meta":"default","adv-header-id-meta":"","stick-header-meta":"default","header-above-stick-meta":"","header-main-stick-meta":"","header-below-stick-meta":""},"product_brand":[],"product_cat":[47,264,265,266],"product_tag":[],"class_list":{"0":"post-27782","1":"product","2":"type-product","3":"status-publish","4":"has-post-thumbnail","6":"product_cat-bureau","7":"product_cat-reunion","8":"product_cat-accueil","9":"product_cat-vitrine-sans-config","11":"first","12":"instock","13":"taxable","14":"shipping-taxable","15":"product-type-simple"},"acf":[],"yoast_head":"<!-- This site is optimized with the Yoast SEO plugin v27.4 - https:\/\/yoast.com\/product\/yoast-seo-wordpress\/ -->\n<title>Happy Suzanne Chaise R\u00e9union Garni - Navailles<\/title>\n<meta name=\"description\" content=\"\u00c0 la fois contemporaine et simple d&#039;utilisation, la chaise r\u00e9union HAPPY SUZANNE GARNIE r\u00e9pond parfaitement aux \u00e9volutions de l&#039;am\u00e9nagement des bureaux.\" \/>\n<meta name=\"robots\" content=\"index, follow, max-snippet:-1, max-image-preview:large, max-video-preview:-1\" \/>\n<link rel=\"canonical\" href=\"https:\/\/www.navailles.fr\/en\/product\/happy-suzanne-chaise-garnie\/\" \/>\n<meta property=\"og:locale\" content=\"en_GB\" \/>\n<meta property=\"og:type\" content=\"article\" \/>\n<meta property=\"og:title\" content=\"Happy Suzanne Chaise R\u00e9union Garni - Navailles\" \/>\n<meta property=\"og:description\" content=\"\u00c0 la fois contemporaine et simple d&#039;utilisation, la chaise r\u00e9union HAPPY SUZANNE GARNIE r\u00e9pond parfaitement aux \u00e9volutions de l&#039;am\u00e9nagement des bureaux.\" \/>\n<meta property=\"og:url\" content=\"https:\/\/www.navailles.fr\/en\/product\/happy-suzanne-chaise-garnie\/\" \/>\n<meta property=\"og:site_name\" content=\"Navailles\" \/>\n<meta property=\"article:modified_time\" content=\"2025-07-09T14:29:40+00:00\" \/>\n<meta property=\"og:image\" content=\"https:\/\/www.navailles.fr\/wp-content\/uploads\/2021\/09\/Chaise-visiteur-happy-suzanne-4-pieds.jpg\" \/>\n\t<meta property=\"og:image:width\" content=\"1000\" \/>\n\t<meta property=\"og:image:height\" content=\"1000\" \/>\n\t<meta property=\"og:image:type\" content=\"image\/jpeg\" \/>\n<meta name=\"twitter:card\" content=\"summary_large_image\" \/>\n<meta name=\"twitter:label1\" content=\"Estimated reading time\" \/>\n\t<meta name=\"twitter:data1\" content=\"1 minute\" \/>\n<!-- \/ Yoast SEO plugin. -->","yoast_head_json":{"title":"Happy Suzanne Chaise R\u00e9union Garni - Navailles","description":"\u00c0 la fois contemporaine et simple d'utilisation, la chaise r\u00e9union HAPPY SUZANNE GARNIE r\u00e9pond parfaitement aux \u00e9volutions de l'am\u00e9nagement des bureaux.","robots":{"index":"index","follow":"follow","max-snippet":"max-snippet:-1","max-image-preview":"max-image-preview:large","max-video-preview":"max-video-preview:-1"},"canonical":"https:\/\/www.navailles.fr\/en\/product\/happy-suzanne-chaise-garnie\/","og_locale":"en_GB","og_type":"article","og_title":"Happy Suzanne Chaise R\u00e9union Garni - Navailles","og_description":"\u00c0 la fois contemporaine et simple d'utilisation, la chaise r\u00e9union HAPPY SUZANNE GARNIE r\u00e9pond parfaitement aux \u00e9volutions de l'am\u00e9nagement des bureaux.","og_url":"https:\/\/www.navailles.fr\/en\/product\/happy-suzanne-chaise-garnie\/","og_site_name":"Navailles","article_modified_time":"2025-07-09T14:29:40+00:00","og_image":[{"width":1000,"height":1000,"url":"https:\/\/www.navailles.fr\/wp-content\/uploads\/2021\/09\/Chaise-visiteur-happy-suzanne-4-pieds.jpg","type":"image\/jpeg"}],"twitter_card":"summary_large_image","twitter_misc":{"Estimated reading time":"1 minute"},"schema":{"@context":"https:\/\/schema.org","@graph":[{"@type":"WebPage","@id":"https:\/\/www.navailles.fr\/product\/happy-suzanne-chaise-garnie\/","url":"https:\/\/www.navailles.fr\/product\/happy-suzanne-chaise-garnie\/","name":"Happy Suzanne Chaise R\u00e9union Garni - Navailles","isPartOf":{"@id":"https:\/\/www.navailles.fr\/#website"},"primaryImageOfPage":{"@id":"https:\/\/www.navailles.fr\/product\/happy-suzanne-chaise-garnie\/#primaryimage"},"image":{"@id":"https:\/\/www.navailles.fr\/product\/happy-suzanne-chaise-garnie\/#primaryimage"},"thumbnailUrl":"https:\/\/www.navailles.fr\/wp-content\/uploads\/2021\/09\/Chaise-visiteur-happy-suzanne-4-pieds.jpg","datePublished":"2021-09-14T06:59:35+00:00","dateModified":"2025-07-09T14:29:40+00:00","description":"\u00c0 la fois contemporaine et simple d'utilisation, la chaise r\u00e9union HAPPY SUZANNE GARNIE r\u00e9pond parfaitement aux \u00e9volutions de l'am\u00e9nagement des bureaux.","breadcrumb":{"@id":"https:\/\/www.navailles.fr\/product\/happy-suzanne-chaise-garnie\/#breadcrumb"},"inLanguage":"en-GB","potentialAction":[{"@type":"ReadAction","target":["https:\/\/www.navailles.fr\/product\/happy-suzanne-chaise-garnie\/"]}]},{"@type":"ImageObject","inLanguage":"en-GB","@id":"https:\/\/www.navailles.fr\/product\/happy-suzanne-chaise-garnie\/#primaryimage","url":"https:\/\/www.navailles.fr\/wp-content\/uploads\/2021\/09\/Chaise-visiteur-happy-suzanne-4-pieds.jpg","contentUrl":"https:\/\/www.navailles.fr\/wp-content\/uploads\/2021\/09\/Chaise-visiteur-happy-suzanne-4-pieds.jpg","width":1000,"height":1000,"caption":"Chaise visiteur happy suzanne 4 pieds"},{"@type":"BreadcrumbList","@id":"https:\/\/www.navailles.fr\/product\/happy-suzanne-chaise-garnie\/#breadcrumb","itemListElement":[{"@type":"ListItem","position":1,"name":"Accueil","item":"https:\/\/www.navailles.fr\/"},{"@type":"ListItem","position":2,"name":"Boutique","item":"https:\/\/teletravail.navailles.fr\/"},{"@type":"ListItem","position":3,"name":"HAPPY SUZANNE CHAISE GARNIE"}]},{"@type":"WebSite","@id":"https:\/\/www.navailles.fr\/#website","url":"https:\/\/www.navailles.fr\/","name":"Navailles","description":"Fabricant de fauteuils m\u00e9dicalis\u00e9s, si\u00e8ges de bureau et tabourets techniques","publisher":{"@id":"https:\/\/www.navailles.fr\/#organization"},"potentialAction":[{"@type":"SearchAction","target":{"@type":"EntryPoint","urlTemplate":"https:\/\/www.navailles.fr\/?s={search_term_string}"},"query-input":{"@type":"PropertyValueSpecification","valueRequired":true,"valueName":"search_term_string"}}],"inLanguage":"en-GB"},{"@type":"Organization","@id":"https:\/\/www.navailles.fr\/#organization","name":"Navailles","url":"https:\/\/www.navailles.fr\/","logo":{"@type":"ImageObject","inLanguage":"en-GB","@id":"https:\/\/www.navailles.fr\/#\/schema\/logo\/image\/","url":"https:\/\/www.navailles.fr\/wp-content\/uploads\/2021\/10\/logo_site_navailles1_Plan-de-travail-1.png","contentUrl":"https:\/\/www.navailles.fr\/wp-content\/uploads\/2021\/10\/logo_site_navailles1_Plan-de-travail-1.png","width":375,"height":125,"caption":"Navailles"},"image":{"@id":"https:\/\/www.navailles.fr\/#\/schema\/logo\/image\/"}}]}},"_links":{"self":[{"href":"https:\/\/www.navailles.fr\/en\/wp-json\/wp\/v2\/product\/27782","targetHints":{"allow":["GET"]}}],"collection":[{"href":"https:\/\/www.navailles.fr\/en\/wp-json\/wp\/v2\/product"}],"about":[{"href":"https:\/\/www.navailles.fr\/en\/wp-json\/wp\/v2\/types\/product"}],"wp:featuredmedia":[{"embeddable":true,"href":"https:\/\/www.navailles.fr\/en\/wp-json\/wp\/v2\/media\/38279"}],"wp:attachment":[{"href":"https:\/\/www.navailles.fr\/en\/wp-json\/wp\/v2\/media?parent=27782"}],"wp:term":[{"taxonomy":"product_brand","embeddable":true,"href":"https:\/\/www.navailles.fr\/en\/wp-json\/wp\/v2\/product_brand?post=27782"},{"taxonomy":"product_cat","embeddable":true,"href":"https:\/\/www.navailles.fr\/en\/wp-json\/wp\/v2\/product_cat?post=27782"},{"taxonomy":"product_tag","embeddable":true,"href":"https:\/\/www.navailles.fr\/en\/wp-json\/wp\/v2\/product_tag?post=27782"}],"curies":[{"name":"wp","href":"https:\/\/api.w.org\/{rel}","templated":true}]}}