{"id":27726,"date":"2022-06-21T16:23:17","date_gmt":"2022-06-21T14:23:17","guid":{"rendered":"https:\/\/navailles.fr\/?post_type=product&#038;p=27726"},"modified":"2026-03-23T16:13:29","modified_gmt":"2026-03-23T15:13:29","slug":"good-gauthier-garni","status":"publish","type":"product","link":"https:\/\/www.navailles.fr\/en\/product\/good-gauthier-upholstered\/","title":{"rendered":"GOOD GAUTHIER UPHOLSTERED CHAIR"},"content":{"rendered":"<p><strong>SI\u00c8GE ERGONOMIQUE ESSENTIEL ET INTUITIF<\/strong><br \/>\nLe Good Gauthier est un si\u00e8ge d&rsquo;op\u00e9rateur pens\u00e9 pour ceux qui recherchent l&rsquo;efficacit\u00e9 sans superflu. Facile \u00e0 utiliser, fiable et confortable, il accompagne les journ\u00e9es de travail avec fluidit\u00e9 gr\u00e2ce \u00e0 ses r\u00e9glages simples et adapt\u00e9s. Une solution ergonomique accessible, id\u00e9ale pour \u00e9quiper postes polyvalents ou espaces partag\u00e9s.<\/p>","protected":false},"excerpt":{"rendered":"<p>This upholstered version offers an incomparable welcome, soft and firm at the same time. GOOD GAUTHIER offers many possibilities to create your ideal chair. This swivel chair is certified Office Excellence and NF environment by an independent body for its manufacturing qualities, its compliance with current standards and its environmental performance.<\/p>","protected":false},"featured_media":40041,"template":"","meta":{"_acf_changed":false,"content-type":"","site-sidebar-layout":"default","site-content-layout":"default","ast-global-header-display":"","ast-banner-title-visibility":"","ast-main-header-display":"","ast-hfb-above-header-display":"","ast-hfb-below-header-display":"","ast-hfb-mobile-header-display":"","site-post-title":"","ast-breadcrumbs-content":"","ast-featured-img":"","footer-sml-layout":"","theme-transparent-header-meta":"default","adv-header-id-meta":"","stick-header-meta":"default","header-above-stick-meta":"","header-main-stick-meta":"","header-below-stick-meta":""},"product_brand":[],"product_cat":[47,263,261,48],"product_tag":[],"class_list":{"0":"post-27726","1":"product","2":"type-product","3":"status-publish","4":"has-post-thumbnail","6":"product_cat-bureau","7":"product_cat-sieges-bureau","8":"product_cat-teletravail","9":"product_cat-travailler","11":"first","12":"instock","13":"taxable","14":"shipping-taxable","15":"purchasable","16":"product-type-simple"},"acf":[],"yoast_head":"<!-- This site is optimized with the Yoast SEO plugin v27.4 - https:\/\/yoast.com\/product\/yoast-seo-wordpress\/ -->\n<title>Si\u00e8ge de bureau ergonomique Good Gauthier personnalisable | Navailles<\/title>\n<meta name=\"description\" content=\"Si\u00e8ge ergonomique Good Gauthier personnalisable \u00e0 retrouver sur le site de Navailles, fabricant fran\u00e7ais de fauteuils ergonomiques !\" \/>\n<meta name=\"robots\" content=\"index, follow, max-snippet:-1, max-image-preview:large, max-video-preview:-1\" \/>\n<link rel=\"canonical\" href=\"https:\/\/www.navailles.fr\/en\/product\/good-gauthier-upholstered\/\" \/>\n<meta property=\"og:locale\" content=\"en_GB\" \/>\n<meta property=\"og:type\" content=\"article\" \/>\n<meta property=\"og:title\" content=\"Si\u00e8ge de bureau ergonomique Good Gauthier personnalisable | Navailles\" \/>\n<meta property=\"og:description\" content=\"Si\u00e8ge ergonomique Good Gauthier personnalisable \u00e0 retrouver sur le site de Navailles, fabricant fran\u00e7ais de fauteuils ergonomiques !\" \/>\n<meta property=\"og:url\" content=\"https:\/\/www.navailles.fr\/en\/product\/good-gauthier-upholstered\/\" \/>\n<meta property=\"og:site_name\" content=\"Navailles\" \/>\n<meta property=\"article:modified_time\" content=\"2026-03-23T15:13:29+00:00\" \/>\n<meta property=\"og:image\" content=\"https:\/\/www.navailles.fr\/wp-content\/uploads\/2022\/06\/fauteuil_bureau_reglable_good_gauthier_navailles.jpg\" \/>\n\t<meta property=\"og:image:width\" content=\"1000\" \/>\n\t<meta property=\"og:image:height\" content=\"1000\" \/>\n\t<meta property=\"og:image:type\" content=\"image\/jpeg\" \/>\n<meta name=\"twitter:card\" content=\"summary_large_image\" \/>\n<meta name=\"twitter:label1\" content=\"Estimated reading time\" \/>\n\t<meta name=\"twitter:data1\" content=\"1 minute\" \/>\n<!-- \/ Yoast SEO plugin. -->","yoast_head_json":{"title":"Good Gauthier ergonomic office chair | Navailles","description":"Good Gauthier ergonomic chair customizable to be found on the Navailles website, French manufacturer of ergonomic chairs !","robots":{"index":"index","follow":"follow","max-snippet":"max-snippet:-1","max-image-preview":"max-image-preview:large","max-video-preview":"max-video-preview:-1"},"canonical":"https:\/\/www.navailles.fr\/en\/product\/good-gauthier-upholstered\/","og_locale":"en_GB","og_type":"article","og_title":"Si\u00e8ge de bureau ergonomique Good Gauthier personnalisable | Navailles","og_description":"Si\u00e8ge ergonomique Good Gauthier personnalisable \u00e0 retrouver sur le site de Navailles, fabricant fran\u00e7ais de fauteuils ergonomiques !","og_url":"https:\/\/www.navailles.fr\/en\/product\/good-gauthier-upholstered\/","og_site_name":"Navailles","article_modified_time":"2026-03-23T15:13:29+00:00","og_image":[{"width":1000,"height":1000,"url":"https:\/\/www.navailles.fr\/wp-content\/uploads\/2022\/06\/fauteuil_bureau_reglable_good_gauthier_navailles.jpg","type":"image\/jpeg"}],"twitter_card":"summary_large_image","twitter_misc":{"Estimated reading time":"1 minute"},"schema":{"@context":"https:\/\/schema.org","@graph":[{"@type":"WebPage","@id":"https:\/\/www.navailles.fr\/product\/good-gauthier-garni\/","url":"https:\/\/www.navailles.fr\/product\/good-gauthier-garni\/","name":"Good Gauthier ergonomic office chair | Navailles","isPartOf":{"@id":"https:\/\/www.navailles.fr\/#website"},"primaryImageOfPage":{"@id":"https:\/\/www.navailles.fr\/product\/good-gauthier-garni\/#primaryimage"},"image":{"@id":"https:\/\/www.navailles.fr\/product\/good-gauthier-garni\/#primaryimage"},"thumbnailUrl":"https:\/\/www.navailles.fr\/wp-content\/uploads\/2022\/06\/fauteuil_bureau_reglable_good_gauthier_navailles.jpg","datePublished":"2022-06-21T14:23:17+00:00","dateModified":"2026-03-23T15:13:29+00:00","description":"Good Gauthier ergonomic chair customizable to be found on the Navailles website, French manufacturer of ergonomic chairs !","breadcrumb":{"@id":"https:\/\/www.navailles.fr\/product\/good-gauthier-garni\/#breadcrumb"},"inLanguage":"en-GB","potentialAction":[{"@type":"ReadAction","target":["https:\/\/www.navailles.fr\/product\/good-gauthier-garni\/"]}]},{"@type":"ImageObject","inLanguage":"en-GB","@id":"https:\/\/www.navailles.fr\/product\/good-gauthier-garni\/#primaryimage","url":"https:\/\/www.navailles.fr\/wp-content\/uploads\/2022\/06\/fauteuil_bureau_reglable_good_gauthier_navailles.jpg","contentUrl":"https:\/\/www.navailles.fr\/wp-content\/uploads\/2022\/06\/fauteuil_bureau_reglable_good_gauthier_navailles.jpg","width":1000,"height":1000},{"@type":"BreadcrumbList","@id":"https:\/\/www.navailles.fr\/product\/good-gauthier-garni\/#breadcrumb","itemListElement":[{"@type":"ListItem","position":1,"name":"Accueil","item":"https:\/\/www.navailles.fr\/"},{"@type":"ListItem","position":2,"name":"Boutique","item":"https:\/\/teletravail.navailles.fr\/"},{"@type":"ListItem","position":3,"name":"GOOD GAUTHIER GARNI"}]},{"@type":"WebSite","@id":"https:\/\/www.navailles.fr\/#website","url":"https:\/\/www.navailles.fr\/","name":"Navailles","description":"Fabricant de fauteuils m\u00e9dicalis\u00e9s, si\u00e8ges de bureau et tabourets techniques","publisher":{"@id":"https:\/\/www.navailles.fr\/#organization"},"potentialAction":[{"@type":"SearchAction","target":{"@type":"EntryPoint","urlTemplate":"https:\/\/www.navailles.fr\/?s={search_term_string}"},"query-input":{"@type":"PropertyValueSpecification","valueRequired":true,"valueName":"search_term_string"}}],"inLanguage":"en-GB"},{"@type":"Organization","@id":"https:\/\/www.navailles.fr\/#organization","name":"Navailles","url":"https:\/\/www.navailles.fr\/","logo":{"@type":"ImageObject","inLanguage":"en-GB","@id":"https:\/\/www.navailles.fr\/#\/schema\/logo\/image\/","url":"https:\/\/www.navailles.fr\/wp-content\/uploads\/2021\/10\/logo_site_navailles1_Plan-de-travail-1.png","contentUrl":"https:\/\/www.navailles.fr\/wp-content\/uploads\/2021\/10\/logo_site_navailles1_Plan-de-travail-1.png","width":375,"height":125,"caption":"Navailles"},"image":{"@id":"https:\/\/www.navailles.fr\/#\/schema\/logo\/image\/"}}]}},"_links":{"self":[{"href":"https:\/\/www.navailles.fr\/en\/wp-json\/wp\/v2\/product\/27726","targetHints":{"allow":["GET"]}}],"collection":[{"href":"https:\/\/www.navailles.fr\/en\/wp-json\/wp\/v2\/product"}],"about":[{"href":"https:\/\/www.navailles.fr\/en\/wp-json\/wp\/v2\/types\/product"}],"wp:featuredmedia":[{"embeddable":true,"href":"https:\/\/www.navailles.fr\/en\/wp-json\/wp\/v2\/media\/40041"}],"wp:attachment":[{"href":"https:\/\/www.navailles.fr\/en\/wp-json\/wp\/v2\/media?parent=27726"}],"wp:term":[{"taxonomy":"product_brand","embeddable":true,"href":"https:\/\/www.navailles.fr\/en\/wp-json\/wp\/v2\/product_brand?post=27726"},{"taxonomy":"product_cat","embeddable":true,"href":"https:\/\/www.navailles.fr\/en\/wp-json\/wp\/v2\/product_cat?post=27726"},{"taxonomy":"product_tag","embeddable":true,"href":"https:\/\/www.navailles.fr\/en\/wp-json\/wp\/v2\/product_tag?post=27726"}],"curies":[{"name":"wp","href":"https:\/\/api.w.org\/{rel}","templated":true}]}}