{"id":27605,"date":"2022-06-25T13:41:45","date_gmt":"2022-06-25T11:41:45","guid":{"rendered":"https:\/\/navailles.fr\/?post_type=product&#038;p=27605"},"modified":"2026-03-23T16:12:00","modified_gmt":"2026-03-23T15:12:00","slug":"lead-ernest-24-24","status":"publish","type":"product","link":"https:\/\/www.navailles.fr\/en\/product\/lead-ernest-24-24\/","title":{"rendered":"LEAD ERNEST 24\/24"},"content":{"rendered":"<p><strong>L\u2019ENDURANCE AU SERVICE DE VOTRE POSTE<\/strong><br \/>\nCon\u00e7u pour r\u00e9sister \u00e0 tout, Lead Ernest 24\/24 est le fauteuil de bureau des environnements qui ne s\u2019arr\u00eatent jamais. Surveillance, s\u00e9curit\u00e9, contr\u00f4le, astreintes : il a \u00e9t\u00e9 pens\u00e9 pour accompagner ceux qui restent mobilis\u00e9s, de jour comme de nuit, sans compromis sur le confort ni sur la durabilit\u00e9.<\/p>","protected":false},"excerpt":{"rendered":"<p>Thanks to its high resilience foam, this office chair adapts to the different pressure zones and morphology of your body. Originally developed for the aviation and automotive industries, this chair is ideal for ensuring optimal comfort and support throughout the day.<\/p>","protected":false},"featured_media":37528,"template":"","meta":{"_acf_changed":false,"content-type":"","site-sidebar-layout":"default","site-content-layout":"default","ast-global-header-display":"","ast-banner-title-visibility":"","ast-main-header-display":"","ast-hfb-above-header-display":"","ast-hfb-below-header-display":"","ast-hfb-mobile-header-display":"","site-post-title":"","ast-breadcrumbs-content":"","ast-featured-img":"","footer-sml-layout":"","theme-transparent-header-meta":"default","adv-header-id-meta":"","stick-header-meta":"default","header-above-stick-meta":"","header-main-stick-meta":"","header-below-stick-meta":""},"product_brand":[],"product_cat":[47,263,48],"product_tag":[],"class_list":{"0":"post-27605","1":"product","2":"type-product","3":"status-publish","4":"has-post-thumbnail","6":"product_cat-bureau","7":"product_cat-sieges-bureau","8":"product_cat-travailler","10":"first","11":"instock","12":"taxable","13":"shipping-taxable","14":"purchasable","15":"product-type-simple"},"acf":[],"yoast_head":"<!-- This site is optimized with the Yoast SEO plugin v27.4 - https:\/\/yoast.com\/product\/yoast-seo-wordpress\/ -->\n<title>Si\u00e8ge de bureau ergonomique Lead Ernest 24h\/24h | Navailles<\/title>\n<meta name=\"description\" content=\"Si\u00e8ge ergonomique Lead Ernest 24h\/24 personnalisable \u00e0 retrouver sur le site de Navailles, fabricant fran\u00e7ais de fauteuils ergonomiques !\" \/>\n<meta name=\"robots\" content=\"index, follow, max-snippet:-1, max-image-preview:large, max-video-preview:-1\" \/>\n<link rel=\"canonical\" href=\"https:\/\/www.navailles.fr\/en\/product\/lead-ernest-24-24\/\" \/>\n<meta property=\"og:locale\" content=\"en_GB\" \/>\n<meta property=\"og:type\" content=\"article\" \/>\n<meta property=\"og:title\" content=\"Si\u00e8ge de bureau ergonomique Lead Ernest 24h\/24h | Navailles\" \/>\n<meta property=\"og:description\" content=\"Si\u00e8ge ergonomique Lead Ernest 24h\/24 personnalisable \u00e0 retrouver sur le site de Navailles, fabricant fran\u00e7ais de fauteuils ergonomiques !\" \/>\n<meta property=\"og:url\" content=\"https:\/\/www.navailles.fr\/en\/product\/lead-ernest-24-24\/\" \/>\n<meta property=\"og:site_name\" content=\"Navailles\" \/>\n<meta property=\"article:modified_time\" content=\"2026-03-23T15:12:00+00:00\" \/>\n<meta property=\"og:image\" content=\"https:\/\/www.navailles.fr\/wp-content\/uploads\/2022\/06\/Siege-de-bureau-lead_ernest-Navailles.jpg\" \/>\n\t<meta property=\"og:image:width\" content=\"1000\" \/>\n\t<meta property=\"og:image:height\" content=\"1000\" \/>\n\t<meta property=\"og:image:type\" content=\"image\/jpeg\" \/>\n<meta name=\"twitter:card\" content=\"summary_large_image\" \/>\n<meta name=\"twitter:label1\" content=\"Estimated reading time\" \/>\n\t<meta name=\"twitter:data1\" content=\"1 minute\" \/>\n<!-- \/ Yoast SEO plugin. -->","yoast_head_json":{"title":"Lead Ernest ergonomic office chair 24h\/24h | Navailles","description":"Lead Ernest ergonomic chair 24h\/24 customizable to find on the site of Navailles, French manufacturer of ergonomic chairs!","robots":{"index":"index","follow":"follow","max-snippet":"max-snippet:-1","max-image-preview":"max-image-preview:large","max-video-preview":"max-video-preview:-1"},"canonical":"https:\/\/www.navailles.fr\/en\/product\/lead-ernest-24-24\/","og_locale":"en_GB","og_type":"article","og_title":"Si\u00e8ge de bureau ergonomique Lead Ernest 24h\/24h | Navailles","og_description":"Si\u00e8ge ergonomique Lead Ernest 24h\/24 personnalisable \u00e0 retrouver sur le site de Navailles, fabricant fran\u00e7ais de fauteuils ergonomiques !","og_url":"https:\/\/www.navailles.fr\/en\/product\/lead-ernest-24-24\/","og_site_name":"Navailles","article_modified_time":"2026-03-23T15:12:00+00:00","og_image":[{"width":1000,"height":1000,"url":"https:\/\/www.navailles.fr\/wp-content\/uploads\/2022\/06\/Siege-de-bureau-lead_ernest-Navailles.jpg","type":"image\/jpeg"}],"twitter_card":"summary_large_image","twitter_misc":{"Estimated reading time":"1 minute"},"schema":{"@context":"https:\/\/schema.org","@graph":[{"@type":"WebPage","@id":"https:\/\/www.navailles.fr\/product\/lead-ernest-24-24\/","url":"https:\/\/www.navailles.fr\/product\/lead-ernest-24-24\/","name":"Lead Ernest ergonomic office chair 24h\/24h | Navailles","isPartOf":{"@id":"https:\/\/www.navailles.fr\/#website"},"primaryImageOfPage":{"@id":"https:\/\/www.navailles.fr\/product\/lead-ernest-24-24\/#primaryimage"},"image":{"@id":"https:\/\/www.navailles.fr\/product\/lead-ernest-24-24\/#primaryimage"},"thumbnailUrl":"https:\/\/www.navailles.fr\/wp-content\/uploads\/2022\/06\/Siege-de-bureau-lead_ernest-Navailles.jpg","datePublished":"2022-06-25T11:41:45+00:00","dateModified":"2026-03-23T15:12:00+00:00","description":"Lead Ernest ergonomic chair 24h\/24 customizable to find on the site of Navailles, French manufacturer of ergonomic chairs!","breadcrumb":{"@id":"https:\/\/www.navailles.fr\/product\/lead-ernest-24-24\/#breadcrumb"},"inLanguage":"en-GB","potentialAction":[{"@type":"ReadAction","target":["https:\/\/www.navailles.fr\/product\/lead-ernest-24-24\/"]}]},{"@type":"ImageObject","inLanguage":"en-GB","@id":"https:\/\/www.navailles.fr\/product\/lead-ernest-24-24\/#primaryimage","url":"https:\/\/www.navailles.fr\/wp-content\/uploads\/2022\/06\/Siege-de-bureau-lead_ernest-Navailles.jpg","contentUrl":"https:\/\/www.navailles.fr\/wp-content\/uploads\/2022\/06\/Siege-de-bureau-lead_ernest-Navailles.jpg","width":1000,"height":1000,"caption":"Si\u00e8ge de bureau ergonomique Lead Ernest en tissu gris vert"},{"@type":"BreadcrumbList","@id":"https:\/\/www.navailles.fr\/product\/lead-ernest-24-24\/#breadcrumb","itemListElement":[{"@type":"ListItem","position":1,"name":"Accueil","item":"https:\/\/www.navailles.fr\/"},{"@type":"ListItem","position":2,"name":"Boutique","item":"https:\/\/teletravail.navailles.fr\/"},{"@type":"ListItem","position":3,"name":"LEAD ERNEST 24\/24"}]},{"@type":"WebSite","@id":"https:\/\/www.navailles.fr\/#website","url":"https:\/\/www.navailles.fr\/","name":"Navailles","description":"Fabricant de fauteuils m\u00e9dicalis\u00e9s, si\u00e8ges de bureau et tabourets techniques","publisher":{"@id":"https:\/\/www.navailles.fr\/#organization"},"potentialAction":[{"@type":"SearchAction","target":{"@type":"EntryPoint","urlTemplate":"https:\/\/www.navailles.fr\/?s={search_term_string}"},"query-input":{"@type":"PropertyValueSpecification","valueRequired":true,"valueName":"search_term_string"}}],"inLanguage":"en-GB"},{"@type":"Organization","@id":"https:\/\/www.navailles.fr\/#organization","name":"Navailles","url":"https:\/\/www.navailles.fr\/","logo":{"@type":"ImageObject","inLanguage":"en-GB","@id":"https:\/\/www.navailles.fr\/#\/schema\/logo\/image\/","url":"https:\/\/www.navailles.fr\/wp-content\/uploads\/2021\/10\/logo_site_navailles1_Plan-de-travail-1.png","contentUrl":"https:\/\/www.navailles.fr\/wp-content\/uploads\/2021\/10\/logo_site_navailles1_Plan-de-travail-1.png","width":375,"height":125,"caption":"Navailles"},"image":{"@id":"https:\/\/www.navailles.fr\/#\/schema\/logo\/image\/"}}]}},"_links":{"self":[{"href":"https:\/\/www.navailles.fr\/en\/wp-json\/wp\/v2\/product\/27605","targetHints":{"allow":["GET"]}}],"collection":[{"href":"https:\/\/www.navailles.fr\/en\/wp-json\/wp\/v2\/product"}],"about":[{"href":"https:\/\/www.navailles.fr\/en\/wp-json\/wp\/v2\/types\/product"}],"wp:featuredmedia":[{"embeddable":true,"href":"https:\/\/www.navailles.fr\/en\/wp-json\/wp\/v2\/media\/37528"}],"wp:attachment":[{"href":"https:\/\/www.navailles.fr\/en\/wp-json\/wp\/v2\/media?parent=27605"}],"wp:term":[{"taxonomy":"product_brand","embeddable":true,"href":"https:\/\/www.navailles.fr\/en\/wp-json\/wp\/v2\/product_brand?post=27605"},{"taxonomy":"product_cat","embeddable":true,"href":"https:\/\/www.navailles.fr\/en\/wp-json\/wp\/v2\/product_cat?post=27605"},{"taxonomy":"product_tag","embeddable":true,"href":"https:\/\/www.navailles.fr\/en\/wp-json\/wp\/v2\/product_tag?post=27605"}],"curies":[{"name":"wp","href":"https:\/\/api.w.org\/{rel}","templated":true}]}}