{"id":27510,"date":"2022-06-23T10:38:53","date_gmt":"2022-06-23T08:38:53","guid":{"rendered":"https:\/\/navailles.fr\/?post_type=product&#038;p=27510"},"modified":"2026-03-23T16:13:07","modified_gmt":"2026-03-23T15:13:07","slug":"strong-auguste-garni","status":"publish","type":"product","link":"https:\/\/www.navailles.fr\/en\/product\/strong-auguste-upholstered\/","title":{"rendered":"STRONG AUGUSTE"},"content":{"rendered":"<p><strong>LE SI\u00c8GE QUI SOUTIENT VOTRE POSTURE, DU MATIN AU SOIR<\/strong><br \/>\nCon\u00e7u pour ceux qui exigent un confort pr\u00e9cis au quotidien, Strong Auguste offre un soutien ergonomique complet sans compromis sur la stabilit\u00e9. Gr\u00e2ce \u00e0 ses r\u00e9glages cibl\u00e9s et \u00e0 son assise ferme, il favorise une posture saine et dynamique, id\u00e9ale pour les longues journ\u00e9es de travail.<\/p>","protected":false},"excerpt":{"rendered":"<p>Designed for active managers who want a flexible, multi-functional work chair. It offers comfort, mobility and ergonomics to support your ongoing work. Its large, anatomically shaped backrest provides perfect support for your back and ensures a natural sitting position.<\/p>","protected":false},"featured_media":40039,"template":"","meta":{"_acf_changed":false,"content-type":"","site-sidebar-layout":"default","site-content-layout":"default","ast-global-header-display":"","ast-banner-title-visibility":"","ast-main-header-display":"","ast-hfb-above-header-display":"","ast-hfb-below-header-display":"","ast-hfb-mobile-header-display":"","site-post-title":"","ast-breadcrumbs-content":"","ast-featured-img":"","footer-sml-layout":"","theme-transparent-header-meta":"default","adv-header-id-meta":"","stick-header-meta":"default","header-above-stick-meta":"","header-main-stick-meta":"","header-below-stick-meta":""},"product_brand":[],"product_cat":[47,263,261,48],"product_tag":[],"class_list":{"0":"post-27510","1":"product","2":"type-product","3":"status-publish","4":"has-post-thumbnail","6":"product_cat-bureau","7":"product_cat-sieges-bureau","8":"product_cat-teletravail","9":"product_cat-travailler","11":"first","12":"instock","13":"taxable","14":"shipping-taxable","15":"purchasable","16":"product-type-simple"},"acf":[],"yoast_head":"<!-- This site is optimized with the Yoast SEO plugin v27.4 - https:\/\/yoast.com\/product\/yoast-seo-wordpress\/ -->\n<title>Si\u00e8ge de bureau ergonomique Strong Auguste personnalisable | Navailles<\/title>\n<meta name=\"description\" content=\"Si\u00e8ge ergonomique Strong Auguste personnalisable \u00e0 retrouver sur le site de Navailles, fabricant fran\u00e7ais de fauteuils ergonomiques !\" \/>\n<meta name=\"robots\" content=\"index, follow, max-snippet:-1, max-image-preview:large, max-video-preview:-1\" \/>\n<link rel=\"canonical\" href=\"https:\/\/www.navailles.fr\/en\/product\/strong-auguste-upholstered\/\" \/>\n<meta property=\"og:locale\" content=\"en_GB\" \/>\n<meta property=\"og:type\" content=\"article\" \/>\n<meta property=\"og:title\" content=\"Si\u00e8ge de bureau ergonomique Strong Auguste personnalisable | Navailles\" \/>\n<meta property=\"og:description\" content=\"Si\u00e8ge ergonomique Strong Auguste personnalisable \u00e0 retrouver sur le site de Navailles, fabricant fran\u00e7ais de fauteuils ergonomiques !\" \/>\n<meta property=\"og:url\" content=\"https:\/\/www.navailles.fr\/en\/product\/strong-auguste-upholstered\/\" \/>\n<meta property=\"og:site_name\" content=\"Navailles\" \/>\n<meta property=\"article:modified_time\" content=\"2026-03-23T15:13:07+00:00\" \/>\n<meta property=\"og:image\" content=\"https:\/\/www.navailles.fr\/wp-content\/uploads\/2022\/06\/fauteuil_de_bureau_ergonomique_strong_auguste.jpg\" \/>\n\t<meta property=\"og:image:width\" content=\"1000\" \/>\n\t<meta property=\"og:image:height\" content=\"1000\" \/>\n\t<meta property=\"og:image:type\" content=\"image\/jpeg\" \/>\n<meta name=\"twitter:card\" content=\"summary_large_image\" \/>\n<meta name=\"twitter:label1\" content=\"Estimated reading time\" \/>\n\t<meta name=\"twitter:data1\" content=\"1 minute\" \/>\n<!-- \/ Yoast SEO plugin. -->","yoast_head_json":{"title":"Strong Auguste ergonomic office chair | Navailles","description":"Strong Auguste ergonomic chair customizable to be found on the Navailles website, French manufacturer of ergonomic chairs !","robots":{"index":"index","follow":"follow","max-snippet":"max-snippet:-1","max-image-preview":"max-image-preview:large","max-video-preview":"max-video-preview:-1"},"canonical":"https:\/\/www.navailles.fr\/en\/product\/strong-auguste-upholstered\/","og_locale":"en_GB","og_type":"article","og_title":"Si\u00e8ge de bureau ergonomique Strong Auguste personnalisable | Navailles","og_description":"Si\u00e8ge ergonomique Strong Auguste personnalisable \u00e0 retrouver sur le site de Navailles, fabricant fran\u00e7ais de fauteuils ergonomiques !","og_url":"https:\/\/www.navailles.fr\/en\/product\/strong-auguste-upholstered\/","og_site_name":"Navailles","article_modified_time":"2026-03-23T15:13:07+00:00","og_image":[{"width":1000,"height":1000,"url":"https:\/\/www.navailles.fr\/wp-content\/uploads\/2022\/06\/fauteuil_de_bureau_ergonomique_strong_auguste.jpg","type":"image\/jpeg"}],"twitter_card":"summary_large_image","twitter_misc":{"Estimated reading time":"1 minute"},"schema":{"@context":"https:\/\/schema.org","@graph":[{"@type":"WebPage","@id":"https:\/\/www.navailles.fr\/product\/strong-auguste-garni\/","url":"https:\/\/www.navailles.fr\/product\/strong-auguste-garni\/","name":"Strong Auguste ergonomic office chair | Navailles","isPartOf":{"@id":"https:\/\/www.navailles.fr\/#website"},"primaryImageOfPage":{"@id":"https:\/\/www.navailles.fr\/product\/strong-auguste-garni\/#primaryimage"},"image":{"@id":"https:\/\/www.navailles.fr\/product\/strong-auguste-garni\/#primaryimage"},"thumbnailUrl":"https:\/\/www.navailles.fr\/wp-content\/uploads\/2022\/06\/fauteuil_de_bureau_ergonomique_strong_auguste.jpg","datePublished":"2022-06-23T08:38:53+00:00","dateModified":"2026-03-23T15:13:07+00:00","description":"Strong Auguste ergonomic chair customizable to be found on the Navailles website, French manufacturer of ergonomic chairs !","breadcrumb":{"@id":"https:\/\/www.navailles.fr\/product\/strong-auguste-garni\/#breadcrumb"},"inLanguage":"en-GB","potentialAction":[{"@type":"ReadAction","target":["https:\/\/www.navailles.fr\/product\/strong-auguste-garni\/"]}]},{"@type":"ImageObject","inLanguage":"en-GB","@id":"https:\/\/www.navailles.fr\/product\/strong-auguste-garni\/#primaryimage","url":"https:\/\/www.navailles.fr\/wp-content\/uploads\/2022\/06\/fauteuil_de_bureau_ergonomique_strong_auguste.jpg","contentUrl":"https:\/\/www.navailles.fr\/wp-content\/uploads\/2022\/06\/fauteuil_de_bureau_ergonomique_strong_auguste.jpg","width":1000,"height":1000},{"@type":"BreadcrumbList","@id":"https:\/\/www.navailles.fr\/product\/strong-auguste-garni\/#breadcrumb","itemListElement":[{"@type":"ListItem","position":1,"name":"Accueil","item":"https:\/\/www.navailles.fr\/"},{"@type":"ListItem","position":2,"name":"Boutique","item":"https:\/\/teletravail.navailles.fr\/"},{"@type":"ListItem","position":3,"name":"STRONG AUGUSTE"}]},{"@type":"WebSite","@id":"https:\/\/www.navailles.fr\/#website","url":"https:\/\/www.navailles.fr\/","name":"Navailles","description":"Fabricant de fauteuils m\u00e9dicalis\u00e9s, si\u00e8ges de bureau et tabourets techniques","publisher":{"@id":"https:\/\/www.navailles.fr\/#organization"},"potentialAction":[{"@type":"SearchAction","target":{"@type":"EntryPoint","urlTemplate":"https:\/\/www.navailles.fr\/?s={search_term_string}"},"query-input":{"@type":"PropertyValueSpecification","valueRequired":true,"valueName":"search_term_string"}}],"inLanguage":"en-GB"},{"@type":"Organization","@id":"https:\/\/www.navailles.fr\/#organization","name":"Navailles","url":"https:\/\/www.navailles.fr\/","logo":{"@type":"ImageObject","inLanguage":"en-GB","@id":"https:\/\/www.navailles.fr\/#\/schema\/logo\/image\/","url":"https:\/\/www.navailles.fr\/wp-content\/uploads\/2021\/10\/logo_site_navailles1_Plan-de-travail-1.png","contentUrl":"https:\/\/www.navailles.fr\/wp-content\/uploads\/2021\/10\/logo_site_navailles1_Plan-de-travail-1.png","width":375,"height":125,"caption":"Navailles"},"image":{"@id":"https:\/\/www.navailles.fr\/#\/schema\/logo\/image\/"}}]}},"_links":{"self":[{"href":"https:\/\/www.navailles.fr\/en\/wp-json\/wp\/v2\/product\/27510","targetHints":{"allow":["GET"]}}],"collection":[{"href":"https:\/\/www.navailles.fr\/en\/wp-json\/wp\/v2\/product"}],"about":[{"href":"https:\/\/www.navailles.fr\/en\/wp-json\/wp\/v2\/types\/product"}],"wp:featuredmedia":[{"embeddable":true,"href":"https:\/\/www.navailles.fr\/en\/wp-json\/wp\/v2\/media\/40039"}],"wp:attachment":[{"href":"https:\/\/www.navailles.fr\/en\/wp-json\/wp\/v2\/media?parent=27510"}],"wp:term":[{"taxonomy":"product_brand","embeddable":true,"href":"https:\/\/www.navailles.fr\/en\/wp-json\/wp\/v2\/product_brand?post=27510"},{"taxonomy":"product_cat","embeddable":true,"href":"https:\/\/www.navailles.fr\/en\/wp-json\/wp\/v2\/product_cat?post=27510"},{"taxonomy":"product_tag","embeddable":true,"href":"https:\/\/www.navailles.fr\/en\/wp-json\/wp\/v2\/product_tag?post=27510"}],"curies":[{"name":"wp","href":"https:\/\/api.w.org\/{rel}","templated":true}]}}