{"id":27479,"date":"2021-09-13T10:02:48","date_gmt":"2021-09-13T08:02:48","guid":{"rendered":"https:\/\/navailles.fr\/?post_type=product&#038;p=27479"},"modified":"2025-07-09T15:42:42","modified_gmt":"2025-07-09T13:42:42","slug":"mobilys","status":"publish","type":"product","link":"https:\/\/www.navailles.fr\/en\/product\/mobilys\/","title":{"rendered":"MOBILYS"},"content":{"rendered":"<div data-elementor-type=\"product-post\" data-elementor-id=\"27479\" class=\"elementor elementor-27479\" data-elementor-post-type=\"product\">\n\t\t\t\t\t\t<section class=\"elementor-section elementor-top-section elementor-element elementor-element-1144ccb2 elementor-section-boxed elementor-section-height-default elementor-section-height-default\" data-id=\"1144ccb2\" data-element_type=\"section\" data-e-type=\"section\">\n\t\t\t\t\t\t<div class=\"elementor-container elementor-column-gap-default\">\n\t\t\t\t\t<div class=\"elementor-column elementor-col-100 elementor-top-column elementor-element elementor-element-7df29231\" data-id=\"7df29231\" data-element_type=\"column\" data-e-type=\"column\">\n\t\t\t<div class=\"elementor-widget-wrap elementor-element-populated\">\n\t\t\t\t\t\t<div class=\"elementor-element elementor-element-6ca9c46a elementor-widget elementor-widget-text-editor\" data-id=\"6ca9c46a\" data-element_type=\"widget\" data-e-type=\"widget\" data-widget_type=\"text-editor.default\">\n\t\t\t\t<div class=\"elementor-widget-container\">\n\t\t\t\t\t\t\t\t\t<p><b>FAUTEUIL ROULANT \u00c0 PROPULSION MANUELLE, NON PLIANT, NON R\u00c9VERSIBLE \u00c0 DOSSIER INCLINABLE ET RABATTABLE<\/b><\/p><p>Est inscrit sur la liste des v\u00e9hicules pour personnes handicap\u00e9es inscrits au Titre IV de la LPPR :\u00a0 Code 4184899 Code individuel attribu\u00e9 par le Minist\u00e8re de la Sant\u00e9 : 9154271<\/p>\t\t\t\t\t\t\t\t<\/div>\n\t\t\t\t<\/div>\n\t\t\t\t\t<\/div>\n\t\t<\/div>\n\t\t\t\t\t<\/div>\n\t\t<\/section>\n\t\t\t\t<\/div>","protected":false},"excerpt":{"rendered":"<p>La mobilit\u00e9 sans contrainte pour favoriser l\u2019autonomie. MOBILYS est un fauteuil de d\u00e9placement autonome pour personnes \u00e0 mobilit\u00e9 r\u00e9duite. Il concentre toutes les qualit\u00e9s techniques d\u2019un fauteuil m\u00e9dicalis\u00e9 de transfert et les qualit\u00e9s de confort d\u2019un fauteuil de repos. \u00c9quip\u00e9 de grandes roues arri\u00e8res avec freinage ind\u00e9pendant, MOBILYS permet d\u2019assurer des d\u00e9placements faciles, agr\u00e9ables et s\u00e9curis\u00e9s pour une plus grande autonomie des patients. Pr\u00e9sent dans de nombreux h\u00f4pitaux, MOBILYS est reconnu pour sa fiabilit\u00e9, sa maniabilit\u00e9, et son ergonomie optimale.<\/p>","protected":false},"featured_media":38369,"template":"","meta":{"_acf_changed":false,"content-type":"","site-sidebar-layout":"default","site-content-layout":"default","ast-global-header-display":"","ast-banner-title-visibility":"","ast-main-header-display":"","ast-hfb-above-header-display":"","ast-hfb-below-header-display":"","ast-hfb-mobile-header-display":"","site-post-title":"","ast-breadcrumbs-content":"","ast-featured-img":"","footer-sml-layout":"","theme-transparent-header-meta":"default","adv-header-id-meta":"","stick-header-meta":"default","header-above-stick-meta":"","header-main-stick-meta":"","header-below-stick-meta":""},"product_brand":[],"product_cat":[51,57,50],"product_tag":[],"class_list":{"0":"post-27479","1":"product","2":"type-product","3":"status-publish","4":"has-post-thumbnail","6":"product_cat-fauteuils-de-soins","7":"product_cat-fauteuils-specifiques","8":"product_cat-medical","10":"first","11":"instock","12":"taxable","13":"shipping-taxable","14":"product-type-simple"},"acf":[],"yoast_head":"<!-- This site is optimized with the Yoast SEO plugin v27.4 - https:\/\/yoast.com\/product\/yoast-seo-wordpress\/ -->\n<title>MOBILYS fauteuil m\u00e9dical rembours\u00e9 par la s\u00e9curit\u00e9 sociale<\/title>\n<meta name=\"description\" content=\"Fauteuil m\u00e9dical de soins Mobilys, pour personne \u00e0 mobilit\u00e9 r\u00e9duite, \u00e0 retrouver sur le site de Navailles, leader europ\u00e9en du fauteuil m\u00e9dical.\" \/>\n<meta name=\"robots\" content=\"index, follow, max-snippet:-1, max-image-preview:large, max-video-preview:-1\" \/>\n<link rel=\"canonical\" href=\"https:\/\/www.navailles.fr\/en\/product\/mobilys\/\" \/>\n<meta property=\"og:locale\" content=\"en_GB\" \/>\n<meta property=\"og:type\" content=\"article\" \/>\n<meta property=\"og:title\" content=\"MOBILYS fauteuil m\u00e9dical rembours\u00e9 par la s\u00e9curit\u00e9 sociale\" \/>\n<meta property=\"og:description\" content=\"Fauteuil m\u00e9dical de soins Mobilys, pour personne \u00e0 mobilit\u00e9 r\u00e9duite, \u00e0 retrouver sur le site de Navailles, leader europ\u00e9en du fauteuil m\u00e9dical.\" \/>\n<meta property=\"og:url\" content=\"https:\/\/www.navailles.fr\/en\/product\/mobilys\/\" \/>\n<meta property=\"og:site_name\" content=\"Navailles\" \/>\n<meta property=\"article:modified_time\" content=\"2025-07-09T13:42:42+00:00\" \/>\n<meta property=\"og:image\" content=\"https:\/\/www.navailles.fr\/wp-content\/uploads\/2021\/09\/fauteuil_me\u0301dical_rembourse\u0301_par_la_se\u0301curite\u0301_sociale_mobilys_Navailles.jpg\" \/>\n\t<meta property=\"og:image:width\" content=\"1000\" \/>\n\t<meta property=\"og:image:height\" content=\"1000\" \/>\n\t<meta property=\"og:image:type\" content=\"image\/jpeg\" \/>\n<meta name=\"twitter:card\" content=\"summary_large_image\" \/>\n<meta name=\"twitter:label1\" content=\"Estimated reading time\" \/>\n\t<meta name=\"twitter:data1\" content=\"1 minute\" \/>\n<!-- \/ Yoast SEO plugin. -->","yoast_head_json":{"title":"MOBILYS fauteuil m\u00e9dical rembours\u00e9 par la s\u00e9curit\u00e9 sociale","description":"Fauteuil m\u00e9dical de soins Mobilys, pour personne \u00e0 mobilit\u00e9 r\u00e9duite, \u00e0 retrouver sur le site de Navailles, leader europ\u00e9en du fauteuil m\u00e9dical.","robots":{"index":"index","follow":"follow","max-snippet":"max-snippet:-1","max-image-preview":"max-image-preview:large","max-video-preview":"max-video-preview:-1"},"canonical":"https:\/\/www.navailles.fr\/en\/product\/mobilys\/","og_locale":"en_GB","og_type":"article","og_title":"MOBILYS fauteuil m\u00e9dical rembours\u00e9 par la s\u00e9curit\u00e9 sociale","og_description":"Fauteuil m\u00e9dical de soins Mobilys, pour personne \u00e0 mobilit\u00e9 r\u00e9duite, \u00e0 retrouver sur le site de Navailles, leader europ\u00e9en du fauteuil m\u00e9dical.","og_url":"https:\/\/www.navailles.fr\/en\/product\/mobilys\/","og_site_name":"Navailles","article_modified_time":"2025-07-09T13:42:42+00:00","og_image":[{"width":1000,"height":1000,"url":"https:\/\/www.navailles.fr\/wp-content\/uploads\/2021\/09\/fauteuil_me\u0301dical_rembourse\u0301_par_la_se\u0301curite\u0301_sociale_mobilys_Navailles.jpg","type":"image\/jpeg"}],"twitter_card":"summary_large_image","twitter_misc":{"Estimated reading time":"1 minute"},"schema":{"@context":"https:\/\/schema.org","@graph":[{"@type":"WebPage","@id":"https:\/\/www.navailles.fr\/product\/mobilys\/","url":"https:\/\/www.navailles.fr\/product\/mobilys\/","name":"MOBILYS fauteuil m\u00e9dical rembours\u00e9 par la s\u00e9curit\u00e9 sociale","isPartOf":{"@id":"https:\/\/www.navailles.fr\/#website"},"primaryImageOfPage":{"@id":"https:\/\/www.navailles.fr\/product\/mobilys\/#primaryimage"},"image":{"@id":"https:\/\/www.navailles.fr\/product\/mobilys\/#primaryimage"},"thumbnailUrl":"https:\/\/www.navailles.fr\/wp-content\/uploads\/2021\/09\/fauteuil_me\u0301dical_rembourse\u0301_par_la_se\u0301curite\u0301_sociale_mobilys_Navailles.jpg","datePublished":"2021-09-13T08:02:48+00:00","dateModified":"2025-07-09T13:42:42+00:00","description":"Fauteuil m\u00e9dical de soins Mobilys, pour personne \u00e0 mobilit\u00e9 r\u00e9duite, \u00e0 retrouver sur le site de Navailles, leader europ\u00e9en du fauteuil m\u00e9dical.","breadcrumb":{"@id":"https:\/\/www.navailles.fr\/product\/mobilys\/#breadcrumb"},"inLanguage":"en-GB","potentialAction":[{"@type":"ReadAction","target":["https:\/\/www.navailles.fr\/product\/mobilys\/"]}]},{"@type":"ImageObject","inLanguage":"en-GB","@id":"https:\/\/www.navailles.fr\/product\/mobilys\/#primaryimage","url":"https:\/\/www.navailles.fr\/wp-content\/uploads\/2021\/09\/fauteuil_me\u0301dical_rembourse\u0301_par_la_se\u0301curite\u0301_sociale_mobilys_Navailles.jpg","contentUrl":"https:\/\/www.navailles.fr\/wp-content\/uploads\/2021\/09\/fauteuil_me\u0301dical_rembourse\u0301_par_la_se\u0301curite\u0301_sociale_mobilys_Navailles.jpg","width":1000,"height":1000},{"@type":"BreadcrumbList","@id":"https:\/\/www.navailles.fr\/product\/mobilys\/#breadcrumb","itemListElement":[{"@type":"ListItem","position":1,"name":"Accueil","item":"https:\/\/www.navailles.fr\/"},{"@type":"ListItem","position":2,"name":"Boutique","item":"https:\/\/teletravail.navailles.fr\/"},{"@type":"ListItem","position":3,"name":"MOBILYS"}]},{"@type":"WebSite","@id":"https:\/\/www.navailles.fr\/#website","url":"https:\/\/www.navailles.fr\/","name":"Navailles","description":"Fabricant de fauteuils m\u00e9dicalis\u00e9s, si\u00e8ges de bureau et tabourets techniques","publisher":{"@id":"https:\/\/www.navailles.fr\/#organization"},"potentialAction":[{"@type":"SearchAction","target":{"@type":"EntryPoint","urlTemplate":"https:\/\/www.navailles.fr\/?s={search_term_string}"},"query-input":{"@type":"PropertyValueSpecification","valueRequired":true,"valueName":"search_term_string"}}],"inLanguage":"en-GB"},{"@type":"Organization","@id":"https:\/\/www.navailles.fr\/#organization","name":"Navailles","url":"https:\/\/www.navailles.fr\/","logo":{"@type":"ImageObject","inLanguage":"en-GB","@id":"https:\/\/www.navailles.fr\/#\/schema\/logo\/image\/","url":"https:\/\/www.navailles.fr\/wp-content\/uploads\/2021\/10\/logo_site_navailles1_Plan-de-travail-1.png","contentUrl":"https:\/\/www.navailles.fr\/wp-content\/uploads\/2021\/10\/logo_site_navailles1_Plan-de-travail-1.png","width":375,"height":125,"caption":"Navailles"},"image":{"@id":"https:\/\/www.navailles.fr\/#\/schema\/logo\/image\/"}}]}},"_links":{"self":[{"href":"https:\/\/www.navailles.fr\/en\/wp-json\/wp\/v2\/product\/27479","targetHints":{"allow":["GET"]}}],"collection":[{"href":"https:\/\/www.navailles.fr\/en\/wp-json\/wp\/v2\/product"}],"about":[{"href":"https:\/\/www.navailles.fr\/en\/wp-json\/wp\/v2\/types\/product"}],"wp:featuredmedia":[{"embeddable":true,"href":"https:\/\/www.navailles.fr\/en\/wp-json\/wp\/v2\/media\/38369"}],"wp:attachment":[{"href":"https:\/\/www.navailles.fr\/en\/wp-json\/wp\/v2\/media?parent=27479"}],"wp:term":[{"taxonomy":"product_brand","embeddable":true,"href":"https:\/\/www.navailles.fr\/en\/wp-json\/wp\/v2\/product_brand?post=27479"},{"taxonomy":"product_cat","embeddable":true,"href":"https:\/\/www.navailles.fr\/en\/wp-json\/wp\/v2\/product_cat?post=27479"},{"taxonomy":"product_tag","embeddable":true,"href":"https:\/\/www.navailles.fr\/en\/wp-json\/wp\/v2\/product_tag?post=27479"}],"curies":[{"name":"wp","href":"https:\/\/api.w.org\/{rel}","templated":true}]}}