{"id":27468,"date":"2021-09-13T09:55:59","date_gmt":"2021-09-13T07:55:59","guid":{"rendered":"https:\/\/navailles.fr\/?post_type=product&#038;p=27468"},"modified":"2025-07-09T15:35:21","modified_gmt":"2025-07-09T13:35:21","slug":"kali","status":"publish","type":"product","link":"https:\/\/www.navailles.fr\/en\/product\/kali\/","title":{"rendered":"KALI"},"content":{"rendered":"<p><strong>CHAIR FOR THE ORTHOPEDIC AND\/OR PEDIATRIC DEPARTMENT.<\/strong><br \/>\nKALI est un fauteuil m\u00e9dical \u00e0 assise r\u00e9glable en hauteur et inclinable, con\u00e7u pour s\u2019adapter aux prescriptions posturales des services d\u2019orthop\u00e9die, de r\u00e9\u00e9ducation et de p\u00e9diatrie. Gr\u00e2ce \u00e0 ses r\u00e9hausses m\u00e9caniques ind\u00e9pendantes sur les quatre pieds, il permet un ajustement fin et individualis\u00e9, adapt\u00e9 \u00e0 toutes les morphologies. Associ\u00e9 \u00e0 un pouf ou \u00e0 des repose-jambes ind\u00e9pendants, il offre un confort multi-positions essentiel \u00e0 la r\u00e9cup\u00e9ration.<\/p>","protected":false},"excerpt":{"rendered":"<p>Its mechanical adjustment by independent extensions of the 4 feet (English cane type) offers a simple and ideal solution to the specific needs of orthopedics, rehabilitation and pediatrics. Associated with its footstool or its independent leg rests, the Kali range ensures a multi-position comfort to adapt to the postural recommendations whatever the patient's morphology.<\/p>","protected":false},"featured_media":36869,"template":"","meta":{"_acf_changed":false,"content-type":"","site-sidebar-layout":"default","site-content-layout":"default","ast-global-header-display":"","ast-banner-title-visibility":"","ast-main-header-display":"","ast-hfb-above-header-display":"","ast-hfb-below-header-display":"","ast-hfb-mobile-header-display":"","site-post-title":"","ast-breadcrumbs-content":"","ast-featured-img":"","footer-sml-layout":"","theme-transparent-header-meta":"default","adv-header-id-meta":"","stick-header-meta":"default","header-above-stick-meta":"","header-main-stick-meta":"","header-below-stick-meta":""},"product_brand":[],"product_cat":[51,57,50],"product_tag":[],"class_list":{"0":"post-27468","1":"product","2":"type-product","3":"status-publish","4":"has-post-thumbnail","6":"product_cat-fauteuils-de-soins","7":"product_cat-fauteuils-specifiques","8":"product_cat-medical","10":"first","11":"instock","12":"taxable","13":"shipping-taxable","14":"product-type-simple"},"acf":[],"yoast_head":"<!-- This site is optimized with the Yoast SEO plugin v27.5 - https:\/\/yoast.com\/product\/yoast-seo-wordpress\/ -->\n<title>Fauteuil de soins orthop\u00e9dique Kali | Navailles<\/title>\n<meta name=\"description\" content=\"Fauteuil de soins orthop\u00e9dique Kali, \u00e0 retrouver sur le site de Navailles, le leader europ\u00e9en du fauteuil m\u00e9dical !\" \/>\n<meta name=\"robots\" content=\"index, follow, max-snippet:-1, max-image-preview:large, max-video-preview:-1\" \/>\n<link rel=\"canonical\" href=\"https:\/\/www.navailles.fr\/en\/product\/kali\/\" \/>\n<meta property=\"og:locale\" content=\"en_GB\" \/>\n<meta property=\"og:type\" content=\"article\" \/>\n<meta property=\"og:title\" content=\"Fauteuil de soins orthop\u00e9dique Kali | Navailles\" \/>\n<meta property=\"og:description\" content=\"Fauteuil de soins orthop\u00e9dique Kali, \u00e0 retrouver sur le site de Navailles, le leader europ\u00e9en du fauteuil m\u00e9dical !\" \/>\n<meta property=\"og:url\" content=\"https:\/\/www.navailles.fr\/en\/product\/kali\/\" \/>\n<meta property=\"og:site_name\" content=\"Navailles\" \/>\n<meta property=\"article:modified_time\" content=\"2025-07-09T13:35:21+00:00\" \/>\n<meta property=\"og:image\" content=\"https:\/\/www.navailles.fr\/wp-content\/uploads\/2021\/09\/fauteuil_me\u0301dical_orthope\u0301dique_kali_navailles.jpg\" \/>\n\t<meta property=\"og:image:width\" content=\"1000\" \/>\n\t<meta property=\"og:image:height\" content=\"1000\" \/>\n\t<meta property=\"og:image:type\" content=\"image\/jpeg\" \/>\n<meta name=\"twitter:card\" content=\"summary_large_image\" \/>\n<meta name=\"twitter:label1\" content=\"Estimated reading time\" \/>\n\t<meta name=\"twitter:data1\" content=\"1 minute\" \/>\n<!-- \/ Yoast SEO plugin. -->","yoast_head_json":{"title":"Orthopaedic care chair Kali | Navailles","description":"Orthopaedic care chair Kali, to be found on the Navailles website, the European leader in medical chairs!","robots":{"index":"index","follow":"follow","max-snippet":"max-snippet:-1","max-image-preview":"max-image-preview:large","max-video-preview":"max-video-preview:-1"},"canonical":"https:\/\/www.navailles.fr\/en\/product\/kali\/","og_locale":"en_GB","og_type":"article","og_title":"Fauteuil de soins orthop\u00e9dique Kali | Navailles","og_description":"Fauteuil de soins orthop\u00e9dique Kali, \u00e0 retrouver sur le site de Navailles, le leader europ\u00e9en du fauteuil m\u00e9dical !","og_url":"https:\/\/www.navailles.fr\/en\/product\/kali\/","og_site_name":"Navailles","article_modified_time":"2025-07-09T13:35:21+00:00","og_image":[{"width":1000,"height":1000,"url":"https:\/\/www.navailles.fr\/wp-content\/uploads\/2021\/09\/fauteuil_me\u0301dical_orthope\u0301dique_kali_navailles.jpg","type":"image\/jpeg"}],"twitter_card":"summary_large_image","twitter_misc":{"Estimated reading time":"1 minute"},"schema":{"@context":"https:\/\/schema.org","@graph":[{"@type":"WebPage","@id":"https:\/\/www.navailles.fr\/product\/kali\/","url":"https:\/\/www.navailles.fr\/product\/kali\/","name":"Orthopaedic care chair Kali | Navailles","isPartOf":{"@id":"https:\/\/www.navailles.fr\/#website"},"primaryImageOfPage":{"@id":"https:\/\/www.navailles.fr\/product\/kali\/#primaryimage"},"image":{"@id":"https:\/\/www.navailles.fr\/product\/kali\/#primaryimage"},"thumbnailUrl":"https:\/\/www.navailles.fr\/wp-content\/uploads\/2021\/09\/fauteuil_me\u0301dical_orthope\u0301dique_kali_navailles.jpg","datePublished":"2021-09-13T07:55:59+00:00","dateModified":"2025-07-09T13:35:21+00:00","description":"Orthopaedic care chair Kali, to be found on the Navailles website, the European leader in medical chairs!","breadcrumb":{"@id":"https:\/\/www.navailles.fr\/product\/kali\/#breadcrumb"},"inLanguage":"en-GB","potentialAction":[{"@type":"ReadAction","target":["https:\/\/www.navailles.fr\/product\/kali\/"]}]},{"@type":"ImageObject","inLanguage":"en-GB","@id":"https:\/\/www.navailles.fr\/product\/kali\/#primaryimage","url":"https:\/\/www.navailles.fr\/wp-content\/uploads\/2021\/09\/fauteuil_me\u0301dical_orthope\u0301dique_kali_navailles.jpg","contentUrl":"https:\/\/www.navailles.fr\/wp-content\/uploads\/2021\/09\/fauteuil_me\u0301dical_orthope\u0301dique_kali_navailles.jpg","width":1000,"height":1000,"caption":"Fauteuil orthop\u00e9dique m\u00e9dical Kali de trois quart Navailles"},{"@type":"BreadcrumbList","@id":"https:\/\/www.navailles.fr\/product\/kali\/#breadcrumb","itemListElement":[{"@type":"ListItem","position":1,"name":"Accueil","item":"https:\/\/www.navailles.fr\/"},{"@type":"ListItem","position":2,"name":"Boutique","item":"https:\/\/teletravail.navailles.fr\/"},{"@type":"ListItem","position":3,"name":"KALI"}]},{"@type":"WebSite","@id":"https:\/\/www.navailles.fr\/#website","url":"https:\/\/www.navailles.fr\/","name":"Navailles","description":"Fabricant de fauteuils m\u00e9dicalis\u00e9s, si\u00e8ges de bureau et tabourets techniques","publisher":{"@id":"https:\/\/www.navailles.fr\/#organization"},"potentialAction":[{"@type":"SearchAction","target":{"@type":"EntryPoint","urlTemplate":"https:\/\/www.navailles.fr\/?s={search_term_string}"},"query-input":{"@type":"PropertyValueSpecification","valueRequired":true,"valueName":"search_term_string"}}],"inLanguage":"en-GB"},{"@type":"Organization","@id":"https:\/\/www.navailles.fr\/#organization","name":"Navailles","url":"https:\/\/www.navailles.fr\/","logo":{"@type":"ImageObject","inLanguage":"en-GB","@id":"https:\/\/www.navailles.fr\/#\/schema\/logo\/image\/","url":"https:\/\/www.navailles.fr\/wp-content\/uploads\/2021\/10\/logo_site_navailles1_Plan-de-travail-1.png","contentUrl":"https:\/\/www.navailles.fr\/wp-content\/uploads\/2021\/10\/logo_site_navailles1_Plan-de-travail-1.png","width":375,"height":125,"caption":"Navailles"},"image":{"@id":"https:\/\/www.navailles.fr\/#\/schema\/logo\/image\/"}}]}},"_links":{"self":[{"href":"https:\/\/www.navailles.fr\/en\/wp-json\/wp\/v2\/product\/27468","targetHints":{"allow":["GET"]}}],"collection":[{"href":"https:\/\/www.navailles.fr\/en\/wp-json\/wp\/v2\/product"}],"about":[{"href":"https:\/\/www.navailles.fr\/en\/wp-json\/wp\/v2\/types\/product"}],"wp:featuredmedia":[{"embeddable":true,"href":"https:\/\/www.navailles.fr\/en\/wp-json\/wp\/v2\/media\/36869"}],"wp:attachment":[{"href":"https:\/\/www.navailles.fr\/en\/wp-json\/wp\/v2\/media?parent=27468"}],"wp:term":[{"taxonomy":"product_brand","embeddable":true,"href":"https:\/\/www.navailles.fr\/en\/wp-json\/wp\/v2\/product_brand?post=27468"},{"taxonomy":"product_cat","embeddable":true,"href":"https:\/\/www.navailles.fr\/en\/wp-json\/wp\/v2\/product_cat?post=27468"},{"taxonomy":"product_tag","embeddable":true,"href":"https:\/\/www.navailles.fr\/en\/wp-json\/wp\/v2\/product_tag?post=27468"}],"curies":[{"name":"wp","href":"https:\/\/api.w.org\/{rel}","templated":true}]}}