{"id":27454,"date":"2021-09-13T09:50:19","date_gmt":"2021-09-13T07:50:19","guid":{"rendered":"https:\/\/navailles.fr\/?post_type=product&#038;p=27454"},"modified":"2025-07-09T15:03:02","modified_gmt":"2025-07-09T13:03:02","slug":"hypnos-ii","status":"publish","type":"product","link":"https:\/\/www.navailles.fr\/en\/product\/hypnos-ii\/","title":{"rendered":"HYPNOS II"},"content":{"rendered":"<p><strong>FAUTEUIL MEDICAL DE CHAMBRE AVEC DOSSIER INCLINABLE<\/strong><br \/>\nAvec son appui-t\u00eate r\u00e9glable, son dossier inclinable \u00e0 commande bilat\u00e9rale et ses accoudoirs pens\u00e9s pour l\u2019accompagnement au quotidien, Hypnos 2 transforme chaque chambre en un espace de repos privil\u00e9gi\u00e9. Stable, ergonomique et rassurant, il s\u2019adresse aussi bien aux patients qu\u2019aux proches de passage, pour un confort partag\u00e9 sans compromis.<\/p>","protected":false},"excerpt":{"rendered":"<p>It ensures a perfect resting and relaxing position for its user. Intended to increase the comfort of the rooms, this comfortable, ergonomic chair welcomes both patients and their visiting family and friends.<\/p>","protected":false},"featured_media":36720,"template":"","meta":{"_acf_changed":false,"content-type":"","site-sidebar-layout":"default","site-content-layout":"default","ast-global-header-display":"","ast-banner-title-visibility":"","ast-main-header-display":"","ast-hfb-above-header-display":"","ast-hfb-below-header-display":"","ast-hfb-mobile-header-display":"","site-post-title":"","ast-breadcrumbs-content":"","ast-featured-img":"","footer-sml-layout":"","theme-transparent-header-meta":"default","adv-header-id-meta":"","stick-header-meta":"default","header-above-stick-meta":"","header-main-stick-meta":"","header-below-stick-meta":""},"product_brand":[],"product_cat":[55,51,50],"product_tag":[],"class_list":{"0":"post-27454","1":"product","2":"type-product","3":"status-publish","4":"has-post-thumbnail","6":"product_cat-fauteuils-de-chambre","7":"product_cat-fauteuils-de-soins","8":"product_cat-medical","10":"first","11":"instock","12":"taxable","13":"shipping-taxable","14":"product-type-simple"},"acf":[],"yoast_head":"<!-- This site is optimized with the Yoast SEO plugin v27.4 - https:\/\/yoast.com\/product\/yoast-seo-wordpress\/ -->\n<title>Fauteuil de chambre m\u00e9dical Hypnos II | Navailles<\/title>\n<meta name=\"description\" content=\"Fauteuil de chambre m\u00e9dical Hypnos II, avec dossier inclinable, \u00e0 retrouver sur le site de Navailles, le leader europ\u00e9en du fauteuil m\u00e9dical !\" \/>\n<meta name=\"robots\" content=\"index, follow, max-snippet:-1, max-image-preview:large, max-video-preview:-1\" \/>\n<link rel=\"canonical\" href=\"https:\/\/www.navailles.fr\/en\/product\/hypnos-ii\/\" \/>\n<meta property=\"og:locale\" content=\"en_GB\" \/>\n<meta property=\"og:type\" content=\"article\" \/>\n<meta property=\"og:title\" content=\"Fauteuil de chambre m\u00e9dical Hypnos II | Navailles\" \/>\n<meta property=\"og:description\" content=\"Fauteuil de chambre m\u00e9dical Hypnos II, avec dossier inclinable, \u00e0 retrouver sur le site de Navailles, le leader europ\u00e9en du fauteuil m\u00e9dical !\" \/>\n<meta property=\"og:url\" content=\"https:\/\/www.navailles.fr\/en\/product\/hypnos-ii\/\" \/>\n<meta property=\"og:site_name\" content=\"Navailles\" \/>\n<meta property=\"article:modified_time\" content=\"2025-07-09T13:03:02+00:00\" \/>\n<meta property=\"og:image\" content=\"https:\/\/www.navailles.fr\/wp-content\/uploads\/2021\/09\/fauteuil_Me\u0301dical_de_chambre_Hypnos_II_Navailles.jpg\" \/>\n\t<meta property=\"og:image:width\" content=\"1000\" \/>\n\t<meta property=\"og:image:height\" content=\"1000\" \/>\n\t<meta property=\"og:image:type\" content=\"image\/jpeg\" \/>\n<meta name=\"twitter:card\" content=\"summary_large_image\" \/>\n<meta name=\"twitter:label1\" content=\"Estimated reading time\" \/>\n\t<meta name=\"twitter:data1\" content=\"1 minute\" \/>\n<!-- \/ Yoast SEO plugin. -->","yoast_head_json":{"title":"Medical room chair Hypnos II | Navailles","description":"Medical room chair Hypnos II, with reclining backrest, to be found on the Navailles website, the european leader in medical chairs!","robots":{"index":"index","follow":"follow","max-snippet":"max-snippet:-1","max-image-preview":"max-image-preview:large","max-video-preview":"max-video-preview:-1"},"canonical":"https:\/\/www.navailles.fr\/en\/product\/hypnos-ii\/","og_locale":"en_GB","og_type":"article","og_title":"Fauteuil de chambre m\u00e9dical Hypnos II | Navailles","og_description":"Fauteuil de chambre m\u00e9dical Hypnos II, avec dossier inclinable, \u00e0 retrouver sur le site de Navailles, le leader europ\u00e9en du fauteuil m\u00e9dical !","og_url":"https:\/\/www.navailles.fr\/en\/product\/hypnos-ii\/","og_site_name":"Navailles","article_modified_time":"2025-07-09T13:03:02+00:00","og_image":[{"width":1000,"height":1000,"url":"https:\/\/www.navailles.fr\/wp-content\/uploads\/2021\/09\/fauteuil_Me\u0301dical_de_chambre_Hypnos_II_Navailles.jpg","type":"image\/jpeg"}],"twitter_card":"summary_large_image","twitter_misc":{"Estimated reading time":"1 minute"},"schema":{"@context":"https:\/\/schema.org","@graph":[{"@type":"WebPage","@id":"https:\/\/www.navailles.fr\/product\/hypnos-ii\/","url":"https:\/\/www.navailles.fr\/product\/hypnos-ii\/","name":"Medical room chair Hypnos II | Navailles","isPartOf":{"@id":"https:\/\/www.navailles.fr\/#website"},"primaryImageOfPage":{"@id":"https:\/\/www.navailles.fr\/product\/hypnos-ii\/#primaryimage"},"image":{"@id":"https:\/\/www.navailles.fr\/product\/hypnos-ii\/#primaryimage"},"thumbnailUrl":"https:\/\/www.navailles.fr\/wp-content\/uploads\/2021\/09\/fauteuil_Me\u0301dical_de_chambre_Hypnos_II_Navailles.jpg","datePublished":"2021-09-13T07:50:19+00:00","dateModified":"2025-07-09T13:03:02+00:00","description":"Medical room chair Hypnos II, with reclining backrest, to be found on the Navailles website, the european leader in medical chairs!","breadcrumb":{"@id":"https:\/\/www.navailles.fr\/product\/hypnos-ii\/#breadcrumb"},"inLanguage":"en-GB","potentialAction":[{"@type":"ReadAction","target":["https:\/\/www.navailles.fr\/product\/hypnos-ii\/"]}]},{"@type":"ImageObject","inLanguage":"en-GB","@id":"https:\/\/www.navailles.fr\/product\/hypnos-ii\/#primaryimage","url":"https:\/\/www.navailles.fr\/wp-content\/uploads\/2021\/09\/fauteuil_Me\u0301dical_de_chambre_Hypnos_II_Navailles.jpg","contentUrl":"https:\/\/www.navailles.fr\/wp-content\/uploads\/2021\/09\/fauteuil_Me\u0301dical_de_chambre_Hypnos_II_Navailles.jpg","width":1000,"height":1000,"caption":"Fauteuil m\u00e9dical de chambre Hypnos II de trois quart Navailles"},{"@type":"BreadcrumbList","@id":"https:\/\/www.navailles.fr\/product\/hypnos-ii\/#breadcrumb","itemListElement":[{"@type":"ListItem","position":1,"name":"Accueil","item":"https:\/\/www.navailles.fr\/"},{"@type":"ListItem","position":2,"name":"Boutique","item":"https:\/\/teletravail.navailles.fr\/"},{"@type":"ListItem","position":3,"name":"HYPNOS II"}]},{"@type":"WebSite","@id":"https:\/\/www.navailles.fr\/#website","url":"https:\/\/www.navailles.fr\/","name":"Navailles","description":"Fabricant de fauteuils m\u00e9dicalis\u00e9s, si\u00e8ges de bureau et tabourets techniques","publisher":{"@id":"https:\/\/www.navailles.fr\/#organization"},"potentialAction":[{"@type":"SearchAction","target":{"@type":"EntryPoint","urlTemplate":"https:\/\/www.navailles.fr\/?s={search_term_string}"},"query-input":{"@type":"PropertyValueSpecification","valueRequired":true,"valueName":"search_term_string"}}],"inLanguage":"en-GB"},{"@type":"Organization","@id":"https:\/\/www.navailles.fr\/#organization","name":"Navailles","url":"https:\/\/www.navailles.fr\/","logo":{"@type":"ImageObject","inLanguage":"en-GB","@id":"https:\/\/www.navailles.fr\/#\/schema\/logo\/image\/","url":"https:\/\/www.navailles.fr\/wp-content\/uploads\/2021\/10\/logo_site_navailles1_Plan-de-travail-1.png","contentUrl":"https:\/\/www.navailles.fr\/wp-content\/uploads\/2021\/10\/logo_site_navailles1_Plan-de-travail-1.png","width":375,"height":125,"caption":"Navailles"},"image":{"@id":"https:\/\/www.navailles.fr\/#\/schema\/logo\/image\/"}}]}},"_links":{"self":[{"href":"https:\/\/www.navailles.fr\/en\/wp-json\/wp\/v2\/product\/27454","targetHints":{"allow":["GET"]}}],"collection":[{"href":"https:\/\/www.navailles.fr\/en\/wp-json\/wp\/v2\/product"}],"about":[{"href":"https:\/\/www.navailles.fr\/en\/wp-json\/wp\/v2\/types\/product"}],"wp:featuredmedia":[{"embeddable":true,"href":"https:\/\/www.navailles.fr\/en\/wp-json\/wp\/v2\/media\/36720"}],"wp:attachment":[{"href":"https:\/\/www.navailles.fr\/en\/wp-json\/wp\/v2\/media?parent=27454"}],"wp:term":[{"taxonomy":"product_brand","embeddable":true,"href":"https:\/\/www.navailles.fr\/en\/wp-json\/wp\/v2\/product_brand?post=27454"},{"taxonomy":"product_cat","embeddable":true,"href":"https:\/\/www.navailles.fr\/en\/wp-json\/wp\/v2\/product_cat?post=27454"},{"taxonomy":"product_tag","embeddable":true,"href":"https:\/\/www.navailles.fr\/en\/wp-json\/wp\/v2\/product_tag?post=27454"}],"curies":[{"name":"wp","href":"https:\/\/api.w.org\/{rel}","templated":true}]}}