{"id":27439,"date":"2021-09-13T09:36:29","date_gmt":"2021-09-13T07:36:29","guid":{"rendered":"https:\/\/navailles.fr\/?post_type=product&#038;p=27439"},"modified":"2025-07-09T15:44:37","modified_gmt":"2025-07-09T13:44:37","slug":"selene","status":"publish","type":"product","link":"https:\/\/www.navailles.fr\/en\/product\/selene\/","title":{"rendered":"S\u00c9L\u00c9N\u00c9"},"content":{"rendered":"<p><strong>FAUTEUIL D\u2019H\u00c9BERGEMENT AVEC GARDE-ROBE ADAPT\u00c9 AUX PATIENTS \u00c0 MOBILIT\u00c9 R\u00c9DUITE<\/strong><br \/>\nS\u00c9L\u00c9N\u00c9 est un fauteuil d\u2019h\u00e9bergement mobile con\u00e7u pour r\u00e9pondre aux besoins des patients en situation de perte d\u2019autonomie. Compact, ergonomique et personnalisable, il facilite le quotidien des soignants comme des r\u00e9sidents. Son dossier fractionn\u00e9 2\/3 \u2013 1\/3 optimise l\u2019acc\u00e8s aux soins, tandis que sa garde-robe int\u00e9gr\u00e9e renforce la discr\u00e9tion, la s\u00e9curit\u00e9 et le respect de la personne.<\/p>","protected":false},"excerpt":{"rendered":"<p>It improves the daily life, the safety and the dignity of the persons in situation of loss of autonomy. Proposed on wheels, its small size is ideal to equip small spaces. Its 2\/3 - 1\/3 backrest facilitates the administration of care and the work of the nursing staff. Its wide range of personalized accessories allows it to adapt to all morphologies and to deal with all situations.<\/p>","protected":false},"featured_media":36884,"template":"","meta":{"_acf_changed":false,"content-type":"","site-sidebar-layout":"default","site-content-layout":"default","ast-global-header-display":"","ast-banner-title-visibility":"","ast-main-header-display":"","ast-hfb-above-header-display":"","ast-hfb-below-header-display":"","ast-hfb-mobile-header-display":"","site-post-title":"","ast-breadcrumbs-content":"","ast-featured-img":"","footer-sml-layout":"","theme-transparent-header-meta":"default","adv-header-id-meta":"","stick-header-meta":"default","header-above-stick-meta":"","header-main-stick-meta":"","header-below-stick-meta":""},"product_brand":[],"product_cat":[51,57,50],"product_tag":[],"class_list":{"0":"post-27439","1":"product","2":"type-product","3":"status-publish","4":"has-post-thumbnail","6":"product_cat-fauteuils-de-soins","7":"product_cat-fauteuils-specifiques","8":"product_cat-medical","10":"first","11":"instock","12":"taxable","13":"shipping-taxable","14":"product-type-simple"},"acf":[],"yoast_head":"<!-- This site is optimized with the Yoast SEO plugin v27.3 - https:\/\/yoast.com\/product\/yoast-seo-wordpress\/ -->\n<title>Fauteuil garde robe S\u00e9l\u00e9n\u00e9 | Navailles<\/title>\n<meta name=\"description\" content=\"Fauteuil garde robe S\u00e9l\u00e9n\u00e9, pour personne \u00e0 mobilit\u00e9 r\u00e9duite, \u00e0 retrouver sur le site de Navailles, le leader europ\u00e9en du fauteuil m\u00e9dical !\" \/>\n<meta name=\"robots\" content=\"index, follow, max-snippet:-1, max-image-preview:large, max-video-preview:-1\" \/>\n<link rel=\"canonical\" href=\"https:\/\/www.navailles.fr\/en\/product\/selene\/\" \/>\n<meta property=\"og:locale\" content=\"en_GB\" \/>\n<meta property=\"og:type\" content=\"article\" \/>\n<meta property=\"og:title\" content=\"Fauteuil garde robe S\u00e9l\u00e9n\u00e9 | Navailles\" \/>\n<meta property=\"og:description\" content=\"Fauteuil garde robe S\u00e9l\u00e9n\u00e9, pour personne \u00e0 mobilit\u00e9 r\u00e9duite, \u00e0 retrouver sur le site de Navailles, le leader europ\u00e9en du fauteuil m\u00e9dical !\" \/>\n<meta property=\"og:url\" content=\"https:\/\/www.navailles.fr\/en\/product\/selene\/\" \/>\n<meta property=\"og:site_name\" content=\"Navailles\" \/>\n<meta property=\"article:modified_time\" content=\"2025-07-09T13:44:37+00:00\" \/>\n<meta property=\"og:image\" content=\"https:\/\/www.navailles.fr\/wp-content\/uploads\/2021\/09\/selene_fauteuil_garderobe_Navailles.jpg\" \/>\n\t<meta property=\"og:image:width\" content=\"1000\" \/>\n\t<meta property=\"og:image:height\" content=\"1000\" \/>\n\t<meta property=\"og:image:type\" content=\"image\/jpeg\" \/>\n<meta name=\"twitter:card\" content=\"summary_large_image\" \/>\n<meta name=\"twitter:label1\" content=\"Estimated reading time\" \/>\n\t<meta name=\"twitter:data1\" content=\"1 minute\" \/>\n<!-- \/ Yoast SEO plugin. -->","yoast_head_json":{"title":"Fauteuil garde robe S\u00e9l\u00e9n\u00e9 | Navailles","description":"Fauteuil garde robe S\u00e9l\u00e9n\u00e9, pour personne \u00e0 mobilit\u00e9 r\u00e9duite, \u00e0 retrouver sur le site de Navailles, le leader europ\u00e9en du fauteuil m\u00e9dical !","robots":{"index":"index","follow":"follow","max-snippet":"max-snippet:-1","max-image-preview":"max-image-preview:large","max-video-preview":"max-video-preview:-1"},"canonical":"https:\/\/www.navailles.fr\/en\/product\/selene\/","og_locale":"en_GB","og_type":"article","og_title":"Fauteuil garde robe S\u00e9l\u00e9n\u00e9 | Navailles","og_description":"Fauteuil garde robe S\u00e9l\u00e9n\u00e9, pour personne \u00e0 mobilit\u00e9 r\u00e9duite, \u00e0 retrouver sur le site de Navailles, le leader europ\u00e9en du fauteuil m\u00e9dical !","og_url":"https:\/\/www.navailles.fr\/en\/product\/selene\/","og_site_name":"Navailles","article_modified_time":"2025-07-09T13:44:37+00:00","og_image":[{"width":1000,"height":1000,"url":"https:\/\/www.navailles.fr\/wp-content\/uploads\/2021\/09\/selene_fauteuil_garderobe_Navailles.jpg","type":"image\/jpeg"}],"twitter_card":"summary_large_image","twitter_misc":{"Estimated reading time":"1 minute"},"schema":{"@context":"https:\/\/schema.org","@graph":[{"@type":"WebPage","@id":"https:\/\/www.navailles.fr\/product\/selene\/","url":"https:\/\/www.navailles.fr\/product\/selene\/","name":"Fauteuil garde robe S\u00e9l\u00e9n\u00e9 | Navailles","isPartOf":{"@id":"https:\/\/www.navailles.fr\/#website"},"primaryImageOfPage":{"@id":"https:\/\/www.navailles.fr\/product\/selene\/#primaryimage"},"image":{"@id":"https:\/\/www.navailles.fr\/product\/selene\/#primaryimage"},"thumbnailUrl":"https:\/\/www.navailles.fr\/wp-content\/uploads\/2021\/09\/selene_fauteuil_garderobe_Navailles.jpg","datePublished":"2021-09-13T07:36:29+00:00","dateModified":"2025-07-09T13:44:37+00:00","description":"Fauteuil garde robe S\u00e9l\u00e9n\u00e9, pour personne \u00e0 mobilit\u00e9 r\u00e9duite, \u00e0 retrouver sur le site de Navailles, le leader europ\u00e9en du fauteuil m\u00e9dical !","breadcrumb":{"@id":"https:\/\/www.navailles.fr\/product\/selene\/#breadcrumb"},"inLanguage":"en-GB","potentialAction":[{"@type":"ReadAction","target":["https:\/\/www.navailles.fr\/product\/selene\/"]}]},{"@type":"ImageObject","inLanguage":"en-GB","@id":"https:\/\/www.navailles.fr\/product\/selene\/#primaryimage","url":"https:\/\/www.navailles.fr\/wp-content\/uploads\/2021\/09\/selene_fauteuil_garderobe_Navailles.jpg","contentUrl":"https:\/\/www.navailles.fr\/wp-content\/uploads\/2021\/09\/selene_fauteuil_garderobe_Navailles.jpg","width":1000,"height":1000,"caption":"Fauteuil garde robe m\u00e9dical Selene de trois quart Navailles"},{"@type":"BreadcrumbList","@id":"https:\/\/www.navailles.fr\/product\/selene\/#breadcrumb","itemListElement":[{"@type":"ListItem","position":1,"name":"Accueil","item":"https:\/\/www.navailles.fr\/"},{"@type":"ListItem","position":2,"name":"Boutique","item":"https:\/\/teletravail.navailles.fr\/"},{"@type":"ListItem","position":3,"name":"S\u00c9L\u00c9N\u00c9"}]},{"@type":"WebSite","@id":"https:\/\/www.navailles.fr\/#website","url":"https:\/\/www.navailles.fr\/","name":"Navailles","description":"Fabricant de fauteuils m\u00e9dicalis\u00e9s, si\u00e8ges de bureau et tabourets techniques","publisher":{"@id":"https:\/\/www.navailles.fr\/#organization"},"potentialAction":[{"@type":"SearchAction","target":{"@type":"EntryPoint","urlTemplate":"https:\/\/www.navailles.fr\/?s={search_term_string}"},"query-input":{"@type":"PropertyValueSpecification","valueRequired":true,"valueName":"search_term_string"}}],"inLanguage":"en-GB"},{"@type":"Organization","@id":"https:\/\/www.navailles.fr\/#organization","name":"Navailles","url":"https:\/\/www.navailles.fr\/","logo":{"@type":"ImageObject","inLanguage":"en-GB","@id":"https:\/\/www.navailles.fr\/#\/schema\/logo\/image\/","url":"https:\/\/www.navailles.fr\/wp-content\/uploads\/2021\/10\/logo_site_navailles1_Plan-de-travail-1.png","contentUrl":"https:\/\/www.navailles.fr\/wp-content\/uploads\/2021\/10\/logo_site_navailles1_Plan-de-travail-1.png","width":375,"height":125,"caption":"Navailles"},"image":{"@id":"https:\/\/www.navailles.fr\/#\/schema\/logo\/image\/"}}]}},"_links":{"self":[{"href":"https:\/\/www.navailles.fr\/en\/wp-json\/wp\/v2\/product\/27439","targetHints":{"allow":["GET"]}}],"collection":[{"href":"https:\/\/www.navailles.fr\/en\/wp-json\/wp\/v2\/product"}],"about":[{"href":"https:\/\/www.navailles.fr\/en\/wp-json\/wp\/v2\/types\/product"}],"wp:featuredmedia":[{"embeddable":true,"href":"https:\/\/www.navailles.fr\/en\/wp-json\/wp\/v2\/media\/36884"}],"wp:attachment":[{"href":"https:\/\/www.navailles.fr\/en\/wp-json\/wp\/v2\/media?parent=27439"}],"wp:term":[{"taxonomy":"product_brand","embeddable":true,"href":"https:\/\/www.navailles.fr\/en\/wp-json\/wp\/v2\/product_brand?post=27439"},{"taxonomy":"product_cat","embeddable":true,"href":"https:\/\/www.navailles.fr\/en\/wp-json\/wp\/v2\/product_cat?post=27439"},{"taxonomy":"product_tag","embeddable":true,"href":"https:\/\/www.navailles.fr\/en\/wp-json\/wp\/v2\/product_tag?post=27439"}],"curies":[{"name":"wp","href":"https:\/\/api.w.org\/{rel}","templated":true}]}}