{"id":27430,"date":"2021-09-10T12:00:26","date_gmt":"2021-09-10T10:00:26","guid":{"rendered":"https:\/\/navailles.fr\/?post_type=product&#038;p=27430"},"modified":"2025-07-09T15:18:41","modified_gmt":"2025-07-09T13:18:41","slug":"vesta-ii","status":"publish","type":"product","link":"https:\/\/www.navailles.fr\/en\/product\/vesta-ii\/","title":{"rendered":"VESTA"},"content":{"rendered":"<p><strong>FAUTEUIL M\u00c9DICAL DE TRANSFERT MONOBLOC ET INCLINABLE<\/strong><br \/>\nVESTA II est un fauteuil m\u00e9dical de transfert con\u00e7u pour allier simplicit\u00e9 d\u2019usage, confort et s\u00e9curit\u00e9. Son dossier monobloc inclinable, son assise amovible hygi\u00e9nique et son repose-pieds r\u00e9glable assurent un maintien optimal et un positionnement stable du patient. Un fauteuil pens\u00e9 pour faciliter les soins tout en accompagnant les d\u00e9placements de mani\u00e8re fiable et s\u00e9curis\u00e9e.<\/p>","protected":false},"excerpt":{"rendered":"<p>Avec son dossier monobloc inclinable, il offre des<br \/>\nqualit\u00e9s \u00e9prouv\u00e9es de confort d\u2019assise, d\u2019ergonomie des<br \/>\nsoins et de facilit\u00e9 d\u2019utilisation. Sa conception technique favorise le maintien, supprime les points d\u2019appui douloureux et soutient les cervicales pour<br \/>\nassurer au patient un confort optimal. Son repose-pieds r\u00e9glable en hauteur, permettra au patient<br \/>\nde maintenir ses pieds \u00e0 plat, quelle que soit sa taille.<\/p>","protected":false},"featured_media":36792,"template":"","meta":{"_acf_changed":false,"content-type":"","site-sidebar-layout":"default","site-content-layout":"default","ast-global-header-display":"","ast-banner-title-visibility":"","ast-main-header-display":"","ast-hfb-above-header-display":"","ast-hfb-below-header-display":"","ast-hfb-mobile-header-display":"","site-post-title":"","ast-breadcrumbs-content":"","ast-featured-img":"","footer-sml-layout":"","theme-transparent-header-meta":"default","adv-header-id-meta":"","stick-header-meta":"default","header-above-stick-meta":"","header-main-stick-meta":"","header-below-stick-meta":""},"product_brand":[],"product_cat":[51,56,50],"product_tag":[],"class_list":{"0":"post-27430","1":"product","2":"type-product","3":"status-publish","4":"has-post-thumbnail","6":"product_cat-fauteuils-de-soins","7":"product_cat-fauteuils-de-transfert","8":"product_cat-medical","10":"first","11":"instock","12":"taxable","13":"shipping-taxable","14":"product-type-simple"},"acf":[],"yoast_head":"<!-- This site is optimized with the Yoast SEO plugin v27.4 - https:\/\/yoast.com\/product\/yoast-seo-wordpress\/ -->\n<title>Fauteuil m\u00e9dical de transfert Vesta I | Navailles<\/title>\n<meta name=\"description\" content=\"Fauteuil m\u00e9dical de transfert Vesta I \u00e0 retrouver sur le site de Navailles, le leader europ\u00e9en du fauteuil m\u00e9dical !\" \/>\n<meta name=\"robots\" content=\"index, follow, max-snippet:-1, max-image-preview:large, max-video-preview:-1\" \/>\n<link rel=\"canonical\" href=\"https:\/\/www.navailles.fr\/en\/product\/vesta-ii\/\" \/>\n<meta property=\"og:locale\" content=\"en_GB\" \/>\n<meta property=\"og:type\" content=\"article\" \/>\n<meta property=\"og:title\" content=\"Fauteuil m\u00e9dical de transfert Vesta I | Navailles\" \/>\n<meta property=\"og:description\" content=\"Fauteuil m\u00e9dical de transfert Vesta I \u00e0 retrouver sur le site de Navailles, le leader europ\u00e9en du fauteuil m\u00e9dical !\" \/>\n<meta property=\"og:url\" content=\"https:\/\/www.navailles.fr\/en\/product\/vesta-ii\/\" \/>\n<meta property=\"og:site_name\" content=\"Navailles\" \/>\n<meta property=\"article:modified_time\" content=\"2025-07-09T13:18:41+00:00\" \/>\n<meta property=\"og:image\" content=\"https:\/\/www.navailles.fr\/wp-content\/uploads\/2021\/09\/fauteuil_me\u0301dicalise\u0301_de_transfert_Navailles_VESTA_Roulettes.jpg\" \/>\n\t<meta property=\"og:image:width\" content=\"1000\" \/>\n\t<meta property=\"og:image:height\" content=\"1000\" \/>\n\t<meta property=\"og:image:type\" content=\"image\/jpeg\" \/>\n<meta name=\"twitter:card\" content=\"summary_large_image\" \/>\n<meta name=\"twitter:label1\" content=\"Estimated reading time\" \/>\n\t<meta name=\"twitter:data1\" content=\"1 minute\" \/>\n<!-- \/ Yoast SEO plugin. -->","yoast_head_json":{"title":"Medical transfer chair Vesta II | Navailles","description":"Medical transfer chair Vesta I, to be found on the Navailles website, the European leader in medical chairs!","robots":{"index":"index","follow":"follow","max-snippet":"max-snippet:-1","max-image-preview":"max-image-preview:large","max-video-preview":"max-video-preview:-1"},"canonical":"https:\/\/www.navailles.fr\/en\/product\/vesta-ii\/","og_locale":"en_GB","og_type":"article","og_title":"Fauteuil m\u00e9dical de transfert Vesta I | Navailles","og_description":"Fauteuil m\u00e9dical de transfert Vesta I \u00e0 retrouver sur le site de Navailles, le leader europ\u00e9en du fauteuil m\u00e9dical !","og_url":"https:\/\/www.navailles.fr\/en\/product\/vesta-ii\/","og_site_name":"Navailles","article_modified_time":"2025-07-09T13:18:41+00:00","og_image":[{"width":1000,"height":1000,"url":"https:\/\/www.navailles.fr\/wp-content\/uploads\/2021\/09\/fauteuil_me\u0301dicalise\u0301_de_transfert_Navailles_VESTA_Roulettes.jpg","type":"image\/jpeg"}],"twitter_card":"summary_large_image","twitter_misc":{"Estimated reading time":"1 minute"},"schema":{"@context":"https:\/\/schema.org","@graph":[{"@type":"WebPage","@id":"https:\/\/www.navailles.fr\/product\/vesta-ii\/","url":"https:\/\/www.navailles.fr\/product\/vesta-ii\/","name":"Medical transfer chair Vesta II | Navailles","isPartOf":{"@id":"https:\/\/www.navailles.fr\/#website"},"primaryImageOfPage":{"@id":"https:\/\/www.navailles.fr\/product\/vesta-ii\/#primaryimage"},"image":{"@id":"https:\/\/www.navailles.fr\/product\/vesta-ii\/#primaryimage"},"thumbnailUrl":"https:\/\/www.navailles.fr\/wp-content\/uploads\/2021\/09\/fauteuil_me\u0301dicalise\u0301_de_transfert_Navailles_VESTA_Roulettes.jpg","datePublished":"2021-09-10T10:00:26+00:00","dateModified":"2025-07-09T13:18:41+00:00","description":"Medical transfer chair Vesta I, to be found on the Navailles website, the European leader in medical chairs!","breadcrumb":{"@id":"https:\/\/www.navailles.fr\/product\/vesta-ii\/#breadcrumb"},"inLanguage":"en-GB","potentialAction":[{"@type":"ReadAction","target":["https:\/\/www.navailles.fr\/product\/vesta-ii\/"]}]},{"@type":"ImageObject","inLanguage":"en-GB","@id":"https:\/\/www.navailles.fr\/product\/vesta-ii\/#primaryimage","url":"https:\/\/www.navailles.fr\/wp-content\/uploads\/2021\/09\/fauteuil_me\u0301dicalise\u0301_de_transfert_Navailles_VESTA_Roulettes.jpg","contentUrl":"https:\/\/www.navailles.fr\/wp-content\/uploads\/2021\/09\/fauteuil_me\u0301dicalise\u0301_de_transfert_Navailles_VESTA_Roulettes.jpg","width":1000,"height":1000,"caption":"Fauteuil m\u00e9dical de transfert VESTA sur roulettes de trois quart Navailles"},{"@type":"BreadcrumbList","@id":"https:\/\/www.navailles.fr\/product\/vesta-ii\/#breadcrumb","itemListElement":[{"@type":"ListItem","position":1,"name":"Accueil","item":"https:\/\/www.navailles.fr\/"},{"@type":"ListItem","position":2,"name":"Boutique","item":"https:\/\/teletravail.navailles.fr\/"},{"@type":"ListItem","position":3,"name":"VESTA"}]},{"@type":"WebSite","@id":"https:\/\/www.navailles.fr\/#website","url":"https:\/\/www.navailles.fr\/","name":"Navailles","description":"Fabricant de fauteuils m\u00e9dicalis\u00e9s, si\u00e8ges de bureau et tabourets techniques","publisher":{"@id":"https:\/\/www.navailles.fr\/#organization"},"potentialAction":[{"@type":"SearchAction","target":{"@type":"EntryPoint","urlTemplate":"https:\/\/www.navailles.fr\/?s={search_term_string}"},"query-input":{"@type":"PropertyValueSpecification","valueRequired":true,"valueName":"search_term_string"}}],"inLanguage":"en-GB"},{"@type":"Organization","@id":"https:\/\/www.navailles.fr\/#organization","name":"Navailles","url":"https:\/\/www.navailles.fr\/","logo":{"@type":"ImageObject","inLanguage":"en-GB","@id":"https:\/\/www.navailles.fr\/#\/schema\/logo\/image\/","url":"https:\/\/www.navailles.fr\/wp-content\/uploads\/2021\/10\/logo_site_navailles1_Plan-de-travail-1.png","contentUrl":"https:\/\/www.navailles.fr\/wp-content\/uploads\/2021\/10\/logo_site_navailles1_Plan-de-travail-1.png","width":375,"height":125,"caption":"Navailles"},"image":{"@id":"https:\/\/www.navailles.fr\/#\/schema\/logo\/image\/"}}]}},"_links":{"self":[{"href":"https:\/\/www.navailles.fr\/en\/wp-json\/wp\/v2\/product\/27430","targetHints":{"allow":["GET"]}}],"collection":[{"href":"https:\/\/www.navailles.fr\/en\/wp-json\/wp\/v2\/product"}],"about":[{"href":"https:\/\/www.navailles.fr\/en\/wp-json\/wp\/v2\/types\/product"}],"wp:featuredmedia":[{"embeddable":true,"href":"https:\/\/www.navailles.fr\/en\/wp-json\/wp\/v2\/media\/36792"}],"wp:attachment":[{"href":"https:\/\/www.navailles.fr\/en\/wp-json\/wp\/v2\/media?parent=27430"}],"wp:term":[{"taxonomy":"product_brand","embeddable":true,"href":"https:\/\/www.navailles.fr\/en\/wp-json\/wp\/v2\/product_brand?post=27430"},{"taxonomy":"product_cat","embeddable":true,"href":"https:\/\/www.navailles.fr\/en\/wp-json\/wp\/v2\/product_cat?post=27430"},{"taxonomy":"product_tag","embeddable":true,"href":"https:\/\/www.navailles.fr\/en\/wp-json\/wp\/v2\/product_tag?post=27430"}],"curies":[{"name":"wp","href":"https:\/\/api.w.org\/{rel}","templated":true}]}}