{"id":27426,"date":"2021-09-10T11:51:42","date_gmt":"2021-09-10T09:51:42","guid":{"rendered":"https:\/\/navailles.fr\/?post_type=product&#038;p=27426"},"modified":"2025-06-12T16:31:50","modified_gmt":"2025-06-12T14:31:50","slug":"higie","status":"publish","type":"product","link":"https:\/\/www.navailles.fr\/en\/product\/higie\/","title":{"rendered":"HIGIE"},"content":{"rendered":"<p><strong>TABOURETS D\u2019EXAMEN \u00c0 HAUTEUR VARIABLE AVEC ASSISE GARNIE<\/strong><br \/>\nHIGIE est une gamme de tabourets d\u2019examen con\u00e7ue pour r\u00e9pondre aux exigences du quotidien en milieu hospitalier. Polyvalente, mobile et hygi\u00e9nique, elle s\u2019adapte \u00e0 chaque configuration de soin gr\u00e2ce \u00e0 ses nombreuses variantes : avec ou sans dossier, sur roulettes ou sur patins, et avec plusieurs hauteurs d\u2019assise disponibles. Un indispensable pour accompagner les professionnels de sant\u00e9 avec efficacit\u00e9 et confort.<\/p>","protected":false},"excerpt":{"rendered":"<p>Tabourets d\u2019examen sur roulettes ou sur patins, avec assise confort (60 mm) ou standard (30 mm), avec ou sans dossier, croix acier chrom\u00e9, r\u00e9glage en hauteur de l\u2019assise par commande au pied ou sous l\u2019assise.<br \/>\nHauteur d\u2019assise H2 disponible avec et sans repose-pieds r\u00e9glable en hauteur. Hauteur d\u2019assise H3 disponible en standard avec repose-pieds r\u00e9glable en hauteur.<\/p>","protected":false},"featured_media":37008,"template":"","meta":{"_acf_changed":false,"content-type":"","site-sidebar-layout":"default","site-content-layout":"default","ast-global-header-display":"","ast-banner-title-visibility":"","ast-main-header-display":"","ast-hfb-above-header-display":"","ast-hfb-below-header-display":"","ast-hfb-mobile-header-display":"","site-post-title":"","ast-breadcrumbs-content":"","ast-featured-img":"","footer-sml-layout":"","theme-transparent-header-meta":"default","adv-header-id-meta":"","stick-header-meta":"default","header-above-stick-meta":"","header-main-stick-meta":"","header-below-stick-meta":""},"product_brand":[],"product_cat":[50,53],"product_tag":[],"class_list":{"0":"post-27426","1":"product","2":"type-product","3":"status-publish","4":"has-post-thumbnail","6":"product_cat-medical","7":"product_cat-sieges-praticiens","9":"first","10":"instock","11":"taxable","12":"shipping-taxable","13":"product-type-simple"},"acf":[],"yoast_head":"<!-- This site is optimized with the Yoast SEO plugin v27.4 - https:\/\/yoast.com\/product\/yoast-seo-wordpress\/ -->\n<title>Tabouret praticien | Navailles<\/title>\n<meta name=\"description\" content=\"Tabouret praticien m\u00e9dical Higie pour usage profesionnel \u00e0 retrouver sur le site de Navailles, le leader europ\u00e9en du fauteuil m\u00e9dical !\" \/>\n<meta name=\"robots\" content=\"index, follow, max-snippet:-1, max-image-preview:large, max-video-preview:-1\" \/>\n<link rel=\"canonical\" href=\"https:\/\/www.navailles.fr\/en\/product\/higie\/\" \/>\n<meta property=\"og:locale\" content=\"en_GB\" \/>\n<meta property=\"og:type\" content=\"article\" \/>\n<meta property=\"og:title\" content=\"Tabouret praticien | Navailles\" \/>\n<meta property=\"og:description\" content=\"Tabouret praticien m\u00e9dical Higie pour usage profesionnel \u00e0 retrouver sur le site de Navailles, le leader europ\u00e9en du fauteuil m\u00e9dical !\" \/>\n<meta property=\"og:url\" content=\"https:\/\/www.navailles.fr\/en\/product\/higie\/\" \/>\n<meta property=\"og:site_name\" content=\"Navailles\" \/>\n<meta property=\"article:modified_time\" content=\"2025-06-12T14:31:50+00:00\" \/>\n<meta property=\"og:image\" content=\"https:\/\/www.navailles.fr\/wp-content\/uploads\/2021\/09\/tabouret_praticien_higie_rouge_Navailles.jpg\" \/>\n\t<meta property=\"og:image:width\" content=\"1000\" \/>\n\t<meta property=\"og:image:height\" content=\"1000\" \/>\n\t<meta property=\"og:image:type\" content=\"image\/jpeg\" \/>\n<meta name=\"twitter:card\" content=\"summary_large_image\" \/>\n<meta name=\"twitter:label1\" content=\"Estimated reading time\" \/>\n\t<meta name=\"twitter:data1\" content=\"1 minute\" \/>\n<!-- \/ Yoast SEO plugin. -->","yoast_head_json":{"title":"Tabouret praticien | Navailles","description":"Tabouret praticien m\u00e9dical Higie pour usage profesionnel \u00e0 retrouver sur le site de Navailles, le leader europ\u00e9en du fauteuil m\u00e9dical !","robots":{"index":"index","follow":"follow","max-snippet":"max-snippet:-1","max-image-preview":"max-image-preview:large","max-video-preview":"max-video-preview:-1"},"canonical":"https:\/\/www.navailles.fr\/en\/product\/higie\/","og_locale":"en_GB","og_type":"article","og_title":"Tabouret praticien | Navailles","og_description":"Tabouret praticien m\u00e9dical Higie pour usage profesionnel \u00e0 retrouver sur le site de Navailles, le leader europ\u00e9en du fauteuil m\u00e9dical !","og_url":"https:\/\/www.navailles.fr\/en\/product\/higie\/","og_site_name":"Navailles","article_modified_time":"2025-06-12T14:31:50+00:00","og_image":[{"width":1000,"height":1000,"url":"https:\/\/www.navailles.fr\/wp-content\/uploads\/2021\/09\/tabouret_praticien_higie_rouge_Navailles.jpg","type":"image\/jpeg"}],"twitter_card":"summary_large_image","twitter_misc":{"Estimated reading time":"1 minute"},"schema":{"@context":"https:\/\/schema.org","@graph":[{"@type":"WebPage","@id":"https:\/\/www.navailles.fr\/product\/higie\/","url":"https:\/\/www.navailles.fr\/product\/higie\/","name":"Tabouret praticien | Navailles","isPartOf":{"@id":"https:\/\/www.navailles.fr\/#website"},"primaryImageOfPage":{"@id":"https:\/\/www.navailles.fr\/product\/higie\/#primaryimage"},"image":{"@id":"https:\/\/www.navailles.fr\/product\/higie\/#primaryimage"},"thumbnailUrl":"https:\/\/www.navailles.fr\/wp-content\/uploads\/2021\/09\/tabouret_praticien_higie_rouge_Navailles.jpg","datePublished":"2021-09-10T09:51:42+00:00","dateModified":"2025-06-12T14:31:50+00:00","description":"Tabouret praticien m\u00e9dical Higie pour usage profesionnel \u00e0 retrouver sur le site de Navailles, le leader europ\u00e9en du fauteuil m\u00e9dical !","breadcrumb":{"@id":"https:\/\/www.navailles.fr\/product\/higie\/#breadcrumb"},"inLanguage":"en-GB","potentialAction":[{"@type":"ReadAction","target":["https:\/\/www.navailles.fr\/product\/higie\/"]}]},{"@type":"ImageObject","inLanguage":"en-GB","@id":"https:\/\/www.navailles.fr\/product\/higie\/#primaryimage","url":"https:\/\/www.navailles.fr\/wp-content\/uploads\/2021\/09\/tabouret_praticien_higie_rouge_Navailles.jpg","contentUrl":"https:\/\/www.navailles.fr\/wp-content\/uploads\/2021\/09\/tabouret_praticien_higie_rouge_Navailles.jpg","width":1000,"height":1000,"caption":"Si\u00e8ge praticien Higie de trois quart Navailles"},{"@type":"BreadcrumbList","@id":"https:\/\/www.navailles.fr\/product\/higie\/#breadcrumb","itemListElement":[{"@type":"ListItem","position":1,"name":"Accueil","item":"https:\/\/www.navailles.fr\/"},{"@type":"ListItem","position":2,"name":"Boutique","item":"https:\/\/teletravail.navailles.fr\/"},{"@type":"ListItem","position":3,"name":"HIGIE"}]},{"@type":"WebSite","@id":"https:\/\/www.navailles.fr\/#website","url":"https:\/\/www.navailles.fr\/","name":"Navailles","description":"Fabricant de fauteuils m\u00e9dicalis\u00e9s, si\u00e8ges de bureau et tabourets techniques","publisher":{"@id":"https:\/\/www.navailles.fr\/#organization"},"potentialAction":[{"@type":"SearchAction","target":{"@type":"EntryPoint","urlTemplate":"https:\/\/www.navailles.fr\/?s={search_term_string}"},"query-input":{"@type":"PropertyValueSpecification","valueRequired":true,"valueName":"search_term_string"}}],"inLanguage":"en-GB"},{"@type":"Organization","@id":"https:\/\/www.navailles.fr\/#organization","name":"Navailles","url":"https:\/\/www.navailles.fr\/","logo":{"@type":"ImageObject","inLanguage":"en-GB","@id":"https:\/\/www.navailles.fr\/#\/schema\/logo\/image\/","url":"https:\/\/www.navailles.fr\/wp-content\/uploads\/2021\/10\/logo_site_navailles1_Plan-de-travail-1.png","contentUrl":"https:\/\/www.navailles.fr\/wp-content\/uploads\/2021\/10\/logo_site_navailles1_Plan-de-travail-1.png","width":375,"height":125,"caption":"Navailles"},"image":{"@id":"https:\/\/www.navailles.fr\/#\/schema\/logo\/image\/"}}]}},"_links":{"self":[{"href":"https:\/\/www.navailles.fr\/en\/wp-json\/wp\/v2\/product\/27426","targetHints":{"allow":["GET"]}}],"collection":[{"href":"https:\/\/www.navailles.fr\/en\/wp-json\/wp\/v2\/product"}],"about":[{"href":"https:\/\/www.navailles.fr\/en\/wp-json\/wp\/v2\/types\/product"}],"wp:featuredmedia":[{"embeddable":true,"href":"https:\/\/www.navailles.fr\/en\/wp-json\/wp\/v2\/media\/37008"}],"wp:attachment":[{"href":"https:\/\/www.navailles.fr\/en\/wp-json\/wp\/v2\/media?parent=27426"}],"wp:term":[{"taxonomy":"product_brand","embeddable":true,"href":"https:\/\/www.navailles.fr\/en\/wp-json\/wp\/v2\/product_brand?post=27426"},{"taxonomy":"product_cat","embeddable":true,"href":"https:\/\/www.navailles.fr\/en\/wp-json\/wp\/v2\/product_cat?post=27426"},{"taxonomy":"product_tag","embeddable":true,"href":"https:\/\/www.navailles.fr\/en\/wp-json\/wp\/v2\/product_tag?post=27426"}],"curies":[{"name":"wp","href":"https:\/\/api.w.org\/{rel}","templated":true}]}}