{"id":27409,"date":"2021-09-10T09:59:12","date_gmt":"2021-09-10T07:59:12","guid":{"rendered":"https:\/\/navailles.fr\/?post_type=product&#038;p=27409"},"modified":"2025-05-28T11:28:44","modified_gmt":"2025-05-28T09:28:44","slug":"gaia-lounge","status":"publish","type":"product","link":"https:\/\/www.navailles.fr\/en\/product\/gaia-lounge\/","title":{"rendered":"GAIA LOUNGE"},"content":{"rendered":"<p><strong>FAUTEUIL DE REPOS M\u00c9DICAL<\/strong><br \/>\nGA\u00cfA LOUNGE est un fauteuil de repos fixe sp\u00e9cialement con\u00e7u pour les \u00e9tablissements m\u00e9dico-sociaux. Avec son design soign\u00e9, ses accoudoirs garnis et ses r\u00e9glages ergonomiques, il accompagne les r\u00e9sidents tout au long de la journ\u00e9e, que ce soit pour un moment de relaxation ou une activit\u00e9 assise. Il allie confort longue dur\u00e9e, facilit\u00e9 d\u2019entretien et autonomie d\u2019utilisation.<\/p>","protected":false},"excerpt":{"rendered":"<p>Notre gamme GAIA LOUNGE a \u00e9t\u00e9 d\u00e9velopp\u00e9e sp\u00e9cialement pour se conformer \u00e0 cet univers et aux attentes du personnel soignant. Cette chauffeuse lounge<br \/>\navec son syst\u00e8me synchrone de l\u2019assise et du dossier et un un r\u00e9glage ind\u00e9pendant du repose jambes permet un r\u00e9glage pr\u00e9cis du si\u00e8ge en compl\u00e8te autonomie. Le r\u00e9sident peut choisir librement sa position pour un repos optimum ou suivre une activit\u00e9. Son design soign\u00e9, avec ses accoudoirs fixes et garnis, apporte toutes les garanties d\u2019un confort longue dur\u00e9e et de la polyvalence de son utilisation.<\/p>","protected":false},"featured_media":37042,"template":"","meta":{"_acf_changed":false,"content-type":"","site-sidebar-layout":"default","site-content-layout":"default","ast-global-header-display":"","ast-banner-title-visibility":"","ast-main-header-display":"","ast-hfb-above-header-display":"","ast-hfb-below-header-display":"","ast-hfb-mobile-header-display":"","site-post-title":"","ast-breadcrumbs-content":"","ast-featured-img":"","footer-sml-layout":"","theme-transparent-header-meta":"default","adv-header-id-meta":"","stick-header-meta":"default","header-above-stick-meta":"","header-main-stick-meta":"","header-below-stick-meta":""},"product_brand":[],"product_cat":[52,50],"product_tag":[],"class_list":{"0":"post-27409","1":"product","2":"type-product","3":"status-publish","4":"has-post-thumbnail","6":"product_cat-fauteuils-de-repos","7":"product_cat-medical","9":"first","10":"instock","11":"taxable","12":"shipping-taxable","13":"product-type-simple"},"acf":[],"yoast_head":"<!-- This site is optimized with the Yoast SEO plugin v27.4 - https:\/\/yoast.com\/product\/yoast-seo-wordpress\/ -->\n<title>Fauteuil de repos m\u00e9dical Gaia Lounge | Navailles<\/title>\n<meta name=\"description\" content=\"Fauteuil de repos m\u00e9dical Gaia Lounge personnalisable \u00e0 retrouver sur le site de Navailles, le leader europ\u00e9en du fauteuil m\u00e9dical !\" \/>\n<meta name=\"robots\" content=\"index, follow, max-snippet:-1, max-image-preview:large, max-video-preview:-1\" \/>\n<link rel=\"canonical\" href=\"https:\/\/www.navailles.fr\/en\/product\/gaia-lounge\/\" \/>\n<meta property=\"og:locale\" content=\"en_GB\" \/>\n<meta property=\"og:type\" content=\"article\" \/>\n<meta property=\"og:title\" content=\"Fauteuil de repos m\u00e9dical Gaia Lounge | Navailles\" \/>\n<meta property=\"og:description\" content=\"Fauteuil de repos m\u00e9dical Gaia Lounge personnalisable \u00e0 retrouver sur le site de Navailles, le leader europ\u00e9en du fauteuil m\u00e9dical !\" \/>\n<meta property=\"og:url\" content=\"https:\/\/www.navailles.fr\/en\/product\/gaia-lounge\/\" \/>\n<meta property=\"og:site_name\" content=\"Navailles\" \/>\n<meta property=\"article:modified_time\" content=\"2025-05-28T09:28:44+00:00\" \/>\n<meta property=\"og:image\" content=\"https:\/\/www.navailles.fr\/wp-content\/uploads\/2021\/09\/fauteuil_de_repos_me\u0301dical_gaia_lounge_Navailles.jpg\" \/>\n\t<meta property=\"og:image:width\" content=\"1000\" \/>\n\t<meta property=\"og:image:height\" content=\"1000\" \/>\n\t<meta property=\"og:image:type\" content=\"image\/jpeg\" \/>\n<meta name=\"twitter:card\" content=\"summary_large_image\" \/>\n<meta name=\"twitter:label1\" content=\"Estimated reading time\" \/>\n\t<meta name=\"twitter:data1\" content=\"1 minute\" \/>\n<!-- \/ Yoast SEO plugin. -->","yoast_head_json":{"title":"Medical rest bed Gaia Lounge | Navailles","description":"Customizable medical recliner Gaia Lounge to be found on the Navailles website, the European leader in medical recliners!","robots":{"index":"index","follow":"follow","max-snippet":"max-snippet:-1","max-image-preview":"max-image-preview:large","max-video-preview":"max-video-preview:-1"},"canonical":"https:\/\/www.navailles.fr\/en\/product\/gaia-lounge\/","og_locale":"en_GB","og_type":"article","og_title":"Fauteuil de repos m\u00e9dical Gaia Lounge | Navailles","og_description":"Fauteuil de repos m\u00e9dical Gaia Lounge personnalisable \u00e0 retrouver sur le site de Navailles, le leader europ\u00e9en du fauteuil m\u00e9dical !","og_url":"https:\/\/www.navailles.fr\/en\/product\/gaia-lounge\/","og_site_name":"Navailles","article_modified_time":"2025-05-28T09:28:44+00:00","og_image":[{"width":1000,"height":1000,"url":"https:\/\/www.navailles.fr\/wp-content\/uploads\/2021\/09\/fauteuil_de_repos_me\u0301dical_gaia_lounge_Navailles.jpg","type":"image\/jpeg"}],"twitter_card":"summary_large_image","twitter_misc":{"Estimated reading time":"1 minute"},"schema":{"@context":"https:\/\/schema.org","@graph":[{"@type":"WebPage","@id":"https:\/\/www.navailles.fr\/product\/gaia-lounge\/","url":"https:\/\/www.navailles.fr\/product\/gaia-lounge\/","name":"Medical rest bed Gaia Lounge | Navailles","isPartOf":{"@id":"https:\/\/www.navailles.fr\/#website"},"primaryImageOfPage":{"@id":"https:\/\/www.navailles.fr\/product\/gaia-lounge\/#primaryimage"},"image":{"@id":"https:\/\/www.navailles.fr\/product\/gaia-lounge\/#primaryimage"},"thumbnailUrl":"https:\/\/www.navailles.fr\/wp-content\/uploads\/2021\/09\/fauteuil_de_repos_me\u0301dical_gaia_lounge_Navailles.jpg","datePublished":"2021-09-10T07:59:12+00:00","dateModified":"2025-05-28T09:28:44+00:00","description":"Customizable medical recliner Gaia Lounge to be found on the Navailles website, the European leader in medical recliners!","breadcrumb":{"@id":"https:\/\/www.navailles.fr\/product\/gaia-lounge\/#breadcrumb"},"inLanguage":"en-GB","potentialAction":[{"@type":"ReadAction","target":["https:\/\/www.navailles.fr\/product\/gaia-lounge\/"]}]},{"@type":"ImageObject","inLanguage":"en-GB","@id":"https:\/\/www.navailles.fr\/product\/gaia-lounge\/#primaryimage","url":"https:\/\/www.navailles.fr\/wp-content\/uploads\/2021\/09\/fauteuil_de_repos_me\u0301dical_gaia_lounge_Navailles.jpg","contentUrl":"https:\/\/www.navailles.fr\/wp-content\/uploads\/2021\/09\/fauteuil_de_repos_me\u0301dical_gaia_lounge_Navailles.jpg","width":1000,"height":1000,"caption":"Fauteuil m\u00e9dical de repos Gaia Lounge de trois quart Navailles"},{"@type":"BreadcrumbList","@id":"https:\/\/www.navailles.fr\/product\/gaia-lounge\/#breadcrumb","itemListElement":[{"@type":"ListItem","position":1,"name":"Accueil","item":"https:\/\/www.navailles.fr\/"},{"@type":"ListItem","position":2,"name":"Boutique","item":"https:\/\/teletravail.navailles.fr\/"},{"@type":"ListItem","position":3,"name":"GAIA LOUNGE"}]},{"@type":"WebSite","@id":"https:\/\/www.navailles.fr\/#website","url":"https:\/\/www.navailles.fr\/","name":"Navailles","description":"Fabricant de fauteuils m\u00e9dicalis\u00e9s, si\u00e8ges de bureau et tabourets techniques","publisher":{"@id":"https:\/\/www.navailles.fr\/#organization"},"potentialAction":[{"@type":"SearchAction","target":{"@type":"EntryPoint","urlTemplate":"https:\/\/www.navailles.fr\/?s={search_term_string}"},"query-input":{"@type":"PropertyValueSpecification","valueRequired":true,"valueName":"search_term_string"}}],"inLanguage":"en-GB"},{"@type":"Organization","@id":"https:\/\/www.navailles.fr\/#organization","name":"Navailles","url":"https:\/\/www.navailles.fr\/","logo":{"@type":"ImageObject","inLanguage":"en-GB","@id":"https:\/\/www.navailles.fr\/#\/schema\/logo\/image\/","url":"https:\/\/www.navailles.fr\/wp-content\/uploads\/2021\/10\/logo_site_navailles1_Plan-de-travail-1.png","contentUrl":"https:\/\/www.navailles.fr\/wp-content\/uploads\/2021\/10\/logo_site_navailles1_Plan-de-travail-1.png","width":375,"height":125,"caption":"Navailles"},"image":{"@id":"https:\/\/www.navailles.fr\/#\/schema\/logo\/image\/"}}]}},"_links":{"self":[{"href":"https:\/\/www.navailles.fr\/en\/wp-json\/wp\/v2\/product\/27409","targetHints":{"allow":["GET"]}}],"collection":[{"href":"https:\/\/www.navailles.fr\/en\/wp-json\/wp\/v2\/product"}],"about":[{"href":"https:\/\/www.navailles.fr\/en\/wp-json\/wp\/v2\/types\/product"}],"wp:featuredmedia":[{"embeddable":true,"href":"https:\/\/www.navailles.fr\/en\/wp-json\/wp\/v2\/media\/37042"}],"wp:attachment":[{"href":"https:\/\/www.navailles.fr\/en\/wp-json\/wp\/v2\/media?parent=27409"}],"wp:term":[{"taxonomy":"product_brand","embeddable":true,"href":"https:\/\/www.navailles.fr\/en\/wp-json\/wp\/v2\/product_brand?post=27409"},{"taxonomy":"product_cat","embeddable":true,"href":"https:\/\/www.navailles.fr\/en\/wp-json\/wp\/v2\/product_cat?post=27409"},{"taxonomy":"product_tag","embeddable":true,"href":"https:\/\/www.navailles.fr\/en\/wp-json\/wp\/v2\/product_tag?post=27409"}],"curies":[{"name":"wp","href":"https:\/\/api.w.org\/{rel}","templated":true}]}}