{"id":27406,"date":"2021-09-10T09:55:02","date_gmt":"2021-09-10T07:55:02","guid":{"rendered":"https:\/\/navailles.fr\/?post_type=product&#038;p=27406"},"modified":"2025-07-09T15:56:58","modified_gmt":"2025-07-09T13:56:58","slug":"gaia-lift-up-electrique","status":"publish","type":"product","link":"https:\/\/www.navailles.fr\/en\/product\/gaia-lift-up-electrique\/","title":{"rendered":"GAIA LIFT UP ELECTRIC"},"content":{"rendered":"<p><strong>FAUTEUIL DE SOINS \u00c9LECTRIQUE ET ERGONOMIQUE \u00c0 HAUTEUR VARIABLE<\/strong><br \/>\nGA\u00cfA LIFT\u2019UP \u00c9LECTRIQUE est un fauteuil m\u00e9dical de soins \u00e0 hauteur variable, con\u00e7u pour s\u2019adapter aux exigences des environnements hospitaliers et de soins prolong\u00e9s. Gr\u00e2ce \u00e0 sa double ergonomie pour le patient comme pour le soignant, il assure un confort optimal, une grande fluidit\u00e9 d\u2019usage et un gain d\u2019autonomie significatif. La synchronisation entre dossier et repose-jambes, associ\u00e9e \u00e0 une motorisation compl\u00e8te, fait de ce fauteuil une solution id\u00e9ale pour les soins techniques ou quotidiens.<\/p>","protected":false},"excerpt":{"rendered":"<p>The backrest and the seat are synchronized. The adjustment of the inclination of the backrest and the legrest ensures a suitable position for the patient for easier administration of care, increased recovery and improved quality of exchanges between patient and caregiver. The autonomy of the patient and the ergonomics in use by the nursing staff are greatly improved by the electrification of the various functions.<\/p>","protected":false},"featured_media":36966,"template":"","meta":{"_acf_changed":false,"content-type":"","site-sidebar-layout":"default","site-content-layout":"default","ast-global-header-display":"","ast-banner-title-visibility":"","ast-main-header-display":"","ast-hfb-above-header-display":"","ast-hfb-below-header-display":"","ast-hfb-mobile-header-display":"","site-post-title":"","ast-breadcrumbs-content":"","ast-featured-img":"","footer-sml-layout":"","theme-transparent-header-meta":"default","adv-header-id-meta":"","stick-header-meta":"default","header-above-stick-meta":"","header-main-stick-meta":"","header-below-stick-meta":""},"product_brand":[],"product_cat":[58,51,50],"product_tag":[],"class_list":{"0":"post-27406","1":"product","2":"type-product","3":"status-publish","4":"has-post-thumbnail","6":"product_cat-assistance-electrique","7":"product_cat-fauteuils-de-soins","8":"product_cat-medical","10":"first","11":"instock","12":"taxable","13":"shipping-taxable","14":"product-type-simple"},"acf":[],"yoast_head":"<!-- This site is optimized with the Yoast SEO plugin v27.3 - https:\/\/yoast.com\/product\/yoast-seo-wordpress\/ -->\n<title>Fauteuil \u00e9lectrique m\u00e9dical Gaia Lift Up | Navailles<\/title>\n<meta name=\"description\" content=\"Fauteuil \u00e9lectrique m\u00e9dical \u00e0 hauteur variable Gaia Lift Up \u00e0 retrouver sur le site de Navailles, le leader europ\u00e9en du fauteuil m\u00e9dical !\" \/>\n<meta name=\"robots\" content=\"index, follow, max-snippet:-1, max-image-preview:large, max-video-preview:-1\" \/>\n<link rel=\"canonical\" href=\"https:\/\/www.navailles.fr\/en\/product\/gaia-lift-up-electrique\/\" \/>\n<meta property=\"og:locale\" content=\"en_GB\" \/>\n<meta property=\"og:type\" content=\"article\" \/>\n<meta property=\"og:title\" content=\"Fauteuil \u00e9lectrique m\u00e9dical Gaia Lift Up | Navailles\" \/>\n<meta property=\"og:description\" content=\"Fauteuil \u00e9lectrique m\u00e9dical \u00e0 hauteur variable Gaia Lift Up \u00e0 retrouver sur le site de Navailles, le leader europ\u00e9en du fauteuil m\u00e9dical !\" \/>\n<meta property=\"og:url\" content=\"https:\/\/www.navailles.fr\/en\/product\/gaia-lift-up-electrique\/\" \/>\n<meta property=\"og:site_name\" content=\"Navailles\" \/>\n<meta property=\"article:modified_time\" content=\"2025-07-09T13:56:58+00:00\" \/>\n<meta property=\"og:image\" content=\"https:\/\/www.navailles.fr\/wp-content\/uploads\/2021\/09\/fauteuil_e\u0301lectrique_me\u0301dical_gaia_lift_up_Navailles.jpg\" \/>\n\t<meta property=\"og:image:width\" content=\"1000\" \/>\n\t<meta property=\"og:image:height\" content=\"1000\" \/>\n\t<meta property=\"og:image:type\" content=\"image\/jpeg\" \/>\n<meta name=\"twitter:card\" content=\"summary_large_image\" \/>\n<meta name=\"twitter:label1\" content=\"Estimated reading time\" \/>\n\t<meta name=\"twitter:data1\" content=\"1 minute\" \/>\n<!-- \/ Yoast SEO plugin. -->","yoast_head_json":{"title":"Fauteuil \u00e9lectrique m\u00e9dical Gaia Lift Up | Navailles","description":"Fauteuil \u00e9lectrique m\u00e9dical \u00e0 hauteur variable Gaia Lift Up \u00e0 retrouver sur le site de Navailles, le leader europ\u00e9en du fauteuil m\u00e9dical !","robots":{"index":"index","follow":"follow","max-snippet":"max-snippet:-1","max-image-preview":"max-image-preview:large","max-video-preview":"max-video-preview:-1"},"canonical":"https:\/\/www.navailles.fr\/en\/product\/gaia-lift-up-electrique\/","og_locale":"en_GB","og_type":"article","og_title":"Fauteuil \u00e9lectrique m\u00e9dical Gaia Lift Up | Navailles","og_description":"Fauteuil \u00e9lectrique m\u00e9dical \u00e0 hauteur variable Gaia Lift Up \u00e0 retrouver sur le site de Navailles, le leader europ\u00e9en du fauteuil m\u00e9dical !","og_url":"https:\/\/www.navailles.fr\/en\/product\/gaia-lift-up-electrique\/","og_site_name":"Navailles","article_modified_time":"2025-07-09T13:56:58+00:00","og_image":[{"width":1000,"height":1000,"url":"https:\/\/www.navailles.fr\/wp-content\/uploads\/2021\/09\/fauteuil_e\u0301lectrique_me\u0301dical_gaia_lift_up_Navailles.jpg","type":"image\/jpeg"}],"twitter_card":"summary_large_image","twitter_misc":{"Estimated reading time":"1 minute"},"schema":{"@context":"https:\/\/schema.org","@graph":[{"@type":"WebPage","@id":"https:\/\/www.navailles.fr\/product\/gaia-lift-up-electrique\/","url":"https:\/\/www.navailles.fr\/product\/gaia-lift-up-electrique\/","name":"Fauteuil \u00e9lectrique m\u00e9dical Gaia Lift Up | Navailles","isPartOf":{"@id":"https:\/\/www.navailles.fr\/#website"},"primaryImageOfPage":{"@id":"https:\/\/www.navailles.fr\/product\/gaia-lift-up-electrique\/#primaryimage"},"image":{"@id":"https:\/\/www.navailles.fr\/product\/gaia-lift-up-electrique\/#primaryimage"},"thumbnailUrl":"https:\/\/www.navailles.fr\/wp-content\/uploads\/2021\/09\/fauteuil_e\u0301lectrique_me\u0301dical_gaia_lift_up_Navailles.jpg","datePublished":"2021-09-10T07:55:02+00:00","dateModified":"2025-07-09T13:56:58+00:00","description":"Fauteuil \u00e9lectrique m\u00e9dical \u00e0 hauteur variable Gaia Lift Up \u00e0 retrouver sur le site de Navailles, le leader europ\u00e9en du fauteuil m\u00e9dical !","breadcrumb":{"@id":"https:\/\/www.navailles.fr\/product\/gaia-lift-up-electrique\/#breadcrumb"},"inLanguage":"en-GB","potentialAction":[{"@type":"ReadAction","target":["https:\/\/www.navailles.fr\/product\/gaia-lift-up-electrique\/"]}]},{"@type":"ImageObject","inLanguage":"en-GB","@id":"https:\/\/www.navailles.fr\/product\/gaia-lift-up-electrique\/#primaryimage","url":"https:\/\/www.navailles.fr\/wp-content\/uploads\/2021\/09\/fauteuil_e\u0301lectrique_me\u0301dical_gaia_lift_up_Navailles.jpg","contentUrl":"https:\/\/www.navailles.fr\/wp-content\/uploads\/2021\/09\/fauteuil_e\u0301lectrique_me\u0301dical_gaia_lift_up_Navailles.jpg","width":1000,"height":1000,"caption":"Fauteuil \u00e9lectrique m\u00e9dical Gaia Lift Up de trois quart Navailles"},{"@type":"BreadcrumbList","@id":"https:\/\/www.navailles.fr\/product\/gaia-lift-up-electrique\/#breadcrumb","itemListElement":[{"@type":"ListItem","position":1,"name":"Accueil","item":"https:\/\/www.navailles.fr\/"},{"@type":"ListItem","position":2,"name":"Boutique","item":"https:\/\/teletravail.navailles.fr\/"},{"@type":"ListItem","position":3,"name":"GAIA LIFT UP ELECTRIQUE"}]},{"@type":"WebSite","@id":"https:\/\/www.navailles.fr\/#website","url":"https:\/\/www.navailles.fr\/","name":"Navailles","description":"Fabricant de fauteuils m\u00e9dicalis\u00e9s, si\u00e8ges de bureau et tabourets techniques","publisher":{"@id":"https:\/\/www.navailles.fr\/#organization"},"potentialAction":[{"@type":"SearchAction","target":{"@type":"EntryPoint","urlTemplate":"https:\/\/www.navailles.fr\/?s={search_term_string}"},"query-input":{"@type":"PropertyValueSpecification","valueRequired":true,"valueName":"search_term_string"}}],"inLanguage":"en-GB"},{"@type":"Organization","@id":"https:\/\/www.navailles.fr\/#organization","name":"Navailles","url":"https:\/\/www.navailles.fr\/","logo":{"@type":"ImageObject","inLanguage":"en-GB","@id":"https:\/\/www.navailles.fr\/#\/schema\/logo\/image\/","url":"https:\/\/www.navailles.fr\/wp-content\/uploads\/2021\/10\/logo_site_navailles1_Plan-de-travail-1.png","contentUrl":"https:\/\/www.navailles.fr\/wp-content\/uploads\/2021\/10\/logo_site_navailles1_Plan-de-travail-1.png","width":375,"height":125,"caption":"Navailles"},"image":{"@id":"https:\/\/www.navailles.fr\/#\/schema\/logo\/image\/"}}]}},"_links":{"self":[{"href":"https:\/\/www.navailles.fr\/en\/wp-json\/wp\/v2\/product\/27406","targetHints":{"allow":["GET"]}}],"collection":[{"href":"https:\/\/www.navailles.fr\/en\/wp-json\/wp\/v2\/product"}],"about":[{"href":"https:\/\/www.navailles.fr\/en\/wp-json\/wp\/v2\/types\/product"}],"wp:featuredmedia":[{"embeddable":true,"href":"https:\/\/www.navailles.fr\/en\/wp-json\/wp\/v2\/media\/36966"}],"wp:attachment":[{"href":"https:\/\/www.navailles.fr\/en\/wp-json\/wp\/v2\/media?parent=27406"}],"wp:term":[{"taxonomy":"product_brand","embeddable":true,"href":"https:\/\/www.navailles.fr\/en\/wp-json\/wp\/v2\/product_brand?post=27406"},{"taxonomy":"product_cat","embeddable":true,"href":"https:\/\/www.navailles.fr\/en\/wp-json\/wp\/v2\/product_cat?post=27406"},{"taxonomy":"product_tag","embeddable":true,"href":"https:\/\/www.navailles.fr\/en\/wp-json\/wp\/v2\/product_tag?post=27406"}],"curies":[{"name":"wp","href":"https:\/\/api.w.org\/{rel}","templated":true}]}}