{"id":27403,"date":"2021-09-10T09:51:21","date_gmt":"2021-09-10T07:51:21","guid":{"rendered":"https:\/\/navailles.fr\/?post_type=product&#038;p=27403"},"modified":"2025-07-09T15:40:47","modified_gmt":"2025-07-09T13:40:47","slug":"gaia-lift-up","status":"publish","type":"product","link":"https:\/\/www.navailles.fr\/en\/product\/gaia-lift-up\/","title":{"rendered":"GAIA LIFT UP"},"content":{"rendered":"<p><strong>FAUTEUIL DE SOINS ERGONOMIQUE \u00c0 HAUTEUR VARIABLE<\/strong><br \/>\nGA\u00cfA LIFT\u2019UP est un fauteuil de soins \u00e0 hauteur variable, con\u00e7u pour s\u2019adapter \u00e0 toutes les situations cliniques gr\u00e2ce \u00e0 une ergonomie double : celle du patient et celle du soignant. Son dossier et son assise synchronis\u00e9s permettent une inclinaison jusqu\u2019\u00e0 68\u00b0, assurant une posture parfaitement ajust\u00e9e, que ce soit pour les soins, le repos ou les \u00e9changes m\u00e9dicaux. Un fauteuil pens\u00e9 pour optimiser chaque moment du parcours de soins.<\/p>","protected":false},"excerpt":{"rendered":"<p>The backrest and seat are synchronized. The adjustment of the backrest inclination and the leg rest ensures an adapted position of the patient for an easier administration of care, an increased recovery and the improvement of the quality of the exchanges between patient and nursing staff.<\/p>","protected":false},"featured_media":36897,"template":"","meta":{"_acf_changed":false,"content-type":"","site-sidebar-layout":"default","site-content-layout":"default","ast-global-header-display":"","ast-banner-title-visibility":"","ast-main-header-display":"","ast-hfb-above-header-display":"","ast-hfb-below-header-display":"","ast-hfb-mobile-header-display":"","site-post-title":"","ast-breadcrumbs-content":"","ast-featured-img":"","footer-sml-layout":"","theme-transparent-header-meta":"default","adv-header-id-meta":"","stick-header-meta":"default","header-above-stick-meta":"","header-main-stick-meta":"","header-below-stick-meta":""},"product_brand":[],"product_cat":[51,57,50],"product_tag":[],"class_list":{"0":"post-27403","1":"product","2":"type-product","3":"status-publish","4":"has-post-thumbnail","6":"product_cat-fauteuils-de-soins","7":"product_cat-fauteuils-specifiques","8":"product_cat-medical","10":"first","11":"instock","12":"taxable","13":"shipping-taxable","14":"product-type-simple"},"acf":[],"yoast_head":"<!-- This site is optimized with the Yoast SEO plugin v27.3 - https:\/\/yoast.com\/product\/yoast-seo-wordpress\/ -->\n<title>Fauteuil de soins ergonomique m\u00e9dical Gaia Lift Up | Navailles<\/title>\n<meta name=\"description\" content=\"Fauteuil de soins ergonomique m\u00e9dical Gaia Lift Up \u00e0 retrouver sur le site de Navailles, le leader europ\u00e9en du fauteuil m\u00e9dical !\" \/>\n<meta name=\"robots\" content=\"index, follow, max-snippet:-1, max-image-preview:large, max-video-preview:-1\" \/>\n<link rel=\"canonical\" href=\"https:\/\/www.navailles.fr\/en\/product\/gaia-lift-up\/\" \/>\n<meta property=\"og:locale\" content=\"en_GB\" \/>\n<meta property=\"og:type\" content=\"article\" \/>\n<meta property=\"og:title\" content=\"Fauteuil de soins ergonomique m\u00e9dical Gaia Lift Up | Navailles\" \/>\n<meta property=\"og:description\" content=\"Fauteuil de soins ergonomique m\u00e9dical Gaia Lift Up \u00e0 retrouver sur le site de Navailles, le leader europ\u00e9en du fauteuil m\u00e9dical !\" \/>\n<meta property=\"og:url\" content=\"https:\/\/www.navailles.fr\/en\/product\/gaia-lift-up\/\" \/>\n<meta property=\"og:site_name\" content=\"Navailles\" \/>\n<meta property=\"article:modified_time\" content=\"2025-07-09T13:40:47+00:00\" \/>\n<meta property=\"og:image\" content=\"https:\/\/www.navailles.fr\/wp-content\/uploads\/2021\/09\/fauteuil_me\u0301dical_de_soins_gaia_lift_up_navailles.jpg\" \/>\n\t<meta property=\"og:image:width\" content=\"1000\" \/>\n\t<meta property=\"og:image:height\" content=\"1000\" \/>\n\t<meta property=\"og:image:type\" content=\"image\/jpeg\" \/>\n<meta name=\"twitter:card\" content=\"summary_large_image\" \/>\n<meta name=\"twitter:label1\" content=\"Estimated reading time\" \/>\n\t<meta name=\"twitter:data1\" content=\"1 minute\" \/>\n<!-- \/ Yoast SEO plugin. -->","yoast_head_json":{"title":"Ergonomic medical care chair Gaia Lift Up | Navailles","description":"Ergonomic medical care chair Gaia Lift Up to be found on the Navailles website, the European leader in medical chairs!","robots":{"index":"index","follow":"follow","max-snippet":"max-snippet:-1","max-image-preview":"max-image-preview:large","max-video-preview":"max-video-preview:-1"},"canonical":"https:\/\/www.navailles.fr\/en\/product\/gaia-lift-up\/","og_locale":"en_GB","og_type":"article","og_title":"Fauteuil de soins ergonomique m\u00e9dical Gaia Lift Up | Navailles","og_description":"Fauteuil de soins ergonomique m\u00e9dical Gaia Lift Up \u00e0 retrouver sur le site de Navailles, le leader europ\u00e9en du fauteuil m\u00e9dical !","og_url":"https:\/\/www.navailles.fr\/en\/product\/gaia-lift-up\/","og_site_name":"Navailles","article_modified_time":"2025-07-09T13:40:47+00:00","og_image":[{"width":1000,"height":1000,"url":"https:\/\/www.navailles.fr\/wp-content\/uploads\/2021\/09\/fauteuil_me\u0301dical_de_soins_gaia_lift_up_navailles.jpg","type":"image\/jpeg"}],"twitter_card":"summary_large_image","twitter_misc":{"Estimated reading time":"1 minute"},"schema":{"@context":"https:\/\/schema.org","@graph":[{"@type":"WebPage","@id":"https:\/\/www.navailles.fr\/product\/gaia-lift-up\/","url":"https:\/\/www.navailles.fr\/product\/gaia-lift-up\/","name":"Ergonomic medical care chair Gaia Lift Up | Navailles","isPartOf":{"@id":"https:\/\/www.navailles.fr\/#website"},"primaryImageOfPage":{"@id":"https:\/\/www.navailles.fr\/product\/gaia-lift-up\/#primaryimage"},"image":{"@id":"https:\/\/www.navailles.fr\/product\/gaia-lift-up\/#primaryimage"},"thumbnailUrl":"https:\/\/www.navailles.fr\/wp-content\/uploads\/2021\/09\/fauteuil_me\u0301dical_de_soins_gaia_lift_up_navailles.jpg","datePublished":"2021-09-10T07:51:21+00:00","dateModified":"2025-07-09T13:40:47+00:00","description":"Ergonomic medical care chair Gaia Lift Up to be found on the Navailles website, the European leader in medical chairs!","breadcrumb":{"@id":"https:\/\/www.navailles.fr\/product\/gaia-lift-up\/#breadcrumb"},"inLanguage":"en-GB","potentialAction":[{"@type":"ReadAction","target":["https:\/\/www.navailles.fr\/product\/gaia-lift-up\/"]}]},{"@type":"ImageObject","inLanguage":"en-GB","@id":"https:\/\/www.navailles.fr\/product\/gaia-lift-up\/#primaryimage","url":"https:\/\/www.navailles.fr\/wp-content\/uploads\/2021\/09\/fauteuil_me\u0301dical_de_soins_gaia_lift_up_navailles.jpg","contentUrl":"https:\/\/www.navailles.fr\/wp-content\/uploads\/2021\/09\/fauteuil_me\u0301dical_de_soins_gaia_lift_up_navailles.jpg","width":1000,"height":1000,"caption":"Fauteuil m\u00e9dical \u00e0 hauteur variable Lift Up de trois quart Navailles"},{"@type":"BreadcrumbList","@id":"https:\/\/www.navailles.fr\/product\/gaia-lift-up\/#breadcrumb","itemListElement":[{"@type":"ListItem","position":1,"name":"Accueil","item":"https:\/\/www.navailles.fr\/"},{"@type":"ListItem","position":2,"name":"Boutique","item":"https:\/\/teletravail.navailles.fr\/"},{"@type":"ListItem","position":3,"name":"GAIA LIFT UP"}]},{"@type":"WebSite","@id":"https:\/\/www.navailles.fr\/#website","url":"https:\/\/www.navailles.fr\/","name":"Navailles","description":"Fabricant de fauteuils m\u00e9dicalis\u00e9s, si\u00e8ges de bureau et tabourets techniques","publisher":{"@id":"https:\/\/www.navailles.fr\/#organization"},"potentialAction":[{"@type":"SearchAction","target":{"@type":"EntryPoint","urlTemplate":"https:\/\/www.navailles.fr\/?s={search_term_string}"},"query-input":{"@type":"PropertyValueSpecification","valueRequired":true,"valueName":"search_term_string"}}],"inLanguage":"en-GB"},{"@type":"Organization","@id":"https:\/\/www.navailles.fr\/#organization","name":"Navailles","url":"https:\/\/www.navailles.fr\/","logo":{"@type":"ImageObject","inLanguage":"en-GB","@id":"https:\/\/www.navailles.fr\/#\/schema\/logo\/image\/","url":"https:\/\/www.navailles.fr\/wp-content\/uploads\/2021\/10\/logo_site_navailles1_Plan-de-travail-1.png","contentUrl":"https:\/\/www.navailles.fr\/wp-content\/uploads\/2021\/10\/logo_site_navailles1_Plan-de-travail-1.png","width":375,"height":125,"caption":"Navailles"},"image":{"@id":"https:\/\/www.navailles.fr\/#\/schema\/logo\/image\/"}}]}},"_links":{"self":[{"href":"https:\/\/www.navailles.fr\/en\/wp-json\/wp\/v2\/product\/27403","targetHints":{"allow":["GET"]}}],"collection":[{"href":"https:\/\/www.navailles.fr\/en\/wp-json\/wp\/v2\/product"}],"about":[{"href":"https:\/\/www.navailles.fr\/en\/wp-json\/wp\/v2\/types\/product"}],"wp:featuredmedia":[{"embeddable":true,"href":"https:\/\/www.navailles.fr\/en\/wp-json\/wp\/v2\/media\/36897"}],"wp:attachment":[{"href":"https:\/\/www.navailles.fr\/en\/wp-json\/wp\/v2\/media?parent=27403"}],"wp:term":[{"taxonomy":"product_brand","embeddable":true,"href":"https:\/\/www.navailles.fr\/en\/wp-json\/wp\/v2\/product_brand?post=27403"},{"taxonomy":"product_cat","embeddable":true,"href":"https:\/\/www.navailles.fr\/en\/wp-json\/wp\/v2\/product_cat?post=27403"},{"taxonomy":"product_tag","embeddable":true,"href":"https:\/\/www.navailles.fr\/en\/wp-json\/wp\/v2\/product_tag?post=27403"}],"curies":[{"name":"wp","href":"https:\/\/api.w.org\/{rel}","templated":true}]}}