{"id":27400,"date":"2021-09-10T09:45:56","date_gmt":"2021-09-10T07:45:56","guid":{"rendered":"https:\/\/navailles.fr\/?post_type=product&#038;p=27400"},"modified":"2025-07-09T15:54:49","modified_gmt":"2025-07-09T13:54:49","slug":"gaia-electrique-roulettes","status":"publish","type":"product","link":"https:\/\/www.navailles.fr\/en\/product\/gaia-electrique-roulettes\/","title":{"rendered":"GAIA ELECTRIC CASTORS"},"content":{"rendered":"<p><strong>FAUTEUIL DE SOINS MOBILE \u00c0 HAUTEUR FIXE<\/strong><br \/>\nGA\u00cfA \u00e9lectrique est un fauteuil m\u00e9dical de convalescence mobile \u00e0 hauteur fixe, int\u00e9grant une assistance \u00e9lectrique pour un confort de r\u00e9glage optimal. Con\u00e7u pour accompagner les soins comme les transferts, il combine robustesse, mobilit\u00e9 et ergonomie. Gr\u00e2ce \u00e0 la synchronisation du dossier et du repose-jambes, il s\u2019adapte aux besoins des patients tout en all\u00e9geant les gestes du personnel soignant.<\/p>","protected":false},"excerpt":{"rendered":"<p>Le dossier et l\u2019assise sont synchronis\u00e9s. Ses deux versions de synchronisation dossier \/ repose-jambes et ses nombreuses possibilit\u00e9s<br \/>\nd\u2019accessoirisation permettent une utilisation adapt\u00e9e \u00e0 toutes les situations de convalescence tout en optimisant<br \/>\nle confort du patient. L\u2019autonomie du patient et l\u2019ergonomie en utilisation par le personnel soignant en sont largement am\u00e9lior\u00e9es par l\u2019\u00e9lectrification des diff\u00e9rentes fonctions.<\/p>","protected":false},"featured_media":36835,"template":"","meta":{"_acf_changed":false,"content-type":"","site-sidebar-layout":"default","site-content-layout":"default","ast-global-header-display":"","ast-banner-title-visibility":"","ast-main-header-display":"","ast-hfb-above-header-display":"","ast-hfb-below-header-display":"","ast-hfb-mobile-header-display":"","site-post-title":"","ast-breadcrumbs-content":"","ast-featured-img":"","footer-sml-layout":"","theme-transparent-header-meta":"default","adv-header-id-meta":"","stick-header-meta":"default","header-above-stick-meta":"","header-main-stick-meta":"","header-below-stick-meta":""},"product_brand":[],"product_cat":[58,51,50],"product_tag":[],"class_list":{"0":"post-27400","1":"product","2":"type-product","3":"status-publish","4":"has-post-thumbnail","6":"product_cat-assistance-electrique","7":"product_cat-fauteuils-de-soins","8":"product_cat-medical","10":"first","11":"instock","12":"taxable","13":"shipping-taxable","14":"product-type-simple"},"acf":[],"yoast_head":"<!-- This site is optimized with the Yoast SEO plugin v27.4 - https:\/\/yoast.com\/product\/yoast-seo-wordpress\/ -->\n<title>Fauteuil de soin m\u00e9dical avec assistance \u00e9lectrique Gaia | Navailles<\/title>\n<meta name=\"description\" content=\"Fauteuil de soin m\u00e9dical \u00e0 assistance \u00e9lectrique Gaia \u00e0 retrouver sur le site de Navailles, le leader europ\u00e9en du fauteuil m\u00e9dical !\" \/>\n<meta name=\"robots\" content=\"index, follow, max-snippet:-1, max-image-preview:large, max-video-preview:-1\" \/>\n<link rel=\"canonical\" href=\"https:\/\/www.navailles.fr\/en\/product\/gaia-electrique-roulettes\/\" \/>\n<meta property=\"og:locale\" content=\"en_GB\" \/>\n<meta property=\"og:type\" content=\"article\" \/>\n<meta property=\"og:title\" content=\"Fauteuil de soin m\u00e9dical avec assistance \u00e9lectrique Gaia | Navailles\" \/>\n<meta property=\"og:description\" content=\"Fauteuil de soin m\u00e9dical \u00e0 assistance \u00e9lectrique Gaia \u00e0 retrouver sur le site de Navailles, le leader europ\u00e9en du fauteuil m\u00e9dical !\" \/>\n<meta property=\"og:url\" content=\"https:\/\/www.navailles.fr\/en\/product\/gaia-electrique-roulettes\/\" \/>\n<meta property=\"og:site_name\" content=\"Navailles\" \/>\n<meta property=\"article:modified_time\" content=\"2025-07-09T13:54:49+00:00\" \/>\n<meta property=\"og:image\" content=\"https:\/\/www.navailles.fr\/wp-content\/uploads\/2021\/09\/fauteuil_e\u0301lectrique_me\u0301dical_Gaia_roulette_navailles.jpg\" \/>\n\t<meta property=\"og:image:width\" content=\"1000\" \/>\n\t<meta property=\"og:image:height\" content=\"1000\" \/>\n\t<meta property=\"og:image:type\" content=\"image\/jpeg\" \/>\n<meta name=\"twitter:card\" content=\"summary_large_image\" \/>\n<meta name=\"twitter:label1\" content=\"Estimated reading time\" \/>\n\t<meta name=\"twitter:data1\" content=\"1 minute\" \/>\n<!-- \/ Yoast SEO plugin. -->","yoast_head_json":{"title":"Fauteuil de soin m\u00e9dical avec assistance \u00e9lectrique Gaia | Navailles","description":"Fauteuil de soin m\u00e9dical \u00e0 assistance \u00e9lectrique Gaia \u00e0 retrouver sur le site de Navailles, le leader europ\u00e9en du fauteuil m\u00e9dical !","robots":{"index":"index","follow":"follow","max-snippet":"max-snippet:-1","max-image-preview":"max-image-preview:large","max-video-preview":"max-video-preview:-1"},"canonical":"https:\/\/www.navailles.fr\/en\/product\/gaia-electrique-roulettes\/","og_locale":"en_GB","og_type":"article","og_title":"Fauteuil de soin m\u00e9dical avec assistance \u00e9lectrique Gaia | Navailles","og_description":"Fauteuil de soin m\u00e9dical \u00e0 assistance \u00e9lectrique Gaia \u00e0 retrouver sur le site de Navailles, le leader europ\u00e9en du fauteuil m\u00e9dical !","og_url":"https:\/\/www.navailles.fr\/en\/product\/gaia-electrique-roulettes\/","og_site_name":"Navailles","article_modified_time":"2025-07-09T13:54:49+00:00","og_image":[{"width":1000,"height":1000,"url":"https:\/\/www.navailles.fr\/wp-content\/uploads\/2021\/09\/fauteuil_e\u0301lectrique_me\u0301dical_Gaia_roulette_navailles.jpg","type":"image\/jpeg"}],"twitter_card":"summary_large_image","twitter_misc":{"Estimated reading time":"1 minute"},"schema":{"@context":"https:\/\/schema.org","@graph":[{"@type":"WebPage","@id":"https:\/\/www.navailles.fr\/product\/gaia-electrique-roulettes\/","url":"https:\/\/www.navailles.fr\/product\/gaia-electrique-roulettes\/","name":"Fauteuil de soin m\u00e9dical avec assistance \u00e9lectrique Gaia | Navailles","isPartOf":{"@id":"https:\/\/www.navailles.fr\/#website"},"primaryImageOfPage":{"@id":"https:\/\/www.navailles.fr\/product\/gaia-electrique-roulettes\/#primaryimage"},"image":{"@id":"https:\/\/www.navailles.fr\/product\/gaia-electrique-roulettes\/#primaryimage"},"thumbnailUrl":"https:\/\/www.navailles.fr\/wp-content\/uploads\/2021\/09\/fauteuil_e\u0301lectrique_me\u0301dical_Gaia_roulette_navailles.jpg","datePublished":"2021-09-10T07:45:56+00:00","dateModified":"2025-07-09T13:54:49+00:00","description":"Fauteuil de soin m\u00e9dical \u00e0 assistance \u00e9lectrique Gaia \u00e0 retrouver sur le site de Navailles, le leader europ\u00e9en du fauteuil m\u00e9dical !","breadcrumb":{"@id":"https:\/\/www.navailles.fr\/product\/gaia-electrique-roulettes\/#breadcrumb"},"inLanguage":"en-GB","potentialAction":[{"@type":"ReadAction","target":["https:\/\/www.navailles.fr\/product\/gaia-electrique-roulettes\/"]}]},{"@type":"ImageObject","inLanguage":"en-GB","@id":"https:\/\/www.navailles.fr\/product\/gaia-electrique-roulettes\/#primaryimage","url":"https:\/\/www.navailles.fr\/wp-content\/uploads\/2021\/09\/fauteuil_e\u0301lectrique_me\u0301dical_Gaia_roulette_navailles.jpg","contentUrl":"https:\/\/www.navailles.fr\/wp-content\/uploads\/2021\/09\/fauteuil_e\u0301lectrique_me\u0301dical_Gaia_roulette_navailles.jpg","width":1000,"height":1000,"caption":"Fauteuil \u00e9lectrique m\u00e9dical Gaia sur roulettes de trois quart Navailles"},{"@type":"BreadcrumbList","@id":"https:\/\/www.navailles.fr\/product\/gaia-electrique-roulettes\/#breadcrumb","itemListElement":[{"@type":"ListItem","position":1,"name":"Accueil","item":"https:\/\/www.navailles.fr\/"},{"@type":"ListItem","position":2,"name":"Boutique","item":"https:\/\/teletravail.navailles.fr\/"},{"@type":"ListItem","position":3,"name":"GAIA ELECTRIQUE ROULETTES"}]},{"@type":"WebSite","@id":"https:\/\/www.navailles.fr\/#website","url":"https:\/\/www.navailles.fr\/","name":"Navailles","description":"Fabricant de fauteuils m\u00e9dicalis\u00e9s, si\u00e8ges de bureau et tabourets techniques","publisher":{"@id":"https:\/\/www.navailles.fr\/#organization"},"potentialAction":[{"@type":"SearchAction","target":{"@type":"EntryPoint","urlTemplate":"https:\/\/www.navailles.fr\/?s={search_term_string}"},"query-input":{"@type":"PropertyValueSpecification","valueRequired":true,"valueName":"search_term_string"}}],"inLanguage":"en-GB"},{"@type":"Organization","@id":"https:\/\/www.navailles.fr\/#organization","name":"Navailles","url":"https:\/\/www.navailles.fr\/","logo":{"@type":"ImageObject","inLanguage":"en-GB","@id":"https:\/\/www.navailles.fr\/#\/schema\/logo\/image\/","url":"https:\/\/www.navailles.fr\/wp-content\/uploads\/2021\/10\/logo_site_navailles1_Plan-de-travail-1.png","contentUrl":"https:\/\/www.navailles.fr\/wp-content\/uploads\/2021\/10\/logo_site_navailles1_Plan-de-travail-1.png","width":375,"height":125,"caption":"Navailles"},"image":{"@id":"https:\/\/www.navailles.fr\/#\/schema\/logo\/image\/"}}]}},"_links":{"self":[{"href":"https:\/\/www.navailles.fr\/en\/wp-json\/wp\/v2\/product\/27400","targetHints":{"allow":["GET"]}}],"collection":[{"href":"https:\/\/www.navailles.fr\/en\/wp-json\/wp\/v2\/product"}],"about":[{"href":"https:\/\/www.navailles.fr\/en\/wp-json\/wp\/v2\/types\/product"}],"wp:featuredmedia":[{"embeddable":true,"href":"https:\/\/www.navailles.fr\/en\/wp-json\/wp\/v2\/media\/36835"}],"wp:attachment":[{"href":"https:\/\/www.navailles.fr\/en\/wp-json\/wp\/v2\/media?parent=27400"}],"wp:term":[{"taxonomy":"product_brand","embeddable":true,"href":"https:\/\/www.navailles.fr\/en\/wp-json\/wp\/v2\/product_brand?post=27400"},{"taxonomy":"product_cat","embeddable":true,"href":"https:\/\/www.navailles.fr\/en\/wp-json\/wp\/v2\/product_cat?post=27400"},{"taxonomy":"product_tag","embeddable":true,"href":"https:\/\/www.navailles.fr\/en\/wp-json\/wp\/v2\/product_tag?post=27400"}],"curies":[{"name":"wp","href":"https:\/\/api.w.org\/{rel}","templated":true}]}}