{"id":27396,"date":"2021-09-10T09:19:52","date_gmt":"2021-09-10T07:19:52","guid":{"rendered":"https:\/\/navailles.fr\/?post_type=product&#038;p=27396"},"modified":"2025-06-05T08:49:43","modified_gmt":"2025-06-05T06:49:43","slug":"gaia-bois-lounge","status":"publish","type":"product","link":"https:\/\/www.navailles.fr\/en\/product\/gaia-wood-lounge\/","title":{"rendered":"GAIA WOOD LOUNGE"},"content":{"rendered":"<p><strong>FAUTEUIL DE REPOS M\u00c9DICAL<\/strong><br \/>\nGA\u00cfA BOIS LOUNGE est un fauteuil de repos m\u00e9dical con\u00e7u pour r\u00e9pondre aux sp\u00e9cificit\u00e9s des \u00e9tablissements m\u00e9dico-sociaux. Avec son syst\u00e8me synchrone assise\/dossier et son repose-jambes r\u00e9glable ind\u00e9pendamment, il permet aux r\u00e9sidents de choisir librement leur posture pour un moment de repos ou une activit\u00e9. Alliant ergonomie, autonomie et esth\u00e9tique, il s\u2019int\u00e8gre parfaitement dans les chambres comme dans les espaces de vie.<\/p>","protected":false},"excerpt":{"rendered":"<p>This patient chair with its synchronous seat and backrest system and independent adjustment of the leg rest enables precise adjustment of the seat in complete autonomy. The resident can freely choose their position for optimum rest or to follow an activity. Its carefully crafted, warm design, with its organic wood touch on the fixed armrests, guarantees long-lasting comfort and versatile use.<\/p>","protected":false},"featured_media":37052,"template":"","meta":{"_acf_changed":false,"content-type":"","site-sidebar-layout":"default","site-content-layout":"default","ast-global-header-display":"","ast-banner-title-visibility":"","ast-main-header-display":"","ast-hfb-above-header-display":"","ast-hfb-below-header-display":"","ast-hfb-mobile-header-display":"","site-post-title":"","ast-breadcrumbs-content":"","ast-featured-img":"","footer-sml-layout":"","theme-transparent-header-meta":"default","adv-header-id-meta":"","stick-header-meta":"default","header-above-stick-meta":"","header-main-stick-meta":"","header-below-stick-meta":""},"product_brand":[],"product_cat":[52,50],"product_tag":[],"class_list":{"0":"post-27396","1":"product","2":"type-product","3":"status-publish","4":"has-post-thumbnail","6":"product_cat-fauteuils-de-repos","7":"product_cat-medical","9":"first","10":"instock","11":"taxable","12":"shipping-taxable","13":"product-type-simple"},"acf":[],"yoast_head":"<!-- This site is optimized with the Yoast SEO plugin v27.4 - https:\/\/yoast.com\/product\/yoast-seo-wordpress\/ -->\n<title>Fauteuil de repos m\u00e9dical en bois Gaia | Navailles<\/title>\n<meta name=\"description\" content=\"Fauteuil de repos m\u00e9dical en bois Gaia en bois \u00e0 retrouver sur le site de Navailles, le leader europ\u00e9en du fauteuil m\u00e9dical !\" \/>\n<meta name=\"robots\" content=\"index, follow, max-snippet:-1, max-image-preview:large, max-video-preview:-1\" \/>\n<link rel=\"canonical\" href=\"https:\/\/www.navailles.fr\/en\/product\/gaia-wood-lounge\/\" \/>\n<meta property=\"og:locale\" content=\"en_GB\" \/>\n<meta property=\"og:type\" content=\"article\" \/>\n<meta property=\"og:title\" content=\"Fauteuil de repos m\u00e9dical en bois Gaia | Navailles\" \/>\n<meta property=\"og:description\" content=\"Fauteuil de repos m\u00e9dical en bois Gaia en bois \u00e0 retrouver sur le site de Navailles, le leader europ\u00e9en du fauteuil m\u00e9dical !\" \/>\n<meta property=\"og:url\" content=\"https:\/\/www.navailles.fr\/en\/product\/gaia-wood-lounge\/\" \/>\n<meta property=\"og:site_name\" content=\"Navailles\" \/>\n<meta property=\"article:modified_time\" content=\"2025-06-05T06:49:43+00:00\" \/>\n<meta property=\"og:image\" content=\"https:\/\/www.navailles.fr\/wp-content\/uploads\/2021\/09\/fauteuil_me\u0301dical_de_repos_gaia_bois_lounge_Navailles.jpg\" \/>\n\t<meta property=\"og:image:width\" content=\"1000\" \/>\n\t<meta property=\"og:image:height\" content=\"1000\" \/>\n\t<meta property=\"og:image:type\" content=\"image\/jpeg\" \/>\n<meta name=\"twitter:card\" content=\"summary_large_image\" \/>\n<meta name=\"twitter:label1\" content=\"Estimated reading time\" \/>\n\t<meta name=\"twitter:data1\" content=\"1 minute\" \/>\n<!-- \/ Yoast SEO plugin. -->","yoast_head_json":{"title":"Wooden medical recliner Gaia | Navailles","description":"Fauteuil de repos m\u00e9dical en bois Gaia en bois \u00e0 retrouver sur le site de Navailles, le leader europ\u00e9en du fauteuil m\u00e9dical !","robots":{"index":"index","follow":"follow","max-snippet":"max-snippet:-1","max-image-preview":"max-image-preview:large","max-video-preview":"max-video-preview:-1"},"canonical":"https:\/\/www.navailles.fr\/en\/product\/gaia-wood-lounge\/","og_locale":"en_GB","og_type":"article","og_title":"Fauteuil de repos m\u00e9dical en bois Gaia | Navailles","og_description":"Fauteuil de repos m\u00e9dical en bois Gaia en bois \u00e0 retrouver sur le site de Navailles, le leader europ\u00e9en du fauteuil m\u00e9dical !","og_url":"https:\/\/www.navailles.fr\/en\/product\/gaia-wood-lounge\/","og_site_name":"Navailles","article_modified_time":"2025-06-05T06:49:43+00:00","og_image":[{"width":1000,"height":1000,"url":"https:\/\/www.navailles.fr\/wp-content\/uploads\/2021\/09\/fauteuil_me\u0301dical_de_repos_gaia_bois_lounge_Navailles.jpg","type":"image\/jpeg"}],"twitter_card":"summary_large_image","twitter_misc":{"Estimated reading time":"1 minute"},"schema":{"@context":"https:\/\/schema.org","@graph":[{"@type":"WebPage","@id":"https:\/\/www.navailles.fr\/product\/gaia-bois-lounge\/","url":"https:\/\/www.navailles.fr\/product\/gaia-bois-lounge\/","name":"Wooden medical recliner Gaia | Navailles","isPartOf":{"@id":"https:\/\/www.navailles.fr\/#website"},"primaryImageOfPage":{"@id":"https:\/\/www.navailles.fr\/product\/gaia-bois-lounge\/#primaryimage"},"image":{"@id":"https:\/\/www.navailles.fr\/product\/gaia-bois-lounge\/#primaryimage"},"thumbnailUrl":"https:\/\/www.navailles.fr\/wp-content\/uploads\/2021\/09\/fauteuil_me\u0301dical_de_repos_gaia_bois_lounge_Navailles.jpg","datePublished":"2021-09-10T07:19:52+00:00","dateModified":"2025-06-05T06:49:43+00:00","description":"Fauteuil de repos m\u00e9dical en bois Gaia en bois \u00e0 retrouver sur le site de Navailles, le leader europ\u00e9en du fauteuil m\u00e9dical !","breadcrumb":{"@id":"https:\/\/www.navailles.fr\/product\/gaia-bois-lounge\/#breadcrumb"},"inLanguage":"en-GB","potentialAction":[{"@type":"ReadAction","target":["https:\/\/www.navailles.fr\/product\/gaia-bois-lounge\/"]}]},{"@type":"ImageObject","inLanguage":"en-GB","@id":"https:\/\/www.navailles.fr\/product\/gaia-bois-lounge\/#primaryimage","url":"https:\/\/www.navailles.fr\/wp-content\/uploads\/2021\/09\/fauteuil_me\u0301dical_de_repos_gaia_bois_lounge_Navailles.jpg","contentUrl":"https:\/\/www.navailles.fr\/wp-content\/uploads\/2021\/09\/fauteuil_me\u0301dical_de_repos_gaia_bois_lounge_Navailles.jpg","width":1000,"height":1000,"caption":"Fauteuil m\u00e9dical de repos Gaia Bois Lounge de trois quart Navailles"},{"@type":"BreadcrumbList","@id":"https:\/\/www.navailles.fr\/product\/gaia-bois-lounge\/#breadcrumb","itemListElement":[{"@type":"ListItem","position":1,"name":"Accueil","item":"https:\/\/www.navailles.fr\/"},{"@type":"ListItem","position":2,"name":"Boutique","item":"https:\/\/teletravail.navailles.fr\/"},{"@type":"ListItem","position":3,"name":"GAIA BOIS LOUNGE"}]},{"@type":"WebSite","@id":"https:\/\/www.navailles.fr\/#website","url":"https:\/\/www.navailles.fr\/","name":"Navailles","description":"Fabricant de fauteuils m\u00e9dicalis\u00e9s, si\u00e8ges de bureau et tabourets techniques","publisher":{"@id":"https:\/\/www.navailles.fr\/#organization"},"potentialAction":[{"@type":"SearchAction","target":{"@type":"EntryPoint","urlTemplate":"https:\/\/www.navailles.fr\/?s={search_term_string}"},"query-input":{"@type":"PropertyValueSpecification","valueRequired":true,"valueName":"search_term_string"}}],"inLanguage":"en-GB"},{"@type":"Organization","@id":"https:\/\/www.navailles.fr\/#organization","name":"Navailles","url":"https:\/\/www.navailles.fr\/","logo":{"@type":"ImageObject","inLanguage":"en-GB","@id":"https:\/\/www.navailles.fr\/#\/schema\/logo\/image\/","url":"https:\/\/www.navailles.fr\/wp-content\/uploads\/2021\/10\/logo_site_navailles1_Plan-de-travail-1.png","contentUrl":"https:\/\/www.navailles.fr\/wp-content\/uploads\/2021\/10\/logo_site_navailles1_Plan-de-travail-1.png","width":375,"height":125,"caption":"Navailles"},"image":{"@id":"https:\/\/www.navailles.fr\/#\/schema\/logo\/image\/"}}]}},"_links":{"self":[{"href":"https:\/\/www.navailles.fr\/en\/wp-json\/wp\/v2\/product\/27396","targetHints":{"allow":["GET"]}}],"collection":[{"href":"https:\/\/www.navailles.fr\/en\/wp-json\/wp\/v2\/product"}],"about":[{"href":"https:\/\/www.navailles.fr\/en\/wp-json\/wp\/v2\/types\/product"}],"wp:featuredmedia":[{"embeddable":true,"href":"https:\/\/www.navailles.fr\/en\/wp-json\/wp\/v2\/media\/37052"}],"wp:attachment":[{"href":"https:\/\/www.navailles.fr\/en\/wp-json\/wp\/v2\/media?parent=27396"}],"wp:term":[{"taxonomy":"product_brand","embeddable":true,"href":"https:\/\/www.navailles.fr\/en\/wp-json\/wp\/v2\/product_brand?post=27396"},{"taxonomy":"product_cat","embeddable":true,"href":"https:\/\/www.navailles.fr\/en\/wp-json\/wp\/v2\/product_cat?post=27396"},{"taxonomy":"product_tag","embeddable":true,"href":"https:\/\/www.navailles.fr\/en\/wp-json\/wp\/v2\/product_tag?post=27396"}],"curies":[{"name":"wp","href":"https:\/\/api.w.org\/{rel}","templated":true}]}}