{"id":27387,"date":"2021-09-10T08:58:54","date_gmt":"2021-09-10T06:58:54","guid":{"rendered":"https:\/\/navailles.fr\/?post_type=product&#038;p=27387"},"modified":"2025-07-09T15:58:51","modified_gmt":"2025-07-09T13:58:51","slug":"gaia-bois-electrique-roulettes","status":"publish","type":"product","link":"https:\/\/www.navailles.fr\/en\/product\/gaia-wood-electric-castors\/","title":{"rendered":"GAIA WOOD ELECTRIC CASTORS"},"content":{"rendered":"<p><strong>FAUTEUIL DE REPOS \u00c9LECTRIQUE M\u00c9DICAL DE RELAXATION ET DE SOINS MOBILE<\/strong><br \/>\nGA\u00cfA BOIS \u00c9LECTRIQUE est un fauteuil de relaxation et de soins alliant l\u2019\u00e9l\u00e9gance du bois massif PEFC \u00e0 la performance d\u2019un fauteuil m\u00e9dicalis\u00e9 motoris\u00e9. Con\u00e7u pour les chambres de soins et les espaces de repos, il associe un design chaleureux \u00e0 une assistance \u00e9lectrique int\u00e9grale pour offrir un confort sup\u00e9rieur aux r\u00e9sidents et un appui pr\u00e9cieux aux soignants. Son inclinaison synchronis\u00e9e et ses multiples options en font une solution id\u00e9ale pour les \u00e9tablissements souhaitant allier esth\u00e9tique, fonctionnalit\u00e9 et ergonomie.<\/p>","protected":false},"excerpt":{"rendered":"<p>Son design unique reprend toutes les fonctionnalit\u00e9s d\u2019un<br \/>\nfauteuil m\u00e9dical avec cette touche bois (PEFC) organique.<br \/>\nRobuste, polyvalent et ergonomique, la gamme GAIA Bois<br \/>\noffre un confort incomparable au service du r\u00e9sident et un<br \/>\nsoutien dans l\u2019aide apport\u00e9e au personnel soignant pour<br \/>\nl\u2019administration des soins. Des qualit\u00e9s renforc\u00e9es avec<br \/>\nl\u2019assistance \u00e9lectrique de ses diff\u00e9rentes fonctions avec une<br \/>\nplus grande autonomie du r\u00e9sident.<br \/>\nLe dossier et l\u2019assise sont synchronis\u00e9s pour optimiser la<br \/>\nposition de repos avec une option pr\u00e9vention des escarres<br \/>\npour les assises longue dur\u00e9e.<br \/>\nIl apporte bien-\u00eatre, s\u00e9r\u00e9nit\u00e9 et relaxation \u00e0 son utilisateur<br \/>\npour une bonne r\u00e9cup\u00e9ration physiologique accrue.<\/p>","protected":false},"featured_media":37060,"template":"","meta":{"_acf_changed":false,"content-type":"","site-sidebar-layout":"default","site-content-layout":"default","ast-global-header-display":"","ast-banner-title-visibility":"","ast-main-header-display":"","ast-hfb-above-header-display":"","ast-hfb-below-header-display":"","ast-hfb-mobile-header-display":"","site-post-title":"","ast-breadcrumbs-content":"","ast-featured-img":"","footer-sml-layout":"","theme-transparent-header-meta":"default","adv-header-id-meta":"","stick-header-meta":"default","header-above-stick-meta":"","header-main-stick-meta":"","header-below-stick-meta":""},"product_brand":[],"product_cat":[52,50],"product_tag":[],"class_list":{"0":"post-27387","1":"product","2":"type-product","3":"status-publish","4":"has-post-thumbnail","6":"product_cat-fauteuils-de-repos","7":"product_cat-medical","9":"first","10":"instock","11":"taxable","12":"shipping-taxable","13":"product-type-simple"},"acf":[],"yoast_head":"<!-- This site is optimized with the Yoast SEO plugin v27.4 - https:\/\/yoast.com\/product\/yoast-seo-wordpress\/ -->\n<title>Fauteuil de repos \u00e9lectrique et en bois Gaia | Navailles<\/title>\n<meta name=\"description\" content=\"Fauteuil de repos \u00e9lectrique et en bois Gaia \u00e0 retrouver sur le site de Navailles, le leader europ\u00e9en du fauteuil m\u00e9dical !\" \/>\n<meta name=\"robots\" content=\"index, follow, max-snippet:-1, max-image-preview:large, max-video-preview:-1\" \/>\n<link rel=\"canonical\" href=\"https:\/\/www.navailles.fr\/en\/product\/gaia-wood-electric-castors\/\" \/>\n<meta property=\"og:locale\" content=\"en_GB\" \/>\n<meta property=\"og:type\" content=\"article\" \/>\n<meta property=\"og:title\" content=\"Fauteuil de repos \u00e9lectrique et en bois Gaia | Navailles\" \/>\n<meta property=\"og:description\" content=\"Fauteuil de repos \u00e9lectrique et en bois Gaia \u00e0 retrouver sur le site de Navailles, le leader europ\u00e9en du fauteuil m\u00e9dical !\" \/>\n<meta property=\"og:url\" content=\"https:\/\/www.navailles.fr\/en\/product\/gaia-wood-electric-castors\/\" \/>\n<meta property=\"og:site_name\" content=\"Navailles\" \/>\n<meta property=\"article:modified_time\" content=\"2025-07-09T13:58:51+00:00\" \/>\n<meta property=\"og:image\" content=\"https:\/\/www.navailles.fr\/wp-content\/uploads\/2021\/09\/fauteuil_de_repos_e\u0301lectrique_gaia-bois_e\u0301lectrique_Navailles.jpg\" \/>\n\t<meta property=\"og:image:width\" content=\"1000\" \/>\n\t<meta property=\"og:image:height\" content=\"1000\" \/>\n\t<meta property=\"og:image:type\" content=\"image\/jpeg\" \/>\n<meta name=\"twitter:card\" content=\"summary_large_image\" \/>\n<meta name=\"twitter:label1\" content=\"Estimated reading time\" \/>\n\t<meta name=\"twitter:data1\" content=\"1 minute\" \/>\n<!-- \/ Yoast SEO plugin. -->","yoast_head_json":{"title":"Fauteuil de repos \u00e9lectrique et en bois Gaia | Navailles","description":"Fauteuil de repos \u00e9lectrique et en bois Gaia \u00e0 retrouver sur le site de Navailles, le leader europ\u00e9en du fauteuil m\u00e9dical !","robots":{"index":"index","follow":"follow","max-snippet":"max-snippet:-1","max-image-preview":"max-image-preview:large","max-video-preview":"max-video-preview:-1"},"canonical":"https:\/\/www.navailles.fr\/en\/product\/gaia-wood-electric-castors\/","og_locale":"en_GB","og_type":"article","og_title":"Fauteuil de repos \u00e9lectrique et en bois Gaia | Navailles","og_description":"Fauteuil de repos \u00e9lectrique et en bois Gaia \u00e0 retrouver sur le site de Navailles, le leader europ\u00e9en du fauteuil m\u00e9dical !","og_url":"https:\/\/www.navailles.fr\/en\/product\/gaia-wood-electric-castors\/","og_site_name":"Navailles","article_modified_time":"2025-07-09T13:58:51+00:00","og_image":[{"width":1000,"height":1000,"url":"https:\/\/www.navailles.fr\/wp-content\/uploads\/2021\/09\/fauteuil_de_repos_e\u0301lectrique_gaia-bois_e\u0301lectrique_Navailles.jpg","type":"image\/jpeg"}],"twitter_card":"summary_large_image","twitter_misc":{"Estimated reading time":"1 minute"},"schema":{"@context":"https:\/\/schema.org","@graph":[{"@type":"WebPage","@id":"https:\/\/www.navailles.fr\/product\/gaia-bois-electrique-roulettes\/","url":"https:\/\/www.navailles.fr\/product\/gaia-bois-electrique-roulettes\/","name":"Fauteuil de repos \u00e9lectrique et en bois Gaia | Navailles","isPartOf":{"@id":"https:\/\/www.navailles.fr\/#website"},"primaryImageOfPage":{"@id":"https:\/\/www.navailles.fr\/product\/gaia-bois-electrique-roulettes\/#primaryimage"},"image":{"@id":"https:\/\/www.navailles.fr\/product\/gaia-bois-electrique-roulettes\/#primaryimage"},"thumbnailUrl":"https:\/\/www.navailles.fr\/wp-content\/uploads\/2021\/09\/fauteuil_de_repos_e\u0301lectrique_gaia-bois_e\u0301lectrique_Navailles.jpg","datePublished":"2021-09-10T06:58:54+00:00","dateModified":"2025-07-09T13:58:51+00:00","description":"Fauteuil de repos \u00e9lectrique et en bois Gaia \u00e0 retrouver sur le site de Navailles, le leader europ\u00e9en du fauteuil m\u00e9dical !","breadcrumb":{"@id":"https:\/\/www.navailles.fr\/product\/gaia-bois-electrique-roulettes\/#breadcrumb"},"inLanguage":"en-GB","potentialAction":[{"@type":"ReadAction","target":["https:\/\/www.navailles.fr\/product\/gaia-bois-electrique-roulettes\/"]}]},{"@type":"ImageObject","inLanguage":"en-GB","@id":"https:\/\/www.navailles.fr\/product\/gaia-bois-electrique-roulettes\/#primaryimage","url":"https:\/\/www.navailles.fr\/wp-content\/uploads\/2021\/09\/fauteuil_de_repos_e\u0301lectrique_gaia-bois_e\u0301lectrique_Navailles.jpg","contentUrl":"https:\/\/www.navailles.fr\/wp-content\/uploads\/2021\/09\/fauteuil_de_repos_e\u0301lectrique_gaia-bois_e\u0301lectrique_Navailles.jpg","width":1000,"height":1000},{"@type":"BreadcrumbList","@id":"https:\/\/www.navailles.fr\/product\/gaia-bois-electrique-roulettes\/#breadcrumb","itemListElement":[{"@type":"ListItem","position":1,"name":"Accueil","item":"https:\/\/www.navailles.fr\/"},{"@type":"ListItem","position":2,"name":"Boutique","item":"https:\/\/teletravail.navailles.fr\/"},{"@type":"ListItem","position":3,"name":"GAIA BOIS ELECTRIQUE ROULETTES"}]},{"@type":"WebSite","@id":"https:\/\/www.navailles.fr\/#website","url":"https:\/\/www.navailles.fr\/","name":"Navailles","description":"Fabricant de fauteuils m\u00e9dicalis\u00e9s, si\u00e8ges de bureau et tabourets techniques","publisher":{"@id":"https:\/\/www.navailles.fr\/#organization"},"potentialAction":[{"@type":"SearchAction","target":{"@type":"EntryPoint","urlTemplate":"https:\/\/www.navailles.fr\/?s={search_term_string}"},"query-input":{"@type":"PropertyValueSpecification","valueRequired":true,"valueName":"search_term_string"}}],"inLanguage":"en-GB"},{"@type":"Organization","@id":"https:\/\/www.navailles.fr\/#organization","name":"Navailles","url":"https:\/\/www.navailles.fr\/","logo":{"@type":"ImageObject","inLanguage":"en-GB","@id":"https:\/\/www.navailles.fr\/#\/schema\/logo\/image\/","url":"https:\/\/www.navailles.fr\/wp-content\/uploads\/2021\/10\/logo_site_navailles1_Plan-de-travail-1.png","contentUrl":"https:\/\/www.navailles.fr\/wp-content\/uploads\/2021\/10\/logo_site_navailles1_Plan-de-travail-1.png","width":375,"height":125,"caption":"Navailles"},"image":{"@id":"https:\/\/www.navailles.fr\/#\/schema\/logo\/image\/"}}]}},"_links":{"self":[{"href":"https:\/\/www.navailles.fr\/en\/wp-json\/wp\/v2\/product\/27387","targetHints":{"allow":["GET"]}}],"collection":[{"href":"https:\/\/www.navailles.fr\/en\/wp-json\/wp\/v2\/product"}],"about":[{"href":"https:\/\/www.navailles.fr\/en\/wp-json\/wp\/v2\/types\/product"}],"wp:featuredmedia":[{"embeddable":true,"href":"https:\/\/www.navailles.fr\/en\/wp-json\/wp\/v2\/media\/37060"}],"wp:attachment":[{"href":"https:\/\/www.navailles.fr\/en\/wp-json\/wp\/v2\/media?parent=27387"}],"wp:term":[{"taxonomy":"product_brand","embeddable":true,"href":"https:\/\/www.navailles.fr\/en\/wp-json\/wp\/v2\/product_brand?post=27387"},{"taxonomy":"product_cat","embeddable":true,"href":"https:\/\/www.navailles.fr\/en\/wp-json\/wp\/v2\/product_cat?post=27387"},{"taxonomy":"product_tag","embeddable":true,"href":"https:\/\/www.navailles.fr\/en\/wp-json\/wp\/v2\/product_tag?post=27387"}],"curies":[{"name":"wp","href":"https:\/\/api.w.org\/{rel}","templated":true}]}}