{"id":27384,"date":"2021-09-10T08:54:08","date_gmt":"2021-09-10T06:54:08","guid":{"rendered":"https:\/\/navailles.fr\/?post_type=product&#038;p=27384"},"modified":"2025-06-18T11:16:41","modified_gmt":"2025-06-18T09:16:41","slug":"circe-chaise-visiteur-bridge","status":"publish","type":"product","link":"https:\/\/www.navailles.fr\/en\/product\/circe-chair-bridge\/","title":{"rendered":"CIRC\u00c9 BRIDGE CHAIR"},"content":{"rendered":"<p><strong>ROOM ARMCHAIRS, CHAIRS <\/strong><strong>FOR PATIENTS AND VISITORS.<\/strong><br \/>\nCIRC\u00c9 Bridge est un fauteuil d\u2019accompagnement polyvalent, pens\u00e9 pour les chambres de patients ou les espaces de visite. Il s\u2019int\u00e8gre naturellement dans tous les environnements m\u00e9dicaux gr\u00e2ce \u00e0 son design sobre et \u00e0 la possibilit\u00e9 d\u2019ajouter des accoudoirs pour plus de confort.<\/p>","protected":false},"excerpt":{"rendered":"<p>Designed in harmony with our entire range of medical armchairs, this furniture perfectly fits in with equipment and furniture needs.<\/p>","protected":false},"featured_media":37122,"template":"","meta":{"_acf_changed":false,"content-type":"","site-sidebar-layout":"default","site-content-layout":"default","ast-global-header-display":"","ast-banner-title-visibility":"","ast-main-header-display":"","ast-hfb-above-header-display":"","ast-hfb-below-header-display":"","ast-hfb-mobile-header-display":"","site-post-title":"","ast-breadcrumbs-content":"","ast-featured-img":"","footer-sml-layout":"","theme-transparent-header-meta":"default","adv-header-id-meta":"","stick-header-meta":"default","header-above-stick-meta":"","header-main-stick-meta":"","header-below-stick-meta":""},"product_brand":[],"product_cat":[59,50,54],"product_tag":[],"class_list":{"0":"post-27384","1":"product","2":"type-product","3":"status-publish","4":"has-post-thumbnail","6":"product_cat-chaises","7":"product_cat-medical","8":"product_cat-offres-complementaires","10":"first","11":"instock","12":"taxable","13":"shipping-taxable","14":"product-type-simple"},"acf":[],"yoast_head":"<!-- This site is optimized with the Yoast SEO plugin v27.4 - https:\/\/yoast.com\/product\/yoast-seo-wordpress\/ -->\n<title>Chaise visiteur chambre m\u00e9dicale Circ\u00e9 Bridge | Navailles<\/title>\n<meta name=\"description\" content=\"Chaise visiteur de chambre m\u00e9dicale Circ\u00e9 Bridge, \u00e0 retrouver sur le site de Navailles, le leader europ\u00e9en du fauteuil m\u00e9dical !\" \/>\n<meta name=\"robots\" content=\"index, follow, max-snippet:-1, max-image-preview:large, max-video-preview:-1\" \/>\n<link rel=\"canonical\" href=\"https:\/\/www.navailles.fr\/en\/product\/circe-chair-bridge\/\" \/>\n<meta property=\"og:locale\" content=\"en_GB\" \/>\n<meta property=\"og:type\" content=\"article\" \/>\n<meta property=\"og:title\" content=\"Chaise visiteur chambre m\u00e9dicale Circ\u00e9 Bridge | Navailles\" \/>\n<meta property=\"og:description\" content=\"Chaise visiteur de chambre m\u00e9dicale Circ\u00e9 Bridge, \u00e0 retrouver sur le site de Navailles, le leader europ\u00e9en du fauteuil m\u00e9dical !\" \/>\n<meta property=\"og:url\" content=\"https:\/\/www.navailles.fr\/en\/product\/circe-chair-bridge\/\" \/>\n<meta property=\"og:site_name\" content=\"Navailles\" \/>\n<meta property=\"article:modified_time\" content=\"2025-06-18T09:16:41+00:00\" \/>\n<meta property=\"og:image\" content=\"https:\/\/www.navailles.fr\/wp-content\/uploads\/2021\/09\/circee_chaise_visiteur_hopital_Navailles.jpg\" \/>\n\t<meta property=\"og:image:width\" content=\"1000\" \/>\n\t<meta property=\"og:image:height\" content=\"1000\" \/>\n\t<meta property=\"og:image:type\" content=\"image\/jpeg\" \/>\n<meta name=\"twitter:card\" content=\"summary_large_image\" \/>\n<meta name=\"twitter:label1\" content=\"Estimated reading time\" \/>\n\t<meta name=\"twitter:data1\" content=\"1 minute\" \/>\n<!-- \/ Yoast SEO plugin. -->","yoast_head_json":{"title":"Chaise visiteur chambre m\u00e9dicale Circ\u00e9 Bridge | Navailles","description":"Chaise visiteur de chambre m\u00e9dicale Circ\u00e9 Bridge, \u00e0 retrouver sur le site de Navailles, le leader europ\u00e9en du fauteuil m\u00e9dical !","robots":{"index":"index","follow":"follow","max-snippet":"max-snippet:-1","max-image-preview":"max-image-preview:large","max-video-preview":"max-video-preview:-1"},"canonical":"https:\/\/www.navailles.fr\/en\/product\/circe-chair-bridge\/","og_locale":"en_GB","og_type":"article","og_title":"Chaise visiteur chambre m\u00e9dicale Circ\u00e9 Bridge | Navailles","og_description":"Chaise visiteur de chambre m\u00e9dicale Circ\u00e9 Bridge, \u00e0 retrouver sur le site de Navailles, le leader europ\u00e9en du fauteuil m\u00e9dical !","og_url":"https:\/\/www.navailles.fr\/en\/product\/circe-chair-bridge\/","og_site_name":"Navailles","article_modified_time":"2025-06-18T09:16:41+00:00","og_image":[{"width":1000,"height":1000,"url":"https:\/\/www.navailles.fr\/wp-content\/uploads\/2021\/09\/circee_chaise_visiteur_hopital_Navailles.jpg","type":"image\/jpeg"}],"twitter_card":"summary_large_image","twitter_misc":{"Estimated reading time":"1 minute"},"schema":{"@context":"https:\/\/schema.org","@graph":[{"@type":"WebPage","@id":"https:\/\/www.navailles.fr\/product\/circe-chaise-visiteur-bridge\/","url":"https:\/\/www.navailles.fr\/product\/circe-chaise-visiteur-bridge\/","name":"Chaise visiteur chambre m\u00e9dicale Circ\u00e9 Bridge | Navailles","isPartOf":{"@id":"https:\/\/www.navailles.fr\/#website"},"primaryImageOfPage":{"@id":"https:\/\/www.navailles.fr\/product\/circe-chaise-visiteur-bridge\/#primaryimage"},"image":{"@id":"https:\/\/www.navailles.fr\/product\/circe-chaise-visiteur-bridge\/#primaryimage"},"thumbnailUrl":"https:\/\/www.navailles.fr\/wp-content\/uploads\/2021\/09\/circee_chaise_visiteur_hopital_Navailles.jpg","datePublished":"2021-09-10T06:54:08+00:00","dateModified":"2025-06-18T09:16:41+00:00","description":"Chaise visiteur de chambre m\u00e9dicale Circ\u00e9 Bridge, \u00e0 retrouver sur le site de Navailles, le leader europ\u00e9en du fauteuil m\u00e9dical !","breadcrumb":{"@id":"https:\/\/www.navailles.fr\/product\/circe-chaise-visiteur-bridge\/#breadcrumb"},"inLanguage":"en-GB","potentialAction":[{"@type":"ReadAction","target":["https:\/\/www.navailles.fr\/product\/circe-chaise-visiteur-bridge\/"]}]},{"@type":"ImageObject","inLanguage":"en-GB","@id":"https:\/\/www.navailles.fr\/product\/circe-chaise-visiteur-bridge\/#primaryimage","url":"https:\/\/www.navailles.fr\/wp-content\/uploads\/2021\/09\/circee_chaise_visiteur_hopital_Navailles.jpg","contentUrl":"https:\/\/www.navailles.fr\/wp-content\/uploads\/2021\/09\/circee_chaise_visiteur_hopital_Navailles.jpg","width":1000,"height":1000,"caption":"chaise visiteur hopital orange Navailles"},{"@type":"BreadcrumbList","@id":"https:\/\/www.navailles.fr\/product\/circe-chaise-visiteur-bridge\/#breadcrumb","itemListElement":[{"@type":"ListItem","position":1,"name":"Accueil","item":"https:\/\/www.navailles.fr\/"},{"@type":"ListItem","position":2,"name":"Boutique","item":"https:\/\/teletravail.navailles.fr\/"},{"@type":"ListItem","position":3,"name":"CIRC\u00c9 FAUTEUIL BRIDGE"}]},{"@type":"WebSite","@id":"https:\/\/www.navailles.fr\/#website","url":"https:\/\/www.navailles.fr\/","name":"Navailles","description":"Fabricant de fauteuils m\u00e9dicalis\u00e9s, si\u00e8ges de bureau et tabourets techniques","publisher":{"@id":"https:\/\/www.navailles.fr\/#organization"},"potentialAction":[{"@type":"SearchAction","target":{"@type":"EntryPoint","urlTemplate":"https:\/\/www.navailles.fr\/?s={search_term_string}"},"query-input":{"@type":"PropertyValueSpecification","valueRequired":true,"valueName":"search_term_string"}}],"inLanguage":"en-GB"},{"@type":"Organization","@id":"https:\/\/www.navailles.fr\/#organization","name":"Navailles","url":"https:\/\/www.navailles.fr\/","logo":{"@type":"ImageObject","inLanguage":"en-GB","@id":"https:\/\/www.navailles.fr\/#\/schema\/logo\/image\/","url":"https:\/\/www.navailles.fr\/wp-content\/uploads\/2021\/10\/logo_site_navailles1_Plan-de-travail-1.png","contentUrl":"https:\/\/www.navailles.fr\/wp-content\/uploads\/2021\/10\/logo_site_navailles1_Plan-de-travail-1.png","width":375,"height":125,"caption":"Navailles"},"image":{"@id":"https:\/\/www.navailles.fr\/#\/schema\/logo\/image\/"}}]}},"_links":{"self":[{"href":"https:\/\/www.navailles.fr\/en\/wp-json\/wp\/v2\/product\/27384","targetHints":{"allow":["GET"]}}],"collection":[{"href":"https:\/\/www.navailles.fr\/en\/wp-json\/wp\/v2\/product"}],"about":[{"href":"https:\/\/www.navailles.fr\/en\/wp-json\/wp\/v2\/types\/product"}],"wp:featuredmedia":[{"embeddable":true,"href":"https:\/\/www.navailles.fr\/en\/wp-json\/wp\/v2\/media\/37122"}],"wp:attachment":[{"href":"https:\/\/www.navailles.fr\/en\/wp-json\/wp\/v2\/media?parent=27384"}],"wp:term":[{"taxonomy":"product_brand","embeddable":true,"href":"https:\/\/www.navailles.fr\/en\/wp-json\/wp\/v2\/product_brand?post=27384"},{"taxonomy":"product_cat","embeddable":true,"href":"https:\/\/www.navailles.fr\/en\/wp-json\/wp\/v2\/product_cat?post=27384"},{"taxonomy":"product_tag","embeddable":true,"href":"https:\/\/www.navailles.fr\/en\/wp-json\/wp\/v2\/product_tag?post=27384"}],"curies":[{"name":"wp","href":"https:\/\/api.w.org\/{rel}","templated":true}]}}