{"id":27381,"date":"2021-09-10T08:42:22","date_gmt":"2021-09-10T06:42:22","guid":{"rendered":"https:\/\/navailles.fr\/?post_type=product&#038;p=27381"},"modified":"2025-07-09T16:05:56","modified_gmt":"2025-07-09T14:05:56","slug":"circe-chaise-pliante","status":"publish","type":"product","link":"https:\/\/www.navailles.fr\/en\/product\/circe-chair-folding\/","title":{"rendered":"CIRC\u00c9 CHAISE PLIANTE VISITEUR"},"content":{"rendered":"<p><strong>ROOM ARMCHAIRS, CHAIRS <\/strong><strong>FOR PATIENTS AND VISITORS.<\/strong><br \/>\nCIRC\u00c9 Chaise pliante est une solution astucieuse pour l\u2019accueil ponctuel, parfaitement adapt\u00e9e aux chambres \u00e0 espace r\u00e9duit ou aux besoins temporaires d\u2019assise suppl\u00e9mentaire.<\/p>","protected":false},"excerpt":{"rendered":"<p>Designed in harmony with our entire range of medical armchairs, this furniture perfectly fits in with equipment and furniture needs.<\/p>","protected":false},"featured_media":37125,"template":"","meta":{"_acf_changed":false,"content-type":"","site-sidebar-layout":"default","site-content-layout":"default","ast-global-header-display":"","ast-banner-title-visibility":"","ast-main-header-display":"","ast-hfb-above-header-display":"","ast-hfb-below-header-display":"","ast-hfb-mobile-header-display":"","site-post-title":"","ast-breadcrumbs-content":"","ast-featured-img":"","footer-sml-layout":"","theme-transparent-header-meta":"default","adv-header-id-meta":"","stick-header-meta":"default","header-above-stick-meta":"","header-main-stick-meta":"","header-below-stick-meta":""},"product_brand":[],"product_cat":[59,50,54],"product_tag":[],"class_list":{"0":"post-27381","1":"product","2":"type-product","3":"status-publish","4":"has-post-thumbnail","6":"product_cat-chaises","7":"product_cat-medical","8":"product_cat-offres-complementaires","10":"first","11":"instock","12":"taxable","13":"shipping-taxable","14":"product-type-simple"},"acf":[],"yoast_head":"<!-- This site is optimized with the Yoast SEO plugin v27.4 - https:\/\/yoast.com\/product\/yoast-seo-wordpress\/ -->\n<title>Chaise pliante visiteur Circ\u00e9 | Navailles<\/title>\n<meta name=\"description\" content=\"Chaise pliante visiteur Circ\u00e9, pour chambre d&#039;hopital, \u00e0 retrouver sur le site de Navailles, le leader europ\u00e9en du fauteuil m\u00e9dical !\" \/>\n<meta name=\"robots\" content=\"index, follow, max-snippet:-1, max-image-preview:large, max-video-preview:-1\" \/>\n<link rel=\"canonical\" href=\"https:\/\/www.navailles.fr\/en\/product\/circe-chair-folding\/\" \/>\n<meta property=\"og:locale\" content=\"en_GB\" \/>\n<meta property=\"og:type\" content=\"article\" \/>\n<meta property=\"og:title\" content=\"Chaise pliante visiteur Circ\u00e9 | Navailles\" \/>\n<meta property=\"og:description\" content=\"Chaise pliante visiteur Circ\u00e9, pour chambre d&#039;hopital, \u00e0 retrouver sur le site de Navailles, le leader europ\u00e9en du fauteuil m\u00e9dical !\" \/>\n<meta property=\"og:url\" content=\"https:\/\/www.navailles.fr\/en\/product\/circe-chair-folding\/\" \/>\n<meta property=\"og:site_name\" content=\"Navailles\" \/>\n<meta property=\"article:modified_time\" content=\"2025-07-09T14:05:56+00:00\" \/>\n<meta property=\"og:image\" content=\"https:\/\/www.navailles.fr\/wp-content\/uploads\/2021\/09\/circe_chaise-pliante_visiteur_hopital_Navailles.jpg\" \/>\n\t<meta property=\"og:image:width\" content=\"1000\" \/>\n\t<meta property=\"og:image:height\" content=\"1000\" \/>\n\t<meta property=\"og:image:type\" content=\"image\/jpeg\" \/>\n<meta name=\"twitter:card\" content=\"summary_large_image\" \/>\n<meta name=\"twitter:label1\" content=\"Estimated reading time\" \/>\n\t<meta name=\"twitter:data1\" content=\"1 minute\" \/>\n<!-- \/ Yoast SEO plugin. -->","yoast_head_json":{"title":"Chaise pliante visiteur Circ\u00e9 | Navailles","description":"Chaise pliante visiteur Circ\u00e9, pour chambre d'hopital, \u00e0 retrouver sur le site de Navailles, le leader europ\u00e9en du fauteuil m\u00e9dical !","robots":{"index":"index","follow":"follow","max-snippet":"max-snippet:-1","max-image-preview":"max-image-preview:large","max-video-preview":"max-video-preview:-1"},"canonical":"https:\/\/www.navailles.fr\/en\/product\/circe-chair-folding\/","og_locale":"en_GB","og_type":"article","og_title":"Chaise pliante visiteur Circ\u00e9 | Navailles","og_description":"Chaise pliante visiteur Circ\u00e9, pour chambre d'hopital, \u00e0 retrouver sur le site de Navailles, le leader europ\u00e9en du fauteuil m\u00e9dical !","og_url":"https:\/\/www.navailles.fr\/en\/product\/circe-chair-folding\/","og_site_name":"Navailles","article_modified_time":"2025-07-09T14:05:56+00:00","og_image":[{"width":1000,"height":1000,"url":"https:\/\/www.navailles.fr\/wp-content\/uploads\/2021\/09\/circe_chaise-pliante_visiteur_hopital_Navailles.jpg","type":"image\/jpeg"}],"twitter_card":"summary_large_image","twitter_misc":{"Estimated reading time":"1 minute"},"schema":{"@context":"https:\/\/schema.org","@graph":[{"@type":"WebPage","@id":"https:\/\/www.navailles.fr\/product\/circe-chaise-pliante\/","url":"https:\/\/www.navailles.fr\/product\/circe-chaise-pliante\/","name":"Chaise pliante visiteur Circ\u00e9 | Navailles","isPartOf":{"@id":"https:\/\/www.navailles.fr\/#website"},"primaryImageOfPage":{"@id":"https:\/\/www.navailles.fr\/product\/circe-chaise-pliante\/#primaryimage"},"image":{"@id":"https:\/\/www.navailles.fr\/product\/circe-chaise-pliante\/#primaryimage"},"thumbnailUrl":"https:\/\/www.navailles.fr\/wp-content\/uploads\/2021\/09\/circe_chaise-pliante_visiteur_hopital_Navailles.jpg","datePublished":"2021-09-10T06:42:22+00:00","dateModified":"2025-07-09T14:05:56+00:00","description":"Chaise pliante visiteur Circ\u00e9, pour chambre d'hopital, \u00e0 retrouver sur le site de Navailles, le leader europ\u00e9en du fauteuil m\u00e9dical !","breadcrumb":{"@id":"https:\/\/www.navailles.fr\/product\/circe-chaise-pliante\/#breadcrumb"},"inLanguage":"en-GB","potentialAction":[{"@type":"ReadAction","target":["https:\/\/www.navailles.fr\/product\/circe-chaise-pliante\/"]}]},{"@type":"ImageObject","inLanguage":"en-GB","@id":"https:\/\/www.navailles.fr\/product\/circe-chaise-pliante\/#primaryimage","url":"https:\/\/www.navailles.fr\/wp-content\/uploads\/2021\/09\/circe_chaise-pliante_visiteur_hopital_Navailles.jpg","contentUrl":"https:\/\/www.navailles.fr\/wp-content\/uploads\/2021\/09\/circe_chaise-pliante_visiteur_hopital_Navailles.jpg","width":1000,"height":1000,"caption":"chaise visiteur pliante rouge pour les hopitaux"},{"@type":"BreadcrumbList","@id":"https:\/\/www.navailles.fr\/product\/circe-chaise-pliante\/#breadcrumb","itemListElement":[{"@type":"ListItem","position":1,"name":"Accueil","item":"https:\/\/www.navailles.fr\/"},{"@type":"ListItem","position":2,"name":"Boutique","item":"https:\/\/teletravail.navailles.fr\/"},{"@type":"ListItem","position":3,"name":"CIRC\u00c9 CHAISE PLIANTE VISITEUR"}]},{"@type":"WebSite","@id":"https:\/\/www.navailles.fr\/#website","url":"https:\/\/www.navailles.fr\/","name":"Navailles","description":"Fabricant de fauteuils m\u00e9dicalis\u00e9s, si\u00e8ges de bureau et tabourets techniques","publisher":{"@id":"https:\/\/www.navailles.fr\/#organization"},"potentialAction":[{"@type":"SearchAction","target":{"@type":"EntryPoint","urlTemplate":"https:\/\/www.navailles.fr\/?s={search_term_string}"},"query-input":{"@type":"PropertyValueSpecification","valueRequired":true,"valueName":"search_term_string"}}],"inLanguage":"en-GB"},{"@type":"Organization","@id":"https:\/\/www.navailles.fr\/#organization","name":"Navailles","url":"https:\/\/www.navailles.fr\/","logo":{"@type":"ImageObject","inLanguage":"en-GB","@id":"https:\/\/www.navailles.fr\/#\/schema\/logo\/image\/","url":"https:\/\/www.navailles.fr\/wp-content\/uploads\/2021\/10\/logo_site_navailles1_Plan-de-travail-1.png","contentUrl":"https:\/\/www.navailles.fr\/wp-content\/uploads\/2021\/10\/logo_site_navailles1_Plan-de-travail-1.png","width":375,"height":125,"caption":"Navailles"},"image":{"@id":"https:\/\/www.navailles.fr\/#\/schema\/logo\/image\/"}}]}},"_links":{"self":[{"href":"https:\/\/www.navailles.fr\/en\/wp-json\/wp\/v2\/product\/27381","targetHints":{"allow":["GET"]}}],"collection":[{"href":"https:\/\/www.navailles.fr\/en\/wp-json\/wp\/v2\/product"}],"about":[{"href":"https:\/\/www.navailles.fr\/en\/wp-json\/wp\/v2\/types\/product"}],"wp:featuredmedia":[{"embeddable":true,"href":"https:\/\/www.navailles.fr\/en\/wp-json\/wp\/v2\/media\/37125"}],"wp:attachment":[{"href":"https:\/\/www.navailles.fr\/en\/wp-json\/wp\/v2\/media?parent=27381"}],"wp:term":[{"taxonomy":"product_brand","embeddable":true,"href":"https:\/\/www.navailles.fr\/en\/wp-json\/wp\/v2\/product_brand?post=27381"},{"taxonomy":"product_cat","embeddable":true,"href":"https:\/\/www.navailles.fr\/en\/wp-json\/wp\/v2\/product_cat?post=27381"},{"taxonomy":"product_tag","embeddable":true,"href":"https:\/\/www.navailles.fr\/en\/wp-json\/wp\/v2\/product_tag?post=27381"}],"curies":[{"name":"wp","href":"https:\/\/api.w.org\/{rel}","templated":true}]}}