{"id":27365,"date":"2021-09-09T17:02:05","date_gmt":"2021-09-09T15:02:05","guid":{"rendered":"https:\/\/navailles.fr\/?post_type=product&#038;p=27365"},"modified":"2025-07-09T15:22:02","modified_gmt":"2025-07-09T13:22:02","slug":"astree-roulettes","status":"publish","type":"product","link":"https:\/\/www.navailles.fr\/en\/product\/astree-castors\/","title":{"rendered":"ASTREE CASTORS"},"content":{"rendered":"<p><strong>FAUTEUIL M\u00c9DICAL DE CONVALESCENCE MOBILE ADAPT\u00c9 \u00c0 TOUTES LES PATHOLOGIES DES MEMBRES INF\u00c9RIEURS<\/strong><br \/>\nASTR\u00c9E II est un fauteuil de convalescence mobile \u00e0 hauteur fixe, pens\u00e9 pour r\u00e9pondre aux besoins des patients atteints de pathologies des membres inf\u00e9rieurs. Dot\u00e9 d\u2019un dossier anatomique inclinable, d\u2019un repose-pieds escamotable et d\u2019une assise ergonomique d\u00e9clipsable, il soutient le corps dans son ensemble tout en limitant les points d\u2019appui douloureux. Sa mobilit\u00e9 et son syst\u00e8me de freinage centralis\u00e9 en font un fauteuil aussi confortable que pratique \u00e0 utiliser au quotidien.<\/p>","protected":false},"excerpt":{"rendered":"<p>It focuses on the technical aspects that provide comfort of use, quality of care and a beneficial resting position. Its design favours the elimination of painful support points. This convalescence chair supports the neck and lower members to promote a state of relaxation in all positions.<\/p>","protected":false},"featured_media":36766,"template":"","meta":{"_acf_changed":false,"content-type":"","site-sidebar-layout":"default","site-content-layout":"default","ast-global-header-display":"","ast-banner-title-visibility":"","ast-main-header-display":"","ast-hfb-above-header-display":"","ast-hfb-below-header-display":"","ast-hfb-mobile-header-display":"","site-post-title":"","ast-breadcrumbs-content":"","ast-featured-img":"","footer-sml-layout":"","theme-transparent-header-meta":"default","adv-header-id-meta":"","stick-header-meta":"default","header-above-stick-meta":"","header-main-stick-meta":"","header-below-stick-meta":""},"product_brand":[],"product_cat":[51,56,50],"product_tag":[],"class_list":{"0":"post-27365","1":"product","2":"type-product","3":"status-publish","4":"has-post-thumbnail","6":"product_cat-fauteuils-de-soins","7":"product_cat-fauteuils-de-transfert","8":"product_cat-medical","10":"first","11":"instock","12":"taxable","13":"shipping-taxable","14":"product-type-simple"},"acf":[],"yoast_head":"<!-- This site is optimized with the Yoast SEO plugin v27.4 - https:\/\/yoast.com\/product\/yoast-seo-wordpress\/ -->\n<title>Fauteuil m\u00e9dical de transfert Astr\u00e9e sur roulettes | Navailles<\/title>\n<meta name=\"description\" content=\"Fauteuil de transfert de soins m\u00e9dical Astr\u00e9e, sur roulettes, \u00e0 retrouver sur le site de Navailles, le leader europ\u00e9en du fauteuil m\u00e9dical !\" \/>\n<meta name=\"robots\" content=\"index, follow, max-snippet:-1, max-image-preview:large, max-video-preview:-1\" \/>\n<link rel=\"canonical\" href=\"https:\/\/www.navailles.fr\/en\/product\/astree-castors\/\" \/>\n<meta property=\"og:locale\" content=\"en_GB\" \/>\n<meta property=\"og:type\" content=\"article\" \/>\n<meta property=\"og:title\" content=\"Fauteuil m\u00e9dical de transfert Astr\u00e9e sur roulettes | Navailles\" \/>\n<meta property=\"og:description\" content=\"Fauteuil de transfert de soins m\u00e9dical Astr\u00e9e, sur roulettes, \u00e0 retrouver sur le site de Navailles, le leader europ\u00e9en du fauteuil m\u00e9dical !\" \/>\n<meta property=\"og:url\" content=\"https:\/\/www.navailles.fr\/en\/product\/astree-castors\/\" \/>\n<meta property=\"og:site_name\" content=\"Navailles\" \/>\n<meta property=\"article:modified_time\" content=\"2025-07-09T13:22:02+00:00\" \/>\n<meta property=\"og:image\" content=\"https:\/\/www.navailles.fr\/wp-content\/uploads\/2021\/09\/fauteuil_me\u0301dicalise\u0301_de_transfert_Navailles_Astree_Roulettes.jpg\" \/>\n\t<meta property=\"og:image:width\" content=\"1000\" \/>\n\t<meta property=\"og:image:height\" content=\"1000\" \/>\n\t<meta property=\"og:image:type\" content=\"image\/jpeg\" \/>\n<meta name=\"twitter:card\" content=\"summary_large_image\" \/>\n<meta name=\"twitter:label1\" content=\"Estimated reading time\" \/>\n\t<meta name=\"twitter:data1\" content=\"1 minute\" \/>\n<!-- \/ Yoast SEO plugin. -->","yoast_head_json":{"title":"Fauteuil m\u00e9dical de transfert Astr\u00e9e sur roulettes | Navailles","description":"Medical care transfer chair Astree, on wheels, to be found on the Navailles website, the European leader in medical chairs!","robots":{"index":"index","follow":"follow","max-snippet":"max-snippet:-1","max-image-preview":"max-image-preview:large","max-video-preview":"max-video-preview:-1"},"canonical":"https:\/\/www.navailles.fr\/en\/product\/astree-castors\/","og_locale":"en_GB","og_type":"article","og_title":"Fauteuil m\u00e9dical de transfert Astr\u00e9e sur roulettes | Navailles","og_description":"Fauteuil de transfert de soins m\u00e9dical Astr\u00e9e, sur roulettes, \u00e0 retrouver sur le site de Navailles, le leader europ\u00e9en du fauteuil m\u00e9dical !","og_url":"https:\/\/www.navailles.fr\/en\/product\/astree-castors\/","og_site_name":"Navailles","article_modified_time":"2025-07-09T13:22:02+00:00","og_image":[{"width":1000,"height":1000,"url":"https:\/\/www.navailles.fr\/wp-content\/uploads\/2021\/09\/fauteuil_me\u0301dicalise\u0301_de_transfert_Navailles_Astree_Roulettes.jpg","type":"image\/jpeg"}],"twitter_card":"summary_large_image","twitter_misc":{"Estimated reading time":"1 minute"},"schema":{"@context":"https:\/\/schema.org","@graph":[{"@type":"WebPage","@id":"https:\/\/www.navailles.fr\/product\/astree-roulettes\/","url":"https:\/\/www.navailles.fr\/product\/astree-roulettes\/","name":"Fauteuil m\u00e9dical de transfert Astr\u00e9e sur roulettes | Navailles","isPartOf":{"@id":"https:\/\/www.navailles.fr\/#website"},"primaryImageOfPage":{"@id":"https:\/\/www.navailles.fr\/product\/astree-roulettes\/#primaryimage"},"image":{"@id":"https:\/\/www.navailles.fr\/product\/astree-roulettes\/#primaryimage"},"thumbnailUrl":"https:\/\/www.navailles.fr\/wp-content\/uploads\/2021\/09\/fauteuil_me\u0301dicalise\u0301_de_transfert_Navailles_Astree_Roulettes.jpg","datePublished":"2021-09-09T15:02:05+00:00","dateModified":"2025-07-09T13:22:02+00:00","description":"Medical care transfer chair Astree, on wheels, to be found on the Navailles website, the European leader in medical chairs!","breadcrumb":{"@id":"https:\/\/www.navailles.fr\/product\/astree-roulettes\/#breadcrumb"},"inLanguage":"en-GB","potentialAction":[{"@type":"ReadAction","target":["https:\/\/www.navailles.fr\/product\/astree-roulettes\/"]}]},{"@type":"ImageObject","inLanguage":"en-GB","@id":"https:\/\/www.navailles.fr\/product\/astree-roulettes\/#primaryimage","url":"https:\/\/www.navailles.fr\/wp-content\/uploads\/2021\/09\/fauteuil_me\u0301dicalise\u0301_de_transfert_Navailles_Astree_Roulettes.jpg","contentUrl":"https:\/\/www.navailles.fr\/wp-content\/uploads\/2021\/09\/fauteuil_me\u0301dicalise\u0301_de_transfert_Navailles_Astree_Roulettes.jpg","width":1000,"height":1000,"caption":"Fauteuil m\u00e9dical de TRANSFERT Astree sur roulettes de trois quart Navailles"},{"@type":"BreadcrumbList","@id":"https:\/\/www.navailles.fr\/product\/astree-roulettes\/#breadcrumb","itemListElement":[{"@type":"ListItem","position":1,"name":"Accueil","item":"https:\/\/www.navailles.fr\/"},{"@type":"ListItem","position":2,"name":"Boutique","item":"https:\/\/teletravail.navailles.fr\/"},{"@type":"ListItem","position":3,"name":"ASTREE ROULETTES"}]},{"@type":"WebSite","@id":"https:\/\/www.navailles.fr\/#website","url":"https:\/\/www.navailles.fr\/","name":"Navailles","description":"Fabricant de fauteuils m\u00e9dicalis\u00e9s, si\u00e8ges de bureau et tabourets techniques","publisher":{"@id":"https:\/\/www.navailles.fr\/#organization"},"potentialAction":[{"@type":"SearchAction","target":{"@type":"EntryPoint","urlTemplate":"https:\/\/www.navailles.fr\/?s={search_term_string}"},"query-input":{"@type":"PropertyValueSpecification","valueRequired":true,"valueName":"search_term_string"}}],"inLanguage":"en-GB"},{"@type":"Organization","@id":"https:\/\/www.navailles.fr\/#organization","name":"Navailles","url":"https:\/\/www.navailles.fr\/","logo":{"@type":"ImageObject","inLanguage":"en-GB","@id":"https:\/\/www.navailles.fr\/#\/schema\/logo\/image\/","url":"https:\/\/www.navailles.fr\/wp-content\/uploads\/2021\/10\/logo_site_navailles1_Plan-de-travail-1.png","contentUrl":"https:\/\/www.navailles.fr\/wp-content\/uploads\/2021\/10\/logo_site_navailles1_Plan-de-travail-1.png","width":375,"height":125,"caption":"Navailles"},"image":{"@id":"https:\/\/www.navailles.fr\/#\/schema\/logo\/image\/"}}]}},"_links":{"self":[{"href":"https:\/\/www.navailles.fr\/en\/wp-json\/wp\/v2\/product\/27365","targetHints":{"allow":["GET"]}}],"collection":[{"href":"https:\/\/www.navailles.fr\/en\/wp-json\/wp\/v2\/product"}],"about":[{"href":"https:\/\/www.navailles.fr\/en\/wp-json\/wp\/v2\/types\/product"}],"wp:featuredmedia":[{"embeddable":true,"href":"https:\/\/www.navailles.fr\/en\/wp-json\/wp\/v2\/media\/36766"}],"wp:attachment":[{"href":"https:\/\/www.navailles.fr\/en\/wp-json\/wp\/v2\/media?parent=27365"}],"wp:term":[{"taxonomy":"product_brand","embeddable":true,"href":"https:\/\/www.navailles.fr\/en\/wp-json\/wp\/v2\/product_brand?post=27365"},{"taxonomy":"product_cat","embeddable":true,"href":"https:\/\/www.navailles.fr\/en\/wp-json\/wp\/v2\/product_cat?post=27365"},{"taxonomy":"product_tag","embeddable":true,"href":"https:\/\/www.navailles.fr\/en\/wp-json\/wp\/v2\/product_tag?post=27365"}],"curies":[{"name":"wp","href":"https:\/\/api.w.org\/{rel}","templated":true}]}}