{"id":27270,"date":"2021-09-09T14:29:44","date_gmt":"2021-09-09T12:29:44","guid":{"rendered":"https:\/\/navailles.fr\/?post_type=product&#038;p=27270"},"modified":"2025-07-09T15:14:12","modified_gmt":"2025-07-09T13:14:12","slug":"astree-patins","status":"publish","type":"product","link":"https:\/\/www.navailles.fr\/en\/product\/astree-skids\/","title":{"rendered":"ASTREE PADS"},"content":{"rendered":"<p><strong>FAUTEUIL M\u00c9DICAL DE REPOS GRAND CONFORT ADAPT\u00c9 \u00c0 TOUTES LES PATHOLOGIES DES MEMBRES INF\u00c9RIEURS<\/strong><br \/>\nSon dossier inclinable, son repose-jambes modulable et son appuie-t\u00eate r\u00e9glable permettent un ajustement pr\u00e9cis de la posture pour favoriser \u00e0 la fois le confort, la r\u00e9cup\u00e9ration et la qualit\u00e9 des soins. Sa conception vise \u00e0 r\u00e9duire les points d\u2019appui douloureux tout en assurant un soutien complet, de la nuque jusqu\u2019aux jambes.<\/p>","protected":false},"excerpt":{"rendered":"<p>It focuses on the technical aspects that provide comfort of use, quality of care and a beneficial resting position Its design favours the elimination of painful support points. This convalescence chair supports the neck and lower members to promote a state of relaxation in all positions.<\/p>","protected":false},"featured_media":36728,"template":"","meta":{"_acf_changed":false,"content-type":"","site-sidebar-layout":"default","site-content-layout":"default","ast-global-header-display":"","ast-banner-title-visibility":"","ast-main-header-display":"","ast-hfb-above-header-display":"","ast-hfb-below-header-display":"","ast-hfb-mobile-header-display":"","site-post-title":"","ast-breadcrumbs-content":"","ast-featured-img":"","footer-sml-layout":"","theme-transparent-header-meta":"default","adv-header-id-meta":"","stick-header-meta":"default","header-above-stick-meta":"","header-main-stick-meta":"","header-below-stick-meta":""},"product_brand":[],"product_cat":[55,51,50],"product_tag":[],"class_list":{"0":"post-27270","1":"product","2":"type-product","3":"status-publish","4":"has-post-thumbnail","6":"product_cat-fauteuils-de-chambre","7":"product_cat-fauteuils-de-soins","8":"product_cat-medical","10":"first","11":"instock","12":"taxable","13":"shipping-taxable","14":"product-type-simple"},"acf":[],"yoast_head":"<!-- This site is optimized with the Yoast SEO plugin v27.4 - https:\/\/yoast.com\/product\/yoast-seo-wordpress\/ -->\n<title>Fauteuil de transfert de soins m\u00e9dical Astr\u00e9e sur patins | Navailles<\/title>\n<meta name=\"description\" content=\"Fauteuil de transfert de soins m\u00e9dical Astr\u00e9e, sur patins, \u00e0 retrouver sur le site de Navailles, le leader europ\u00e9en du fauteuil m\u00e9dical !\" \/>\n<meta name=\"robots\" content=\"index, follow, max-snippet:-1, max-image-preview:large, max-video-preview:-1\" \/>\n<link rel=\"canonical\" href=\"https:\/\/www.navailles.fr\/en\/product\/astree-skids\/\" \/>\n<meta property=\"og:locale\" content=\"en_GB\" \/>\n<meta property=\"og:type\" content=\"article\" \/>\n<meta property=\"og:title\" content=\"Fauteuil de transfert de soins m\u00e9dical Astr\u00e9e sur patins | Navailles\" \/>\n<meta property=\"og:description\" content=\"Fauteuil de transfert de soins m\u00e9dical Astr\u00e9e, sur patins, \u00e0 retrouver sur le site de Navailles, le leader europ\u00e9en du fauteuil m\u00e9dical !\" \/>\n<meta property=\"og:url\" content=\"https:\/\/www.navailles.fr\/en\/product\/astree-skids\/\" \/>\n<meta property=\"og:site_name\" content=\"Navailles\" \/>\n<meta property=\"article:modified_time\" content=\"2025-07-09T13:14:12+00:00\" \/>\n<meta property=\"og:image\" content=\"https:\/\/www.navailles.fr\/wp-content\/uploads\/2021\/09\/fauteuil_me\u0301dical_de_chambre_astree_sur_patin_navailles.jpg\" \/>\n\t<meta property=\"og:image:width\" content=\"1000\" \/>\n\t<meta property=\"og:image:height\" content=\"1000\" \/>\n\t<meta property=\"og:image:type\" content=\"image\/jpeg\" \/>\n<meta name=\"twitter:card\" content=\"summary_large_image\" \/>\n<meta name=\"twitter:label1\" content=\"Estimated reading time\" \/>\n\t<meta name=\"twitter:data1\" content=\"1 minute\" \/>\n<!-- \/ Yoast SEO plugin. -->","yoast_head_json":{"title":"Medical care transfer chair Astree on skids | Navailles","description":"Medical care transfer chair, on skids Astree, to be found on the Navailles website, the European leader in medical chairs!","robots":{"index":"index","follow":"follow","max-snippet":"max-snippet:-1","max-image-preview":"max-image-preview:large","max-video-preview":"max-video-preview:-1"},"canonical":"https:\/\/www.navailles.fr\/en\/product\/astree-skids\/","og_locale":"en_GB","og_type":"article","og_title":"Fauteuil de transfert de soins m\u00e9dical Astr\u00e9e sur patins | Navailles","og_description":"Fauteuil de transfert de soins m\u00e9dical Astr\u00e9e, sur patins, \u00e0 retrouver sur le site de Navailles, le leader europ\u00e9en du fauteuil m\u00e9dical !","og_url":"https:\/\/www.navailles.fr\/en\/product\/astree-skids\/","og_site_name":"Navailles","article_modified_time":"2025-07-09T13:14:12+00:00","og_image":[{"width":1000,"height":1000,"url":"https:\/\/www.navailles.fr\/wp-content\/uploads\/2021\/09\/fauteuil_me\u0301dical_de_chambre_astree_sur_patin_navailles.jpg","type":"image\/jpeg"}],"twitter_card":"summary_large_image","twitter_misc":{"Estimated reading time":"1 minute"},"schema":{"@context":"https:\/\/schema.org","@graph":[{"@type":"WebPage","@id":"https:\/\/www.navailles.fr\/product\/astree-patins\/","url":"https:\/\/www.navailles.fr\/product\/astree-patins\/","name":"Medical care transfer chair Astree on skids | Navailles","isPartOf":{"@id":"https:\/\/www.navailles.fr\/#website"},"primaryImageOfPage":{"@id":"https:\/\/www.navailles.fr\/product\/astree-patins\/#primaryimage"},"image":{"@id":"https:\/\/www.navailles.fr\/product\/astree-patins\/#primaryimage"},"thumbnailUrl":"https:\/\/www.navailles.fr\/wp-content\/uploads\/2021\/09\/fauteuil_me\u0301dical_de_chambre_astree_sur_patin_navailles.jpg","datePublished":"2021-09-09T12:29:44+00:00","dateModified":"2025-07-09T13:14:12+00:00","description":"Medical care transfer chair, on skids Astree, to be found on the Navailles website, the European leader in medical chairs!","breadcrumb":{"@id":"https:\/\/www.navailles.fr\/product\/astree-patins\/#breadcrumb"},"inLanguage":"en-GB","potentialAction":[{"@type":"ReadAction","target":["https:\/\/www.navailles.fr\/product\/astree-patins\/"]}]},{"@type":"ImageObject","inLanguage":"en-GB","@id":"https:\/\/www.navailles.fr\/product\/astree-patins\/#primaryimage","url":"https:\/\/www.navailles.fr\/wp-content\/uploads\/2021\/09\/fauteuil_me\u0301dical_de_chambre_astree_sur_patin_navailles.jpg","contentUrl":"https:\/\/www.navailles.fr\/wp-content\/uploads\/2021\/09\/fauteuil_me\u0301dical_de_chambre_astree_sur_patin_navailles.jpg","width":1000,"height":1000,"caption":"Fauteuil m\u00e9dical de chambre Astree sur patins de trois quart Navailles"},{"@type":"BreadcrumbList","@id":"https:\/\/www.navailles.fr\/product\/astree-patins\/#breadcrumb","itemListElement":[{"@type":"ListItem","position":1,"name":"Accueil","item":"https:\/\/www.navailles.fr\/"},{"@type":"ListItem","position":2,"name":"Boutique","item":"https:\/\/teletravail.navailles.fr\/"},{"@type":"ListItem","position":3,"name":"ASTREE PATINS"}]},{"@type":"WebSite","@id":"https:\/\/www.navailles.fr\/#website","url":"https:\/\/www.navailles.fr\/","name":"Navailles","description":"Fabricant de fauteuils m\u00e9dicalis\u00e9s, si\u00e8ges de bureau et tabourets techniques","publisher":{"@id":"https:\/\/www.navailles.fr\/#organization"},"potentialAction":[{"@type":"SearchAction","target":{"@type":"EntryPoint","urlTemplate":"https:\/\/www.navailles.fr\/?s={search_term_string}"},"query-input":{"@type":"PropertyValueSpecification","valueRequired":true,"valueName":"search_term_string"}}],"inLanguage":"en-GB"},{"@type":"Organization","@id":"https:\/\/www.navailles.fr\/#organization","name":"Navailles","url":"https:\/\/www.navailles.fr\/","logo":{"@type":"ImageObject","inLanguage":"en-GB","@id":"https:\/\/www.navailles.fr\/#\/schema\/logo\/image\/","url":"https:\/\/www.navailles.fr\/wp-content\/uploads\/2021\/10\/logo_site_navailles1_Plan-de-travail-1.png","contentUrl":"https:\/\/www.navailles.fr\/wp-content\/uploads\/2021\/10\/logo_site_navailles1_Plan-de-travail-1.png","width":375,"height":125,"caption":"Navailles"},"image":{"@id":"https:\/\/www.navailles.fr\/#\/schema\/logo\/image\/"}}]}},"_links":{"self":[{"href":"https:\/\/www.navailles.fr\/en\/wp-json\/wp\/v2\/product\/27270","targetHints":{"allow":["GET"]}}],"collection":[{"href":"https:\/\/www.navailles.fr\/en\/wp-json\/wp\/v2\/product"}],"about":[{"href":"https:\/\/www.navailles.fr\/en\/wp-json\/wp\/v2\/types\/product"}],"wp:featuredmedia":[{"embeddable":true,"href":"https:\/\/www.navailles.fr\/en\/wp-json\/wp\/v2\/media\/36728"}],"wp:attachment":[{"href":"https:\/\/www.navailles.fr\/en\/wp-json\/wp\/v2\/media?parent=27270"}],"wp:term":[{"taxonomy":"product_brand","embeddable":true,"href":"https:\/\/www.navailles.fr\/en\/wp-json\/wp\/v2\/product_brand?post=27270"},{"taxonomy":"product_cat","embeddable":true,"href":"https:\/\/www.navailles.fr\/en\/wp-json\/wp\/v2\/product_cat?post=27270"},{"taxonomy":"product_tag","embeddable":true,"href":"https:\/\/www.navailles.fr\/en\/wp-json\/wp\/v2\/product_tag?post=27270"}],"curies":[{"name":"wp","href":"https:\/\/api.w.org\/{rel}","templated":true}]}}