{"id":27209,"date":"2021-09-08T15:54:58","date_gmt":"2021-09-08T13:54:58","guid":{"rendered":"https:\/\/navailles.fr\/?post_type=product&#038;p=27209"},"modified":"2025-06-05T12:16:25","modified_gmt":"2025-06-05T10:16:25","slug":"chaise-tissu-ajustable-a-pied-polyamide","status":"publish","type":"product","link":"https:\/\/www.navailles.fr\/en\/product\/adjustable-fabric-chair-with-polyamide-leg\/","title":{"rendered":"ADJUSTABLE FABRIC CHAIR WITH POLYAMIDE LEG"},"content":{"rendered":"<p><strong>CONFORT CLASSIQUE ET R\u00c9GLAGES SUR MESURE<\/strong><br \/>\nAlliant simplicit\u00e9 et efficacit\u00e9, cette chaise tissu ajustable s\u2019int\u00e8gre parfaitement aux environnements de travail techniques tout en offrant un excellent niveau de confort. Son assise et son dossier garnis de mousse haute densit\u00e9 assurent un maintien optimal, m\u00eame en usage prolong\u00e9.<\/p>","protected":false},"excerpt":{"rendered":"<p>CONFORT CLASSIQUE ET R\u00c9GLAGES SUR MESURE Alliant simplicit\u00e9 et efficacit\u00e9, cette chaise tissu ajustable s\u2019int\u00e8gre parfaitement aux environnements de travail techniques tout en offrant un excellent niveau de confort. Son assise et son dossier garnis de mousse haute densit\u00e9 assurent un maintien optimal, m\u00eame en usage prolong\u00e9.<\/p>","protected":false},"featured_media":37259,"template":"","meta":{"_acf_changed":false,"content-type":"","site-sidebar-layout":"default","site-content-layout":"default","ast-global-header-display":"","ast-banner-title-visibility":"","ast-main-header-display":"","ast-hfb-above-header-display":"","ast-hfb-below-header-display":"","ast-hfb-mobile-header-display":"","site-post-title":"","ast-breadcrumbs-content":"","ast-featured-img":"","footer-sml-layout":"","theme-transparent-header-meta":"default","adv-header-id-meta":"","stick-header-meta":"default","header-above-stick-meta":"","header-main-stick-meta":"","header-below-stick-meta":""},"product_brand":[],"product_cat":[69,66],"product_tag":[],"class_list":{"0":"post-27209","1":"product","2":"type-product","3":"status-publish","4":"has-post-thumbnail","6":"product_cat-gms","7":"product_cat-production","9":"first","10":"instock","11":"taxable","12":"shipping-taxable","13":"product-type-simple"},"acf":[],"yoast_head":"<!-- This site is optimized with the Yoast SEO plugin v27.4 - https:\/\/yoast.com\/product\/yoast-seo-wordpress\/ -->\n<title>Chaise de caisse en tissu ajustable \u00e0 pied POLYAMIDE | Navailles<\/title>\n<meta name=\"description\" content=\"Chaise de caisse en tissu ajustable \u00e0 retrouver sur le site de Navailles, fabricant fran\u00e7ais d&#039;assises techniques pour les professionnels des GMS !\" \/>\n<meta name=\"robots\" content=\"index, follow, max-snippet:-1, max-image-preview:large, max-video-preview:-1\" \/>\n<link rel=\"canonical\" href=\"https:\/\/www.navailles.fr\/en\/product\/adjustable-fabric-chair-with-polyamide-leg\/\" \/>\n<meta property=\"og:locale\" content=\"en_GB\" \/>\n<meta property=\"og:type\" content=\"article\" \/>\n<meta property=\"og:title\" content=\"Chaise de caisse en tissu ajustable \u00e0 pied POLYAMIDE | Navailles\" \/>\n<meta property=\"og:description\" content=\"Chaise de caisse en tissu ajustable \u00e0 retrouver sur le site de Navailles, fabricant fran\u00e7ais d&#039;assises techniques pour les professionnels des GMS !\" \/>\n<meta property=\"og:url\" content=\"https:\/\/www.navailles.fr\/en\/product\/adjustable-fabric-chair-with-polyamide-leg\/\" \/>\n<meta property=\"og:site_name\" content=\"Navailles\" \/>\n<meta property=\"article:modified_time\" content=\"2025-06-05T10:16:25+00:00\" \/>\n<meta property=\"og:image\" content=\"https:\/\/www.navailles.fr\/wp-content\/uploads\/2021\/09\/chaise_de_caisse_ergonomique_tissu_ajustable_Navailles.png\" \/>\n\t<meta property=\"og:image:width\" content=\"1000\" \/>\n\t<meta property=\"og:image:height\" content=\"1000\" \/>\n\t<meta property=\"og:image:type\" content=\"image\/png\" \/>\n<meta name=\"twitter:card\" content=\"summary_large_image\" \/>\n<meta name=\"twitter:label1\" content=\"Estimated reading time\" \/>\n\t<meta name=\"twitter:data1\" content=\"1 minute\" \/>\n<!-- \/ Yoast SEO plugin. -->","yoast_head_json":{"title":"Chaise de caisse en tissu ajustable \u00e0 pied POLYAMIDE | Navailles","description":"Chaise de caisse en tissu ajustable \u00e0 retrouver sur le site de Navailles, fabricant fran\u00e7ais d'assises techniques pour les professionnels des GMS !","robots":{"index":"index","follow":"follow","max-snippet":"max-snippet:-1","max-image-preview":"max-image-preview:large","max-video-preview":"max-video-preview:-1"},"canonical":"https:\/\/www.navailles.fr\/en\/product\/adjustable-fabric-chair-with-polyamide-leg\/","og_locale":"en_GB","og_type":"article","og_title":"Chaise de caisse en tissu ajustable \u00e0 pied POLYAMIDE | Navailles","og_description":"Chaise de caisse en tissu ajustable \u00e0 retrouver sur le site de Navailles, fabricant fran\u00e7ais d'assises techniques pour les professionnels des GMS !","og_url":"https:\/\/www.navailles.fr\/en\/product\/adjustable-fabric-chair-with-polyamide-leg\/","og_site_name":"Navailles","article_modified_time":"2025-06-05T10:16:25+00:00","og_image":[{"width":1000,"height":1000,"url":"https:\/\/www.navailles.fr\/wp-content\/uploads\/2021\/09\/chaise_de_caisse_ergonomique_tissu_ajustable_Navailles.png","type":"image\/png"}],"twitter_card":"summary_large_image","twitter_misc":{"Estimated reading time":"1 minute"},"schema":{"@context":"https:\/\/schema.org","@graph":[{"@type":"WebPage","@id":"https:\/\/www.navailles.fr\/product\/chaise-tissu-ajustable-a-pied-polyamide\/","url":"https:\/\/www.navailles.fr\/product\/chaise-tissu-ajustable-a-pied-polyamide\/","name":"Chaise de caisse en tissu ajustable \u00e0 pied POLYAMIDE | Navailles","isPartOf":{"@id":"https:\/\/www.navailles.fr\/#website"},"primaryImageOfPage":{"@id":"https:\/\/www.navailles.fr\/product\/chaise-tissu-ajustable-a-pied-polyamide\/#primaryimage"},"image":{"@id":"https:\/\/www.navailles.fr\/product\/chaise-tissu-ajustable-a-pied-polyamide\/#primaryimage"},"thumbnailUrl":"https:\/\/www.navailles.fr\/wp-content\/uploads\/2021\/09\/chaise_de_caisse_ergonomique_tissu_ajustable_Navailles.png","datePublished":"2021-09-08T13:54:58+00:00","dateModified":"2025-06-05T10:16:25+00:00","description":"Chaise de caisse en tissu ajustable \u00e0 retrouver sur le site de Navailles, fabricant fran\u00e7ais d'assises techniques pour les professionnels des GMS !","breadcrumb":{"@id":"https:\/\/www.navailles.fr\/product\/chaise-tissu-ajustable-a-pied-polyamide\/#breadcrumb"},"inLanguage":"en-GB","potentialAction":[{"@type":"ReadAction","target":["https:\/\/www.navailles.fr\/product\/chaise-tissu-ajustable-a-pied-polyamide\/"]}]},{"@type":"ImageObject","inLanguage":"en-GB","@id":"https:\/\/www.navailles.fr\/product\/chaise-tissu-ajustable-a-pied-polyamide\/#primaryimage","url":"https:\/\/www.navailles.fr\/wp-content\/uploads\/2021\/09\/chaise_de_caisse_ergonomique_tissu_ajustable_Navailles.png","contentUrl":"https:\/\/www.navailles.fr\/wp-content\/uploads\/2021\/09\/chaise_de_caisse_ergonomique_tissu_ajustable_Navailles.png","width":1000,"height":1000,"caption":"Chaise de caisse ergonomique en tissu ajustable rouge de chez Navailles"},{"@type":"BreadcrumbList","@id":"https:\/\/www.navailles.fr\/product\/chaise-tissu-ajustable-a-pied-polyamide\/#breadcrumb","itemListElement":[{"@type":"ListItem","position":1,"name":"Accueil","item":"https:\/\/www.navailles.fr\/"},{"@type":"ListItem","position":2,"name":"Boutique","item":"https:\/\/teletravail.navailles.fr\/"},{"@type":"ListItem","position":3,"name":"CHAISE TISSU AJUSTABLE A PIED POLYAMIDE"}]},{"@type":"WebSite","@id":"https:\/\/www.navailles.fr\/#website","url":"https:\/\/www.navailles.fr\/","name":"Navailles","description":"Fabricant de fauteuils m\u00e9dicalis\u00e9s, si\u00e8ges de bureau et tabourets techniques","publisher":{"@id":"https:\/\/www.navailles.fr\/#organization"},"potentialAction":[{"@type":"SearchAction","target":{"@type":"EntryPoint","urlTemplate":"https:\/\/www.navailles.fr\/?s={search_term_string}"},"query-input":{"@type":"PropertyValueSpecification","valueRequired":true,"valueName":"search_term_string"}}],"inLanguage":"en-GB"},{"@type":"Organization","@id":"https:\/\/www.navailles.fr\/#organization","name":"Navailles","url":"https:\/\/www.navailles.fr\/","logo":{"@type":"ImageObject","inLanguage":"en-GB","@id":"https:\/\/www.navailles.fr\/#\/schema\/logo\/image\/","url":"https:\/\/www.navailles.fr\/wp-content\/uploads\/2021\/10\/logo_site_navailles1_Plan-de-travail-1.png","contentUrl":"https:\/\/www.navailles.fr\/wp-content\/uploads\/2021\/10\/logo_site_navailles1_Plan-de-travail-1.png","width":375,"height":125,"caption":"Navailles"},"image":{"@id":"https:\/\/www.navailles.fr\/#\/schema\/logo\/image\/"}}]}},"_links":{"self":[{"href":"https:\/\/www.navailles.fr\/en\/wp-json\/wp\/v2\/product\/27209","targetHints":{"allow":["GET"]}}],"collection":[{"href":"https:\/\/www.navailles.fr\/en\/wp-json\/wp\/v2\/product"}],"about":[{"href":"https:\/\/www.navailles.fr\/en\/wp-json\/wp\/v2\/types\/product"}],"wp:featuredmedia":[{"embeddable":true,"href":"https:\/\/www.navailles.fr\/en\/wp-json\/wp\/v2\/media\/37259"}],"wp:attachment":[{"href":"https:\/\/www.navailles.fr\/en\/wp-json\/wp\/v2\/media?parent=27209"}],"wp:term":[{"taxonomy":"product_brand","embeddable":true,"href":"https:\/\/www.navailles.fr\/en\/wp-json\/wp\/v2\/product_brand?post=27209"},{"taxonomy":"product_cat","embeddable":true,"href":"https:\/\/www.navailles.fr\/en\/wp-json\/wp\/v2\/product_cat?post=27209"},{"taxonomy":"product_tag","embeddable":true,"href":"https:\/\/www.navailles.fr\/en\/wp-json\/wp\/v2\/product_tag?post=27209"}],"curies":[{"name":"wp","href":"https:\/\/api.w.org\/{rel}","templated":true}]}}