{"id":27195,"date":"2021-09-08T15:36:55","date_gmt":"2021-09-08T13:36:55","guid":{"rendered":"https:\/\/navailles.fr\/?post_type=product&#038;p=27195"},"modified":"2025-06-05T12:18:34","modified_gmt":"2025-06-05T10:18:34","slug":"chaise-tissu-asynchrone","status":"publish","type":"product","link":"https:\/\/www.navailles.fr\/en\/product\/asynchronous-fabric-chair\/","title":{"rendered":"ASYNCHRONOUS FABRIC CHAIR"},"content":{"rendered":"<p><strong>MA\u00ceTRISE DES POSTURES AU TRAVAIL<\/strong><br \/>\nAvec son m\u00e9canisme asynchrone, cette chaise en tissu est l\u2019alli\u00e9e des postes de travail qui exigent une posture pr\u00e9cise et adapt\u00e9e. Une solution id\u00e9ale pour les environnements tertiaires qui recherchent efficacit\u00e9 et confort.<\/p>","protected":false},"excerpt":{"rendered":"<p>The asynchronous mechanism allows the seat and backrest to be adjusted simultaneously and independently by means of a single control lever. Chairs equipped in this way can be adapted with great precision to any working position. The fabric versions are particularly suitable for office environments.<\/p>","protected":false},"featured_media":37269,"template":"","meta":{"_acf_changed":false,"content-type":"","site-sidebar-layout":"default","site-content-layout":"default","ast-global-header-display":"","ast-banner-title-visibility":"","ast-main-header-display":"","ast-hfb-above-header-display":"","ast-hfb-below-header-display":"","ast-hfb-mobile-header-display":"","site-post-title":"","ast-breadcrumbs-content":"","ast-featured-img":"","footer-sml-layout":"","theme-transparent-header-meta":"default","adv-header-id-meta":"","stick-header-meta":"default","header-above-stick-meta":"","header-main-stick-meta":"","header-below-stick-meta":""},"product_brand":[],"product_cat":[69,66],"product_tag":[],"class_list":{"0":"post-27195","1":"product","2":"type-product","3":"status-publish","4":"has-post-thumbnail","6":"product_cat-gms","7":"product_cat-production","9":"first","10":"instock","11":"taxable","12":"shipping-taxable","13":"product-type-simple"},"acf":[],"yoast_head":"<!-- This site is optimized with the Yoast SEO plugin v27.4 - https:\/\/yoast.com\/product\/yoast-seo-wordpress\/ -->\n<title>Chaise de caisse haute tissu ASYNCHRONE | Navailles<\/title>\n<meta name=\"description\" content=\"Chaise de caisse haute en tissu \u00e0 retrouver sur le site de Navailles, fabricant fran\u00e7ais d&#039;assises techniques pour les professionnels des GMS !\" \/>\n<meta name=\"robots\" content=\"index, follow, max-snippet:-1, max-image-preview:large, max-video-preview:-1\" \/>\n<link rel=\"canonical\" href=\"https:\/\/www.navailles.fr\/en\/product\/asynchronous-fabric-chair\/\" \/>\n<meta property=\"og:locale\" content=\"en_GB\" \/>\n<meta property=\"og:type\" content=\"article\" \/>\n<meta property=\"og:title\" content=\"Chaise de caisse haute tissu ASYNCHRONE | Navailles\" \/>\n<meta property=\"og:description\" content=\"Chaise de caisse haute en tissu \u00e0 retrouver sur le site de Navailles, fabricant fran\u00e7ais d&#039;assises techniques pour les professionnels des GMS !\" \/>\n<meta property=\"og:url\" content=\"https:\/\/www.navailles.fr\/en\/product\/asynchronous-fabric-chair\/\" \/>\n<meta property=\"og:site_name\" content=\"Navailles\" \/>\n<meta property=\"article:modified_time\" content=\"2025-06-05T10:18:34+00:00\" \/>\n<meta property=\"og:image\" content=\"https:\/\/www.navailles.fr\/wp-content\/uploads\/2021\/09\/chaise_de_caisse_haute_asynchrone_grise_Navailles_1.png\" \/>\n\t<meta property=\"og:image:width\" content=\"1000\" \/>\n\t<meta property=\"og:image:height\" content=\"1000\" \/>\n\t<meta property=\"og:image:type\" content=\"image\/png\" \/>\n<meta name=\"twitter:card\" content=\"summary_large_image\" \/>\n<meta name=\"twitter:label1\" content=\"Estimated reading time\" \/>\n\t<meta name=\"twitter:data1\" content=\"1 minute\" \/>\n<!-- \/ Yoast SEO plugin. -->","yoast_head_json":{"title":"Chaise de caisse haute tissu ASYNCHRONE | Navailles","description":"Chaise de caisse haute en tissu \u00e0 retrouver sur le site de Navailles, fabricant fran\u00e7ais d'assises techniques pour les professionnels des GMS !","robots":{"index":"index","follow":"follow","max-snippet":"max-snippet:-1","max-image-preview":"max-image-preview:large","max-video-preview":"max-video-preview:-1"},"canonical":"https:\/\/www.navailles.fr\/en\/product\/asynchronous-fabric-chair\/","og_locale":"en_GB","og_type":"article","og_title":"Chaise de caisse haute tissu ASYNCHRONE | Navailles","og_description":"Chaise de caisse haute en tissu \u00e0 retrouver sur le site de Navailles, fabricant fran\u00e7ais d'assises techniques pour les professionnels des GMS !","og_url":"https:\/\/www.navailles.fr\/en\/product\/asynchronous-fabric-chair\/","og_site_name":"Navailles","article_modified_time":"2025-06-05T10:18:34+00:00","og_image":[{"width":1000,"height":1000,"url":"https:\/\/www.navailles.fr\/wp-content\/uploads\/2021\/09\/chaise_de_caisse_haute_asynchrone_grise_Navailles_1.png","type":"image\/png"}],"twitter_card":"summary_large_image","twitter_misc":{"Estimated reading time":"1 minute"},"schema":{"@context":"https:\/\/schema.org","@graph":[{"@type":"WebPage","@id":"https:\/\/www.navailles.fr\/product\/chaise-tissu-asynchrone\/","url":"https:\/\/www.navailles.fr\/product\/chaise-tissu-asynchrone\/","name":"Chaise de caisse haute tissu ASYNCHRONE | Navailles","isPartOf":{"@id":"https:\/\/www.navailles.fr\/#website"},"primaryImageOfPage":{"@id":"https:\/\/www.navailles.fr\/product\/chaise-tissu-asynchrone\/#primaryimage"},"image":{"@id":"https:\/\/www.navailles.fr\/product\/chaise-tissu-asynchrone\/#primaryimage"},"thumbnailUrl":"https:\/\/www.navailles.fr\/wp-content\/uploads\/2021\/09\/chaise_de_caisse_haute_asynchrone_grise_Navailles_1.png","datePublished":"2021-09-08T13:36:55+00:00","dateModified":"2025-06-05T10:18:34+00:00","description":"Chaise de caisse haute en tissu \u00e0 retrouver sur le site de Navailles, fabricant fran\u00e7ais d'assises techniques pour les professionnels des GMS !","breadcrumb":{"@id":"https:\/\/www.navailles.fr\/product\/chaise-tissu-asynchrone\/#breadcrumb"},"inLanguage":"en-GB","potentialAction":[{"@type":"ReadAction","target":["https:\/\/www.navailles.fr\/product\/chaise-tissu-asynchrone\/"]}]},{"@type":"ImageObject","inLanguage":"en-GB","@id":"https:\/\/www.navailles.fr\/product\/chaise-tissu-asynchrone\/#primaryimage","url":"https:\/\/www.navailles.fr\/wp-content\/uploads\/2021\/09\/chaise_de_caisse_haute_asynchrone_grise_Navailles_1.png","contentUrl":"https:\/\/www.navailles.fr\/wp-content\/uploads\/2021\/09\/chaise_de_caisse_haute_asynchrone_grise_Navailles_1.png","width":1000,"height":1000,"caption":"chaise de caise haute pour les grandes et moyenne surface"},{"@type":"BreadcrumbList","@id":"https:\/\/www.navailles.fr\/product\/chaise-tissu-asynchrone\/#breadcrumb","itemListElement":[{"@type":"ListItem","position":1,"name":"Accueil","item":"https:\/\/www.navailles.fr\/"},{"@type":"ListItem","position":2,"name":"Boutique","item":"https:\/\/teletravail.navailles.fr\/"},{"@type":"ListItem","position":3,"name":"CHAISE TISSU ASYNCHRONE"}]},{"@type":"WebSite","@id":"https:\/\/www.navailles.fr\/#website","url":"https:\/\/www.navailles.fr\/","name":"Navailles","description":"Fabricant de fauteuils m\u00e9dicalis\u00e9s, si\u00e8ges de bureau et tabourets techniques","publisher":{"@id":"https:\/\/www.navailles.fr\/#organization"},"potentialAction":[{"@type":"SearchAction","target":{"@type":"EntryPoint","urlTemplate":"https:\/\/www.navailles.fr\/?s={search_term_string}"},"query-input":{"@type":"PropertyValueSpecification","valueRequired":true,"valueName":"search_term_string"}}],"inLanguage":"en-GB"},{"@type":"Organization","@id":"https:\/\/www.navailles.fr\/#organization","name":"Navailles","url":"https:\/\/www.navailles.fr\/","logo":{"@type":"ImageObject","inLanguage":"en-GB","@id":"https:\/\/www.navailles.fr\/#\/schema\/logo\/image\/","url":"https:\/\/www.navailles.fr\/wp-content\/uploads\/2021\/10\/logo_site_navailles1_Plan-de-travail-1.png","contentUrl":"https:\/\/www.navailles.fr\/wp-content\/uploads\/2021\/10\/logo_site_navailles1_Plan-de-travail-1.png","width":375,"height":125,"caption":"Navailles"},"image":{"@id":"https:\/\/www.navailles.fr\/#\/schema\/logo\/image\/"}}]}},"_links":{"self":[{"href":"https:\/\/www.navailles.fr\/en\/wp-json\/wp\/v2\/product\/27195","targetHints":{"allow":["GET"]}}],"collection":[{"href":"https:\/\/www.navailles.fr\/en\/wp-json\/wp\/v2\/product"}],"about":[{"href":"https:\/\/www.navailles.fr\/en\/wp-json\/wp\/v2\/types\/product"}],"wp:featuredmedia":[{"embeddable":true,"href":"https:\/\/www.navailles.fr\/en\/wp-json\/wp\/v2\/media\/37269"}],"wp:attachment":[{"href":"https:\/\/www.navailles.fr\/en\/wp-json\/wp\/v2\/media?parent=27195"}],"wp:term":[{"taxonomy":"product_brand","embeddable":true,"href":"https:\/\/www.navailles.fr\/en\/wp-json\/wp\/v2\/product_brand?post=27195"},{"taxonomy":"product_cat","embeddable":true,"href":"https:\/\/www.navailles.fr\/en\/wp-json\/wp\/v2\/product_cat?post=27195"},{"taxonomy":"product_tag","embeddable":true,"href":"https:\/\/www.navailles.fr\/en\/wp-json\/wp\/v2\/product_tag?post=27195"}],"curies":[{"name":"wp","href":"https:\/\/api.w.org\/{rel}","templated":true}]}}