{"id":27186,"date":"2021-09-08T15:04:39","date_gmt":"2021-09-08T13:04:39","guid":{"rendered":"https:\/\/navailles.fr\/?post_type=product&#038;p=27186"},"modified":"2025-06-05T12:23:59","modified_gmt":"2025-06-05T10:23:59","slug":"siege-inox-316l-polyurethane","status":"publish","type":"product","link":"https:\/\/www.navailles.fr\/en\/product\/seat-inox-316l-polyurethane\/","title":{"rendered":"STAINLESS STEEL 316L \/ POLYURETHANE SEAT"},"content":{"rendered":"<p><strong>SI\u00c8GE TECHNIQUE HAUTE R\u00c9SISTANCE POUR MILIEUX EXTR\u00caMES<\/strong><br \/>\nCon\u00e7u pour affronter les environnements les plus exigeants, ce si\u00e8ge associe une structure inox 316L et une assise technique pour garantir s\u00e9curit\u00e9, hygi\u00e8ne et performance en continu.<\/p>","protected":false},"excerpt":{"rendered":"<p>The 316L all-stainless steel structure of the seats is perfectly suited to wet environments and the most corrosive environments. The non-flammable polyurethane seat also offers high resistance to abrasion, chemicals and sharp tools.<\/p>","protected":false},"featured_media":37305,"template":"","meta":{"_acf_changed":false,"content-type":"","site-sidebar-layout":"default","site-content-layout":"default","ast-global-header-display":"","ast-banner-title-visibility":"","ast-main-header-display":"","ast-hfb-above-header-display":"","ast-hfb-below-header-display":"","ast-hfb-mobile-header-display":"","site-post-title":"","ast-breadcrumbs-content":"","ast-featured-img":"","footer-sml-layout":"","theme-transparent-header-meta":"default","adv-header-id-meta":"","stick-header-meta":"default","header-above-stick-meta":"","header-main-stick-meta":"","header-below-stick-meta":""},"product_brand":[],"product_cat":[70,66],"product_tag":[],"class_list":{"0":"post-27186","1":"product","2":"type-product","3":"status-publish","4":"has-post-thumbnail","6":"product_cat-agro-alimentaire","7":"product_cat-production","9":"first","10":"instock","11":"taxable","12":"shipping-taxable","13":"product-type-simple"},"acf":[],"yoast_head":"<!-- This site is optimized with the Yoast SEO plugin v27.4 - https:\/\/yoast.com\/product\/yoast-seo-wordpress\/ -->\n<title>Si\u00e8ge INOX et POLYURETHANE | Navailles<\/title>\n<meta name=\"description\" content=\"Si\u00e8ge Inox \u00e0 retrouver sur le site de Navailles, fabricant fran\u00e7ais d&#039;assises techniques pour les professionnels de l&#039;agroalimentaire !\" \/>\n<meta name=\"robots\" content=\"index, follow, max-snippet:-1, max-image-preview:large, max-video-preview:-1\" \/>\n<link rel=\"canonical\" href=\"https:\/\/www.navailles.fr\/en\/product\/seat-inox-316l-polyurethane\/\" \/>\n<meta property=\"og:locale\" content=\"en_GB\" \/>\n<meta property=\"og:type\" content=\"article\" \/>\n<meta property=\"og:title\" content=\"Si\u00e8ge INOX et POLYURETHANE | Navailles\" \/>\n<meta property=\"og:description\" content=\"Si\u00e8ge Inox \u00e0 retrouver sur le site de Navailles, fabricant fran\u00e7ais d&#039;assises techniques pour les professionnels de l&#039;agroalimentaire !\" \/>\n<meta property=\"og:url\" content=\"https:\/\/www.navailles.fr\/en\/product\/seat-inox-316l-polyurethane\/\" \/>\n<meta property=\"og:site_name\" content=\"Navailles\" \/>\n<meta property=\"article:modified_time\" content=\"2025-06-05T10:23:59+00:00\" \/>\n<meta property=\"og:image\" content=\"https:\/\/www.navailles.fr\/wp-content\/uploads\/2021\/09\/siege_inox_et_polyurethane_Navailles.png\" \/>\n\t<meta property=\"og:image:width\" content=\"1000\" \/>\n\t<meta property=\"og:image:height\" content=\"1000\" \/>\n\t<meta property=\"og:image:type\" content=\"image\/png\" \/>\n<meta name=\"twitter:card\" content=\"summary_large_image\" \/>\n<meta name=\"twitter:label1\" content=\"Estimated reading time\" \/>\n\t<meta name=\"twitter:data1\" content=\"1 minute\" \/>\n<!-- \/ Yoast SEO plugin. -->","yoast_head_json":{"title":"Stainless steel and POLYURETHANE seat | Navailles","description":"Si\u00e8ge Inox \u00e0 retrouver sur le site de Navailles, fabricant fran\u00e7ais d'assises techniques pour les professionnels de l'agroalimentaire !","robots":{"index":"index","follow":"follow","max-snippet":"max-snippet:-1","max-image-preview":"max-image-preview:large","max-video-preview":"max-video-preview:-1"},"canonical":"https:\/\/www.navailles.fr\/en\/product\/seat-inox-316l-polyurethane\/","og_locale":"en_GB","og_type":"article","og_title":"Si\u00e8ge INOX et POLYURETHANE | Navailles","og_description":"Si\u00e8ge Inox \u00e0 retrouver sur le site de Navailles, fabricant fran\u00e7ais d'assises techniques pour les professionnels de l'agroalimentaire !","og_url":"https:\/\/www.navailles.fr\/en\/product\/seat-inox-316l-polyurethane\/","og_site_name":"Navailles","article_modified_time":"2025-06-05T10:23:59+00:00","og_image":[{"width":1000,"height":1000,"url":"https:\/\/www.navailles.fr\/wp-content\/uploads\/2021\/09\/siege_inox_et_polyurethane_Navailles.png","type":"image\/png"}],"twitter_card":"summary_large_image","twitter_misc":{"Estimated reading time":"1 minute"},"schema":{"@context":"https:\/\/schema.org","@graph":[{"@type":"WebPage","@id":"https:\/\/www.navailles.fr\/product\/siege-inox-316l-polyurethane\/","url":"https:\/\/www.navailles.fr\/product\/siege-inox-316l-polyurethane\/","name":"Stainless steel and POLYURETHANE seat | Navailles","isPartOf":{"@id":"https:\/\/www.navailles.fr\/#website"},"primaryImageOfPage":{"@id":"https:\/\/www.navailles.fr\/product\/siege-inox-316l-polyurethane\/#primaryimage"},"image":{"@id":"https:\/\/www.navailles.fr\/product\/siege-inox-316l-polyurethane\/#primaryimage"},"thumbnailUrl":"https:\/\/www.navailles.fr\/wp-content\/uploads\/2021\/09\/siege_inox_et_polyurethane_Navailles.png","datePublished":"2021-09-08T13:04:39+00:00","dateModified":"2025-06-05T10:23:59+00:00","description":"Si\u00e8ge Inox \u00e0 retrouver sur le site de Navailles, fabricant fran\u00e7ais d'assises techniques pour les professionnels de l'agroalimentaire !","breadcrumb":{"@id":"https:\/\/www.navailles.fr\/product\/siege-inox-316l-polyurethane\/#breadcrumb"},"inLanguage":"en-GB","potentialAction":[{"@type":"ReadAction","target":["https:\/\/www.navailles.fr\/product\/siege-inox-316l-polyurethane\/"]}]},{"@type":"ImageObject","inLanguage":"en-GB","@id":"https:\/\/www.navailles.fr\/product\/siege-inox-316l-polyurethane\/#primaryimage","url":"https:\/\/www.navailles.fr\/wp-content\/uploads\/2021\/09\/siege_inox_et_polyurethane_Navailles.png","contentUrl":"https:\/\/www.navailles.fr\/wp-content\/uploads\/2021\/09\/siege_inox_et_polyurethane_Navailles.png","width":1000,"height":1000,"caption":"siege en inox et polyurethane de chez navaillles pour l'agroalimentaire"},{"@type":"BreadcrumbList","@id":"https:\/\/www.navailles.fr\/product\/siege-inox-316l-polyurethane\/#breadcrumb","itemListElement":[{"@type":"ListItem","position":1,"name":"Accueil","item":"https:\/\/www.navailles.fr\/"},{"@type":"ListItem","position":2,"name":"Boutique","item":"https:\/\/teletravail.navailles.fr\/"},{"@type":"ListItem","position":3,"name":"SIEGE INOX 316L \/ POLYURETHANE"}]},{"@type":"WebSite","@id":"https:\/\/www.navailles.fr\/#website","url":"https:\/\/www.navailles.fr\/","name":"Navailles","description":"Fabricant de fauteuils m\u00e9dicalis\u00e9s, si\u00e8ges de bureau et tabourets techniques","publisher":{"@id":"https:\/\/www.navailles.fr\/#organization"},"potentialAction":[{"@type":"SearchAction","target":{"@type":"EntryPoint","urlTemplate":"https:\/\/www.navailles.fr\/?s={search_term_string}"},"query-input":{"@type":"PropertyValueSpecification","valueRequired":true,"valueName":"search_term_string"}}],"inLanguage":"en-GB"},{"@type":"Organization","@id":"https:\/\/www.navailles.fr\/#organization","name":"Navailles","url":"https:\/\/www.navailles.fr\/","logo":{"@type":"ImageObject","inLanguage":"en-GB","@id":"https:\/\/www.navailles.fr\/#\/schema\/logo\/image\/","url":"https:\/\/www.navailles.fr\/wp-content\/uploads\/2021\/10\/logo_site_navailles1_Plan-de-travail-1.png","contentUrl":"https:\/\/www.navailles.fr\/wp-content\/uploads\/2021\/10\/logo_site_navailles1_Plan-de-travail-1.png","width":375,"height":125,"caption":"Navailles"},"image":{"@id":"https:\/\/www.navailles.fr\/#\/schema\/logo\/image\/"}}]}},"_links":{"self":[{"href":"https:\/\/www.navailles.fr\/en\/wp-json\/wp\/v2\/product\/27186","targetHints":{"allow":["GET"]}}],"collection":[{"href":"https:\/\/www.navailles.fr\/en\/wp-json\/wp\/v2\/product"}],"about":[{"href":"https:\/\/www.navailles.fr\/en\/wp-json\/wp\/v2\/types\/product"}],"wp:featuredmedia":[{"embeddable":true,"href":"https:\/\/www.navailles.fr\/en\/wp-json\/wp\/v2\/media\/37305"}],"wp:attachment":[{"href":"https:\/\/www.navailles.fr\/en\/wp-json\/wp\/v2\/media?parent=27186"}],"wp:term":[{"taxonomy":"product_brand","embeddable":true,"href":"https:\/\/www.navailles.fr\/en\/wp-json\/wp\/v2\/product_brand?post=27186"},{"taxonomy":"product_cat","embeddable":true,"href":"https:\/\/www.navailles.fr\/en\/wp-json\/wp\/v2\/product_cat?post=27186"},{"taxonomy":"product_tag","embeddable":true,"href":"https:\/\/www.navailles.fr\/en\/wp-json\/wp\/v2\/product_tag?post=27186"}],"curies":[{"name":"wp","href":"https:\/\/api.w.org\/{rel}","templated":true}]}}