{"id":27178,"date":"2021-09-08T14:57:49","date_gmt":"2021-09-08T12:57:49","guid":{"rendered":"https:\/\/navailles.fr\/?post_type=product&#038;p=27178"},"modified":"2025-08-27T09:12:03","modified_gmt":"2025-08-27T07:12:03","slug":"siege-polyurethane-esd","status":"publish","type":"product","link":"https:\/\/www.navailles.fr\/en\/product\/seat-polyurethane-esd\/","title":{"rendered":"SI\u00c8GE Polyur\u00e9thane ESD"},"content":{"rendered":"<p><strong>R\u00c9SISTANCE ET CONFORT EN MILIEU TECHNIQUE<\/strong><br \/>\nCon\u00e7u pour les environnements les plus exigeants, ce si\u00e8ge ESD en polyur\u00e9thane allie robustesse, hygi\u00e8ne et soutien ergonomique. Il s\u2019adapte facilement aux diff\u00e9rentes positions de travail gr\u00e2ce \u00e0 son m\u00e9canisme asynchrone permettant un r\u00e9glage simultan\u00e9 ou ind\u00e9pendant de l\u2019assise et du dossier.<\/p>","protected":false},"excerpt":{"rendered":"<p>The asynchronous chair models allow the adjustment of the seat and backrest inclination, simultaneously and independently, by the action of a single control lever. It allows for lumbar support in all working positions.<\/p>","protected":false},"featured_media":37177,"template":"","meta":{"_acf_changed":false,"content-type":"","site-sidebar-layout":"default","site-content-layout":"default","ast-global-header-display":"","ast-banner-title-visibility":"","ast-main-header-display":"","ast-hfb-above-header-display":"","ast-hfb-below-header-display":"","ast-hfb-mobile-header-display":"","site-post-title":"","ast-breadcrumbs-content":"","ast-featured-img":"","footer-sml-layout":"","theme-transparent-header-meta":"default","adv-header-id-meta":"","stick-header-meta":"default","header-above-stick-meta":"","header-main-stick-meta":"","header-below-stick-meta":""},"product_brand":[],"product_cat":[68,66],"product_tag":[],"class_list":{"0":"post-27178","1":"product","2":"type-product","3":"status-publish","4":"has-post-thumbnail","6":"product_cat-esd","7":"product_cat-production","9":"first","10":"instock","11":"taxable","12":"shipping-taxable","13":"product-type-simple"},"acf":[],"yoast_head":"<!-- This site is optimized with the Yoast SEO plugin v27.4 - https:\/\/yoast.com\/product\/yoast-seo-wordpress\/ -->\n<title>Chaise ESD | Navailles<\/title>\n<meta name=\"description\" content=\"Chaise ESD antistatique \u00e0 retrouver sur le site de Navailles, fabricant fran\u00e7ais d&#039;assises techniques pour les professionnels !\" \/>\n<meta name=\"robots\" content=\"index, follow, max-snippet:-1, max-image-preview:large, max-video-preview:-1\" \/>\n<link rel=\"canonical\" href=\"https:\/\/www.navailles.fr\/en\/product\/seat-polyurethane-esd\/\" \/>\n<meta property=\"og:locale\" content=\"en_GB\" \/>\n<meta property=\"og:type\" content=\"article\" \/>\n<meta property=\"og:title\" content=\"Chaise ESD | Navailles\" \/>\n<meta property=\"og:description\" content=\"Chaise ESD antistatique \u00e0 retrouver sur le site de Navailles, fabricant fran\u00e7ais d&#039;assises techniques pour les professionnels !\" \/>\n<meta property=\"og:url\" content=\"https:\/\/www.navailles.fr\/en\/product\/seat-polyurethane-esd\/\" \/>\n<meta property=\"og:site_name\" content=\"Navailles\" \/>\n<meta property=\"article:modified_time\" content=\"2025-08-27T07:12:03+00:00\" \/>\n<meta property=\"og:image\" content=\"https:\/\/www.navailles.fr\/wp-content\/uploads\/2021\/09\/chaise_ESD_NAVAILLES_antistatique_profesionelle.png\" \/>\n\t<meta property=\"og:image:width\" content=\"1000\" \/>\n\t<meta property=\"og:image:height\" content=\"1000\" \/>\n\t<meta property=\"og:image:type\" content=\"image\/png\" \/>\n<meta name=\"twitter:card\" content=\"summary_large_image\" \/>\n<meta name=\"twitter:label1\" content=\"Estimated reading time\" \/>\n\t<meta name=\"twitter:data1\" content=\"1 minute\" \/>\n<!-- \/ Yoast SEO plugin. -->","yoast_head_json":{"title":"Chaise ESD | Navailles","description":"Chaise ESD antistatique \u00e0 retrouver sur le site de Navailles, fabricant fran\u00e7ais d'assises techniques pour les professionnels !","robots":{"index":"index","follow":"follow","max-snippet":"max-snippet:-1","max-image-preview":"max-image-preview:large","max-video-preview":"max-video-preview:-1"},"canonical":"https:\/\/www.navailles.fr\/en\/product\/seat-polyurethane-esd\/","og_locale":"en_GB","og_type":"article","og_title":"Chaise ESD | Navailles","og_description":"Chaise ESD antistatique \u00e0 retrouver sur le site de Navailles, fabricant fran\u00e7ais d'assises techniques pour les professionnels !","og_url":"https:\/\/www.navailles.fr\/en\/product\/seat-polyurethane-esd\/","og_site_name":"Navailles","article_modified_time":"2025-08-27T07:12:03+00:00","og_image":[{"width":1000,"height":1000,"url":"https:\/\/www.navailles.fr\/wp-content\/uploads\/2021\/09\/chaise_ESD_NAVAILLES_antistatique_profesionelle.png","type":"image\/png"}],"twitter_card":"summary_large_image","twitter_misc":{"Estimated reading time":"1 minute"},"schema":{"@context":"https:\/\/schema.org","@graph":[{"@type":"WebPage","@id":"https:\/\/www.navailles.fr\/product\/siege-polyurethane-esd\/","url":"https:\/\/www.navailles.fr\/product\/siege-polyurethane-esd\/","name":"Chaise ESD | Navailles","isPartOf":{"@id":"https:\/\/www.navailles.fr\/#website"},"primaryImageOfPage":{"@id":"https:\/\/www.navailles.fr\/product\/siege-polyurethane-esd\/#primaryimage"},"image":{"@id":"https:\/\/www.navailles.fr\/product\/siege-polyurethane-esd\/#primaryimage"},"thumbnailUrl":"https:\/\/www.navailles.fr\/wp-content\/uploads\/2021\/09\/chaise_ESD_NAVAILLES_antistatique_profesionelle.png","datePublished":"2021-09-08T12:57:49+00:00","dateModified":"2025-08-27T07:12:03+00:00","description":"Chaise ESD antistatique \u00e0 retrouver sur le site de Navailles, fabricant fran\u00e7ais d'assises techniques pour les professionnels !","breadcrumb":{"@id":"https:\/\/www.navailles.fr\/product\/siege-polyurethane-esd\/#breadcrumb"},"inLanguage":"en-GB","potentialAction":[{"@type":"ReadAction","target":["https:\/\/www.navailles.fr\/product\/siege-polyurethane-esd\/"]}]},{"@type":"ImageObject","inLanguage":"en-GB","@id":"https:\/\/www.navailles.fr\/product\/siege-polyurethane-esd\/#primaryimage","url":"https:\/\/www.navailles.fr\/wp-content\/uploads\/2021\/09\/chaise_ESD_NAVAILLES_antistatique_profesionelle.png","contentUrl":"https:\/\/www.navailles.fr\/wp-content\/uploads\/2021\/09\/chaise_ESD_NAVAILLES_antistatique_profesionelle.png","width":1000,"height":1000,"caption":"chaise esd pour travail antistatique Navailles"},{"@type":"BreadcrumbList","@id":"https:\/\/www.navailles.fr\/product\/siege-polyurethane-esd\/#breadcrumb","itemListElement":[{"@type":"ListItem","position":1,"name":"Accueil","item":"https:\/\/www.navailles.fr\/"},{"@type":"ListItem","position":2,"name":"Boutique","item":"https:\/\/teletravail.navailles.fr\/"},{"@type":"ListItem","position":3,"name":"SI\u00c8GE Polyur\u00e9thane ESD"}]},{"@type":"WebSite","@id":"https:\/\/www.navailles.fr\/#website","url":"https:\/\/www.navailles.fr\/","name":"Navailles","description":"Fabricant de fauteuils m\u00e9dicalis\u00e9s, si\u00e8ges de bureau et tabourets techniques","publisher":{"@id":"https:\/\/www.navailles.fr\/#organization"},"potentialAction":[{"@type":"SearchAction","target":{"@type":"EntryPoint","urlTemplate":"https:\/\/www.navailles.fr\/?s={search_term_string}"},"query-input":{"@type":"PropertyValueSpecification","valueRequired":true,"valueName":"search_term_string"}}],"inLanguage":"en-GB"},{"@type":"Organization","@id":"https:\/\/www.navailles.fr\/#organization","name":"Navailles","url":"https:\/\/www.navailles.fr\/","logo":{"@type":"ImageObject","inLanguage":"en-GB","@id":"https:\/\/www.navailles.fr\/#\/schema\/logo\/image\/","url":"https:\/\/www.navailles.fr\/wp-content\/uploads\/2021\/10\/logo_site_navailles1_Plan-de-travail-1.png","contentUrl":"https:\/\/www.navailles.fr\/wp-content\/uploads\/2021\/10\/logo_site_navailles1_Plan-de-travail-1.png","width":375,"height":125,"caption":"Navailles"},"image":{"@id":"https:\/\/www.navailles.fr\/#\/schema\/logo\/image\/"}}]}},"_links":{"self":[{"href":"https:\/\/www.navailles.fr\/en\/wp-json\/wp\/v2\/product\/27178","targetHints":{"allow":["GET"]}}],"collection":[{"href":"https:\/\/www.navailles.fr\/en\/wp-json\/wp\/v2\/product"}],"about":[{"href":"https:\/\/www.navailles.fr\/en\/wp-json\/wp\/v2\/types\/product"}],"wp:featuredmedia":[{"embeddable":true,"href":"https:\/\/www.navailles.fr\/en\/wp-json\/wp\/v2\/media\/37177"}],"wp:attachment":[{"href":"https:\/\/www.navailles.fr\/en\/wp-json\/wp\/v2\/media?parent=27178"}],"wp:term":[{"taxonomy":"product_brand","embeddable":true,"href":"https:\/\/www.navailles.fr\/en\/wp-json\/wp\/v2\/product_brand?post=27178"},{"taxonomy":"product_cat","embeddable":true,"href":"https:\/\/www.navailles.fr\/en\/wp-json\/wp\/v2\/product_cat?post=27178"},{"taxonomy":"product_tag","embeddable":true,"href":"https:\/\/www.navailles.fr\/en\/wp-json\/wp\/v2\/product_tag?post=27178"}],"curies":[{"name":"wp","href":"https:\/\/api.w.org\/{rel}","templated":true}]}}