{"id":27156,"date":"2021-09-08T14:43:12","date_gmt":"2021-09-08T12:43:12","guid":{"rendered":"https:\/\/navailles.fr\/?post_type=product&#038;p=27156"},"modified":"2025-06-05T12:04:09","modified_gmt":"2025-06-05T10:04:09","slug":"tabouret-pvc-a-pied-polyamide","status":"publish","type":"product","link":"https:\/\/www.navailles.fr\/en\/product\/pvc-stool-with-polyamide-foot\/","title":{"rendered":"PVC STOOL WITH CHROME FEET"},"content":{"rendered":"<p><strong>CONFORT ET POLYVALENCE EN ATELIER<\/strong><br \/>\nPens\u00e9 pour accompagner tous vos gestes professionnels, ce tabouret en PVC conjugue souplesse d\u2019utilisation, entretien simplifi\u00e9 et adaptabilit\u00e9 maximale. Une assise pens\u00e9e pour les environnements techniques qui exigent confort et efficacit\u00e9.<\/p>","protected":false},"excerpt":{"rendered":"<p>Practical and robust, the stools in the Navailles Production range offer great versatility and can easily be adapted to a multitude of workstations. The PVC versions also offer unprecedented seating comfort combined with an easy-to-clean cover.<\/p>","protected":false},"featured_media":37197,"template":"","meta":{"_acf_changed":false,"content-type":"","site-sidebar-layout":"default","site-content-layout":"default","ast-global-header-display":"","ast-banner-title-visibility":"","ast-main-header-display":"","ast-hfb-above-header-display":"","ast-hfb-below-header-display":"","ast-hfb-mobile-header-display":"","site-post-title":"","ast-breadcrumbs-content":"","ast-featured-img":"","footer-sml-layout":"","theme-transparent-header-meta":"default","adv-header-id-meta":"","stick-header-meta":"default","header-above-stick-meta":"","header-main-stick-meta":"","header-below-stick-meta":""},"product_brand":[],"product_cat":[67,66],"product_tag":[],"class_list":{"0":"post-27156","1":"product","2":"type-product","3":"status-publish","4":"has-post-thumbnail","6":"product_cat-atelier-industrie","7":"product_cat-production","9":"first","10":"instock","11":"taxable","12":"shipping-taxable","13":"product-type-simple"},"acf":[],"yoast_head":"<!-- This site is optimized with the Yoast SEO plugin v27.5 - https:\/\/yoast.com\/product\/yoast-seo-wordpress\/ -->\n<title>Tabouret atelier roulette PVC \u00e0 pied POLYAMIDE | Navailles<\/title>\n<meta name=\"description\" content=\"Tabouret atelier roulette PVC \u00e0 retrouver sur le site de Navailles, fabricant fran\u00e7ais d&#039;assises techniques pour les professionnels de l&#039;industrie !\" \/>\n<meta name=\"robots\" content=\"index, follow, max-snippet:-1, max-image-preview:large, max-video-preview:-1\" \/>\n<link rel=\"canonical\" href=\"https:\/\/www.navailles.fr\/en\/product\/pvc-stool-with-polyamide-foot\/\" \/>\n<meta property=\"og:locale\" content=\"en_GB\" \/>\n<meta property=\"og:type\" content=\"article\" \/>\n<meta property=\"og:title\" content=\"Tabouret atelier roulette PVC \u00e0 pied POLYAMIDE | Navailles\" \/>\n<meta property=\"og:description\" content=\"Tabouret atelier roulette PVC \u00e0 retrouver sur le site de Navailles, fabricant fran\u00e7ais d&#039;assises techniques pour les professionnels de l&#039;industrie !\" \/>\n<meta property=\"og:url\" content=\"https:\/\/www.navailles.fr\/en\/product\/pvc-stool-with-polyamide-foot\/\" \/>\n<meta property=\"og:site_name\" content=\"Navailles\" \/>\n<meta property=\"article:modified_time\" content=\"2025-06-05T10:04:09+00:00\" \/>\n<meta property=\"og:image\" content=\"https:\/\/www.navailles.fr\/wp-content\/uploads\/2021\/09\/tabouret_atelier_roulette_pvc_Navailles_1.png\" \/>\n\t<meta property=\"og:image:width\" content=\"1000\" \/>\n\t<meta property=\"og:image:height\" content=\"1000\" \/>\n\t<meta property=\"og:image:type\" content=\"image\/png\" \/>\n<meta name=\"twitter:card\" content=\"summary_large_image\" \/>\n<meta name=\"twitter:label1\" content=\"Estimated reading time\" \/>\n\t<meta name=\"twitter:data1\" content=\"1 minute\" \/>\n<!-- \/ Yoast SEO plugin. -->","yoast_head_json":{"title":"Tabouret atelier roulette PVC \u00e0 pied POLYAMIDE | Navailles","description":"Tabouret atelier roulette PVC \u00e0 retrouver sur le site de Navailles, fabricant fran\u00e7ais d'assises techniques pour les professionnels de l'industrie !","robots":{"index":"index","follow":"follow","max-snippet":"max-snippet:-1","max-image-preview":"max-image-preview:large","max-video-preview":"max-video-preview:-1"},"canonical":"https:\/\/www.navailles.fr\/en\/product\/pvc-stool-with-polyamide-foot\/","og_locale":"en_GB","og_type":"article","og_title":"Tabouret atelier roulette PVC \u00e0 pied POLYAMIDE | Navailles","og_description":"Tabouret atelier roulette PVC \u00e0 retrouver sur le site de Navailles, fabricant fran\u00e7ais d'assises techniques pour les professionnels de l'industrie !","og_url":"https:\/\/www.navailles.fr\/en\/product\/pvc-stool-with-polyamide-foot\/","og_site_name":"Navailles","article_modified_time":"2025-06-05T10:04:09+00:00","og_image":[{"width":1000,"height":1000,"url":"https:\/\/www.navailles.fr\/wp-content\/uploads\/2021\/09\/tabouret_atelier_roulette_pvc_Navailles_1.png","type":"image\/png"}],"twitter_card":"summary_large_image","twitter_misc":{"Estimated reading time":"1 minute"},"schema":{"@context":"https:\/\/schema.org","@graph":[{"@type":"WebPage","@id":"https:\/\/www.navailles.fr\/product\/tabouret-pvc-a-pied-polyamide\/","url":"https:\/\/www.navailles.fr\/product\/tabouret-pvc-a-pied-polyamide\/","name":"Tabouret atelier roulette PVC \u00e0 pied POLYAMIDE | Navailles","isPartOf":{"@id":"https:\/\/www.navailles.fr\/#website"},"primaryImageOfPage":{"@id":"https:\/\/www.navailles.fr\/product\/tabouret-pvc-a-pied-polyamide\/#primaryimage"},"image":{"@id":"https:\/\/www.navailles.fr\/product\/tabouret-pvc-a-pied-polyamide\/#primaryimage"},"thumbnailUrl":"https:\/\/www.navailles.fr\/wp-content\/uploads\/2021\/09\/tabouret_atelier_roulette_pvc_Navailles_1.png","datePublished":"2021-09-08T12:43:12+00:00","dateModified":"2025-06-05T10:04:09+00:00","description":"Tabouret atelier roulette PVC \u00e0 retrouver sur le site de Navailles, fabricant fran\u00e7ais d'assises techniques pour les professionnels de l'industrie !","breadcrumb":{"@id":"https:\/\/www.navailles.fr\/product\/tabouret-pvc-a-pied-polyamide\/#breadcrumb"},"inLanguage":"en-GB","potentialAction":[{"@type":"ReadAction","target":["https:\/\/www.navailles.fr\/product\/tabouret-pvc-a-pied-polyamide\/"]}]},{"@type":"ImageObject","inLanguage":"en-GB","@id":"https:\/\/www.navailles.fr\/product\/tabouret-pvc-a-pied-polyamide\/#primaryimage","url":"https:\/\/www.navailles.fr\/wp-content\/uploads\/2021\/09\/tabouret_atelier_roulette_pvc_Navailles_1.png","contentUrl":"https:\/\/www.navailles.fr\/wp-content\/uploads\/2021\/09\/tabouret_atelier_roulette_pvc_Navailles_1.png","width":1000,"height":1000,"caption":"Tabouret atelier sur roulette en PVC de chez Navailles"},{"@type":"BreadcrumbList","@id":"https:\/\/www.navailles.fr\/product\/tabouret-pvc-a-pied-polyamide\/#breadcrumb","itemListElement":[{"@type":"ListItem","position":1,"name":"Accueil","item":"https:\/\/www.navailles.fr\/"},{"@type":"ListItem","position":2,"name":"Boutique","item":"https:\/\/teletravail.navailles.fr\/"},{"@type":"ListItem","position":3,"name":"TABOURET PVC A PIED POLYAMIDE"}]},{"@type":"WebSite","@id":"https:\/\/www.navailles.fr\/#website","url":"https:\/\/www.navailles.fr\/","name":"Navailles","description":"Fabricant de fauteuils m\u00e9dicalis\u00e9s, si\u00e8ges de bureau et tabourets techniques","publisher":{"@id":"https:\/\/www.navailles.fr\/#organization"},"potentialAction":[{"@type":"SearchAction","target":{"@type":"EntryPoint","urlTemplate":"https:\/\/www.navailles.fr\/?s={search_term_string}"},"query-input":{"@type":"PropertyValueSpecification","valueRequired":true,"valueName":"search_term_string"}}],"inLanguage":"en-GB"},{"@type":"Organization","@id":"https:\/\/www.navailles.fr\/#organization","name":"Navailles","url":"https:\/\/www.navailles.fr\/","logo":{"@type":"ImageObject","inLanguage":"en-GB","@id":"https:\/\/www.navailles.fr\/#\/schema\/logo\/image\/","url":"https:\/\/www.navailles.fr\/wp-content\/uploads\/2021\/10\/logo_site_navailles1_Plan-de-travail-1.png","contentUrl":"https:\/\/www.navailles.fr\/wp-content\/uploads\/2021\/10\/logo_site_navailles1_Plan-de-travail-1.png","width":375,"height":125,"caption":"Navailles"},"image":{"@id":"https:\/\/www.navailles.fr\/#\/schema\/logo\/image\/"}}]}},"_links":{"self":[{"href":"https:\/\/www.navailles.fr\/en\/wp-json\/wp\/v2\/product\/27156","targetHints":{"allow":["GET"]}}],"collection":[{"href":"https:\/\/www.navailles.fr\/en\/wp-json\/wp\/v2\/product"}],"about":[{"href":"https:\/\/www.navailles.fr\/en\/wp-json\/wp\/v2\/types\/product"}],"wp:featuredmedia":[{"embeddable":true,"href":"https:\/\/www.navailles.fr\/en\/wp-json\/wp\/v2\/media\/37197"}],"wp:attachment":[{"href":"https:\/\/www.navailles.fr\/en\/wp-json\/wp\/v2\/media?parent=27156"}],"wp:term":[{"taxonomy":"product_brand","embeddable":true,"href":"https:\/\/www.navailles.fr\/en\/wp-json\/wp\/v2\/product_brand?post=27156"},{"taxonomy":"product_cat","embeddable":true,"href":"https:\/\/www.navailles.fr\/en\/wp-json\/wp\/v2\/product_cat?post=27156"},{"taxonomy":"product_tag","embeddable":true,"href":"https:\/\/www.navailles.fr\/en\/wp-json\/wp\/v2\/product_tag?post=27156"}],"curies":[{"name":"wp","href":"https:\/\/api.w.org\/{rel}","templated":true}]}}