{"id":26904,"date":"2021-09-08T10:30:55","date_gmt":"2021-09-08T08:30:55","guid":{"rendered":"https:\/\/navailles.fr\/?post_type=product&#038;p=26904"},"modified":"2025-06-05T15:28:53","modified_gmt":"2025-06-05T13:28:53","slug":"siege-inox-316l-polyurethane-esd","status":"publish","type":"product","link":"https:\/\/www.navailles.fr\/en\/product\/stainless-steel-seat-316l-polyurethane-esd\/","title":{"rendered":"SEAT STAINLESS STEEL 316L \/ POLYURETHANE ESD"},"content":{"rendered":"<p><strong>SI\u00c8GE DE LABORATOIRE POUR MILIEUX CONTR\u00d4L\u00c9S<\/strong><br \/>\nPens\u00e9 pour les environnements les plus sensibles, ce si\u00e8ge associe robustesse, s\u00e9curit\u00e9 \u00e9lectrostatique et hygi\u00e8ne irr\u00e9prochable gr\u00e2ce \u00e0 une structure tout inox 316L et une assise en polyur\u00e9thane ESD.<\/p>","protected":false},"excerpt":{"rendered":"<p>Seats with a 316L all-stainless steel structure are perfectly suited to the wettest or most corrosive environments, while the ESD polyurethane versions can also be used in clean rooms with ISO 3 certification.<\/p>","protected":false},"featured_media":37374,"template":"","meta":{"_acf_changed":false,"content-type":"","site-sidebar-layout":"no-sidebar","site-content-layout":"page-builder","ast-global-header-display":"","ast-banner-title-visibility":"","ast-main-header-display":"","ast-hfb-above-header-display":"","ast-hfb-below-header-display":"","ast-hfb-mobile-header-display":"","site-post-title":"disabled","ast-breadcrumbs-content":"","ast-featured-img":"disabled","footer-sml-layout":"","theme-transparent-header-meta":"default","adv-header-id-meta":"","stick-header-meta":"default","header-above-stick-meta":"","header-main-stick-meta":"","header-below-stick-meta":""},"product_brand":[],"product_cat":[63,64],"product_tag":[],"class_list":{"0":"post-26904","1":"product","2":"type-product","3":"status-publish","4":"has-post-thumbnail","6":"product_cat-laboratoire","7":"product_cat-salles-blanches","9":"first","10":"instock","11":"taxable","12":"shipping-taxable","13":"product-type-simple"},"acf":[],"yoast_head":"<!-- This site is optimized with the Yoast SEO plugin v27.6 - https:\/\/yoast.com\/product\/yoast-seo-wordpress\/ -->\n<title>Chaise de laboratoire technique en inox personnalisable | Navailles<\/title>\n<meta name=\"description\" content=\"Chaise de laboratoire technique en inox &amp; Polyurethane ESD personnalisable Navailles, fabricant fran\u00e7ais d&#039;assises techniques pour les professionnels !\" \/>\n<meta name=\"robots\" content=\"index, follow, max-snippet:-1, max-image-preview:large, max-video-preview:-1\" \/>\n<link rel=\"canonical\" href=\"https:\/\/www.navailles.fr\/en\/product\/stainless-steel-seat-316l-polyurethane-esd\/\" \/>\n<meta property=\"og:locale\" content=\"en_GB\" \/>\n<meta property=\"og:type\" content=\"article\" \/>\n<meta property=\"og:title\" content=\"Chaise de laboratoire technique en inox personnalisable | Navailles\" \/>\n<meta property=\"og:description\" content=\"Chaise de laboratoire technique en inox &amp; Polyurethane ESD personnalisable Navailles, fabricant fran\u00e7ais d&#039;assises techniques pour les professionnels !\" \/>\n<meta property=\"og:url\" content=\"https:\/\/www.navailles.fr\/en\/product\/stainless-steel-seat-316l-polyurethane-esd\/\" \/>\n<meta property=\"og:site_name\" content=\"Navailles\" \/>\n<meta property=\"article:modified_time\" content=\"2025-06-05T13:28:53+00:00\" \/>\n<meta property=\"og:image\" content=\"https:\/\/www.navailles.fr\/wp-content\/uploads\/2021\/09\/chaise_de_laboratoire_Navailles_re\u0301glable_inox.png\" \/>\n\t<meta property=\"og:image:width\" content=\"1000\" \/>\n\t<meta property=\"og:image:height\" content=\"1000\" \/>\n\t<meta property=\"og:image:type\" content=\"image\/png\" \/>\n<meta name=\"twitter:card\" content=\"summary_large_image\" \/>\n<meta name=\"twitter:label1\" content=\"Estimated reading time\" \/>\n\t<meta name=\"twitter:data1\" content=\"1 minute\" \/>\n<!-- \/ Yoast SEO plugin. -->","yoast_head_json":{"title":"Chaise de laboratoire technique en inox personnalisable | Navailles","description":"Chaise de laboratoire technique en inox & Polyurethane ESD personnalisable Navailles, fabricant fran\u00e7ais d'assises techniques pour les professionnels !","robots":{"index":"index","follow":"follow","max-snippet":"max-snippet:-1","max-image-preview":"max-image-preview:large","max-video-preview":"max-video-preview:-1"},"canonical":"https:\/\/www.navailles.fr\/en\/product\/stainless-steel-seat-316l-polyurethane-esd\/","og_locale":"en_GB","og_type":"article","og_title":"Chaise de laboratoire technique en inox personnalisable | Navailles","og_description":"Chaise de laboratoire technique en inox & Polyurethane ESD personnalisable Navailles, fabricant fran\u00e7ais d'assises techniques pour les professionnels !","og_url":"https:\/\/www.navailles.fr\/en\/product\/stainless-steel-seat-316l-polyurethane-esd\/","og_site_name":"Navailles","article_modified_time":"2025-06-05T13:28:53+00:00","og_image":[{"width":1000,"height":1000,"url":"https:\/\/www.navailles.fr\/wp-content\/uploads\/2021\/09\/chaise_de_laboratoire_Navailles_re\u0301glable_inox.png","type":"image\/png"}],"twitter_card":"summary_large_image","twitter_misc":{"Estimated reading time":"1 minute"},"schema":{"@context":"https:\/\/schema.org","@graph":[{"@type":"WebPage","@id":"https:\/\/www.navailles.fr\/product\/siege-inox-316l-polyurethane-esd\/","url":"https:\/\/www.navailles.fr\/product\/siege-inox-316l-polyurethane-esd\/","name":"Chaise de laboratoire technique en inox personnalisable | Navailles","isPartOf":{"@id":"https:\/\/www.navailles.fr\/#website"},"primaryImageOfPage":{"@id":"https:\/\/www.navailles.fr\/product\/siege-inox-316l-polyurethane-esd\/#primaryimage"},"image":{"@id":"https:\/\/www.navailles.fr\/product\/siege-inox-316l-polyurethane-esd\/#primaryimage"},"thumbnailUrl":"https:\/\/www.navailles.fr\/wp-content\/uploads\/2021\/09\/chaise_de_laboratoire_Navailles_re\u0301glable_inox.png","datePublished":"2021-09-08T08:30:55+00:00","dateModified":"2025-06-05T13:28:53+00:00","description":"Chaise de laboratoire technique en inox & Polyurethane ESD personnalisable Navailles, fabricant fran\u00e7ais d'assises techniques pour les professionnels !","breadcrumb":{"@id":"https:\/\/www.navailles.fr\/product\/siege-inox-316l-polyurethane-esd\/#breadcrumb"},"inLanguage":"en-GB","potentialAction":[{"@type":"ReadAction","target":["https:\/\/www.navailles.fr\/product\/siege-inox-316l-polyurethane-esd\/"]}]},{"@type":"ImageObject","inLanguage":"en-GB","@id":"https:\/\/www.navailles.fr\/product\/siege-inox-316l-polyurethane-esd\/#primaryimage","url":"https:\/\/www.navailles.fr\/wp-content\/uploads\/2021\/09\/chaise_de_laboratoire_Navailles_re\u0301glable_inox.png","contentUrl":"https:\/\/www.navailles.fr\/wp-content\/uploads\/2021\/09\/chaise_de_laboratoire_Navailles_re\u0301glable_inox.png","width":1000,"height":1000,"caption":"chaise de laboratoire Navailles sp\u00e9cifique pour Salle Blanche"},{"@type":"BreadcrumbList","@id":"https:\/\/www.navailles.fr\/product\/siege-inox-316l-polyurethane-esd\/#breadcrumb","itemListElement":[{"@type":"ListItem","position":1,"name":"Accueil","item":"https:\/\/www.navailles.fr\/"},{"@type":"ListItem","position":2,"name":"Boutique","item":"https:\/\/teletravail.navailles.fr\/"},{"@type":"ListItem","position":3,"name":"SIEGE INOX 316L \/ POLYURETHANE ESD"}]},{"@type":"WebSite","@id":"https:\/\/www.navailles.fr\/#website","url":"https:\/\/www.navailles.fr\/","name":"Navailles","description":"Fabricant de fauteuils m\u00e9dicalis\u00e9s, si\u00e8ges de bureau et tabourets techniques","publisher":{"@id":"https:\/\/www.navailles.fr\/#organization"},"potentialAction":[{"@type":"SearchAction","target":{"@type":"EntryPoint","urlTemplate":"https:\/\/www.navailles.fr\/?s={search_term_string}"},"query-input":{"@type":"PropertyValueSpecification","valueRequired":true,"valueName":"search_term_string"}}],"inLanguage":"en-GB"},{"@type":"Organization","@id":"https:\/\/www.navailles.fr\/#organization","name":"Navailles","url":"https:\/\/www.navailles.fr\/","logo":{"@type":"ImageObject","inLanguage":"en-GB","@id":"https:\/\/www.navailles.fr\/#\/schema\/logo\/image\/","url":"https:\/\/www.navailles.fr\/wp-content\/uploads\/2021\/10\/logo_site_navailles1_Plan-de-travail-1.png","contentUrl":"https:\/\/www.navailles.fr\/wp-content\/uploads\/2021\/10\/logo_site_navailles1_Plan-de-travail-1.png","width":375,"height":125,"caption":"Navailles"},"image":{"@id":"https:\/\/www.navailles.fr\/#\/schema\/logo\/image\/"}}]}},"_links":{"self":[{"href":"https:\/\/www.navailles.fr\/en\/wp-json\/wp\/v2\/product\/26904","targetHints":{"allow":["GET"]}}],"collection":[{"href":"https:\/\/www.navailles.fr\/en\/wp-json\/wp\/v2\/product"}],"about":[{"href":"https:\/\/www.navailles.fr\/en\/wp-json\/wp\/v2\/types\/product"}],"wp:featuredmedia":[{"embeddable":true,"href":"https:\/\/www.navailles.fr\/en\/wp-json\/wp\/v2\/media\/37374"}],"wp:attachment":[{"href":"https:\/\/www.navailles.fr\/en\/wp-json\/wp\/v2\/media?parent=26904"}],"wp:term":[{"taxonomy":"product_brand","embeddable":true,"href":"https:\/\/www.navailles.fr\/en\/wp-json\/wp\/v2\/product_brand?post=26904"},{"taxonomy":"product_cat","embeddable":true,"href":"https:\/\/www.navailles.fr\/en\/wp-json\/wp\/v2\/product_cat?post=26904"},{"taxonomy":"product_tag","embeddable":true,"href":"https:\/\/www.navailles.fr\/en\/wp-json\/wp\/v2\/product_tag?post=26904"}],"curies":[{"name":"wp","href":"https:\/\/api.w.org\/{rel}","templated":true}]}}