{"id":26890,"date":"2021-09-08T10:20:46","date_gmt":"2021-09-08T08:20:46","guid":{"rendered":"https:\/\/navailles.fr\/?post_type=product&#038;p=26890"},"modified":"2025-08-27T11:22:17","modified_gmt":"2025-08-27T09:22:17","slug":"tabouret-ginkgo-eco-a-dosseret","status":"publish","type":"product","link":"https:\/\/www.navailles.fr\/en\/product\/ginkgo-eco-stool-with-backrest\/","title":{"rendered":"Ginkgo eco stool with backrest"},"content":{"rendered":"<p><strong>TABOURET HYGI\u00c9NIQUE \u00c0 R\u00c9GLAGE PIEDS LIBRES<\/strong><br \/>\nPens\u00e9 pour les environnements exigeants, le tabouret Ginkgo Eco \u00e0 dosseret conjugue hygi\u00e8ne, praticit\u00e9 et confort de posture dans un format simple et fonctionnel.<\/p>","protected":false},"excerpt":{"rendered":"<p>The backrest stools, with foot-operated adjustment, allow precise adjustment of the seat height while keeping the hands free, in compliance with the strictest hygienic requirements. The Urban M1 PVC cover is also easy to clean.<\/p>","protected":false},"featured_media":37384,"template":"","meta":{"_acf_changed":false,"content-type":"","site-sidebar-layout":"default","site-content-layout":"default","ast-global-header-display":"","ast-banner-title-visibility":"","ast-main-header-display":"","ast-hfb-above-header-display":"","ast-hfb-below-header-display":"","ast-hfb-mobile-header-display":"","site-post-title":"","ast-breadcrumbs-content":"","ast-featured-img":"","footer-sml-layout":"","theme-transparent-header-meta":"default","adv-header-id-meta":"","stick-header-meta":"default","header-above-stick-meta":"","header-main-stick-meta":"","header-below-stick-meta":""},"product_brand":[],"product_cat":[63,65],"product_tag":[],"class_list":{"0":"post-26890","1":"product","2":"type-product","3":"status-publish","4":"has-post-thumbnail","6":"product_cat-laboratoire","7":"product_cat-recherche","9":"first","10":"instock","11":"taxable","12":"shipping-taxable","13":"product-type-simple"},"acf":[],"yoast_head":"<!-- This site is optimized with the Yoast SEO plugin v27.5 - https:\/\/yoast.com\/product\/yoast-seo-wordpress\/ -->\n<title>Tabouret de laboratoire avec dossier | Navailles<\/title>\n<meta name=\"description\" content=\"Tabouret de laboratoire avec dossier Ginkgo Eco Navailles, fabricant fran\u00e7ais d&#039;assises techniques pour les professionnels !\" \/>\n<meta name=\"robots\" content=\"index, follow, max-snippet:-1, max-image-preview:large, max-video-preview:-1\" \/>\n<link rel=\"canonical\" href=\"https:\/\/www.navailles.fr\/en\/product\/ginkgo-eco-stool-with-backrest\/\" \/>\n<meta property=\"og:locale\" content=\"en_GB\" \/>\n<meta property=\"og:type\" content=\"article\" \/>\n<meta property=\"og:title\" content=\"Tabouret de laboratoire avec dossier | Navailles\" \/>\n<meta property=\"og:description\" content=\"Tabouret de laboratoire avec dossier Ginkgo Eco Navailles, fabricant fran\u00e7ais d&#039;assises techniques pour les professionnels !\" \/>\n<meta property=\"og:url\" content=\"https:\/\/www.navailles.fr\/en\/product\/ginkgo-eco-stool-with-backrest\/\" \/>\n<meta property=\"og:site_name\" content=\"Navailles\" \/>\n<meta property=\"article:modified_time\" content=\"2025-08-27T09:22:17+00:00\" \/>\n<meta property=\"og:image\" content=\"https:\/\/www.navailles.fr\/wp-content\/uploads\/2021\/09\/tabouret_de_laboratoire_avec_dossier_Ginkgo_Eco_Navailles_1.png\" \/>\n\t<meta property=\"og:image:width\" content=\"1000\" \/>\n\t<meta property=\"og:image:height\" content=\"1000\" \/>\n\t<meta property=\"og:image:type\" content=\"image\/png\" \/>\n<meta name=\"twitter:card\" content=\"summary_large_image\" \/>\n<meta name=\"twitter:label1\" content=\"Estimated reading time\" \/>\n\t<meta name=\"twitter:data1\" content=\"1 minute\" \/>\n<!-- \/ Yoast SEO plugin. -->","yoast_head_json":{"title":"Tabouret de laboratoire avec dossier | Navailles","description":"Tabouret de laboratoire avec dossier Ginkgo Eco Navailles, fabricant fran\u00e7ais d'assises techniques pour les professionnels !","robots":{"index":"index","follow":"follow","max-snippet":"max-snippet:-1","max-image-preview":"max-image-preview:large","max-video-preview":"max-video-preview:-1"},"canonical":"https:\/\/www.navailles.fr\/en\/product\/ginkgo-eco-stool-with-backrest\/","og_locale":"en_GB","og_type":"article","og_title":"Tabouret de laboratoire avec dossier | Navailles","og_description":"Tabouret de laboratoire avec dossier Ginkgo Eco Navailles, fabricant fran\u00e7ais d'assises techniques pour les professionnels !","og_url":"https:\/\/www.navailles.fr\/en\/product\/ginkgo-eco-stool-with-backrest\/","og_site_name":"Navailles","article_modified_time":"2025-08-27T09:22:17+00:00","og_image":[{"width":1000,"height":1000,"url":"https:\/\/www.navailles.fr\/wp-content\/uploads\/2021\/09\/tabouret_de_laboratoire_avec_dossier_Ginkgo_Eco_Navailles_1.png","type":"image\/png"}],"twitter_card":"summary_large_image","twitter_misc":{"Estimated reading time":"1 minute"},"schema":{"@context":"https:\/\/schema.org","@graph":[{"@type":"WebPage","@id":"https:\/\/www.navailles.fr\/product\/tabouret-ginkgo-eco-a-dosseret\/","url":"https:\/\/www.navailles.fr\/product\/tabouret-ginkgo-eco-a-dosseret\/","name":"Tabouret de laboratoire avec dossier | Navailles","isPartOf":{"@id":"https:\/\/www.navailles.fr\/#website"},"primaryImageOfPage":{"@id":"https:\/\/www.navailles.fr\/product\/tabouret-ginkgo-eco-a-dosseret\/#primaryimage"},"image":{"@id":"https:\/\/www.navailles.fr\/product\/tabouret-ginkgo-eco-a-dosseret\/#primaryimage"},"thumbnailUrl":"https:\/\/www.navailles.fr\/wp-content\/uploads\/2021\/09\/tabouret_de_laboratoire_avec_dossier_Ginkgo_Eco_Navailles_1.png","datePublished":"2021-09-08T08:20:46+00:00","dateModified":"2025-08-27T09:22:17+00:00","description":"Tabouret de laboratoire avec dossier Ginkgo Eco Navailles, fabricant fran\u00e7ais d'assises techniques pour les professionnels !","breadcrumb":{"@id":"https:\/\/www.navailles.fr\/product\/tabouret-ginkgo-eco-a-dosseret\/#breadcrumb"},"inLanguage":"en-GB","potentialAction":[{"@type":"ReadAction","target":["https:\/\/www.navailles.fr\/product\/tabouret-ginkgo-eco-a-dosseret\/"]}]},{"@type":"ImageObject","inLanguage":"en-GB","@id":"https:\/\/www.navailles.fr\/product\/tabouret-ginkgo-eco-a-dosseret\/#primaryimage","url":"https:\/\/www.navailles.fr\/wp-content\/uploads\/2021\/09\/tabouret_de_laboratoire_avec_dossier_Ginkgo_Eco_Navailles_1.png","contentUrl":"https:\/\/www.navailles.fr\/wp-content\/uploads\/2021\/09\/tabouret_de_laboratoire_avec_dossier_Ginkgo_Eco_Navailles_1.png","width":1000,"height":1000,"caption":"tabouret de laboratoire avec dossier Ginkgo Eco Navailles"},{"@type":"BreadcrumbList","@id":"https:\/\/www.navailles.fr\/product\/tabouret-ginkgo-eco-a-dosseret\/#breadcrumb","itemListElement":[{"@type":"ListItem","position":1,"name":"Accueil","item":"https:\/\/www.navailles.fr\/"},{"@type":"ListItem","position":2,"name":"Boutique","item":"https:\/\/teletravail.navailles.fr\/"},{"@type":"ListItem","position":3,"name":"TABOURET GINKGO ECO A DOSSERET"}]},{"@type":"WebSite","@id":"https:\/\/www.navailles.fr\/#website","url":"https:\/\/www.navailles.fr\/","name":"Navailles","description":"Fabricant de fauteuils m\u00e9dicalis\u00e9s, si\u00e8ges de bureau et tabourets techniques","publisher":{"@id":"https:\/\/www.navailles.fr\/#organization"},"potentialAction":[{"@type":"SearchAction","target":{"@type":"EntryPoint","urlTemplate":"https:\/\/www.navailles.fr\/?s={search_term_string}"},"query-input":{"@type":"PropertyValueSpecification","valueRequired":true,"valueName":"search_term_string"}}],"inLanguage":"en-GB"},{"@type":"Organization","@id":"https:\/\/www.navailles.fr\/#organization","name":"Navailles","url":"https:\/\/www.navailles.fr\/","logo":{"@type":"ImageObject","inLanguage":"en-GB","@id":"https:\/\/www.navailles.fr\/#\/schema\/logo\/image\/","url":"https:\/\/www.navailles.fr\/wp-content\/uploads\/2021\/10\/logo_site_navailles1_Plan-de-travail-1.png","contentUrl":"https:\/\/www.navailles.fr\/wp-content\/uploads\/2021\/10\/logo_site_navailles1_Plan-de-travail-1.png","width":375,"height":125,"caption":"Navailles"},"image":{"@id":"https:\/\/www.navailles.fr\/#\/schema\/logo\/image\/"}}]}},"_links":{"self":[{"href":"https:\/\/www.navailles.fr\/en\/wp-json\/wp\/v2\/product\/26890","targetHints":{"allow":["GET"]}}],"collection":[{"href":"https:\/\/www.navailles.fr\/en\/wp-json\/wp\/v2\/product"}],"about":[{"href":"https:\/\/www.navailles.fr\/en\/wp-json\/wp\/v2\/types\/product"}],"wp:featuredmedia":[{"embeddable":true,"href":"https:\/\/www.navailles.fr\/en\/wp-json\/wp\/v2\/media\/37384"}],"wp:attachment":[{"href":"https:\/\/www.navailles.fr\/en\/wp-json\/wp\/v2\/media?parent=26890"}],"wp:term":[{"taxonomy":"product_brand","embeddable":true,"href":"https:\/\/www.navailles.fr\/en\/wp-json\/wp\/v2\/product_brand?post=26890"},{"taxonomy":"product_cat","embeddable":true,"href":"https:\/\/www.navailles.fr\/en\/wp-json\/wp\/v2\/product_cat?post=26890"},{"taxonomy":"product_tag","embeddable":true,"href":"https:\/\/www.navailles.fr\/en\/wp-json\/wp\/v2\/product_tag?post=26890"}],"curies":[{"name":"wp","href":"https:\/\/api.w.org\/{rel}","templated":true}]}}