{"id":26884,"date":"2021-09-08T10:14:22","date_gmt":"2021-09-08T08:14:22","guid":{"rendered":"https:\/\/navailles.fr\/?post_type=product&#038;p=26884"},"modified":"2025-08-27T11:31:05","modified_gmt":"2025-08-27T09:31:05","slug":"tabouret-ginkgo-confort-a-dosseret","status":"publish","type":"product","link":"https:\/\/www.navailles.fr\/en\/product\/ginkgo-comfort-stool-with-backrest\/","title":{"rendered":"Ginko comfort stool with backrest"},"content":{"rendered":"<p><strong>TABOURET DE LABORATOIRE PRATIQUE ET CONFORTABLE<\/strong><br \/>\nLe tabouret Ginkgo Confort \u00e0 dosseret a \u00e9t\u00e9 pens\u00e9 pour offrir une assise agr\u00e9able et un usage intuitif dans les environnements techniques ou m\u00e9dicaux.<\/p>","protected":false},"excerpt":{"rendered":"<p>Practical, compact and easy to use, the backrest stools in the Navailles Laboratoires range offer great versatility. Their easy-to-clean Urban M1 PVC covering, 60 mm thick, also provides unprecedented seating comfort for this type of chair.<\/p>","protected":false},"featured_media":37389,"template":"","meta":{"_acf_changed":false,"content-type":"","site-sidebar-layout":"default","site-content-layout":"default","ast-global-header-display":"","ast-banner-title-visibility":"","ast-main-header-display":"","ast-hfb-above-header-display":"","ast-hfb-below-header-display":"","ast-hfb-mobile-header-display":"","site-post-title":"","ast-breadcrumbs-content":"","ast-featured-img":"","footer-sml-layout":"","theme-transparent-header-meta":"default","adv-header-id-meta":"","stick-header-meta":"default","header-above-stick-meta":"","header-main-stick-meta":"","header-below-stick-meta":""},"product_brand":[],"product_cat":[63,65],"product_tag":[],"class_list":{"0":"post-26884","1":"product","2":"type-product","3":"status-publish","4":"has-post-thumbnail","6":"product_cat-laboratoire","7":"product_cat-recherche","9":"first","10":"instock","11":"taxable","12":"shipping-taxable","13":"product-type-simple"},"acf":[],"yoast_head":"<!-- This site is optimized with the Yoast SEO plugin v27.6 - https:\/\/yoast.com\/product\/yoast-seo-wordpress\/ -->\n<title>Tabouret avec dosseret technique Ginkgo confort | Navailles<\/title>\n<meta name=\"description\" content=\"Tabouret avec dosseret technique Ginkgo confort personnalisable Navailles, fabricant fran\u00e7ais d&#039;assises techniques pour les professionnels !\" \/>\n<meta name=\"robots\" content=\"index, follow, max-snippet:-1, max-image-preview:large, max-video-preview:-1\" \/>\n<link rel=\"canonical\" href=\"https:\/\/www.navailles.fr\/en\/product\/ginkgo-comfort-stool-with-backrest\/\" \/>\n<meta property=\"og:locale\" content=\"en_GB\" \/>\n<meta property=\"og:type\" content=\"article\" \/>\n<meta property=\"og:title\" content=\"Tabouret avec dosseret technique Ginkgo confort | Navailles\" \/>\n<meta property=\"og:description\" content=\"Tabouret avec dosseret technique Ginkgo confort personnalisable Navailles, fabricant fran\u00e7ais d&#039;assises techniques pour les professionnels !\" \/>\n<meta property=\"og:url\" content=\"https:\/\/www.navailles.fr\/en\/product\/ginkgo-comfort-stool-with-backrest\/\" \/>\n<meta property=\"og:site_name\" content=\"Navailles\" \/>\n<meta property=\"article:modified_time\" content=\"2025-08-27T09:31:05+00:00\" \/>\n<meta property=\"og:image\" content=\"https:\/\/www.navailles.fr\/wp-content\/uploads\/2021\/09\/tabouret_avec_dosseret_pour_laboratoire_Navailles.png\" \/>\n\t<meta property=\"og:image:width\" content=\"1000\" \/>\n\t<meta property=\"og:image:height\" content=\"1000\" \/>\n\t<meta property=\"og:image:type\" content=\"image\/png\" \/>\n<meta name=\"twitter:card\" content=\"summary_large_image\" \/>\n<meta name=\"twitter:label1\" content=\"Estimated reading time\" \/>\n\t<meta name=\"twitter:data1\" content=\"1 minute\" \/>\n<!-- \/ Yoast SEO plugin. -->","yoast_head_json":{"title":"Tabouret avec dosseret technique Ginkgo confort | Navailles","description":"Tabouret avec dosseret technique Ginkgo confort personnalisable Navailles, fabricant fran\u00e7ais d'assises techniques pour les professionnels !","robots":{"index":"index","follow":"follow","max-snippet":"max-snippet:-1","max-image-preview":"max-image-preview:large","max-video-preview":"max-video-preview:-1"},"canonical":"https:\/\/www.navailles.fr\/en\/product\/ginkgo-comfort-stool-with-backrest\/","og_locale":"en_GB","og_type":"article","og_title":"Tabouret avec dosseret technique Ginkgo confort | Navailles","og_description":"Tabouret avec dosseret technique Ginkgo confort personnalisable Navailles, fabricant fran\u00e7ais d'assises techniques pour les professionnels !","og_url":"https:\/\/www.navailles.fr\/en\/product\/ginkgo-comfort-stool-with-backrest\/","og_site_name":"Navailles","article_modified_time":"2025-08-27T09:31:05+00:00","og_image":[{"width":1000,"height":1000,"url":"https:\/\/www.navailles.fr\/wp-content\/uploads\/2021\/09\/tabouret_avec_dosseret_pour_laboratoire_Navailles.png","type":"image\/png"}],"twitter_card":"summary_large_image","twitter_misc":{"Estimated reading time":"1 minute"},"schema":{"@context":"https:\/\/schema.org","@graph":[{"@type":"WebPage","@id":"https:\/\/www.navailles.fr\/product\/tabouret-ginkgo-confort-a-dosseret\/","url":"https:\/\/www.navailles.fr\/product\/tabouret-ginkgo-confort-a-dosseret\/","name":"Tabouret avec dosseret technique Ginkgo confort | Navailles","isPartOf":{"@id":"https:\/\/www.navailles.fr\/#website"},"primaryImageOfPage":{"@id":"https:\/\/www.navailles.fr\/product\/tabouret-ginkgo-confort-a-dosseret\/#primaryimage"},"image":{"@id":"https:\/\/www.navailles.fr\/product\/tabouret-ginkgo-confort-a-dosseret\/#primaryimage"},"thumbnailUrl":"https:\/\/www.navailles.fr\/wp-content\/uploads\/2021\/09\/tabouret_avec_dosseret_pour_laboratoire_Navailles.png","datePublished":"2021-09-08T08:14:22+00:00","dateModified":"2025-08-27T09:31:05+00:00","description":"Tabouret avec dosseret technique Ginkgo confort personnalisable Navailles, fabricant fran\u00e7ais d'assises techniques pour les professionnels !","breadcrumb":{"@id":"https:\/\/www.navailles.fr\/product\/tabouret-ginkgo-confort-a-dosseret\/#breadcrumb"},"inLanguage":"en-GB","potentialAction":[{"@type":"ReadAction","target":["https:\/\/www.navailles.fr\/product\/tabouret-ginkgo-confort-a-dosseret\/"]}]},{"@type":"ImageObject","inLanguage":"en-GB","@id":"https:\/\/www.navailles.fr\/product\/tabouret-ginkgo-confort-a-dosseret\/#primaryimage","url":"https:\/\/www.navailles.fr\/wp-content\/uploads\/2021\/09\/tabouret_avec_dosseret_pour_laboratoire_Navailles.png","contentUrl":"https:\/\/www.navailles.fr\/wp-content\/uploads\/2021\/09\/tabouret_avec_dosseret_pour_laboratoire_Navailles.png","width":1000,"height":1000,"caption":"Tabouret avec dosseret confortable de chez Navailles"},{"@type":"BreadcrumbList","@id":"https:\/\/www.navailles.fr\/product\/tabouret-ginkgo-confort-a-dosseret\/#breadcrumb","itemListElement":[{"@type":"ListItem","position":1,"name":"Accueil","item":"https:\/\/www.navailles.fr\/"},{"@type":"ListItem","position":2,"name":"Boutique","item":"https:\/\/teletravail.navailles.fr\/"},{"@type":"ListItem","position":3,"name":"TABOURET GINKGO CONFORT A DOSSERET"}]},{"@type":"WebSite","@id":"https:\/\/www.navailles.fr\/#website","url":"https:\/\/www.navailles.fr\/","name":"Navailles","description":"Fabricant de fauteuils m\u00e9dicalis\u00e9s, si\u00e8ges de bureau et tabourets techniques","publisher":{"@id":"https:\/\/www.navailles.fr\/#organization"},"potentialAction":[{"@type":"SearchAction","target":{"@type":"EntryPoint","urlTemplate":"https:\/\/www.navailles.fr\/?s={search_term_string}"},"query-input":{"@type":"PropertyValueSpecification","valueRequired":true,"valueName":"search_term_string"}}],"inLanguage":"en-GB"},{"@type":"Organization","@id":"https:\/\/www.navailles.fr\/#organization","name":"Navailles","url":"https:\/\/www.navailles.fr\/","logo":{"@type":"ImageObject","inLanguage":"en-GB","@id":"https:\/\/www.navailles.fr\/#\/schema\/logo\/image\/","url":"https:\/\/www.navailles.fr\/wp-content\/uploads\/2021\/10\/logo_site_navailles1_Plan-de-travail-1.png","contentUrl":"https:\/\/www.navailles.fr\/wp-content\/uploads\/2021\/10\/logo_site_navailles1_Plan-de-travail-1.png","width":375,"height":125,"caption":"Navailles"},"image":{"@id":"https:\/\/www.navailles.fr\/#\/schema\/logo\/image\/"}}]}},"_links":{"self":[{"href":"https:\/\/www.navailles.fr\/en\/wp-json\/wp\/v2\/product\/26884","targetHints":{"allow":["GET"]}}],"collection":[{"href":"https:\/\/www.navailles.fr\/en\/wp-json\/wp\/v2\/product"}],"about":[{"href":"https:\/\/www.navailles.fr\/en\/wp-json\/wp\/v2\/types\/product"}],"wp:featuredmedia":[{"embeddable":true,"href":"https:\/\/www.navailles.fr\/en\/wp-json\/wp\/v2\/media\/37389"}],"wp:attachment":[{"href":"https:\/\/www.navailles.fr\/en\/wp-json\/wp\/v2\/media?parent=26884"}],"wp:term":[{"taxonomy":"product_brand","embeddable":true,"href":"https:\/\/www.navailles.fr\/en\/wp-json\/wp\/v2\/product_brand?post=26884"},{"taxonomy":"product_cat","embeddable":true,"href":"https:\/\/www.navailles.fr\/en\/wp-json\/wp\/v2\/product_cat?post=26884"},{"taxonomy":"product_tag","embeddable":true,"href":"https:\/\/www.navailles.fr\/en\/wp-json\/wp\/v2\/product_tag?post=26884"}],"curies":[{"name":"wp","href":"https:\/\/api.w.org\/{rel}","templated":true}]}}