{"id":26853,"date":"2021-09-08T09:11:42","date_gmt":"2021-09-08T07:11:42","guid":{"rendered":"https:\/\/navailles.fr\/?post_type=product&#038;p=26853"},"modified":"2025-08-27T11:54:49","modified_gmt":"2025-08-27T09:54:49","slug":"chaise-bois-ajustable-a-pied-chrome","status":"publish","type":"product","link":"https:\/\/www.navailles.fr\/en\/product\/semi-seated-in-polyurethane-with-chrome-foot\/","title":{"rendered":"ADJUSTABLE WOODEN CHAIR WITH CHROME LEGS"},"content":{"rendered":"<p><strong>CHAISE R\u00c9GLABLE EN BOIS MULTIPLIS<\/strong><br \/>\nUne assise technique et durable pour \u00e9quiper efficacement les postes de travail exigeants.<\/p>","protected":false},"excerpt":{"rendered":"<p>The adjustable chairs provide economical access to the main ergonomic qualities of the Navailles Laboratoires range. The multi-ply beech versions with double curves offer unexpected seating comfort, in compliance with PEFC reforestation requirements.<\/p>","protected":false},"featured_media":37408,"template":"","meta":{"_acf_changed":false,"content-type":"","site-sidebar-layout":"default","site-content-layout":"default","ast-global-header-display":"","ast-banner-title-visibility":"","ast-main-header-display":"","ast-hfb-above-header-display":"","ast-hfb-below-header-display":"","ast-hfb-mobile-header-display":"","site-post-title":"","ast-breadcrumbs-content":"","ast-featured-img":"","footer-sml-layout":"","theme-transparent-header-meta":"default","adv-header-id-meta":"","stick-header-meta":"default","header-above-stick-meta":"","header-main-stick-meta":"","header-below-stick-meta":""},"product_brand":[],"product_cat":[63,65],"product_tag":[],"class_list":{"0":"post-26853","1":"product","2":"type-product","3":"status-publish","4":"has-post-thumbnail","6":"product_cat-laboratoire","7":"product_cat-recherche","9":"first","10":"instock","11":"taxable","12":"shipping-taxable","13":"product-type-simple"},"acf":[],"yoast_head":"<!-- This site is optimized with the Yoast SEO plugin v27.5 - https:\/\/yoast.com\/product\/yoast-seo-wordpress\/ -->\n<title>Chaise bois roulette technique \u00e0 pied chrome | Navailles<\/title>\n<meta name=\"description\" content=\"Chaise bois roulette technique \u00e0 pied chrome personnalisable \u00e0 retrouver sur le site de Navailles, fabricant fran\u00e7ais de fauteuils ergonomiques !\" \/>\n<meta name=\"robots\" content=\"index, follow, max-snippet:-1, max-image-preview:large, max-video-preview:-1\" \/>\n<link rel=\"canonical\" href=\"https:\/\/www.navailles.fr\/en\/product\/semi-seated-in-polyurethane-with-chrome-foot\/\" \/>\n<meta property=\"og:locale\" content=\"en_GB\" \/>\n<meta property=\"og:type\" content=\"article\" \/>\n<meta property=\"og:title\" content=\"Chaise bois roulette technique \u00e0 pied chrome | Navailles\" \/>\n<meta property=\"og:description\" content=\"Chaise bois roulette technique \u00e0 pied chrome personnalisable \u00e0 retrouver sur le site de Navailles, fabricant fran\u00e7ais de fauteuils ergonomiques !\" \/>\n<meta property=\"og:url\" content=\"https:\/\/www.navailles.fr\/en\/product\/semi-seated-in-polyurethane-with-chrome-foot\/\" \/>\n<meta property=\"og:site_name\" content=\"Navailles\" \/>\n<meta property=\"article:modified_time\" content=\"2025-08-27T09:54:49+00:00\" \/>\n<meta property=\"og:image\" content=\"https:\/\/www.navailles.fr\/wp-content\/uploads\/2021\/09\/chaise_bois_roulette_a_pied_chrome_Navailles_1.png\" \/>\n\t<meta property=\"og:image:width\" content=\"1000\" \/>\n\t<meta property=\"og:image:height\" content=\"1000\" \/>\n\t<meta property=\"og:image:type\" content=\"image\/png\" \/>\n<meta name=\"twitter:card\" content=\"summary_large_image\" \/>\n<meta name=\"twitter:label1\" content=\"Estimated reading time\" \/>\n\t<meta name=\"twitter:data1\" content=\"1 minute\" \/>\n<!-- \/ Yoast SEO plugin. -->","yoast_head_json":{"title":"Chaise bois roulette technique \u00e0 pied chrome | Navailles","description":"Chaise bois roulette technique \u00e0 pied chrome personnalisable \u00e0 retrouver sur le site de Navailles, fabricant fran\u00e7ais de fauteuils ergonomiques !","robots":{"index":"index","follow":"follow","max-snippet":"max-snippet:-1","max-image-preview":"max-image-preview:large","max-video-preview":"max-video-preview:-1"},"canonical":"https:\/\/www.navailles.fr\/en\/product\/semi-seated-in-polyurethane-with-chrome-foot\/","og_locale":"en_GB","og_type":"article","og_title":"Chaise bois roulette technique \u00e0 pied chrome | Navailles","og_description":"Chaise bois roulette technique \u00e0 pied chrome personnalisable \u00e0 retrouver sur le site de Navailles, fabricant fran\u00e7ais de fauteuils ergonomiques !","og_url":"https:\/\/www.navailles.fr\/en\/product\/semi-seated-in-polyurethane-with-chrome-foot\/","og_site_name":"Navailles","article_modified_time":"2025-08-27T09:54:49+00:00","og_image":[{"width":1000,"height":1000,"url":"https:\/\/www.navailles.fr\/wp-content\/uploads\/2021\/09\/chaise_bois_roulette_a_pied_chrome_Navailles_1.png","type":"image\/png"}],"twitter_card":"summary_large_image","twitter_misc":{"Estimated reading time":"1 minute"},"schema":{"@context":"https:\/\/schema.org","@graph":[{"@type":"WebPage","@id":"https:\/\/www.navailles.fr\/product\/chaise-bois-ajustable-a-pied-chrome\/","url":"https:\/\/www.navailles.fr\/product\/chaise-bois-ajustable-a-pied-chrome\/","name":"Chaise bois roulette technique \u00e0 pied chrome | Navailles","isPartOf":{"@id":"https:\/\/www.navailles.fr\/#website"},"primaryImageOfPage":{"@id":"https:\/\/www.navailles.fr\/product\/chaise-bois-ajustable-a-pied-chrome\/#primaryimage"},"image":{"@id":"https:\/\/www.navailles.fr\/product\/chaise-bois-ajustable-a-pied-chrome\/#primaryimage"},"thumbnailUrl":"https:\/\/www.navailles.fr\/wp-content\/uploads\/2021\/09\/chaise_bois_roulette_a_pied_chrome_Navailles_1.png","datePublished":"2021-09-08T07:11:42+00:00","dateModified":"2025-08-27T09:54:49+00:00","description":"Chaise bois roulette technique \u00e0 pied chrome personnalisable \u00e0 retrouver sur le site de Navailles, fabricant fran\u00e7ais de fauteuils ergonomiques !","breadcrumb":{"@id":"https:\/\/www.navailles.fr\/product\/chaise-bois-ajustable-a-pied-chrome\/#breadcrumb"},"inLanguage":"en-GB","potentialAction":[{"@type":"ReadAction","target":["https:\/\/www.navailles.fr\/product\/chaise-bois-ajustable-a-pied-chrome\/"]}]},{"@type":"ImageObject","inLanguage":"en-GB","@id":"https:\/\/www.navailles.fr\/product\/chaise-bois-ajustable-a-pied-chrome\/#primaryimage","url":"https:\/\/www.navailles.fr\/wp-content\/uploads\/2021\/09\/chaise_bois_roulette_a_pied_chrome_Navailles_1.png","contentUrl":"https:\/\/www.navailles.fr\/wp-content\/uploads\/2021\/09\/chaise_bois_roulette_a_pied_chrome_Navailles_1.png","width":1000,"height":1000,"caption":"chaise bois roulette a pied chrome pour salle de recherche Navailles"},{"@type":"BreadcrumbList","@id":"https:\/\/www.navailles.fr\/product\/chaise-bois-ajustable-a-pied-chrome\/#breadcrumb","itemListElement":[{"@type":"ListItem","position":1,"name":"Accueil","item":"https:\/\/www.navailles.fr\/"},{"@type":"ListItem","position":2,"name":"Boutique","item":"https:\/\/teletravail.navailles.fr\/"},{"@type":"ListItem","position":3,"name":"CHAISE BOIS AJUSTABLE A PIED CHROME"}]},{"@type":"WebSite","@id":"https:\/\/www.navailles.fr\/#website","url":"https:\/\/www.navailles.fr\/","name":"Navailles","description":"Fabricant de fauteuils m\u00e9dicalis\u00e9s, si\u00e8ges de bureau et tabourets techniques","publisher":{"@id":"https:\/\/www.navailles.fr\/#organization"},"potentialAction":[{"@type":"SearchAction","target":{"@type":"EntryPoint","urlTemplate":"https:\/\/www.navailles.fr\/?s={search_term_string}"},"query-input":{"@type":"PropertyValueSpecification","valueRequired":true,"valueName":"search_term_string"}}],"inLanguage":"en-GB"},{"@type":"Organization","@id":"https:\/\/www.navailles.fr\/#organization","name":"Navailles","url":"https:\/\/www.navailles.fr\/","logo":{"@type":"ImageObject","inLanguage":"en-GB","@id":"https:\/\/www.navailles.fr\/#\/schema\/logo\/image\/","url":"https:\/\/www.navailles.fr\/wp-content\/uploads\/2021\/10\/logo_site_navailles1_Plan-de-travail-1.png","contentUrl":"https:\/\/www.navailles.fr\/wp-content\/uploads\/2021\/10\/logo_site_navailles1_Plan-de-travail-1.png","width":375,"height":125,"caption":"Navailles"},"image":{"@id":"https:\/\/www.navailles.fr\/#\/schema\/logo\/image\/"}}]}},"_links":{"self":[{"href":"https:\/\/www.navailles.fr\/en\/wp-json\/wp\/v2\/product\/26853","targetHints":{"allow":["GET"]}}],"collection":[{"href":"https:\/\/www.navailles.fr\/en\/wp-json\/wp\/v2\/product"}],"about":[{"href":"https:\/\/www.navailles.fr\/en\/wp-json\/wp\/v2\/types\/product"}],"wp:featuredmedia":[{"embeddable":true,"href":"https:\/\/www.navailles.fr\/en\/wp-json\/wp\/v2\/media\/37408"}],"wp:attachment":[{"href":"https:\/\/www.navailles.fr\/en\/wp-json\/wp\/v2\/media?parent=26853"}],"wp:term":[{"taxonomy":"product_brand","embeddable":true,"href":"https:\/\/www.navailles.fr\/en\/wp-json\/wp\/v2\/product_brand?post=26853"},{"taxonomy":"product_cat","embeddable":true,"href":"https:\/\/www.navailles.fr\/en\/wp-json\/wp\/v2\/product_cat?post=26853"},{"taxonomy":"product_tag","embeddable":true,"href":"https:\/\/www.navailles.fr\/en\/wp-json\/wp\/v2\/product_tag?post=26853"}],"curies":[{"name":"wp","href":"https:\/\/api.w.org\/{rel}","templated":true}]}}