{"id":26837,"date":"2021-09-08T08:50:42","date_gmt":"2021-09-08T06:50:42","guid":{"rendered":"https:\/\/navailles.fr\/?post_type=product&#038;p=26837"},"modified":"2025-06-12T17:22:16","modified_gmt":"2025-06-12T15:22:16","slug":"koncept-pvc-esd-inox-316-l","status":"publish","type":"product","link":"https:\/\/www.navailles.fr\/en\/product\/koncept-pvc-esd-inox-316-l\/","title":{"rendered":"KONCEPT PVC ESD \/ INOX 316 L"},"content":{"rendered":"<p><strong>SI\u00c8GE ERGONOMIQUE ANTISTATIQUE POUR ENVIRONNEMENT EXIGEANT<\/strong><br \/>\nPens\u00e9 pour les milieux sensibles, ce si\u00e8ge conjugue libert\u00e9 de mouvement, hygi\u00e8ne renforc\u00e9e et s\u00e9curit\u00e9 \u00e9lectrostatique.<\/p>","protected":false},"excerpt":{"rendered":"<p>Thanks to its original design, Koncept favors mobility by limiting compression zones, which results in a clear reduction of MSD (musculoskeletal disorders). Koncept thus brings a real added value in terms of comfort and ergonomics. The versions with a 316 L stainless steel structure are perfectly adapted to the most humid or corrosive environments, and the versions with an ESD PVC seat ensure the evacuation of electrostatic charges to the ground.<\/p>","protected":false},"featured_media":37426,"template":"","meta":{"_acf_changed":false,"content-type":"","site-sidebar-layout":"default","site-content-layout":"default","ast-global-header-display":"","ast-banner-title-visibility":"","ast-main-header-display":"","ast-hfb-above-header-display":"","ast-hfb-below-header-display":"","ast-hfb-mobile-header-display":"","site-post-title":"","ast-breadcrumbs-content":"","ast-featured-img":"","footer-sml-layout":"","theme-transparent-header-meta":"default","adv-header-id-meta":"","stick-header-meta":"default","header-above-stick-meta":"","header-main-stick-meta":"","header-below-stick-meta":""},"product_brand":[],"product_cat":[63,65],"product_tag":[],"class_list":{"0":"post-26837","1":"product","2":"type-product","3":"status-publish","4":"has-post-thumbnail","6":"product_cat-laboratoire","7":"product_cat-recherche","9":"first","10":"instock","11":"taxable","12":"shipping-taxable","13":"product-type-simple"},"acf":[],"yoast_head":"<!-- This site is optimized with the Yoast SEO plugin v27.6 - https:\/\/yoast.com\/product\/yoast-seo-wordpress\/ -->\n<title>Si\u00e8ge de laboratoire ergonomique Koncept ESD\/INOX | Navailles<\/title>\n<meta name=\"description\" content=\"Si\u00e8ge de laboratoire ergonomique Koncept PVC ESD\/INOX personnalisable \u00e0 retrouver sur le site de Navailles, fabricant fran\u00e7ais de fauteuils ergonomiques !\" \/>\n<meta name=\"robots\" content=\"index, follow, max-snippet:-1, max-image-preview:large, max-video-preview:-1\" \/>\n<link rel=\"canonical\" href=\"https:\/\/www.navailles.fr\/en\/product\/koncept-pvc-esd-inox-316-l\/\" \/>\n<meta property=\"og:locale\" content=\"en_GB\" \/>\n<meta property=\"og:type\" content=\"article\" \/>\n<meta property=\"og:title\" content=\"Si\u00e8ge de laboratoire ergonomique Koncept ESD\/INOX | Navailles\" \/>\n<meta property=\"og:description\" content=\"Si\u00e8ge de laboratoire ergonomique Koncept PVC ESD\/INOX personnalisable \u00e0 retrouver sur le site de Navailles, fabricant fran\u00e7ais de fauteuils ergonomiques !\" \/>\n<meta property=\"og:url\" content=\"https:\/\/www.navailles.fr\/en\/product\/koncept-pvc-esd-inox-316-l\/\" \/>\n<meta property=\"og:site_name\" content=\"Navailles\" \/>\n<meta property=\"article:modified_time\" content=\"2025-06-12T15:22:16+00:00\" \/>\n<meta property=\"og:image\" content=\"https:\/\/www.navailles.fr\/wp-content\/uploads\/2021\/09\/siege_de_laboratoire_ergonomique_pvc_esd_inox_NAVAILLES_1.png\" \/>\n\t<meta property=\"og:image:width\" content=\"1000\" \/>\n\t<meta property=\"og:image:height\" content=\"1000\" \/>\n\t<meta property=\"og:image:type\" content=\"image\/png\" \/>\n<meta name=\"twitter:card\" content=\"summary_large_image\" \/>\n<meta name=\"twitter:label1\" content=\"Estimated reading time\" \/>\n\t<meta name=\"twitter:data1\" content=\"1 minute\" \/>\n<!-- \/ Yoast SEO plugin. -->","yoast_head_json":{"title":"Si\u00e8ge de laboratoire ergonomique Koncept ESD\/INOX | Navailles","description":"Si\u00e8ge de laboratoire ergonomique Koncept PVC ESD\/INOX personnalisable \u00e0 retrouver sur le site de Navailles, fabricant fran\u00e7ais de fauteuils ergonomiques !","robots":{"index":"index","follow":"follow","max-snippet":"max-snippet:-1","max-image-preview":"max-image-preview:large","max-video-preview":"max-video-preview:-1"},"canonical":"https:\/\/www.navailles.fr\/en\/product\/koncept-pvc-esd-inox-316-l\/","og_locale":"en_GB","og_type":"article","og_title":"Si\u00e8ge de laboratoire ergonomique Koncept ESD\/INOX | Navailles","og_description":"Si\u00e8ge de laboratoire ergonomique Koncept PVC ESD\/INOX personnalisable \u00e0 retrouver sur le site de Navailles, fabricant fran\u00e7ais de fauteuils ergonomiques !","og_url":"https:\/\/www.navailles.fr\/en\/product\/koncept-pvc-esd-inox-316-l\/","og_site_name":"Navailles","article_modified_time":"2025-06-12T15:22:16+00:00","og_image":[{"width":1000,"height":1000,"url":"https:\/\/www.navailles.fr\/wp-content\/uploads\/2021\/09\/siege_de_laboratoire_ergonomique_pvc_esd_inox_NAVAILLES_1.png","type":"image\/png"}],"twitter_card":"summary_large_image","twitter_misc":{"Estimated reading time":"1 minute"},"schema":{"@context":"https:\/\/schema.org","@graph":[{"@type":"WebPage","@id":"https:\/\/www.navailles.fr\/product\/koncept-pvc-esd-inox-316-l\/","url":"https:\/\/www.navailles.fr\/product\/koncept-pvc-esd-inox-316-l\/","name":"Si\u00e8ge de laboratoire ergonomique Koncept ESD\/INOX | Navailles","isPartOf":{"@id":"https:\/\/www.navailles.fr\/#website"},"primaryImageOfPage":{"@id":"https:\/\/www.navailles.fr\/product\/koncept-pvc-esd-inox-316-l\/#primaryimage"},"image":{"@id":"https:\/\/www.navailles.fr\/product\/koncept-pvc-esd-inox-316-l\/#primaryimage"},"thumbnailUrl":"https:\/\/www.navailles.fr\/wp-content\/uploads\/2021\/09\/siege_de_laboratoire_ergonomique_pvc_esd_inox_NAVAILLES_1.png","datePublished":"2021-09-08T06:50:42+00:00","dateModified":"2025-06-12T15:22:16+00:00","description":"Si\u00e8ge de laboratoire ergonomique Koncept PVC ESD\/INOX personnalisable \u00e0 retrouver sur le site de Navailles, fabricant fran\u00e7ais de fauteuils ergonomiques !","breadcrumb":{"@id":"https:\/\/www.navailles.fr\/product\/koncept-pvc-esd-inox-316-l\/#breadcrumb"},"inLanguage":"en-GB","potentialAction":[{"@type":"ReadAction","target":["https:\/\/www.navailles.fr\/product\/koncept-pvc-esd-inox-316-l\/"]}]},{"@type":"ImageObject","inLanguage":"en-GB","@id":"https:\/\/www.navailles.fr\/product\/koncept-pvc-esd-inox-316-l\/#primaryimage","url":"https:\/\/www.navailles.fr\/wp-content\/uploads\/2021\/09\/siege_de_laboratoire_ergonomique_pvc_esd_inox_NAVAILLES_1.png","contentUrl":"https:\/\/www.navailles.fr\/wp-content\/uploads\/2021\/09\/siege_de_laboratoire_ergonomique_pvc_esd_inox_NAVAILLES_1.png","width":1000,"height":1000,"caption":"si\u00e8ge de laboratoire ergonomique pvc esd en inox de chez navailles"},{"@type":"BreadcrumbList","@id":"https:\/\/www.navailles.fr\/product\/koncept-pvc-esd-inox-316-l\/#breadcrumb","itemListElement":[{"@type":"ListItem","position":1,"name":"Accueil","item":"https:\/\/www.navailles.fr\/"},{"@type":"ListItem","position":2,"name":"Boutique","item":"https:\/\/teletravail.navailles.fr\/"},{"@type":"ListItem","position":3,"name":"KONCEPT PVC ESD \/ INOX 316 L"}]},{"@type":"WebSite","@id":"https:\/\/www.navailles.fr\/#website","url":"https:\/\/www.navailles.fr\/","name":"Navailles","description":"Fabricant de fauteuils m\u00e9dicalis\u00e9s, si\u00e8ges de bureau et tabourets techniques","publisher":{"@id":"https:\/\/www.navailles.fr\/#organization"},"potentialAction":[{"@type":"SearchAction","target":{"@type":"EntryPoint","urlTemplate":"https:\/\/www.navailles.fr\/?s={search_term_string}"},"query-input":{"@type":"PropertyValueSpecification","valueRequired":true,"valueName":"search_term_string"}}],"inLanguage":"en-GB"},{"@type":"Organization","@id":"https:\/\/www.navailles.fr\/#organization","name":"Navailles","url":"https:\/\/www.navailles.fr\/","logo":{"@type":"ImageObject","inLanguage":"en-GB","@id":"https:\/\/www.navailles.fr\/#\/schema\/logo\/image\/","url":"https:\/\/www.navailles.fr\/wp-content\/uploads\/2021\/10\/logo_site_navailles1_Plan-de-travail-1.png","contentUrl":"https:\/\/www.navailles.fr\/wp-content\/uploads\/2021\/10\/logo_site_navailles1_Plan-de-travail-1.png","width":375,"height":125,"caption":"Navailles"},"image":{"@id":"https:\/\/www.navailles.fr\/#\/schema\/logo\/image\/"}}]}},"_links":{"self":[{"href":"https:\/\/www.navailles.fr\/en\/wp-json\/wp\/v2\/product\/26837","targetHints":{"allow":["GET"]}}],"collection":[{"href":"https:\/\/www.navailles.fr\/en\/wp-json\/wp\/v2\/product"}],"about":[{"href":"https:\/\/www.navailles.fr\/en\/wp-json\/wp\/v2\/types\/product"}],"wp:featuredmedia":[{"embeddable":true,"href":"https:\/\/www.navailles.fr\/en\/wp-json\/wp\/v2\/media\/37426"}],"wp:attachment":[{"href":"https:\/\/www.navailles.fr\/en\/wp-json\/wp\/v2\/media?parent=26837"}],"wp:term":[{"taxonomy":"product_brand","embeddable":true,"href":"https:\/\/www.navailles.fr\/en\/wp-json\/wp\/v2\/product_brand?post=26837"},{"taxonomy":"product_cat","embeddable":true,"href":"https:\/\/www.navailles.fr\/en\/wp-json\/wp\/v2\/product_cat?post=26837"},{"taxonomy":"product_tag","embeddable":true,"href":"https:\/\/www.navailles.fr\/en\/wp-json\/wp\/v2\/product_tag?post=26837"}],"curies":[{"name":"wp","href":"https:\/\/api.w.org\/{rel}","templated":true}]}}