{"id":26825,"date":"2021-09-07T16:43:45","date_gmt":"2021-09-07T14:43:45","guid":{"rendered":"https:\/\/navailles.fr\/?post_type=product&#038;p=26825"},"modified":"2025-08-27T13:38:33","modified_gmt":"2025-08-27T11:38:33","slug":"koncept-pvc-esd","status":"publish","type":"product","link":"https:\/\/www.navailles.fr\/en\/product\/koncept-pvc-esd\/","title":{"rendered":"KONCEPT PVC ESD"},"content":{"rendered":"<p><strong>SI\u00c8GE ERGONOMIQUE ANTISTATIQUE POUR ZONE CONTR\u00d4L\u00c9E<\/strong><br \/>\nCon\u00e7u pour allier confort postural et s\u00e9curit\u00e9 \u00e9lectrostatique, le Koncept PVC ESD s\u2019adapte aux environnements techniques exigeants.<\/p>","protected":false},"excerpt":{"rendered":"<p>Thanks to its original design, Koncept favors mobility by limiting compression zones, which results in a clear reduction of MSD (musculoskeletal disorders). Koncept thus brings a real added value in terms of comfort and ergonomics. The ESD polyurethane versions, due to their assembly and construction principle, are perfectly adapted to the use in clean rooms and benefit from the ISO 3 certification.<\/p>","protected":false},"featured_media":37424,"template":"","meta":{"_acf_changed":false,"content-type":"","site-sidebar-layout":"default","site-content-layout":"default","ast-global-header-display":"","ast-banner-title-visibility":"","ast-main-header-display":"","ast-hfb-above-header-display":"","ast-hfb-below-header-display":"","ast-hfb-mobile-header-display":"","site-post-title":"","ast-breadcrumbs-content":"","ast-featured-img":"","footer-sml-layout":"","theme-transparent-header-meta":"default","adv-header-id-meta":"","stick-header-meta":"default","header-above-stick-meta":"","header-main-stick-meta":"","header-below-stick-meta":""},"product_brand":[],"product_cat":[63,65],"product_tag":[],"class_list":{"0":"post-26825","1":"product","2":"type-product","3":"status-publish","4":"has-post-thumbnail","6":"product_cat-laboratoire","7":"product_cat-recherche","9":"first","10":"instock","11":"taxable","12":"shipping-taxable","13":"product-type-simple"},"acf":[],"yoast_head":"<!-- This site is optimized with the Yoast SEO plugin v27.6 - https:\/\/yoast.com\/product\/yoast-seo-wordpress\/ -->\n<title>Si\u00e8ge de laboratoire ergonomique Koncept PVC ESD | Navailles<\/title>\n<meta name=\"description\" content=\"Si\u00e8ge de laboratoire ergonomique Koncept PVC ESD personnalisable Navailles, fabricant fran\u00e7ais d&#039;assises techniques pour les professionnels !\" \/>\n<meta name=\"robots\" content=\"index, follow, max-snippet:-1, max-image-preview:large, max-video-preview:-1\" \/>\n<link rel=\"canonical\" href=\"https:\/\/www.navailles.fr\/en\/product\/koncept-pvc-esd\/\" \/>\n<meta property=\"og:locale\" content=\"en_GB\" \/>\n<meta property=\"og:type\" content=\"article\" \/>\n<meta property=\"og:title\" content=\"Si\u00e8ge de laboratoire ergonomique Koncept PVC ESD | Navailles\" \/>\n<meta property=\"og:description\" content=\"Si\u00e8ge de laboratoire ergonomique Koncept PVC ESD personnalisable Navailles, fabricant fran\u00e7ais d&#039;assises techniques pour les professionnels !\" \/>\n<meta property=\"og:url\" content=\"https:\/\/www.navailles.fr\/en\/product\/koncept-pvc-esd\/\" \/>\n<meta property=\"og:site_name\" content=\"Navailles\" \/>\n<meta property=\"article:modified_time\" content=\"2025-08-27T11:38:33+00:00\" \/>\n<meta property=\"og:image\" content=\"https:\/\/www.navailles.fr\/wp-content\/uploads\/2021\/09\/sie\u0300ge_de_laboratoire_ergonomique_Navailles.png\" \/>\n\t<meta property=\"og:image:width\" content=\"1000\" \/>\n\t<meta property=\"og:image:height\" content=\"1000\" \/>\n\t<meta property=\"og:image:type\" content=\"image\/png\" \/>\n<meta name=\"twitter:card\" content=\"summary_large_image\" \/>\n<meta name=\"twitter:label1\" content=\"Estimated reading time\" \/>\n\t<meta name=\"twitter:data1\" content=\"1 minute\" \/>\n<!-- \/ Yoast SEO plugin. -->","yoast_head_json":{"title":"Si\u00e8ge de laboratoire ergonomique Koncept PVC ESD | Navailles","description":"Si\u00e8ge de laboratoire ergonomique Koncept PVC ESD personnalisable Navailles, fabricant fran\u00e7ais d'assises techniques pour les professionnels !","robots":{"index":"index","follow":"follow","max-snippet":"max-snippet:-1","max-image-preview":"max-image-preview:large","max-video-preview":"max-video-preview:-1"},"canonical":"https:\/\/www.navailles.fr\/en\/product\/koncept-pvc-esd\/","og_locale":"en_GB","og_type":"article","og_title":"Si\u00e8ge de laboratoire ergonomique Koncept PVC ESD | Navailles","og_description":"Si\u00e8ge de laboratoire ergonomique Koncept PVC ESD personnalisable Navailles, fabricant fran\u00e7ais d'assises techniques pour les professionnels !","og_url":"https:\/\/www.navailles.fr\/en\/product\/koncept-pvc-esd\/","og_site_name":"Navailles","article_modified_time":"2025-08-27T11:38:33+00:00","og_image":[{"width":1000,"height":1000,"url":"https:\/\/www.navailles.fr\/wp-content\/uploads\/2021\/09\/sie\u0300ge_de_laboratoire_ergonomique_Navailles.png","type":"image\/png"}],"twitter_card":"summary_large_image","twitter_misc":{"Estimated reading time":"1 minute"},"schema":{"@context":"https:\/\/schema.org","@graph":[{"@type":"WebPage","@id":"https:\/\/www.navailles.fr\/product\/koncept-pvc-esd\/","url":"https:\/\/www.navailles.fr\/product\/koncept-pvc-esd\/","name":"Si\u00e8ge de laboratoire ergonomique Koncept PVC ESD | Navailles","isPartOf":{"@id":"https:\/\/www.navailles.fr\/#website"},"primaryImageOfPage":{"@id":"https:\/\/www.navailles.fr\/product\/koncept-pvc-esd\/#primaryimage"},"image":{"@id":"https:\/\/www.navailles.fr\/product\/koncept-pvc-esd\/#primaryimage"},"thumbnailUrl":"https:\/\/www.navailles.fr\/wp-content\/uploads\/2021\/09\/sie\u0300ge_de_laboratoire_ergonomique_Navailles.png","datePublished":"2021-09-07T14:43:45+00:00","dateModified":"2025-08-27T11:38:33+00:00","description":"Si\u00e8ge de laboratoire ergonomique Koncept PVC ESD personnalisable Navailles, fabricant fran\u00e7ais d'assises techniques pour les professionnels !","breadcrumb":{"@id":"https:\/\/www.navailles.fr\/product\/koncept-pvc-esd\/#breadcrumb"},"inLanguage":"en-GB","potentialAction":[{"@type":"ReadAction","target":["https:\/\/www.navailles.fr\/product\/koncept-pvc-esd\/"]}]},{"@type":"ImageObject","inLanguage":"en-GB","@id":"https:\/\/www.navailles.fr\/product\/koncept-pvc-esd\/#primaryimage","url":"https:\/\/www.navailles.fr\/wp-content\/uploads\/2021\/09\/sie\u0300ge_de_laboratoire_ergonomique_Navailles.png","contentUrl":"https:\/\/www.navailles.fr\/wp-content\/uploads\/2021\/09\/sie\u0300ge_de_laboratoire_ergonomique_Navailles.png","width":1000,"height":1000,"caption":"si\u00e8ge de laboratoire ergonomique koncept pvc esd"},{"@type":"BreadcrumbList","@id":"https:\/\/www.navailles.fr\/product\/koncept-pvc-esd\/#breadcrumb","itemListElement":[{"@type":"ListItem","position":1,"name":"Accueil","item":"https:\/\/www.navailles.fr\/"},{"@type":"ListItem","position":2,"name":"Boutique","item":"https:\/\/teletravail.navailles.fr\/"},{"@type":"ListItem","position":3,"name":"KONCEPT PVC ESD"}]},{"@type":"WebSite","@id":"https:\/\/www.navailles.fr\/#website","url":"https:\/\/www.navailles.fr\/","name":"Navailles","description":"Fabricant de fauteuils m\u00e9dicalis\u00e9s, si\u00e8ges de bureau et tabourets techniques","publisher":{"@id":"https:\/\/www.navailles.fr\/#organization"},"potentialAction":[{"@type":"SearchAction","target":{"@type":"EntryPoint","urlTemplate":"https:\/\/www.navailles.fr\/?s={search_term_string}"},"query-input":{"@type":"PropertyValueSpecification","valueRequired":true,"valueName":"search_term_string"}}],"inLanguage":"en-GB"},{"@type":"Organization","@id":"https:\/\/www.navailles.fr\/#organization","name":"Navailles","url":"https:\/\/www.navailles.fr\/","logo":{"@type":"ImageObject","inLanguage":"en-GB","@id":"https:\/\/www.navailles.fr\/#\/schema\/logo\/image\/","url":"https:\/\/www.navailles.fr\/wp-content\/uploads\/2021\/10\/logo_site_navailles1_Plan-de-travail-1.png","contentUrl":"https:\/\/www.navailles.fr\/wp-content\/uploads\/2021\/10\/logo_site_navailles1_Plan-de-travail-1.png","width":375,"height":125,"caption":"Navailles"},"image":{"@id":"https:\/\/www.navailles.fr\/#\/schema\/logo\/image\/"}}]}},"_links":{"self":[{"href":"https:\/\/www.navailles.fr\/en\/wp-json\/wp\/v2\/product\/26825","targetHints":{"allow":["GET"]}}],"collection":[{"href":"https:\/\/www.navailles.fr\/en\/wp-json\/wp\/v2\/product"}],"about":[{"href":"https:\/\/www.navailles.fr\/en\/wp-json\/wp\/v2\/types\/product"}],"wp:featuredmedia":[{"embeddable":true,"href":"https:\/\/www.navailles.fr\/en\/wp-json\/wp\/v2\/media\/37424"}],"wp:attachment":[{"href":"https:\/\/www.navailles.fr\/en\/wp-json\/wp\/v2\/media?parent=26825"}],"wp:term":[{"taxonomy":"product_brand","embeddable":true,"href":"https:\/\/www.navailles.fr\/en\/wp-json\/wp\/v2\/product_brand?post=26825"},{"taxonomy":"product_cat","embeddable":true,"href":"https:\/\/www.navailles.fr\/en\/wp-json\/wp\/v2\/product_cat?post=26825"},{"taxonomy":"product_tag","embeddable":true,"href":"https:\/\/www.navailles.fr\/en\/wp-json\/wp\/v2\/product_tag?post=26825"}],"curies":[{"name":"wp","href":"https:\/\/api.w.org\/{rel}","templated":true}]}}