{"id":30631,"date":"2022-01-27T14:02:54","date_gmt":"2022-01-27T13:02:54","guid":{"rendered":"https:\/\/www.navailles.fr\/?page_id=30631"},"modified":"2022-02-09T16:18:12","modified_gmt":"2022-02-09T15:18:12","slug":"plan-du-site","status":"publish","type":"page","link":"https:\/\/www.navailles.fr\/en\/plan-du-site\/","title":{"rendered":"Site Map"},"content":{"rendered":"<div data-elementor-type=\"wp-page\" data-elementor-id=\"30631\" class=\"elementor elementor-30631\" data-elementor-post-type=\"page\">\n\t\t\t\t\t\t<section class=\"elementor-section elementor-top-section elementor-element elementor-element-b689950 elementor-section-boxed elementor-section-height-default elementor-section-height-default\" data-id=\"b689950\" data-element_type=\"section\" data-e-type=\"section\">\n\t\t\t\t\t\t<div class=\"elementor-container elementor-column-gap-default\">\n\t\t\t\t\t<div class=\"elementor-column elementor-col-100 elementor-top-column elementor-element elementor-element-798e723\" data-id=\"798e723\" data-element_type=\"column\" data-e-type=\"column\">\n\t\t\t<div class=\"elementor-widget-wrap elementor-element-populated\">\n\t\t\t\t\t\t<div class=\"elementor-element elementor-element-911b3a4 elementor-widget elementor-widget-text-editor\" data-id=\"911b3a4\" data-element_type=\"widget\" data-e-type=\"widget\" data-widget_type=\"text-editor.default\">\n\t\t\t\t<div class=\"elementor-widget-container\">\n\t\t\t\t\t\t\t\t\t<h1>Site Map<\/h1><h1>\u00a0<\/h1><h2>Navailles : votre fabricant de fauteuils professionnels Made In France<\/h2><p><a href=\"https:\/\/www.navailles.fr\/en\/the-manufactory\/\">Expert de l&rsquo;ergonomie depuis 1966<\/a><br \/><a href=\"https:\/\/www.navailles.fr\/en\/office-chairs-2\/\">Si\u00e8ges de bureau ergonomiques fabriqu\u00e9s en France<\/a><br \/><a href=\"https:\/\/www.navailles.fr\/en\/medical-chairs\/\">Fauteuils m\u00e9dicalis\u00e9s fabriqu\u00e9s en France <\/a>\u00a0<br \/><a href=\"https:\/\/www.navailles.fr\/en\/technical-stools\/\">Si\u00e8ges techniques de production fabriqu\u00e9s en France<\/a>\u00a0<br \/><a href=\"https:\/\/www.navailles.fr\/en\/laboratory-chairs\/\">Si\u00e8ges ergonomiques de laboratoire fabriqu\u00e9s en France<\/a><\/p><h2>Fauteuil ergonomique : nos conseils pour r\u00e8gler votre si\u00e8ge de bureau<\/h2><p><a href=\"https:\/\/www.navailles.fr\/en\/3-bonnes-raisons-de-choisir-un-fauteuil-de-bureau-fabrique-en-france\/\">3 bonnes raisons de choisir un fauteuil de bureau fabriqu\u00e9 en France<\/a>\u00a0<br \/><a href=\"https:\/\/www.navailles.fr\/en\/quel-fauteuil-de-bureau-choisir\/\">Which office chair should I choose?<\/a><br \/><span style=\"font-size: 16px;\"><a href=\"https:\/\/www.navailles.fr\/en\/comment-bien-regler-son-fauteuil-de-bureau\/\">How to adjust your office chair?<\/a><br \/><\/span><a href=\"https:\/\/www.navailles.fr\/en\/conseils-comment-bien-choisir-son-fauteuil-de-bureau\/\">12 tips for choosing an office chair<\/a>\u00a0<\/p><h2>T\u00e9l\u00e9travail : nos conseils pour choisir votre si\u00e8ge de t\u00e9l\u00e9travail<\/h2><div>\u00a0<\/div><p><a href=\"https:\/\/bureau.navailles.fr\">Quels sont les enjeux du t\u00e9l\u00e9travail ?<\/a><br \/><a href=\"https:\/\/www.navailles.fr\/en\/boutique\/nos-sieges\/\">O\u00f9 acheter un fauteuil de bureau ergonomique ?<\/a><br \/><a href=\"https:\/\/www.navailles.fr\/en\/nos-conseils-pour-adopter-la-bonne-position-assise\/\">Nos conseils pour adopter la bonne position assise !<\/a><br \/><a href=\"https:\/\/www.navailles.fr\/en\/qualite-de-vie-comment-bien-sorganiser-en-teletravail\/\">Qualit\u00e9 de vie : comment bien s\u2019organiser en t\u00e9l\u00e9travail<\/a><br \/><a href=\"https:\/\/www.navailles.fr\/en\/inactivite-physique-quels-sont-les-risques-de-la-sedentarite\/\"><span style=\"font-size: 16px;\">Inactivit\u00e9 physique : quels sont les risques de la s\u00e9dentarit\u00e9\u00a0<\/span><\/a><\/p>\t\t\t\t\t\t\t\t<\/div>\n\t\t\t\t<\/div>\n\t\t\t\t\t<\/div>\n\t\t<\/div>\n\t\t\t\t\t<\/div>\n\t\t<\/section>\n\t\t\t\t<\/div>","protected":false},"excerpt":{"rendered":"<p>Plan du site \u00a0 Navailles : votre fabricant de fauteuils professionnels Made In France Expert de l&rsquo;ergonomie depuis 1966Si\u00e8ges de bureau ergonomiques fabriqu\u00e9s en FranceFauteuils m\u00e9dicalis\u00e9s fabriqu\u00e9s en France \u00a0Si\u00e8ges techniques de production fabriqu\u00e9s en France\u00a0Si\u00e8ges ergonomiques de laboratoire fabriqu\u00e9s en France Fauteuil ergonomique : nos conseils pour r\u00e8gler votre si\u00e8ge de bureau 3 bonnes &hellip;<\/p>\n<p class=\"read-more\"> <a class=\"\" href=\"https:\/\/www.navailles.fr\/en\/plan-du-site\/\"> <span class=\"screen-reader-text\">Site Map<\/span> Read More &raquo;<\/a><\/p>","protected":false},"author":1,"featured_media":0,"parent":0,"menu_order":0,"comment_status":"closed","ping_status":"closed","template":"","meta":{"_acf_changed":false,"content-type":"","site-sidebar-layout":"no-sidebar","site-content-layout":"page-builder","ast-global-header-display":"","ast-banner-title-visibility":"","ast-main-header-display":"","ast-hfb-above-header-display":"","ast-hfb-below-header-display":"","ast-hfb-mobile-header-display":"","site-post-title":"disabled","ast-breadcrumbs-content":"","ast-featured-img":"disabled","footer-sml-layout":"","theme-transparent-header-meta":"","adv-header-id-meta":"","stick-header-meta":"","header-above-stick-meta":"","header-main-stick-meta":"","header-below-stick-meta":"","footnotes":""},"class_list":["post-30631","page","type-page","status-publish","hentry"],"acf":[],"yoast_head":"<!-- This site is optimized with the Yoast SEO plugin v27.3 - https:\/\/yoast.com\/product\/yoast-seo-wordpress\/ -->\n<title>Plan du site - Navailles<\/title>\n<meta name=\"robots\" content=\"index, follow, max-snippet:-1, max-image-preview:large, max-video-preview:-1\" \/>\n<link rel=\"canonical\" href=\"https:\/\/www.navailles.fr\/en\/plan-du-site\/\" \/>\n<meta property=\"og:locale\" content=\"en_GB\" \/>\n<meta property=\"og:type\" content=\"article\" \/>\n<meta property=\"og:title\" content=\"Plan du site - Navailles\" \/>\n<meta property=\"og:description\" content=\"Plan du site \u00a0 Navailles : votre fabricant de fauteuils professionnels Made In France Expert de l&rsquo;ergonomie depuis 1966Si\u00e8ges de bureau ergonomiques fabriqu\u00e9s en FranceFauteuils m\u00e9dicalis\u00e9s fabriqu\u00e9s en France \u00a0Si\u00e8ges techniques de production fabriqu\u00e9s en France\u00a0Si\u00e8ges ergonomiques de laboratoire fabriqu\u00e9s en France Fauteuil ergonomique : nos conseils pour r\u00e8gler votre si\u00e8ge de bureau 3 bonnes &hellip; Plan du site Read More &raquo;\" \/>\n<meta property=\"og:url\" content=\"https:\/\/www.navailles.fr\/en\/plan-du-site\/\" \/>\n<meta property=\"og:site_name\" content=\"Navailles\" \/>\n<meta property=\"article:modified_time\" content=\"2022-02-09T15:18:12+00:00\" \/>\n<meta name=\"twitter:card\" content=\"summary_large_image\" \/>\n<meta name=\"twitter:label1\" content=\"Estimated reading time\" \/>\n\t<meta name=\"twitter:data1\" content=\"1 minute\" \/>\n<!-- \/ Yoast SEO plugin. -->","yoast_head_json":{"title":"Plan du site - Navailles","robots":{"index":"index","follow":"follow","max-snippet":"max-snippet:-1","max-image-preview":"max-image-preview:large","max-video-preview":"max-video-preview:-1"},"canonical":"https:\/\/www.navailles.fr\/en\/plan-du-site\/","og_locale":"en_GB","og_type":"article","og_title":"Plan du site - Navailles","og_description":"Plan du site \u00a0 Navailles : votre fabricant de fauteuils professionnels Made In France Expert de l&rsquo;ergonomie depuis 1966Si\u00e8ges de bureau ergonomiques fabriqu\u00e9s en FranceFauteuils m\u00e9dicalis\u00e9s fabriqu\u00e9s en France \u00a0Si\u00e8ges techniques de production fabriqu\u00e9s en France\u00a0Si\u00e8ges ergonomiques de laboratoire fabriqu\u00e9s en France Fauteuil ergonomique : nos conseils pour r\u00e8gler votre si\u00e8ge de bureau 3 bonnes &hellip; Plan du site Read More &raquo;","og_url":"https:\/\/www.navailles.fr\/en\/plan-du-site\/","og_site_name":"Navailles","article_modified_time":"2022-02-09T15:18:12+00:00","twitter_card":"summary_large_image","twitter_misc":{"Estimated reading time":"1 minute"},"schema":{"@context":"https:\/\/schema.org","@graph":[{"@type":"WebPage","@id":"https:\/\/www.navailles.fr\/plan-du-site\/","url":"https:\/\/www.navailles.fr\/plan-du-site\/","name":"Plan du site - Navailles","isPartOf":{"@id":"https:\/\/www.navailles.fr\/#website"},"datePublished":"2022-01-27T13:02:54+00:00","dateModified":"2022-02-09T15:18:12+00:00","breadcrumb":{"@id":"https:\/\/www.navailles.fr\/plan-du-site\/#breadcrumb"},"inLanguage":"en-GB","potentialAction":[{"@type":"ReadAction","target":["https:\/\/www.navailles.fr\/plan-du-site\/"]}]},{"@type":"BreadcrumbList","@id":"https:\/\/www.navailles.fr\/plan-du-site\/#breadcrumb","itemListElement":[{"@type":"ListItem","position":1,"name":"Accueil","item":"https:\/\/www.navailles.fr\/"},{"@type":"ListItem","position":2,"name":"Plan du site"}]},{"@type":"WebSite","@id":"https:\/\/www.navailles.fr\/#website","url":"https:\/\/www.navailles.fr\/","name":"Navailles","description":"Fabricant de fauteuils m\u00e9dicalis\u00e9s, si\u00e8ges de bureau et tabourets techniques","publisher":{"@id":"https:\/\/www.navailles.fr\/#organization"},"potentialAction":[{"@type":"SearchAction","target":{"@type":"EntryPoint","urlTemplate":"https:\/\/www.navailles.fr\/?s={search_term_string}"},"query-input":{"@type":"PropertyValueSpecification","valueRequired":true,"valueName":"search_term_string"}}],"inLanguage":"en-GB"},{"@type":"Organization","@id":"https:\/\/www.navailles.fr\/#organization","name":"Navailles","url":"https:\/\/www.navailles.fr\/","logo":{"@type":"ImageObject","inLanguage":"en-GB","@id":"https:\/\/www.navailles.fr\/#\/schema\/logo\/image\/","url":"https:\/\/www.navailles.fr\/wp-content\/uploads\/2021\/10\/logo_site_navailles1_Plan-de-travail-1.png","contentUrl":"https:\/\/www.navailles.fr\/wp-content\/uploads\/2021\/10\/logo_site_navailles1_Plan-de-travail-1.png","width":375,"height":125,"caption":"Navailles"},"image":{"@id":"https:\/\/www.navailles.fr\/#\/schema\/logo\/image\/"}}]}},"_links":{"self":[{"href":"https:\/\/www.navailles.fr\/en\/wp-json\/wp\/v2\/pages\/30631","targetHints":{"allow":["GET"]}}],"collection":[{"href":"https:\/\/www.navailles.fr\/en\/wp-json\/wp\/v2\/pages"}],"about":[{"href":"https:\/\/www.navailles.fr\/en\/wp-json\/wp\/v2\/types\/page"}],"author":[{"embeddable":true,"href":"https:\/\/www.navailles.fr\/en\/wp-json\/wp\/v2\/users\/1"}],"replies":[{"embeddable":true,"href":"https:\/\/www.navailles.fr\/en\/wp-json\/wp\/v2\/comments?post=30631"}],"version-history":[{"count":36,"href":"https:\/\/www.navailles.fr\/en\/wp-json\/wp\/v2\/pages\/30631\/revisions"}],"predecessor-version":[{"id":30783,"href":"https:\/\/www.navailles.fr\/en\/wp-json\/wp\/v2\/pages\/30631\/revisions\/30783"}],"wp:attachment":[{"href":"https:\/\/www.navailles.fr\/en\/wp-json\/wp\/v2\/media?parent=30631"}],"curies":[{"name":"wp","href":"https:\/\/api.w.org\/{rel}","templated":true}]}}