{"id":202,"date":"2021-08-12T15:55:53","date_gmt":"2021-08-12T13:55:53","guid":{"rendered":"https:\/\/navailles.fr\/?page_id=202"},"modified":"2026-03-02T13:28:50","modified_gmt":"2026-03-02T12:28:50","slug":"mentions-legales","status":"publish","type":"page","link":"https:\/\/www.navailles.fr\/en\/legal-information\/","title":{"rendered":"Legal information"},"content":{"rendered":"<div data-elementor-type=\"wp-page\" data-elementor-id=\"202\" class=\"elementor elementor-202\" data-elementor-post-type=\"page\">\n\t\t\t\t\t\t<section class=\"elementor-section elementor-top-section elementor-element elementor-element-de50a4d elementor-section-boxed elementor-section-height-default elementor-section-height-default\" data-id=\"de50a4d\" data-element_type=\"section\" data-e-type=\"section\">\n\t\t\t\t\t\t<div class=\"elementor-container elementor-column-gap-default\">\n\t\t\t\t\t<div class=\"elementor-column elementor-col-100 elementor-top-column elementor-element elementor-element-1440fd7\" data-id=\"1440fd7\" data-element_type=\"column\" data-e-type=\"column\">\n\t\t\t<div class=\"elementor-widget-wrap elementor-element-populated\">\n\t\t\t\t\t\t<div class=\"elementor-element elementor-element-411dfb0 elementor-widget elementor-widget-spacer\" data-id=\"411dfb0\" data-element_type=\"widget\" data-e-type=\"widget\" data-widget_type=\"spacer.default\">\n\t\t\t\t<div class=\"elementor-widget-container\">\n\t\t\t\t\t\t\t<div class=\"elementor-spacer\">\n\t\t\t<div class=\"elementor-spacer-inner\"><\/div>\n\t\t<\/div>\n\t\t\t\t\t\t<\/div>\n\t\t\t\t<\/div>\n\t\t\t\t<div class=\"elementor-element elementor-element-14afedb elementor-widget elementor-widget-heading\" data-id=\"14afedb\" data-element_type=\"widget\" data-e-type=\"widget\" data-widget_type=\"heading.default\">\n\t\t\t\t<div class=\"elementor-widget-container\">\n\t\t\t\t\t<h1 class=\"elementor-heading-title elementor-size-default\">Legal information<\/h1>\t\t\t\t<\/div>\n\t\t\t\t<\/div>\n\t\t\t\t<div class=\"elementor-element elementor-element-c0984c6 elementor-widget elementor-widget-spacer\" data-id=\"c0984c6\" data-element_type=\"widget\" data-e-type=\"widget\" data-widget_type=\"spacer.default\">\n\t\t\t\t<div class=\"elementor-widget-container\">\n\t\t\t\t\t\t\t<div class=\"elementor-spacer\">\n\t\t\t<div class=\"elementor-spacer-inner\"><\/div>\n\t\t<\/div>\n\t\t\t\t\t\t<\/div>\n\t\t\t\t<\/div>\n\t\t\t\t<div class=\"elementor-element elementor-element-eaf927d elementor-widget elementor-widget-text-editor\" data-id=\"eaf927d\" data-element_type=\"widget\" data-e-type=\"widget\" data-widget_type=\"text-editor.default\">\n\t\t\t\t<div class=\"elementor-widget-container\">\n\t\t\t\t\t\t\t\t\t<h2>Navailles<\/h2>\n<p>The www.navailles.fr website is published and made available by Navailles, which has its registered office at Le Rond Point d\u2019Espagne \u2013 40700 Hagetmau, registered in the Trade and Companies Register of Mont de Marsan under number B 896 650 058 000 28.<\/p>\n<p>Intra-Community VAT No. FR 21 896 650 058<\/p>\n<p>Publication Director and President of Navailles: Christophe Michaud<\/p>\n<p>NAVAILLES is a trademark registered with the INPI. The entire website and its downloadable content are NAVAILLES\u2019 exclusive property. No reproduction or representation, even in part, may be made without NAVAILLES\u2019 prior written consent.<\/p>\n<h2>Hosting provider<\/h2>\n<p>This website is hosted on the servers of: OVH SAS 140 Quai du Sartel 59100 ROUBAIX Phone: +33 (0)3 20 45 36 80<br>OVH SAS<br>140 Quai du Sartel 59100 ROUBAIX<br>T\u00e9l : +33 (0)3 20 45 36 80<\/p>\n<h2>Hosting provider<\/h2>\n<p>The user states that they accept the Internet\u2019s characteristics and limitations and, in particular, acknowledge:<\/p>\n<ul>\n<li>being aware of the nature of the Internet, in particular its technical performance and response times to view, query or transfer data;<\/li>\n<li>that data circulating on the internet is not necessarily protected and against possible misappropriation in particular;<\/li>\n<li>that communication by the user to third parties of their credentials and in general, of any information that the user considers personal or confidential is undertaken at their own risk;<\/li>\n<li>that it is the user\u2019s responsibility to take all appropriate measures to protect their own data and\/or software from infection by any viruses present on the internet network;<\/li>\n<\/ul>\n<p>The user alone is responsible for choosing, using and interpreting the data they view, query and transfer on the Internet and for using the online services offered by NAVAILLES, which disclaims all liability in any connection in this regard.<\/p>\n<p>NAVAILLES makes every effort to provide users with information and\/or tools that are available and verified, but it may not be held liable for errors, lack of availability of information and\/or the presence of viruses on its website.<\/p>\n<p>The information contained on the \u201cwww.navailles.fr\u201d website is of a strictly informative nature and does not imply either any legal undertaking or contractual agreement by NAVAILLES which reserves the right to change the characteristics thereof. Access to the products and services presented on the website may be subject to restrictions for certain persons or in certain countries. None of the products and\/or services shall be provided by NAVAILLES to any person if the law of their country of origin or of any other country to which they are subject prohibits this provision.<\/p>\n<h2>Data processing, files and freedoms<\/h2>\n<p>NAVAILLES has carried out the procedures and obtained the required legal and administrative permits and in particular the statement regarding the use of automatic processing of personal data to the Commission Nationale Informatique et Libert\u00e9s (National Commission of Computing and Freedoms - CNIL)<\/p>\n<p>In particular, the user is informed that, in accordance with Article 27 of Act No. 78-17 of 6 January 1978, on data processing, files and freedoms, and in accordance with the new General Data Protection Regulation (GDPR) which entered into force on 25 May 2018, they have an individual right to access, correct and erase their personal information.<\/p>\n<p>This right may be exercised by email at the following address: rgpd@navailles.fr or by postal letter sent to NAVAILLES \u2013 Rond Point d\u2019Espagne \u2013 40700 Hagetmau<\/p>\n<h2>Intellectual Property<\/h2>\n<p>All the elements, texts, data and illustrations put on line by NAVAILLES are protected by copyright and by the right protecting databases of which NAVAILLES is a producer within the meaning of Articles L 341-1 and following of the Intellectual Property Code.<\/p>\n<p>The trademarks of NAVAILLES and its partners, as well as the logos, appearing on the website are registered trademarks (semi-figurative or otherwise). Any reproduction or representation, in whole or in part, of these trademarks or any change or alteration of these trademarks and\/or logos without NAVAILLES\u2019 express permission is therefore prohibited, within the meaning of Article L.713-2 of the Intellectual Property Code.<\/p>\n<h2>Cookies<\/h2>\n<p>A cookie does not identify an individual, but it stores information about a computer\u2019s navigation. These cookies are not stored on the NAVAILLES server but only on the client computer<\/p>\n<p>The use of NAVAILLES\u2019 online services is subject to the client\u2019s acceptance of cookies. NAVAILLES respects the privacy of its visitors and makes this respect a priority, recalling that these cookies are aimed exclusively at enabling it to measure the website audience and in no case to collect personal data fraudulently.<\/p>\n<h2>Hypertext links<\/h2>\n<p>NAVAILLES declines all responsibility for the content of websites for which it is not the publisher and which are accessible through hypertext links.<\/p>\n<p>Users of the \u201cwww.navailles.fr\u201d website may not set up a hyperlink to this website without NAVAILLES\u2019 express prior permission.<\/p>\n<p>The general structure as well as the software, texts, images, sounds, graphics and any other element of the website are NAVAILLES\u2019 exclusive property or are legally used under licence. Any total or partial representation of this website by any means, without NAVAILLES\u2019 express permission is prohibited and would constitute infringement punishable in accordance with Articles L.335-2 and following of the Intellectual Property Code.<\/p>\n<h2><span style=\"font-family: Montserrat;\"><span style=\"font-size: x-large;\">Gender equality index<\/span><\/span><\/h2>\n<p style=\"line-height: 1px; background-image: initial; background-position: initial; background-size: initial; background-repeat: initial; background-attachment: initial; background-origin: initial; background-clip: initial; color: #000000; font-size: medium; font-style: normal; font-weight: 400; margin-bottom: 0.74cm;\">\n<\/p><p>L\u2019index \u00e9galit\u00e9 Femmes-Hommes au sein de la soci\u00e9t\u00e9 NAVAILLES est de 87\/100 au 1<span style=\"color: #4b4f58;\"><sup><span style=\"font-family: Montserrat;\"><span style=\"font-size: 11pt;\">er<\/span><\/span><\/sup><\/span><span style=\"color: #4b4f58;\"><span style=\"font-family: Montserrat;\"><span style=\"font-size: 11pt;\"> mars 2026.<\/span><\/span><\/span><\/p>\n<p style=\"line-height: 1px; background-image: initial; background-position: initial; background-size: initial; background-repeat: initial; background-attachment: initial; background-origin: initial; background-clip: initial; color: #000000; font-size: medium; font-style: normal; font-weight: 400; margin-bottom: 0.74cm;\"><span style=\"color: #4b4f58;\"><span style=\"font-family: Montserrat;\"><span style=\"font-size: 11pt;\">Il \u00e9tait de&nbsp;:<\/span><\/span><\/span><\/p>\n<ul style=\"color: #000000; font-size: medium; font-style: normal; font-weight: 400;\">\n<li>\n<p style=\"line-height: 1px; background-image: initial; background-position: initial; background-size: initial; background-repeat: initial; background-attachment: initial; background-origin: initial; background-clip: initial; margin-bottom: 0.74cm;\"><span style=\"color: #4b4f58;\"><span style=\"font-family: Montserrat;\"><span style=\"font-size: 11pt;\">72\/100 au 1<\/span><\/span><\/span><span style=\"color: #4b4f58;\"><sup><span style=\"font-family: Montserrat;\"><span style=\"font-size: 11pt;\">er<\/span><\/span><\/sup><\/span><span style=\"color: #4b4f58;\"><span style=\"font-family: Montserrat;\"><span style=\"font-size: 11pt;\"> mars 2020,<\/span><\/span><\/span><\/p>\n<\/li>\n<li>\n<p style=\"line-height: 1px; background-image: initial; background-position: initial; background-size: initial; background-repeat: initial; background-attachment: initial; background-origin: initial; background-clip: initial; margin-bottom: 0.74cm;\"><span style=\"color: #4b4f58;\"><span style=\"font-family: Montserrat;\"><span style=\"font-size: 11pt;\">74\/100 au 1<\/span><\/span><\/span><span style=\"color: #4b4f58;\"><sup><span style=\"font-family: Montserrat;\"><span style=\"font-size: 11pt;\">er<\/span><\/span><\/sup><\/span><span style=\"color: #4b4f58;\"><span style=\"font-family: Montserrat;\"><span style=\"font-size: 11pt;\"> mars 2021 (gain de 2 points),<\/span><\/span><\/span><\/p>\n<\/li>\n<li>\n<p style=\"line-height: 1px; background-image: initial; background-position: initial; background-size: initial; background-repeat: initial; background-attachment: initial; background-origin: initial; background-clip: initial; margin-bottom: 0.74cm;\"><span style=\"color: #4b4f58;\"><span style=\"font-family: Montserrat;\"><span style=\"font-size: 11pt;\">86\/100 au 1<\/span><\/span><\/span><span style=\"color: #4b4f58;\"><sup><span style=\"font-family: Montserrat;\"><span style=\"font-size: 11pt;\">er<\/span><\/span><\/sup><\/span><span style=\"color: #4b4f58;\"><span style=\"font-family: Montserrat;\"><span style=\"font-size: 11pt;\"> mars 2022 (gain de 12 points),<\/span><\/span><\/span><\/p>\n<\/li>\n<li>\n<p style=\"line-height: 1px; background-image: initial; background-position: initial; background-size: initial; background-repeat: initial; background-attachment: initial; background-origin: initial; background-clip: initial; margin-bottom: 0.74cm;\"><span style=\"color: #4b4f58;\"><span style=\"font-family: Montserrat;\"><span style=\"font-size: 11pt;\">80\/100 au 1<\/span><\/span><\/span><span style=\"color: #4b4f58;\"><sup><span style=\"font-family: Montserrat;\"><span style=\"font-size: 11pt;\">er<\/span><\/span><\/sup><\/span><span style=\"color: #4b4f58;\"><span style=\"font-family: Montserrat;\"><span style=\"font-size: 11pt;\"> mars 2023 (perte de 6 points),<\/span><\/span><\/span><\/p>\n<\/li>\n<li>\n<p style=\"line-height: 1px; background-image: initial; background-position: initial; background-size: initial; background-repeat: initial; background-attachment: initial; background-origin: initial; background-clip: initial; margin-bottom: 0.74cm;\"><span style=\"color: #4b4f58;\"><span style=\"font-family: Montserrat;\"><span style=\"font-size: 11pt;\">86\/100 au 1<\/span><\/span><\/span><span style=\"color: #4b4f58;\"><sup><span style=\"font-family: Montserrat;\"><span style=\"font-size: 11pt;\">er<\/span><\/span><\/sup><\/span><span style=\"color: #4b4f58;\"><span style=\"font-family: Montserrat;\"><span style=\"font-size: 11pt;\"> mars 2024 (gain de 6 points),<\/span><\/span><\/span><\/p>\n<\/li>\n<li>\n<p style=\"line-height: 1px; background-image: initial; background-position: initial; background-size: initial; background-repeat: initial; background-attachment: initial; background-origin: initial; background-clip: initial; margin-bottom: 0.74cm;\"><span style=\"text-indent: -18pt; font-size: 11.5pt; font-family: Montserrat; color: #4b4f58;\">75\/100 au 1<sup>er<\/sup> mars 2025 (perte de 11 points).<\/span><\/p>\n<\/li>\n<\/ul>\n<p style=\"line-height: 1px; background-image: initial; background-position: initial; background-size: initial; background-repeat: initial; background-attachment: initial; background-origin: initial; background-clip: initial; color: #000000; font-size: medium; font-style: normal; margin-bottom: 0.74cm; font-weight: 400;\">\n<\/p><p>Soit une perte de 12 points sur l&rsquo;exercice 2025.<\/p>\n<div style=\"text-align: start;\"><span style=\"color: rgb(75, 79, 88); font-family: Montserrat; font-size: 11pt; font-style: inherit; text-align: justify;\">Les actions et mesures engag\u00e9es seront poursuivies avec un objectif de non-d\u00e9gradation de notre index, et avec \u00e9galement une volont\u00e9 d\u2019am\u00e9lioration continue de celui-ci.<\/span><\/div>\n<p><\/p>\n<p style=\"line-height: 1px; background-image: initial; background-position: initial; background-size: initial; background-repeat: initial; background-attachment: initial; background-origin: initial; background-clip: initial; color: #000000; font-size: medium; font-style: normal; font-weight: 400; margin-bottom: 0.74cm;\"><span style=\"font-size: 11pt; font-family: Montserrat; color: #4b4f58;\">Les quatre indicateurs ayant donn\u00e9 lieu au calcul de l\u2019index global \u00e9galit\u00e9 professionnelle Femmes-Hommes 2025 sont les suivants :<\/span><\/p>\n<p style=\"line-height: 1px; background-image: initial; background-position: initial; background-size: initial; background-repeat: initial; background-attachment: initial; background-origin: initial; background-clip: initial; color: #000000; font-size: medium; font-style: normal; font-weight: 400; margin-bottom: 0.74cm;\"><span style=\"color: #4b4f58;\"><span style=\"font-family: Montserrat;\"><span style=\"font-size: 11pt;\">* indicateur \u00e9cart de r\u00e9mun\u00e9ration : 34<\/span><\/span><\/span><\/p>\n<p style=\"line-height: 1px; background-image: initial; background-position: initial; background-size: initial; background-repeat: initial; background-attachment: initial; background-origin: initial; background-clip: initial; color: #000000; font-size: medium; font-style: normal; font-weight: 400; margin-bottom: 0.74cm;\"><span style=\"color: #4b4f58;\"><span style=\"font-family: Montserrat;\"><span style=\"font-size: 11pt;\">* indicateur \u00e9cart de taux d\u2019augmentations individuelles : 35<\/span><\/span><\/span><\/p>\n<p style=\"line-height: 1px; background-image: initial; background-position: initial; background-size: initial; background-repeat: initial; background-attachment: initial; background-origin: initial; background-clip: initial; color: #000000; font-size: medium; font-style: normal; font-weight: 400; margin-bottom: 0.74cm;\"><span style=\"color: #4b4f58;\"><span style=\"font-family: Montserrat;\"><span style=\"font-size: 11pt;\">* return from maternity leave indicator: not calculable<\/span><\/span><\/span><\/p>\n<p style=\"line-height: 1px; background-image: initial; background-position: initial; background-size: initial; background-repeat: initial; background-attachment: initial; background-origin: initial; background-clip: initial; color: #000000; font-size: medium; font-style: normal; font-weight: 400; margin-bottom: 0.74cm;\"><span style=\"color: #4b4f58;\"><span style=\"font-family: Montserrat;\"><span style=\"font-size: 11pt;\">* indicateur hautes r\u00e9mun\u00e9rations : 5<\/span><\/span><\/span><\/p>\t\t\t\t\t\t\t\t<\/div>\n\t\t\t\t<\/div>\n\t\t\t\t\t<\/div>\n\t\t<\/div>\n\t\t\t\t\t<\/div>\n\t\t<\/section>\n\t\t\t\t<\/div>","protected":false},"excerpt":{"rendered":"<p>Mentions l\u00e9gales Navailles Le site internet www.navailles.fr est \u00e9dit\u00e9 et diffus\u00e9 par la soci\u00e9t\u00e9 Navailles, ayant son si\u00e8ge social au Rond Point d\u2019Espagne \u2013 40700 Hagetmau, immatricul\u00e9e au Registre du Commerce et des Soci\u00e9t\u00e9s sous le num\u00e9ro RCS Mont de Marsan B 896 650 058 000 28. N\u00b0 de TVA intracommunautaire FR 21 896 650 &hellip;<\/p>\n<p class=\"read-more\"> <a class=\"\" href=\"https:\/\/www.navailles.fr\/en\/legal-information\/\"> <span class=\"screen-reader-text\">Legal information<\/span> Read More &raquo;<\/a><\/p>","protected":false},"author":1,"featured_media":0,"parent":0,"menu_order":200,"comment_status":"closed","ping_status":"closed","template":"","meta":{"_acf_changed":false,"content-type":"","site-sidebar-layout":"no-sidebar","site-content-layout":"page-builder","ast-global-header-display":"","ast-banner-title-visibility":"","ast-main-header-display":"","ast-hfb-above-header-display":"","ast-hfb-below-header-display":"","ast-hfb-mobile-header-display":"","site-post-title":"disabled","ast-breadcrumbs-content":"","ast-featured-img":"disabled","footer-sml-layout":"","theme-transparent-header-meta":"default","adv-header-id-meta":"","stick-header-meta":"","header-above-stick-meta":"","header-main-stick-meta":"","header-below-stick-meta":"","footnotes":""},"class_list":["post-202","page","type-page","status-publish","hentry"],"acf":[],"yoast_head":"<!-- This site is optimized with the Yoast SEO plugin v27.3 - https:\/\/yoast.com\/product\/yoast-seo-wordpress\/ -->\n<title>Mentions l\u00e9gales - Navailles<\/title>\n<meta name=\"robots\" content=\"index, follow, max-snippet:-1, max-image-preview:large, max-video-preview:-1\" \/>\n<link rel=\"canonical\" href=\"https:\/\/www.navailles.fr\/en\/legal-information\/\" \/>\n<meta property=\"og:locale\" content=\"en_GB\" \/>\n<meta property=\"og:type\" content=\"article\" \/>\n<meta property=\"og:title\" content=\"Mentions l\u00e9gales - Navailles\" \/>\n<meta property=\"og:description\" content=\"Mentions l\u00e9gales Navailles Le site internet www.navailles.fr est \u00e9dit\u00e9 et diffus\u00e9 par la soci\u00e9t\u00e9 Navailles, ayant son si\u00e8ge social au Rond Point d\u2019Espagne \u2013 40700 Hagetmau, immatricul\u00e9e au Registre du Commerce et des Soci\u00e9t\u00e9s sous le num\u00e9ro RCS Mont de Marsan B 896 650 058 000 28. N\u00b0 de TVA intracommunautaire FR 21 896 650 &hellip; Mentions l\u00e9gales Read More &raquo;\" \/>\n<meta property=\"og:url\" content=\"https:\/\/www.navailles.fr\/en\/legal-information\/\" \/>\n<meta property=\"og:site_name\" content=\"Navailles\" \/>\n<meta property=\"article:modified_time\" content=\"2026-03-02T12:28:50+00:00\" \/>\n<meta name=\"twitter:card\" content=\"summary_large_image\" \/>\n<meta name=\"twitter:label1\" content=\"Estimated reading time\" \/>\n\t<meta name=\"twitter:data1\" content=\"6 minutes\" \/>\n<!-- \/ Yoast SEO plugin. -->","yoast_head_json":{"title":"Mentions l\u00e9gales - Navailles","robots":{"index":"index","follow":"follow","max-snippet":"max-snippet:-1","max-image-preview":"max-image-preview:large","max-video-preview":"max-video-preview:-1"},"canonical":"https:\/\/www.navailles.fr\/en\/legal-information\/","og_locale":"en_GB","og_type":"article","og_title":"Mentions l\u00e9gales - Navailles","og_description":"Mentions l\u00e9gales Navailles Le site internet www.navailles.fr est \u00e9dit\u00e9 et diffus\u00e9 par la soci\u00e9t\u00e9 Navailles, ayant son si\u00e8ge social au Rond Point d\u2019Espagne \u2013 40700 Hagetmau, immatricul\u00e9e au Registre du Commerce et des Soci\u00e9t\u00e9s sous le num\u00e9ro RCS Mont de Marsan B 896 650 058 000 28. N\u00b0 de TVA intracommunautaire FR 21 896 650 &hellip; Mentions l\u00e9gales Read More &raquo;","og_url":"https:\/\/www.navailles.fr\/en\/legal-information\/","og_site_name":"Navailles","article_modified_time":"2026-03-02T12:28:50+00:00","twitter_card":"summary_large_image","twitter_misc":{"Estimated reading time":"6 minutes"},"schema":{"@context":"https:\/\/schema.org","@graph":[{"@type":"WebPage","@id":"https:\/\/www.navailles.fr\/mentions-legales\/","url":"https:\/\/www.navailles.fr\/mentions-legales\/","name":"Mentions l\u00e9gales - Navailles","isPartOf":{"@id":"https:\/\/www.navailles.fr\/#website"},"datePublished":"2021-08-12T13:55:53+00:00","dateModified":"2026-03-02T12:28:50+00:00","breadcrumb":{"@id":"https:\/\/www.navailles.fr\/mentions-legales\/#breadcrumb"},"inLanguage":"en-GB","potentialAction":[{"@type":"ReadAction","target":["https:\/\/www.navailles.fr\/mentions-legales\/"]}]},{"@type":"BreadcrumbList","@id":"https:\/\/www.navailles.fr\/mentions-legales\/#breadcrumb","itemListElement":[{"@type":"ListItem","position":1,"name":"Accueil","item":"https:\/\/www.navailles.fr\/"},{"@type":"ListItem","position":2,"name":"Mentions l\u00e9gales"}]},{"@type":"WebSite","@id":"https:\/\/www.navailles.fr\/#website","url":"https:\/\/www.navailles.fr\/","name":"Navailles","description":"Fabricant de fauteuils m\u00e9dicalis\u00e9s, si\u00e8ges de bureau et tabourets techniques","publisher":{"@id":"https:\/\/www.navailles.fr\/#organization"},"potentialAction":[{"@type":"SearchAction","target":{"@type":"EntryPoint","urlTemplate":"https:\/\/www.navailles.fr\/?s={search_term_string}"},"query-input":{"@type":"PropertyValueSpecification","valueRequired":true,"valueName":"search_term_string"}}],"inLanguage":"en-GB"},{"@type":"Organization","@id":"https:\/\/www.navailles.fr\/#organization","name":"Navailles","url":"https:\/\/www.navailles.fr\/","logo":{"@type":"ImageObject","inLanguage":"en-GB","@id":"https:\/\/www.navailles.fr\/#\/schema\/logo\/image\/","url":"https:\/\/www.navailles.fr\/wp-content\/uploads\/2021\/10\/logo_site_navailles1_Plan-de-travail-1.png","contentUrl":"https:\/\/www.navailles.fr\/wp-content\/uploads\/2021\/10\/logo_site_navailles1_Plan-de-travail-1.png","width":375,"height":125,"caption":"Navailles"},"image":{"@id":"https:\/\/www.navailles.fr\/#\/schema\/logo\/image\/"}}]}},"_links":{"self":[{"href":"https:\/\/www.navailles.fr\/en\/wp-json\/wp\/v2\/pages\/202","targetHints":{"allow":["GET"]}}],"collection":[{"href":"https:\/\/www.navailles.fr\/en\/wp-json\/wp\/v2\/pages"}],"about":[{"href":"https:\/\/www.navailles.fr\/en\/wp-json\/wp\/v2\/types\/page"}],"author":[{"embeddable":true,"href":"https:\/\/www.navailles.fr\/en\/wp-json\/wp\/v2\/users\/1"}],"replies":[{"embeddable":true,"href":"https:\/\/www.navailles.fr\/en\/wp-json\/wp\/v2\/comments?post=202"}],"version-history":[{"count":34,"href":"https:\/\/www.navailles.fr\/en\/wp-json\/wp\/v2\/pages\/202\/revisions"}],"predecessor-version":[{"id":40357,"href":"https:\/\/www.navailles.fr\/en\/wp-json\/wp\/v2\/pages\/202\/revisions\/40357"}],"wp:attachment":[{"href":"https:\/\/www.navailles.fr\/en\/wp-json\/wp\/v2\/media?parent=202"}],"curies":[{"name":"wp","href":"https:\/\/api.w.org\/{rel}","templated":true}]}}